{"id":24487,"date":"2023-07-07T12:03:04","date_gmt":"2023-07-07T10:03:04","guid":{"rendered":"https:\/\/www.teresianum.net\/?page_id=24487"},"modified":"2023-07-07T12:03:04","modified_gmt":"2023-07-07T10:03:04","slug":"cts48-la-preghiera-di-gesu-in-gv-17","status":"publish","type":"page","link":"https:\/\/www.teresianum.net\/en\/corso-di-teologia-spirituale\/curriculum-di-studio\/cts48-la-preghiera-di-gesu-in-gv-17\/","title":{"rendered":"CTS48 La preghiera di Ges\u00f9 in Gv 17"},"content":{"rendered":"<p class=\"qtranxs-available-languages-message qtranxs-available-languages-message-en\"> <p><span style=\"color: #386290;\"><em>Docente:<\/em> Prof. <span style=\"color: #333333;\"><span style=\"color: #333399;\"><\/span><\/span><\/span><\/p>\n<p>&nbsp;<\/p>\n<p style=\"text-align: justify;\"><b>Giustificazione<br \/>\n<\/b><span style=\"font-weight: 400;\">La nostra preghiera \u00e8 una partecipazione a quella di Ges\u00f9 stesso che ci attira sempre pi\u00f9, per grazia dello Spirito, nel mistero del suo dialogo con il Padre: \u201cPadre, \u00e8 venuta l\u2019ora: glorifica il Figlio tuo perch\u00e9 il Figlio glorifichi te\u201d (Gv 17,1). Nella sua preghiera di addio, in Gv 17, Ges\u00f9 ci offre le sue ultime parole che sono la rivelazione del suo rapporto tanto intimo con il Padre e l\u2019espressione della sua supplica per i suoi discepoli e per noi, nel compimento della sua Pasqua.\u00a0<\/span><\/p>\n<p style=\"text-align: justify;\"><b>Obiettivi<br \/>\n<\/b><span style=\"font-weight: 400;\">Il corso propone una meditazione teologica e spirituale della preghiera di Ges\u00f9 in Gv 17, che sia a beneficio del nostro approfondimento della conoscenza di Cristo e del suo amore fino alla fine (cf. Gv 13,1). Inoltre, in questo percorso nel testo di Gv 17, sono enucleate delle linee strutturanti della preghiera cristiana in quanto cuore della vita spirituale.\u00a0\u00a0<\/span><\/p>\n<p style=\"text-align: justify;\"><b>Contenuti<br \/>\n<\/b><span style=\"font-weight: 400;\">Il corso consiste nella lettura del testo di Gv 17, a seconda di diversi livelli, cio\u00e8 esegetico, teologico e spirituale. L\u2019interpretazione proposta scaturisce dalla coerenza interna del quarto Vangelo.\u00a0<\/span><\/p>\n<p style=\"text-align: justify;\"><b>Metodologia<br \/>\n<\/b><span style=\"font-weight: 400;\">Lezioni e letture personali.<\/span><\/p>\n<p style=\"text-align: justify;\"><b>Criteri di valutazione<br \/>\n<\/b><span style=\"font-weight: 400;\">Dagli Studenti ci si attende un\u2019assimilazione del corso. La valutazione ha luogo nell\u2019ambito di un esame orale \u2013 di una durata di circa 15 minuti \u2013 sulla base di un tesario.\u00a0<\/span><\/p>\n<p style=\"text-align: justify;\"><b>Distribuzione del tempo di lavoro<br \/>\n<\/b><span style=\"font-weight: 400;\">Un terzo per le lezioni e due terzi per il lavoro personale.\u00a0<\/span><\/p>\n<p style=\"text-align: justify;\"><b>Bibliografia<br \/>\n<\/b>Sar\u00e0 <span style=\"font-weight: 400;\">consegnata all\u2019inizio del corso.<\/span><\/p>","protected":false},"excerpt":{"rendered":"<p>Docente: Prof. &nbsp; Giustificazione La nostra preghiera \u00e8 una partecipazione a quella di Ges\u00f9 stesso che ci attira sempre pi\u00f9, [&hellip;]<\/p>\n","protected":false},"author":2,"featured_media":0,"parent":9108,"menu_order":0,"comment_status":"closed","ping_status":"closed","template":"page-corsoteologiaspirituale.php","meta":{"footnotes":""},"_links":{"self":[{"href":"https:\/\/www.teresianum.net\/en\/wp-json\/wp\/v2\/pages\/24487"}],"collection":[{"href":"https:\/\/www.teresianum.net\/en\/wp-json\/wp\/v2\/pages"}],"about":[{"href":"https:\/\/www.teresianum.net\/en\/wp-json\/wp\/v2\/types\/page"}],"author":[{"embeddable":true,"href":"https:\/\/www.teresianum.net\/en\/wp-json\/wp\/v2\/users\/2"}],"replies":[{"embeddable":true,"href":"https:\/\/www.teresianum.net\/en\/wp-json\/wp\/v2\/comments?post=24487"}],"version-history":[{"count":1,"href":"https:\/\/www.teresianum.net\/en\/wp-json\/wp\/v2\/pages\/24487\/revisions"}],"predecessor-version":[{"id":24488,"href":"https:\/\/www.teresianum.net\/en\/wp-json\/wp\/v2\/pages\/24487\/revisions\/24488"}],"up":[{"embeddable":true,"href":"https:\/\/www.teresianum.net\/en\/wp-json\/wp\/v2\/pages\/9108"}],"wp:attachment":[{"href":"https:\/\/www.teresianum.net\/en\/wp-json\/wp\/v2\/media?parent=24487"}],"curies":[{"name":"wp","href":"https:\/\/api.w.org\/{rel}","templated":true}]}}