{"id":2447,"date":"2015-10-12T15:19:07","date_gmt":"2015-10-12T13:19:07","guid":{"rendered":"http:\/\/www.teresianum.net\/?page_id=2447"},"modified":"2026-01-28T14:19:34","modified_gmt":"2026-01-28T13:19:34","slug":"ciclo-per-la-licenza-ts","status":"publish","type":"page","link":"https:\/\/www.teresianum.net\/en\/specializzazione-in-teologia-spirituale\/ciclo-per-la-licenza-ts\/","title":{"rendered":"License cycle"},"content":{"rendered":"<p class=\"qtranxs-available-languages-message qtranxs-available-languages-message-en\"> <div id=\"symple-tab-1338\" class=\"symple-tabs\"><ul class=\"ui-tabs-nav symple-clearfix\"><li><a href=\"#symple-tab-presentazione\">Presentazione<\/a><\/li><li><a href=\"#symple-tab-curriculum-di-studio\">Curriculum di studio<\/a><\/li><li><a href=\"#symple-tab-esami\">Esami<\/a><\/li><li><a href=\"#symple-tab-esami-di-recupero\">Esami di recupero<\/a><\/li><\/ul>\n<div id=\"symple-tab-presentazione\" class=\"tab-content symple-clearfix \">\n<ol>\n<li style=\"text-align: justify;\">Il Ciclo per la Licenza in Teologia Spirituale comprende <strong>un biennio <\/strong>dedicato allo studio delle materie fondamentali e di corsi monografici opzionali, secondo preferenze, linee di specializzazione e seminari. Esso si conclude con l\u2019esame <em>De Universa <\/em>e la Dissertazione di Licenza. L\u2019intero piano di studio consiste in un minimo di 120 ECTS.<\/li>\n<li>\n<p style=\"text-align: justify;\">Per <strong>l\u2019iscrizione<\/strong> si richiede \u201cil titolo di Baccalaureato in Teologia o altro titolo equipollente conseguito in una Facolt\u00e0 teologica\u201d (<em>Statuto<\/em>, art. 76a) \u201ccon una votazione non inferiore alla media di 8\/10, 24\/30 o equivalente, a seconda della scala di calcolo adottata. Qualora la votazione fosse inferiore, il preside potr\u00e0 richiedere un esame di ammissione\u201d (<em>Statuto<\/em>, art. 46a) dinanzi a due docenti.<\/p>\n<p style=\"text-align: justify;\">I candidati che, pur avendo completato il Ciclo Istituzionale di Teologia in istituzioni ecclesiasticamente riconosciute, non sono in possesso del titolo di Baccalaureato, possono accedere al Biennio di specializzazione a condizione di aver frequentato un congruo programma di studi, di avere una media dei voti non inferiore a 8\/10, 24\/30 o equivalente, a seconda della scala di calcolo adottata (cf. <em>Statuto<\/em>, art. 46b), e previo esame di ammissione dinanzi a due docenti. Qualora l\u2019esito fosse negativo, \u201cdovranno frequentare uno o pi\u00f9 semestri del primo ciclo, secondo un programma stabilito, e quindi ripetere l\u2019esame\u201d (<em>Statuto<\/em>, art. 46b)\u201d.<\/p>\n<\/li>\n<li>\n<p>Al termine di dieci anni dalla prima iscrizione come Studente ordinario nel Ciclo di Licenza, <strong>scade il diritto di proseguire gli studi<\/strong>.<\/p>\n<\/li>\n<li style=\"text-align: justify;\">Si conosca, oltre alla lingua latina, greca e italiana, una fra queste <strong>lingue <\/strong>moderne: inglese, francese, spagnolo e tedesco (cf. <em>Statuto<\/em>, artt. 46d; 76b)<em>. <\/em>Per informazioni pi\u00f9 dettagliate in merito si consulti la voce \u201cStudiare &#8211; Lingue moderne\u201d.<\/li>\n<li style=\"text-align: justify;\">Il progetto della <strong>Dissertazione di Licenza<\/strong>, concordato con il Moderatore, deve essere presentato in Segreteria Generale non oltre la fine di maggio del I anno accademico del Biennio. Il progetto deve contenere: il tema della Dissertazione, lo schema e la bibliografia essenziale. Esso non deve essere stato presentato presso altri Centri Accademici. <br \/>\nIl Moderatore della Dissertazione di Licenza viene scelto dallo Studente tra i Professori del Corpo Docente, mentre l\u2019Esaminatore \u00e8 designato e nominato dalla Commissione Esecutiva, scelto tra i Professori della Facolt\u00e0. <br \/>\nIn casi particolari un Professore di altre Facolt\u00e0 ecclesiastiche o civili pu\u00f2 essere nominato dalla Commissione Esecutiva come Esaminatore. <br \/>\nI Professori che hanno cessato il loro ufficio (cf. <em>Statuto<\/em>, art. 41) non possono essere Moderatori. Inoltre, i Professori Emeriti possono portare a termine l\u2019incarico di Moderatore ricevuto prima della loro decadenza. Per i Professori Emeriti, gli incarichi di Moderatore e di Esaminatore sono subordinati all\u2019approvazione del Gran Cancelliere, su proposta del Consiglio di Facolt\u00e0 (cf. <em>Statuto<\/em>, art. 41b). <br \/>\nAllo scadere dei tre anni dalla data di approvazione dello schema della Dissertazione di Licenza si perde il diritto di proseguire la stessa ricerca, salvo il caso che il tema della Dissertazione rimanga libero, cio\u00e8 non approvato a favore di un altro studente. <br \/>\nLa Dissertazione di Licenza \u2013 da un minimo di 60 a un massimo di 120 pagine \u2013 firmata dal Moderatore, sar\u00e0 consegnata in Segreteria Generale in 3 copie cartacee rilegate in cartoncino, pi\u00f9 una copia in formato PDF inviata via mail, entro la data stabilita nel Calendario dell\u2019anno accademico. Contestualmente va consegnata la Dichiarazione di originalit\u00e0 del testo e di conformit\u00e0 del PDF con il testo cartaceo, secondo il modello disponibile sul sito della Facolt\u00e0.<\/li>\n<li style=\"text-align: justify;\">Per la presentazione della Dissertazione di Licenza e altri lavori scritti si tengano presenti <strong>le norme generali per la redazione dei lavori scientifici <\/strong>(disponibili sul sito della Facolt\u00e0).<\/li>\n<li style=\"text-align: justify;\">Riguardo agli appelli per <strong>l\u2019esame <\/strong><strong><em>De Universa<\/em><\/strong>, \u00e8 possibile iscriversi a soli tre appelli nell\u2019arco dei tre anni successivi la conclusione del corso. <br \/>\nLa Commissione Esaminatrice per l\u2019esame <em>De Universa <\/em>\u00e8 costituita da due Professori che insieme procedono all\u2019interrogazione del candidato. <br \/>\nL\u2019esame <em>De Universa <\/em>dura un\u2019ora. I primi dieci minuti sono dedicati all\u2019esposizione della Dissertazione di Licenza da parte del candidato seguendo un piano scritto che egli deve consegnare ai Professori all\u2019inizio dell\u2019esame, dopo di che i Professori possono formulare le domande pertinenti (dieci minuti). <br \/>\nIl piano scritto per la presentazione della Dissertazione di Licenza non deve superare due pagine e integrare i seguenti punti:<br \/>\na) nome e cognome dello studente, titolo e sottotitolo della dissertazione;<br \/>\nb) un riassunto breve della dissertazione (10-15 righe);<br \/>\nc) il piano dettagliato della presentazione orale. \u00c8 bene integrare in questo piano le citazioni e i risultati principali del lavoro (formulati in modo sintetico).<br \/>\nLo Studente porta con s\u00e9 tre copie di questo piano (una per la propria presentazione e due per i Professori). Il voto finale terr\u00e0 conto anche di questo scritto. Nei restanti quaranta minuti dell\u2019esame i Professori procedono ad esaminare il candidato sugli argomenti del Tesario.<br \/>\nLa lingua ufficiale dell\u2019esame <em>De Universa <\/em>\u00e8 l\u2019italiano; a giudizio della Commissione Esaminatrice si possono utilizzare altre lingue.<\/li>\n<\/ol>\n<ol start=\"8\">\n<li style=\"text-align: justify;\">Il biennio si conclude con il conferimento del <strong>Diploma di Licenza o Laurea specialistica <\/strong>in Teologia con specializzazione in Teologia Spirituale (cf. <em>Statuto<\/em>, art. 89c).<br \/>\nPer il suddetto diploma la nota finale viene computata nel modo seguente:<br \/>\n\u2022 1\/3 per la media conseguita durante il biennio;<br \/>\n\u2022 1\/3 per la Dissertazione scritta;<br \/>\n\u2022 1\/3 per l\u2019esame <em>De Universa<\/em>.<\/li>\n<\/ol>\n<p><strong>Orario delle lezioni<\/strong><\/p>\n<p>Dal luned\u00ec al venerd\u00ec 08.30-12.55. Alcune lezioni possono essere svolte in orario pomeridiano (15.30-18.50).<\/p>\n<p>\u00a0<\/div>\n<div id=\"symple-tab-curriculum-di-studio\" class=\"tab-content symple-clearfix \">\n<p>Lo Studente del Secondo Ciclo deve seguire, nei due anni di Licenza o di Laurea specialistica, le seguenti attivit\u00e0 formative per un minimo di 120 ECTS:<\/p>\n<table style=\"width: 700px; height: 120px;\">\n<tbody>\n<tr style=\"border-top: 1px solid #cccccc; border-bottom: 1px solid #cccccc;\">\n<td style=\"width: 585px; height: 24px;\">Corsi prescritti<\/td>\n<td style=\"width: 99px; text-align: right; height: 24px;\">50 ECTS<\/td>\n<\/tr>\n<tr style=\"border-top: 1px solid #cccccc; border-bottom: 1px solid #cccccc;\">\n<td style=\"height: 24px; width: 585px;\">Corsi opzionali\u00a0<\/td>\n<td style=\"text-align: right; height: 24px; width: 99px;\">28 ECTS<\/td>\n<\/tr>\n<tr style=\"border-top: 1px solid #cccccc; border-bottom: 1px solid #cccccc;\">\n<td style=\"height: 24px; width: 585px;\">Seminari<\/td>\n<td style=\"text-align: right; height: 24px; width: 99px;\">12 ECTS<\/td>\n<\/tr>\n<tr style=\"border-top: 1px solid #cccccc; border-bottom: 1px solid #cccccc;\">\n<td style=\"height: 24px; width: 585px;\">Esame <em>De Universa<\/em><\/td>\n<td style=\"text-align: right; height: 24px; width: 99px;\">10 ECTS<\/td>\n<\/tr>\n<tr style=\"border-top: 1px solid #cccccc; border-bottom: 1px solid #cccccc;\">\n<td style=\"height: 24px; width: 585px;\">Dissertazione\u00a0 di Licenza<\/td>\n<td style=\"text-align: right; height: 24px; width: 99px;\">20 ECTS<\/td>\n<\/tr>\n<\/tbody>\n<\/table>\n<h3 style=\"text-align: left;\">\u00a0<\/h3>\n<p style=\"text-align: left;\"><span style=\"color: #386290;\"><strong>Corsi prescritti<\/strong><\/span><\/p>\n<p style=\"text-align: left;\"><span style=\"color: #333399;\"><strong>1. Metodi<\/strong><\/span><\/p>\n<table style=\"width: 700px;\">\n<tbody>\n<tr style=\"border-top: 1px solid #cccccc; border-bottom: 1px solid #cccccc;\">\n<td style=\"width: 100px;\"><strong><a href=\"https:\/\/www.teresianum.net\/?p=15011\" target=\"_blank\" rel=\"noopener noreferrer\">SP1002<\/a><\/strong><\/td>\n<td style=\"width: 500px;\"><strong><a href=\"https:\/\/www.teresianum.net\/?p=15011\" target=\"_blank\" rel=\"noopener noreferrer\">Metodologia del lavoro scientifico<\/a><\/strong><\/td>\n<td style=\"width: 100px; text-align: right;\">5 ECTS<\/td>\n<\/tr>\n<tr style=\"border-top: 1px solid #cccccc; border-bottom: 1px solid #cccccc;\">\n<td><strong><a href=\"https:\/\/www.teresianum.net\/?p=2209\" target=\"_blank\" rel=\"noopener noreferrer\">SP1010<\/a><\/strong><\/td>\n<td><strong><a href=\"https:\/\/www.teresianum.net\/?p=2209\" target=\"_blank\" rel=\"noopener noreferrer\">Introduzione alla Teologia Spirituale<\/a><\/strong><\/td>\n<td style=\"text-align: right;\">3 ECTS<\/td>\n<\/tr>\n<\/tbody>\n<\/table>\n<p style=\"text-align: left;\">\u00a0<\/p>\n<p style=\"text-align: left;\"><span style=\"color: #333399;\"><strong>2. Fondamenti<\/strong><\/span><\/p>\n<table style=\"width: 700px; height: 115px;\">\n<tbody>\n<tr style=\"border-top: 1px solid #cccccc; border-bottom: 1px solid #cccccc;\">\n<td style=\"width: 97.1528px; height: 23px;\"><strong><a href=\"https:\/\/www.teresianum.net\/?p=2213\" target=\"_blank\" rel=\"noopener noreferrer\">SP1021<\/a><\/strong><\/td>\n<td style=\"width: 487.153px; height: 23px;\"><strong><a href=\"https:\/\/www.teresianum.net\/?p=2213\" target=\"_blank\" rel=\"noopener noreferrer\">Parola di Dio e Teologia Spirituale:\u00a0<em>Deus dixit<\/em><\/a><\/strong><\/td>\n<td style=\"width: 99.375px; text-align: right; height: 23px;\">3 ECTS<\/td>\n<\/tr>\n<tr style=\"border-top: 1px solid #cccccc; border-bottom: 1px solid #cccccc;\">\n<td style=\"width: 97.1528px; height: 23px;\"><strong><a href=\"https:\/\/www.teresianum.net\/?p=2197\" target=\"_blank\" rel=\"noopener noreferrer\">SP1022<\/a><\/strong><\/td>\n<td style=\"width: 487.153px; height: 23px;\"><strong><a href=\"https:\/\/www.teresianum.net\/?p=2197\" target=\"_blank\" rel=\"noopener noreferrer\">Ges\u00f9 Cristo il Risorto: chiave della Teologia Spirituale<\/a><\/strong><\/td>\n<td style=\"width: 99.375px; text-align: right; height: 23px;\">3 ECTS<\/td>\n<\/tr>\n<tr style=\"border-top: 1px solid #cccccc; border-bottom: 1px solid #cccccc;\">\n<td style=\"height: 23px; width: 97.1528px;\"><strong><a href=\"https:\/\/www.teresianum.net\/?p=15104\" target=\"_blank\" rel=\"noopener noreferrer\">SP1200<\/a><\/strong><\/td>\n<td style=\"height: 23px; width: 487.153px;\"><strong><a href=\"https:\/\/www.teresianum.net\/?p=15104\" target=\"_blank\" rel=\"noopener noreferrer\">L\u2019agire e la presenza della Trinit\u00e0 nell\u2019economia della grazia<\/a><\/strong><\/td>\n<td style=\"text-align: right; height: 23px; width: 99.375px;\">3 ECTS<\/td>\n<\/tr>\n<tr style=\"border-top: 1px solid #cccccc; border-bottom: 1px solid #cccccc;\">\n<td style=\"height: 23px; width: 97.1528px;\"><a href=\"https:\/\/www.teresianum.net\/?p=15974\" target=\"_blank\" rel=\"noopener noreferrer\"><strong>SP1071<\/strong><\/a><\/td>\n<td style=\"height: 23px; width: 487.153px;\"><a href=\"https:\/\/www.teresianum.net\/?p=15974\" target=\"_blank\" rel=\"noopener noreferrer\"><strong>Spiritualit\u00e0 liturgica<\/strong><\/a><\/td>\n<td style=\"text-align: right; height: 23px; width: 99.375px;\">3 ECTS<\/td>\n<\/tr>\n<tr style=\"border-top: 1px solid #cccccc; border-bottom: 1px solid #cccccc;\">\n<td style=\"height: 23px; width: 97.1528px;\"><strong><a href=\"https:\/\/www.teresianum.net\/?p=4922\" target=\"_blank\" rel=\"noopener noreferrer\">AP1010<\/a><\/strong><\/td>\n<td style=\"height: 23px; width: 487.153px;\"><strong><a href=\"https:\/\/www.teresianum.net\/?p=4922\" target=\"_blank\" rel=\"noopener noreferrer\">Antropologia teologica fondamentale<\/a><\/strong><\/td>\n<td style=\"text-align: right; height: 23px; width: 99.375px;\">3 ECTS<\/td>\n<\/tr>\n<\/tbody>\n<\/table>\n<p style=\"text-align: left;\">\u00a0<\/p>\n<p style=\"text-align: left;\"><span style=\"color: #333399;\"><strong>3. Contesti e dinamiche di trasformazione<\/strong><\/span><\/p>\n<table style=\"width: 700px;\">\n<tbody>\n<tr style=\"border-top: 1px solid #cccccc; border-bottom: 1px solid #cccccc;\">\n<td style=\"width: 100px;\"><strong><a href=\"https:\/\/www.teresianum.net\/?page_id=2417\" target=\"_blank\" rel=\"noopener noreferrer\">SP1024<\/a><\/strong><\/td>\n<td style=\"width: 500px;\"><strong><a href=\"https:\/\/www.teresianum.net\/?page_id=2417\" target=\"_blank\" rel=\"noopener noreferrer\">Processo di trasformazione spirituale in Cristo<\/a><\/strong><\/td>\n<td style=\"width: 100px; text-align: right;\">3 ECTS<\/td>\n<\/tr>\n<tr style=\"border-top: 1px solid #cccccc; border-bottom: 1px solid #cccccc;\">\n<td><strong><a href=\"https:\/\/www.teresianum.net\/?page_id=1991\" target=\"_blank\" rel=\"noopener noreferrer\">SP1025<\/a><\/strong><\/td>\n<td><strong><a href=\"https:\/\/www.teresianum.net\/?page_id=1991\" target=\"_blank\" rel=\"noopener noreferrer\">Forma mariana della spiritualit\u00e0 cristiana<\/a><\/strong><\/td>\n<td style=\"text-align: right;\">3 ECTS<\/td>\n<\/tr>\n<tr style=\"border-top: 1px solid #cccccc; border-bottom: 1px solid #cccccc;\">\n<td><strong><a href=\"https:\/\/www.teresianum.net\/?p=2786\" target=\"_blank\" rel=\"noopener noreferrer\">SP1026<\/a><\/strong><\/td>\n<td><strong><a href=\"https:\/\/www.teresianum.net\/?p=2786\" target=\"_blank\" rel=\"noopener noreferrer\">Forme di vita cristiana: laicale, sacerdotale e consacrata<\/a><\/strong><\/td>\n<td style=\"text-align: right;\">3 ECTS<\/td>\n<\/tr>\n<tr style=\"border-top: 1px solid #cccccc; border-bottom: 1px solid #cccccc;\">\n<td><strong><a href=\"https:\/\/www.teresianum.net\/?page_id=5016\" target=\"_blank\" rel=\"noopener noreferrer\">SP1100<\/a><\/strong><\/td>\n<td><strong><a href=\"https:\/\/www.teresianum.net\/?page_id=5016\" target=\"_blank\" rel=\"noopener noreferrer\">Spiritualit\u00e0 patristica<\/a><\/strong><\/td>\n<td style=\"text-align: right;\">3 ECTS<\/td>\n<\/tr>\n<tr style=\"border-top: 1px solid #cccccc; border-bottom: 1px solid #cccccc;\">\n<td><strong><a href=\"https:\/\/www.teresianum.net\/?page_id=5018\" target=\"_blank\" rel=\"noopener noreferrer\">SP1101<\/a><\/strong><\/td>\n<td><strong><a href=\"https:\/\/www.teresianum.net\/?page_id=5018\" target=\"_blank\" rel=\"noopener noreferrer\">Storia della spiritualit\u00e0:\u00a0dall\u2019epoca tardo-antica all&#8217;inizio dell&#8217;et\u00e0 moderna<\/a><\/strong><\/td>\n<td style=\"text-align: right;\">3 ECTS<\/td>\n<\/tr>\n<tr style=\"border-top: 1px solid #cccccc; border-bottom: 1px solid #cccccc;\">\n<td><strong><a href=\"https:\/\/www.teresianum.net\/?page_id=1178\" target=\"_blank\" rel=\"noopener noreferrer\">SP1114<\/a><\/strong><\/td>\n<td><strong><a href=\"https:\/\/www.teresianum.net\/?page_id=1178\" target=\"_blank\" rel=\"noopener noreferrer\">Storia della spiritualit\u00e0 moderna e contemporanea<\/a><\/strong><\/td>\n<td style=\"text-align: right;\">3 ECTS<\/td>\n<\/tr>\n<tr style=\"border-top: 1px solid #cccccc; border-bottom: 1px solid #cccccc;\">\n<td><strong><a href=\"https:\/\/www.teresianum.net\/?page_id=5027\" target=\"_blank\" rel=\"noopener noreferrer\">SP1172<\/a><\/strong><\/td>\n<td><strong><a href=\"https:\/\/www.teresianum.net\/?page_id=5027\" target=\"_blank\" rel=\"noopener noreferrer\">Santa Teresa di Ges\u00f9<\/a><\/strong><\/td>\n<td style=\"text-align: right;\">3 ECTS<\/td>\n<\/tr>\n<tr style=\"border-top: 1px solid #cccccc; border-bottom: 1px solid #cccccc;\">\n<td><strong><a href=\"https:\/\/www.teresianum.net\/?page_id=5030\" target=\"_blank\" rel=\"noopener noreferrer\">SP1180<\/a><\/strong><\/td>\n<td><strong><a href=\"https:\/\/www.teresianum.net\/?page_id=5030\" target=\"_blank\" rel=\"noopener noreferrer\">San Giovanni della Croce<\/a><\/strong><\/td>\n<td style=\"text-align: right;\">3 ECTS<\/td>\n<\/tr>\n<\/tbody>\n<\/table>\n<p style=\"text-align: left;\">\u00a0<\/p>\n<p style=\"text-align: left;\"><span style=\"color: #333399;\"><strong>4. Pedagogia e pastorale della vita spirituale<\/strong><\/span><\/p>\n<table style=\"width: 700px;\">\n<tbody>\n<tr style=\"border-top: 1px solid #cccccc; border-bottom: 1px solid #cccccc;\">\n<td style=\"width: 100px;\"><strong><a href=\"https:\/\/www.teresianum.net\/?p=2854\" target=\"_blank\" rel=\"noopener noreferrer\">SP1091<\/a><\/strong><\/td>\n<td style=\"width: 500px;\"><strong><a href=\"https:\/\/www.teresianum.net\/?p=2854\" target=\"_blank\" rel=\"noopener noreferrer\">Direzione, discernimento spirituale e mistagogia<\/a><\/strong><\/td>\n<td style=\"width: 100px; text-align: right;\">3 ECTS<\/td>\n<\/tr>\n<\/tbody>\n<\/table>\n<h3 style=\"text-align: left;\">\u00a0<\/h3>\n<p style=\"text-align: left;\"><span style=\"color: #386290;\"><strong>Corsi opzionali\u00a0<\/strong><\/span><\/p>\n<table style=\"width: 700px;\">\n<tbody>\n<tr style=\"border-top: 1px solid #cccccc; border-bottom: 1px solid #cccccc;\">\n<td style=\"width: 500px;\">Ogni anno vengono proposti diversi corsi opzionali. Un corso opzionale pu\u00f2 essere sostituito dalla partecipazione a due Settimane di Spiritualit\u00e0.<\/td>\n<td style=\"width: 100px; text-align: right;\">28 ECTS<\/td>\n<\/tr>\n<\/tbody>\n<\/table>\n<h3 style=\"text-align: left;\">\u00a0<\/h3>\n<p style=\"text-align: left;\"><span style=\"color: #386290;\"><strong>Seminari<\/strong><\/span><\/p>\n<table style=\"width: 700px;\">\n<tbody>\n<tr style=\"border-top: 1px solid #cccccc; border-bottom: 1px solid #cccccc;\">\n<td style=\"width: 500px;\">Ogni Studente sceglie un seminario per ciascuno dei primi tre semestri.<\/td>\n<td style=\"width: 100px; text-align: right;\">12\u00a0ECTS<\/td>\n<\/tr>\n<\/tbody>\n<\/table>\n<p style=\"text-align: left;\"><\/div>\n<p style=\"text-align: left;\"><div id=\"symple-tab-esami\" class=\"tab-content symple-clearfix \">\n<p style=\"text-align: center;\">\u00a0<\/p>\n<p><span style=\"color: #000080;\"><strong>Il calendario degli esami sar\u00e0 pubblicato alcuni giorni prima dell&#8217;inizio di ogni sessione d&#8217;esami.<\/strong><\/span><\/p>\n<p>&nbsp;<\/p>\n<p>&nbsp;<\/p>\n<\/div>\n<div id=\"symple-tab-esami-di-recupero\" class=\"tab-content symple-clearfix \">\n<p>&nbsp;<\/p>\n<p><span style=\"color: #000080;\"><strong>Il calendario degli esami sar\u00e0 pubblicato alcuni giorni prima dell&#8217;inizio di ogni sessione d&#8217;esami.<\/strong><\/span><\/p>\n<p>&nbsp;<\/p>\n<p>&nbsp;<\/p>\n<\/div>\n<\/div>","protected":false},"excerpt":{"rendered":"PresentazioneCurriculum di studioEsamiEsami di recupero Il Ciclo per la Licenza in Teologia Spirituale comprende un biennio dedicato allo studio delle [...]","protected":false},"author":1,"featured_media":0,"parent":133,"menu_order":0,"comment_status":"closed","ping_status":"closed","template":"","meta":{"footnotes":""},"_links":{"self":[{"href":"https:\/\/www.teresianum.net\/en\/wp-json\/wp\/v2\/pages\/2447"}],"collection":[{"href":"https:\/\/www.teresianum.net\/en\/wp-json\/wp\/v2\/pages"}],"about":[{"href":"https:\/\/www.teresianum.net\/en\/wp-json\/wp\/v2\/types\/page"}],"author":[{"embeddable":true,"href":"https:\/\/www.teresianum.net\/en\/wp-json\/wp\/v2\/users\/1"}],"replies":[{"embeddable":true,"href":"https:\/\/www.teresianum.net\/en\/wp-json\/wp\/v2\/comments?post=2447"}],"version-history":[{"count":288,"href":"https:\/\/www.teresianum.net\/en\/wp-json\/wp\/v2\/pages\/2447\/revisions"}],"predecessor-version":[{"id":157708,"href":"https:\/\/www.teresianum.net\/en\/wp-json\/wp\/v2\/pages\/2447\/revisions\/157708"}],"up":[{"embeddable":true,"href":"https:\/\/www.teresianum.net\/en\/wp-json\/wp\/v2\/pages\/133"}],"wp:attachment":[{"href":"https:\/\/www.teresianum.net\/en\/wp-json\/wp\/v2\/media?parent=2447"}],"curies":[{"name":"wp","href":"https:\/\/api.w.org\/{rel}","templated":true}]}}