{"id":2419,"date":"2015-10-10T18:39:09","date_gmt":"2015-10-10T16:39:09","guid":{"rendered":"http:\/\/www.teresianum.net\/?page_id=2419"},"modified":"2021-10-20T09:16:25","modified_gmt":"2021-10-20T07:16:25","slug":"cvc04-teologia-e-spiritualita-della-vita-consacrata-e-delle-societa-di-vita-apostolica","status":"publish","type":"page","link":"https:\/\/www.teresianum.net\/en\/formazione-per-i-formatori-alla-vita-consacrata\/piano-di-studi-2021-2022\/cvc04-teologia-e-spiritualita-della-vita-consacrata-e-delle-societa-di-vita-apostolica\/","title":{"rendered":"CVC04 Teologia e spiritualit\u00e0 della vita consacrata e delle societ\u00e0 di vita apostolica"},"content":{"rendered":"<p class=\"qtranxs-available-languages-message qtranxs-available-languages-message-en\"> <p style=\"text-align: justify;\"><span style=\"color: #333399;\"><em>Docente<\/em>: Prof. <\/span><\/p>\n<p>&nbsp;<\/p>\n<p style=\"text-align: justify;\"><strong>Giustificazione\u00a0<\/strong><\/p>\n<p style=\"text-align: justify;\">La conoscenza della dottrina della Chiesa sulla vita consacrata e sulle societ\u00e0 di vita apostolica, nonch\u00e9 della teologia e della spiritualit\u00e0 annesse, \u00e8 imprescindibile da parte di un formatore o di chi riveste l\u2019incarico di guida di comunit\u00e0, perch\u00e9 il servizio prestato risulti adeguato ed efficace.<\/p>\n<p style=\"text-align: justify;\"><strong>Obiettivi<\/strong><\/p>\n<p style=\"text-align: justify;\">Offrire una visione della dottrina del Concilio Vaticano II e del post-Concilio riguardante la vita consacrata e le societ\u00e0 di vita apostolica; segnalare i passaggi pi\u00f9 indicativi e importanti di ci\u00f2 che significa essere persone chiamate alla vita consacrata in mezzo ai cristiani degli altri stati di vita; individuare le problematiche e i tentativi di risposta; evidenziare prospettive e piste per proseguire il cammino.<\/p>\n<p style=\"text-align: justify;\"><strong>Contenuti<\/strong><\/p>\n<ol style=\"text-align: justify;\">\n<li>Una panoramica dei documenti del magistero della Chiesa sulla vita consacrata a partire dal Concilio Vaticano II, con un\u2019attenzione particolare al pontificato di Papa Francesco.<\/li>\n<li>La vita consacrata nel mistero della Chiesa e nella comunione degli stati ecclesiali di vita.<\/li>\n<li>La consacrazione a Dio nella vita consacrata (la sequela di Cristo; i consigli evangelici di castit\u00e0, povert\u00e0 e obbedienza; la consacrazione; le diverse dimensioni della vita consacrata: teologale, contemplativa, mariana, ascetica; spiritualit\u00e0 e carisma specifico).<\/li>\n<li>La vita fraterna in comunit\u00e0 (le radici bibliche della comunit\u00e0 religiosa, la visone teologica della comunit\u00e0 religiosa attraverso la storia, il livello umano della comunit\u00e0).<\/li>\n<li>La missione dei consacrati nella Chiesa e nel mondo (dimensioni: profetica ed escatologica della vita consacrata; il ruolo profetico dei consigli evangelici di castit\u00e0, povert\u00e0 e obbedienza; le forme e le modalit\u00e0 dell\u2019impegno missionario della vita consacrata).<\/li>\n<\/ol>\n<p style=\"text-align: justify;\"><strong>Metodologia<\/strong><\/p>\n<p style=\"text-align: justify;\">Lezioni frontali con momenti di dialogo.<\/p>\n<p style=\"text-align: justify;\"><strong>Criteri di valutazione<\/strong><\/p>\n<p style=\"text-align: justify;\">Capacit\u00e0 di sintesi nel cogliere l\u2019essenziale dimostrata durante l\u2019esame orale. Presenza alle lezioni.<\/p>\n<p style=\"text-align: justify;\"><strong>Bibliografia di base<\/strong><\/p>\n<p style=\"text-align: justify;\"><em>Documenti del Magistero della Chiesa<\/em><\/p>\n<ul style=\"text-align: justify;\">\n<li>CONCILIO VATICANO II,\u00a0<em>Lumen gentium<\/em>, costituzione dogmatica sulla Chiesa (1965), capitolo VI.<\/li>\n<li>PAOLO VI,\u00a0<em>Evangelica testificatio<\/em>, esortazione apostolica sul rinnovamento della vita religiosa secondo il Concilio ecumenico Vaticano II (1971).<\/li>\n<li>GIOVANNI PAOLO II,\u00a0<em>Vita consecrata<\/em>, esortazione apostolica sulla vita consacrata e la sua missione nella Chiesa e nel mondo (1996).<\/li>\n<li>FRANCESCO,\u00a0<em>Lettera apostolica a tutti i consacrati in occasione dell\u2019anno della vita consacrata<\/em>(2014).<\/li>\n<li>CONGRAGAZIONE PER GLI ISTITUTI DI VITA CONSACRATA E LE SOCIET\u00c0 DI VITA APOSTOLICA,\u00a0<em>Per vino nuovo otri nuovi. Dal Concilio Vaticano II la vita consacrata e le sfide ancora aperte<\/em>, orientamenti (6 gennaio 2017).<\/li>\n<\/ul>\n<p style=\"text-align: justify;\"><em>\u00a0<\/em><em>Letteratura<\/em><\/p>\n<ul>\n<li style=\"text-align: justify;\">ALONSO, S.-M.,\u00a0<em>La vida consagrada. S\u00edntesis teol\u00f3gica<\/em>, Publicaciones Claretianas, Madrid 2001<sup>12<\/sup>.<\/li>\n<li style=\"text-align: justify;\">BOCOS MERINO A.,\u00a0<em>Un relato del Esp\u00edritu. <\/em><em>La vida consagrada postconciliar<\/em>, Publicaciones Claretianas, Madrid 2018<sup>2<\/sup>.<\/li>\n<li style=\"text-align: justify;\">CABRA, P.G.,\u00a0<em>La vita consacrata: appunti di teologia e spiritualit\u00e0<\/em>, Queriniana, Brescia 2015<sup>3<\/sup>.<\/li>\n<li style=\"text-align: justify;\"><em>En la senda del Vaticano II. Vida consagrada \u2013 Renovaci\u00f3n \u2013 Magisterio<\/em>, a cura di C. Mart\u00ednez Oliveras, Publicaciones Claretianas, Madrid 2015.<\/li>\n<li style=\"text-align: justify;\">PIGNA, A.,\u00a0<em>La vita consacrata. Trattato di teologia e spiritualit\u00e0<\/em>, vol. 1.\u00a0<em>Identit\u00e0 e missione<\/em>, Edizioni OCD, Roma 2002<sup>3<\/sup>.<\/li>\n<\/ul>","protected":false},"excerpt":{"rendered":"<p>Docente: Prof. &nbsp; Giustificazione\u00a0 La conoscenza della dottrina della Chiesa sulla vita consacrata e sulle societ\u00e0 di vita apostolica, nonch\u00e9 [&hellip;]<\/p>\n","protected":false},"author":2,"featured_media":0,"parent":20734,"menu_order":0,"comment_status":"closed","ping_status":"closed","template":"","meta":{"footnotes":""},"_links":{"self":[{"href":"https:\/\/www.teresianum.net\/en\/wp-json\/wp\/v2\/pages\/2419"}],"collection":[{"href":"https:\/\/www.teresianum.net\/en\/wp-json\/wp\/v2\/pages"}],"about":[{"href":"https:\/\/www.teresianum.net\/en\/wp-json\/wp\/v2\/types\/page"}],"author":[{"embeddable":true,"href":"https:\/\/www.teresianum.net\/en\/wp-json\/wp\/v2\/users\/2"}],"replies":[{"embeddable":true,"href":"https:\/\/www.teresianum.net\/en\/wp-json\/wp\/v2\/comments?post=2419"}],"version-history":[{"count":23,"href":"https:\/\/www.teresianum.net\/en\/wp-json\/wp\/v2\/pages\/2419\/revisions"}],"predecessor-version":[{"id":21948,"href":"https:\/\/www.teresianum.net\/en\/wp-json\/wp\/v2\/pages\/2419\/revisions\/21948"}],"up":[{"embeddable":true,"href":"https:\/\/www.teresianum.net\/en\/wp-json\/wp\/v2\/pages\/20734"}],"wp:attachment":[{"href":"https:\/\/www.teresianum.net\/en\/wp-json\/wp\/v2\/media?parent=2419"}],"curies":[{"name":"wp","href":"https:\/\/api.w.org\/{rel}","templated":true}]}}