{"id":23685,"date":"2022-11-13T18:41:16","date_gmt":"2022-11-13T17:41:16","guid":{"rendered":"https:\/\/www.teresianum.net\/?page_id=23685"},"modified":"2022-11-13T18:55:52","modified_gmt":"2022-11-13T17:55:52","slug":"aldo-giacchetti","status":"publish","type":"page","link":"https:\/\/www.teresianum.net\/en\/persone\/aldo-giacchetti\/","title":{"rendered":"Aldo Giacchetti"},"content":{"rendered":"<p class=\"qtranxs-available-languages-message qtranxs-available-languages-message-en\"> [vc_row][vc_column width=&#8221;1\/12&#8243;][\/vc_column][vc_column width=&#8221;10\/12&#8243;][vc_column_text]\n<p style=\"text-align: justify;\"><strong>Dottore in filosofia<\/strong> (Pontificia Universit\u00e0 Cattolica Argentina).\u00a0 Professore incaricato alla Facolt\u00e0 di Filosofia della \u201cPontificia Universit\u00e0 Gregoriana\u201d (corsi tenuti: <em>L\u2019uomo e Dio nella filosofia spagnola del 900<\/em>; <em>La persona e la filosofia del personalismo<\/em>; <em>Introduzione alla fenomenologia<\/em>; <em>Introduzione alla filosofia dialogica<\/em>). Gi\u00e0 Direttore del \u201cCentro de Estudios para la Persona y la Cultura\u201d dell\u2019\u201cUniversidad Cat\u00f3lica San Pablo\u201d di Arequipa-Per\u00f9 e Rettore della \u201cUniversidad Gabriela Mistral\u201d di Santiago del Cile. Tra le sue pubblicazioni ricordiamo: <em>La persona como ser en relaci\u00f3n en el pensamiento de Juli\u00e1n Mar\u00edas<\/em>, Universitad Cat\u00f3lica San Pablo 2016; \u201cPersona e relazionalit\u00e1 nel pensiero di Juli\u00e1n Mar\u00edas\u201d nel libro collettivo <em>Il mistero della persona<\/em>, lateran University Press 2018; \u201cPerson and communion in a Catholic University\u201d nel libro collettivo <em>Catholic Education in a Latin America<\/em>, Springer -Ediciones UC, Cham, Switzerland 2021.<\/p>\n[\/vc_column_text][\/vc_column][vc_column width=&#8221;1\/12&#8243;][\/vc_column][\/vc_row]","protected":false},"excerpt":{"rendered":"<p>[vc_row][vc_column width=&#8221;1\/12&#8243;][\/vc_column][vc_column width=&#8221;10\/12&#8243;][vc_column_text] Dottore in filosofia (Pontificia Universit\u00e0 Cattolica Argentina).\u00a0 Professore incaricato alla Facolt\u00e0 di Filosofia della \u201cPontificia Universit\u00e0 Gregoriana\u201d [&hellip;]<\/p>\n","protected":false},"author":2,"featured_media":0,"parent":3023,"menu_order":0,"comment_status":"closed","ping_status":"closed","template":"","meta":{"footnotes":""},"_links":{"self":[{"href":"https:\/\/www.teresianum.net\/en\/wp-json\/wp\/v2\/pages\/23685"}],"collection":[{"href":"https:\/\/www.teresianum.net\/en\/wp-json\/wp\/v2\/pages"}],"about":[{"href":"https:\/\/www.teresianum.net\/en\/wp-json\/wp\/v2\/types\/page"}],"author":[{"embeddable":true,"href":"https:\/\/www.teresianum.net\/en\/wp-json\/wp\/v2\/users\/2"}],"replies":[{"embeddable":true,"href":"https:\/\/www.teresianum.net\/en\/wp-json\/wp\/v2\/comments?post=23685"}],"version-history":[{"count":3,"href":"https:\/\/www.teresianum.net\/en\/wp-json\/wp\/v2\/pages\/23685\/revisions"}],"predecessor-version":[{"id":23690,"href":"https:\/\/www.teresianum.net\/en\/wp-json\/wp\/v2\/pages\/23685\/revisions\/23690"}],"up":[{"embeddable":true,"href":"https:\/\/www.teresianum.net\/en\/wp-json\/wp\/v2\/pages\/3023"}],"wp:attachment":[{"href":"https:\/\/www.teresianum.net\/en\/wp-json\/wp\/v2\/media?parent=23685"}],"curies":[{"name":"wp","href":"https:\/\/api.w.org\/{rel}","templated":true}]}}