{"id":23635,"date":"2022-11-06T10:29:47","date_gmt":"2022-11-06T09:29:47","guid":{"rendered":"https:\/\/www.teresianum.net\/?page_id=23635"},"modified":"2022-11-13T19:35:12","modified_gmt":"2022-11-13T18:35:12","slug":"persona-e-comunione","status":"publish","type":"page","link":"https:\/\/www.teresianum.net\/en\/progetti\/persona-e-comunione\/","title":{"rendered":"Persona e Comunione"},"content":{"rendered":"<p class=\"qtranxs-available-languages-message qtranxs-available-languages-message-en\"> [vc_row][vc_column width=&#8221;1\/12&#8243;][\/vc_column][vc_column width=&#8221;10\/12&#8243;][ucaddon_uc_starter_icon_box icon=&#8221;fa fa-recycle&#8221; header=&#8221;Gruppo di ricerca di Antropologia e Personologia della Pontificia Facolt\u00e0 Teologica Teresianum&#8221; uc_fonts_data=&#8221;JTdCJTdE&#8221;][\/ucaddon_uc_starter_icon_box][\/vc_column][vc_column width=&#8221;1\/12&#8243;][\/vc_column][\/vc_row][vc_row][vc_column]<hr class=\"symple-spacing \" style=\"height: 20px\" \/>[\/vc_column][\/vc_row][vc_row][vc_column width=&#8221;1\/12&#8243;][vc_column_text][\/vc_column_text][\/vc_column][vc_column width=&#8221;10\/12&#8243;][vc_column_text css=&#8221;.vc_custom_1668364489714{margin-left: 7px !important;padding-top: 20px !important;padding-right: 20px !important;padding-bottom: 20px !important;padding-left: 20px !important;background-color: #ffffff !important;}&#8221;]\n<p style=\"text-align: justify;\"><strong>Chi siamo<\/strong><\/p>\n<p style=\"text-align: justify;\">Il gruppo di ricerca \u201cPersona e Comunione\u201d viene avviato nel 2011 con la collaborazione dei professori <span style=\"color: #0000ff;\"><strong><a style=\"color: #0000ff;\" href=\"\/persone\/corpo-docente\/massimo-serretti\/\" target=\"_blank\" rel=\"noopener\">Massimo Serretti<\/a><\/strong><\/span> e <span style=\"color: #0000ff;\"><strong><a style=\"color: #0000ff;\" href=\"\/persone\/aldo-giacchetti\/\" target=\"_blank\" rel=\"noopener\">Aldo Giacchetti<\/a> <\/strong><\/span>(link del breve profilo biografico, foto e video) e accolto nella Pontificia Facolt\u00e0 Teologica <em>Teresianum<\/em> dal preside, <a href=\"https:\/\/www.teresianum.net\/persone\/corpo-docente\/christof-betschart\/\" target=\"_blank\" rel=\"noopener\">Prof. <span style=\"color: #0000ff;\"><strong>Christof Betschart, ocd<\/strong><\/span><\/a> e dai professori <strong><span style=\"color: #0000ff;\"><a style=\"color: #0000ff;\" href=\"https:\/\/www.teresianum.net\/persone\/corpo-docente\/adrian-attard\/\" target=\"_blank\" rel=\"noopener\">Adrian Attard, ocd<\/a><\/span><\/strong> e <span style=\"color: #0000ff;\"><strong><a style=\"color: #0000ff;\" href=\"https:\/\/www.teresianum.net\/persone\/corpo-docente\/lukasz-strzyz-steinert\/\" target=\"_blank\" rel=\"noopener\">Lukasz Strzyz-Steinert, ocd<\/a><\/strong><\/span>. Lo scopo fondamentale \u00e8 riflettere sul mistero della unicit\u00e0 della persona e la sua costitutiva comunionalit\u00e0. Edith Stein, Romano Guardini, Karol Wojty\u0142a, Erich Przywara, Maurice Blondel, Henri De Lubac, Hans Urs von Balthasar, Paul Ludwig Landsberg sono alcuni dei filosofi e teologi protagonisti dell\u2019approfondimento della ricerca del gruppo \u201cPersona e Comunione\u201d.<\/p>\n<p style=\"text-align: justify;\"><b>Eventi<\/b><\/p>\n<p><a href=\"\/seminario-di-approfondimento-persona-e-comunione\/\" target=\"_blank\" rel=\"noopener\">Seminario di approfondimento \u201cPersona e comunione\u201d (18-19 novembre 2022)<\/a><\/p>\n<p style=\"text-align: justify;\"><strong>Eredi del Concilio Vaticano II<\/strong><\/p>\n<p style=\"text-align: justify;\">Il Concilio Ecumenico Vaticano II, soprattutto con la Costituzione <em>Gaudium et spes <\/em>e con la Dichiarazione <em>Dignitatis humanae personae<\/em>, ha inaugurato un nuovo capitolo nella storia del pensiero antropologico e gli ha affidato un nuovo compito. Il nocciolo metodologico di tale proposta consiste essenzialmente nel cambiamento del nesso tra il mistero dell\u2019uomo e il mistero di Dio e quindi sia nel modo di coniugarli sia nel modo di distinguerli. \u00abIn realta\u0300 solamente nel mistero del Verbo incarnato trova vera luce il mistero dell\u2019uomo\u00bb (<em>Gaudium et spes, <\/em>22). In termini sintetici si pu\u00f2 affermare che l\u2019antropologia del Concilio mette fine ai problemi suscitati dal permanere nei secoli del dualismo affermatosi alla fine del XIII secolo con il cosiddetto \u00abaverroismo latino\u00bb.<\/p>\n<p style=\"text-align: justify;\">\u00a0Il Concilio Vaticano II rimettendo in comunicazione l\u2019antropologia rivelata con il pensiero filosofico sull\u2019uomo, in parte in maniera esplicita, in parte in maniera implicita, suggerisce la ripresa della meditazione su due linee principali: quella dell\u2019\u00abessere persona\u00bb dell\u2019uomo e quella della \u00abcomunione delle persone\u00bb. Il motivo per cui l\u2019acquisizione metodologica sopra accennata richiede un indirizzo tematico che privilegia queste due dimensioni si trova nell\u2019essere dell\u2019uomo ad immagine e somiglianza di Dio e quindi in un dato creazionale fondamentale. Il mistero di Dio infatti si e\u0300 rivelato a noi in Ges\u00f9 Cristo come perfezione delle Persone e, al contempo, come perfezione della comunione delle Persone: Padre, Figlio e Spirito Santo.<\/p>\n<p style=\"text-align: justify;\"><strong>Il metodo<\/strong><\/p>\n<p style=\"text-align: justify;\">Il punto di forza di questo gruppo di ricerca e\u0300 il metodo con il quale cerca di approcciare la realta\u00e0 dell\u2019uomo e il suo essere persona. Inserendosi nella linea di prosecuzione dell\u2019antropologia e della personologia del Concilio Vaticano II, da un lato si riallaccia in maniera costruttiva all\u2019antropologia filosofica e teologica dei Padri fino ai Dottori medievali, dall\u2019altro intraprende la necessaria correzione e integrazione che la teologia e l\u2019antropologia della Riforma attendeva da secoli e a cui il Concilio Vaticano II ha dato avvio preciso e determinato, non frontale, ma neppure inconsapevole.<\/p>\n<p style=\"text-align: justify;\"><strong>Finalit\u00e0 <\/strong><\/p>\n<p style=\"text-align: justify;\">La finalit\u00e0 della ricerca e\u0300 quella del servizio alla Chiesa in ossequio anche al Decreto della Congregazione per l\u2019educazione cattolica per la riforma degli studi filosofici (28.01.2011). In esso si richiama il dato per cui la filosofia svolge una funzione di sintesi e di critica delle diverse discipline umanistiche. In particolare una chiarificazione della riflessione sul mistero dell\u2019essere personale e della comunione delle persone si dimostra essenziale per tutte le discipline umanistiche. Anche il richiamo al recupero della dimensione metafisica, fortemente marcato nel Decreto succitato, pu\u00f2 trovare risposte in questo progetto di incontro e di lavoro.<\/p>\n<p style=\"text-align: justify;\">Le finalit\u00e0 specificatamente correlate all\u2019impostazione tematica e metodologica, invece, possono essere sintetizzate nei tre seguenti punti:<\/p>\n<p style=\"text-align: justify; padding-left: 40px;\">&#8211; Creare un ambito di comunione e di pensiero tra docenti nell\u2019ambito dell\u2019antropologia e della personologia.<br \/>\n&#8211; Sviluppare una linea di pensiero inaugurata dal Concilio Ecumenico Vaticano II e quindi creare un polo significativo e attrattivo a livello ecclesiale.<br \/>\n&#8211; Offrire agli studenti, dottorandi e docenti della specializzazione in Antropologia teologica del Teresianum un contesto stimolante per la ricerca accademica.<\/p>\n<p style=\"text-align: justify;\"><strong>Il contributo di Edith Stein<\/strong><\/p>\n<p style=\"text-align: justify;\">Edith Stein aveva capito, gi\u00e0 vari anni prima del suo battesimo, che nella sua ricerca antropologica non poteva fare a meno di porre la questione di Dio. Piu\u0300 tardi, l\u2019analogia tra persona divina e persona umana, l\u2019<em>analogia personae<\/em>, diventer\u00e0 il nodo ispiratore della sua filosofia cristiana nella quale l\u2019antropologia si radica nel mistero della Trinit\u00e0 e dell\u2019Incarnazione. In complementariet\u00e0 con l\u2019antropologia teologica postconciliare si interesser\u00e0 particolarmente alle conseguenze filosofiche di una <em>Weltanschauung <\/em>cristiana. In estrema sintesi, con le parole di Edith Stein, questo gruppo si propone un percorso che vede nel mistero dell\u2019essere persona dell\u2019uomo un punto chiave e nella \u00abantropologia dogmatica\u00bb il metodo da sviluppare appieno.<\/p>\n<p>&nbsp;<\/p>\n[\/vc_column_text][\/vc_column][vc_column width=&#8221;1\/12&#8243;][\/vc_column][\/vc_row][vc_row][vc_column width=&#8221;1\/12&#8243;][\/vc_column][vc_column width=&#8221;10\/12&#8243;][ucaddon_uc_material_video_teaser heading=&#8221;Persona e Comunione&#8221; buy_now=&#8221;Gruppo di ricerca di Antropologia e Personologia della Pontificia Facolt\u00e0 Teologica Teresianum&#8221; image=&#8221;23641&#8243; primary_color=&#8221;#2c6db5&#8243; video_link=&#8221;https:\/\/youtu.be\/VEvUn4SX4Gs&#8221; uc_fonts_data=&#8221;JTdCJTIyaGVhZGluZyUyMiUzQSU3QiUyMmZvbnQtc2l6ZSUyMiUzQSUyMjI0cHglMjIlMkMlMjJsaW5lLWhlaWdodCUyMiUzQSUyMjFlbSUyMiU3RCUyQyUyMmNvbnRlbnQlMjIlM0ElN0IlMjJmb250LXNpemUlMjIlM0ElMjIxNnB4JTIyJTdEJTJDJTIyYnV5X25vdyUyMiUzQSU3QiUyMmxpbmUtaGVpZ2h0JTIyJTNBJTIyMS41ZW0lMjIlN0QlN0Q=&#8221;]QnJldmUlMjB2aWRlbyUyMGRpJTIwcHJlc2VudGF6aW9uZQ==[\/ucaddon_uc_material_video_teaser][\/vc_column][vc_column width=&#8221;1\/12&#8243;][\/vc_column][\/vc_row]","protected":false},"excerpt":{"rendered":"<p>[vc_row][vc_column width=&#8221;1\/12&#8243;][\/vc_column][vc_column width=&#8221;10\/12&#8243;][ucaddon_uc_starter_icon_box icon=&#8221;fa fa-recycle&#8221; header=&#8221;Gruppo di ricerca di Antropologia e Personologia della Pontificia Facolt\u00e0 Teologica Teresianum&#8221; uc_fonts_data=&#8221;JTdCJTdE&#8221;][\/ucaddon_uc_starter_icon_box][\/vc_column][vc_column width=&#8221;1\/12&#8243;][\/vc_column][\/vc_row][vc_row][vc_column][\/vc_column][\/vc_row][vc_row][vc_column width=&#8221;1\/12&#8243;][vc_column_text][\/vc_column_text][\/vc_column][vc_column [&hellip;]<\/p>\n","protected":false},"author":2,"featured_media":0,"parent":20977,"menu_order":0,"comment_status":"closed","ping_status":"closed","template":"","meta":{"footnotes":""},"_links":{"self":[{"href":"https:\/\/www.teresianum.net\/en\/wp-json\/wp\/v2\/pages\/23635"}],"collection":[{"href":"https:\/\/www.teresianum.net\/en\/wp-json\/wp\/v2\/pages"}],"about":[{"href":"https:\/\/www.teresianum.net\/en\/wp-json\/wp\/v2\/types\/page"}],"author":[{"embeddable":true,"href":"https:\/\/www.teresianum.net\/en\/wp-json\/wp\/v2\/users\/2"}],"replies":[{"embeddable":true,"href":"https:\/\/www.teresianum.net\/en\/wp-json\/wp\/v2\/comments?post=23635"}],"version-history":[{"count":21,"href":"https:\/\/www.teresianum.net\/en\/wp-json\/wp\/v2\/pages\/23635\/revisions"}],"predecessor-version":[{"id":23691,"href":"https:\/\/www.teresianum.net\/en\/wp-json\/wp\/v2\/pages\/23635\/revisions\/23691"}],"up":[{"embeddable":true,"href":"https:\/\/www.teresianum.net\/en\/wp-json\/wp\/v2\/pages\/20977"}],"wp:attachment":[{"href":"https:\/\/www.teresianum.net\/en\/wp-json\/wp\/v2\/media?parent=23635"}],"curies":[{"name":"wp","href":"https:\/\/api.w.org\/{rel}","templated":true}]}}