{"id":23085,"date":"2022-06-07T17:48:16","date_gmt":"2022-06-07T15:48:16","guid":{"rendered":"https:\/\/www.teresianum.net\/?page_id=23085"},"modified":"2023-04-20T15:21:19","modified_gmt":"2023-04-20T13:21:19","slug":"ocst9-the-christian-spiritual-life-in-the-light-of-psychoanalysis","status":"publish","type":"page","link":"https:\/\/www.teresianum.net\/en\/course-in-spiritual-theology-online-new\/study-plan\/ocst9-the-christian-spiritual-life-in-the-light-of-psychoanalysis\/","title":{"rendered":"OCST09 The Christian Spiritual Life in the Light of Psychoanalysis"},"content":{"rendered":"<p class=\"qtranxs-available-languages-message qtranxs-available-languages-message-en\"> <p><em>Professor<\/em> \u00a0<\/p>\n<p>&nbsp;<\/p>\n<p><strong>Goals<\/strong><em><br \/>\n<\/em>Better understand the relationship between the spiritual life and the psychic life<\/p>\n<p><strong>Content<br \/>\n<\/strong>This course proposes a study of the links between the Christian spiritual life and the psyche as conceived by Freudian psychoanalysis. Between the two opposing tendencies to reduce the spiritual to the psychic, or to separate them, their articulation will be highlighted. This will allow a better understanding of realities such as the desire for God, the transformation required by progress in union with him, the mystical life and its possible \u201cphenomena\u201d, the psychic roots of sin, or spiritual guidance.<\/p>\n<p><strong>Method<br \/>\n<\/strong>Zoom live sessions, personal study<\/p>\n<p><strong>Criteria for evaluation<br \/>\n<\/strong>Written paper (4-6 pages)<\/p>\n<p><strong>Time distribution<br \/>\n<\/strong>12 hours in class, personal readings, preparation of the written paper<\/p>\n<p><strong>Essential bibliography<\/strong><\/p>\n<ul>\n<li style=\"text-align: justify;\">Dom\u00ednguez Morano, Carlos, <em>Belief after Freud. Religious Faith through the crucible of Psychoanalysis<\/em>, New York, Routledge, 2018 (<em>Creer despu\u00e9s de Freud<\/em>, Madrid, San Pablo, 1998).<\/li>\n<li style=\"text-align: justify;\">Lecuit, Jean-Baptiste, <em>L\u2019anthropologie th\u00e9ologique \u00e0 la lumi\u00e8re de la psychanalyse. La contribution majeure d\u2019Antoine Vergote<\/em>, Cogitatio Fidei, 259, Paris, \u00c9ditions du Cerf, 2007.<\/li>\n<li style=\"text-align: justify;\">Meissner, William W., <em>Psychoanalysis and Religious Experience<\/em>, New Haven-Londres, Yale University Press, 1984.<\/li>\n<li style=\"text-align: justify;\">Vergote, Antoon, <em>Psychoanalysis, Phenomenological Anthropology and Religion<\/em>, Leuven, Leuven University Press \u2013 Amsterdam-Atlanta, Rodopi, 1998.<\/li>\n<li style=\"text-align: justify;\">Vergote, Antoon, <em>Guilt and desire. Religious Attitudes and Their Pathological Derivations<\/em>, New Haven, Yale University Press, 1987.<\/li>\n<\/ul>","protected":false},"excerpt":{"rendered":"<p>Professor \u00a0 &nbsp; Goals Better understand the relationship between the spiritual life and the psychic life Content This course proposes [&hellip;]<\/p>\n","protected":false},"author":2,"featured_media":0,"parent":20152,"menu_order":0,"comment_status":"closed","ping_status":"closed","template":"","meta":{"footnotes":""},"_links":{"self":[{"href":"https:\/\/www.teresianum.net\/en\/wp-json\/wp\/v2\/pages\/23085"}],"collection":[{"href":"https:\/\/www.teresianum.net\/en\/wp-json\/wp\/v2\/pages"}],"about":[{"href":"https:\/\/www.teresianum.net\/en\/wp-json\/wp\/v2\/types\/page"}],"author":[{"embeddable":true,"href":"https:\/\/www.teresianum.net\/en\/wp-json\/wp\/v2\/users\/2"}],"replies":[{"embeddable":true,"href":"https:\/\/www.teresianum.net\/en\/wp-json\/wp\/v2\/comments?post=23085"}],"version-history":[{"count":5,"href":"https:\/\/www.teresianum.net\/en\/wp-json\/wp\/v2\/pages\/23085\/revisions"}],"predecessor-version":[{"id":24127,"href":"https:\/\/www.teresianum.net\/en\/wp-json\/wp\/v2\/pages\/23085\/revisions\/24127"}],"up":[{"embeddable":true,"href":"https:\/\/www.teresianum.net\/en\/wp-json\/wp\/v2\/pages\/20152"}],"wp:attachment":[{"href":"https:\/\/www.teresianum.net\/en\/wp-json\/wp\/v2\/media?parent=23085"}],"curies":[{"name":"wp","href":"https:\/\/api.w.org\/{rel}","templated":true}]}}