{"id":22961,"date":"2022-05-11T18:23:12","date_gmt":"2022-05-11T16:23:12","guid":{"rendered":"https:\/\/www.teresianum.net\/?page_id=22961"},"modified":"2022-11-03T16:13:41","modified_gmt":"2022-11-03T15:13:41","slug":"teologia-dellamore-la-teologia-contemporanea-in-dialogo-con-il-carmelo","status":"publish","type":"page","link":"https:\/\/www.teresianum.net\/en\/progetti\/teologia-dellamore-la-teologia-contemporanea-in-dialogo-con-il-carmelo\/","title":{"rendered":"Teologia dell\u2019amore. La teologia contemporanea in dialogo con il Carmelo"},"content":{"rendered":"<p class=\"qtranxs-available-languages-message qtranxs-available-languages-message-en\"> [vc_row][vc_column][ucaddon_uc_starter_icon_box icon=&#8221;fa fa-recycle&#8221; header=&#8221;Gruppo di ricerca della Pontificia Facolt\u00e0 Teologica Teresianum&#8221; uc_fonts_data=&#8221;JTdCJTdE&#8221;][\/ucaddon_uc_starter_icon_box][\/vc_column][\/vc_row][vc_row][vc_column][vc_column_text][\/vc_column_text][vc_column_text css=&#8221;.vc_custom_1652289263012{margin-left: 7px !important;padding-top: 20px !important;padding-right: 20px !important;padding-bottom: 20px !important;padding-left: 20px !important;background-color: #ffffff !important;}&#8221;]\n<h3 style=\"text-align: center;\"><strong>Teologia dell\u2019amore<\/strong><\/h3>\n<h3 style=\"text-align: center;\"><strong>La teologia contemporanea in dialogo con il Carmelo<\/strong><\/h3>\n<h3 style=\"text-align: center;\">\u00a0<\/h3>\n<p><strong>Presentazione<\/strong><\/p>\n<p style=\"text-align: justify;\">In uno spazio di ricerca comune e di scambio amicale, in vista di un pensiero condiviso e di una prospettiva teologica che nasca dall\u2019approfondimento delle figure carmelitane, un gruppo di giovani ricercatori e ricercatrici, legati alla Pontificia Facolt\u00e0 Teologica Teresianum, si interessa alla teologia dell\u2019amore nella prospettiva del dialogo tra teologia contemporanea e Carmelo.<\/p>\n<p style=\"text-align: justify;\">La questione dell\u2019amore appare come una delle pi\u00f9 importanti nell\u2019avvicinare l\u2019essere umano in riferimento alla sua esperienza vissuta e alla sua dinamicit\u00e0 teleologica a partire da e verso il mistero di Dio Amore: amore riversato nel cuore umano e inteso dagli autori carmelitani come progressiva assimilazione all\u2019amore divino. Viene da loro descritto in termini dinamici con l\u2019uso delle metafore della filiazione, del matrimonio e dell\u2019amicizia, mostrandone le conseguenze ecclesiali e filantropiche. Allo stesso tempo, proprio l\u2019onnipresenza dell\u2019amore negli scritti carmelitani rende pi\u00f9 difficile l\u2019approfondimento di questo tema.<\/p>\n<p style=\"text-align: justify;\">Per questo motivo, risulta necessario il dialogo con alcuni autori del XX secolo, impegnati a rielaborare il tema dell\u2019amore partendo dalla Scrittura e rivisitando la tradizione filosofica e teologica. In particolare la ricerca fenomenologica (specificatamente Scheler, von Hildebrand e Stein) con il rinnovato accesso alla metafisica che assume una prospettiva dinamico-relazionale, e i pensatori che ad essa si ricollegano, hanno contribuito a tener viva la tradizione del carattere agapico e relazionale della realt\u00e0. Questa strada \u00e8 stata percorsa anche da altri autori, tra cui nominiamo von Balthasar, per il quale l\u2019amore \u00e8 \u00abil \u201ctrascendentale in assoluto\u201d, che riassume la realt\u00e0 dell\u2019essere, della verit\u00e0 e della bont\u00e0\u00bb (Hans Urs von Balthasar, <em>Teologica. Vol. 2. Verit\u00e0 di Dio<\/em>, Jaca Book, Milano 1990, 152). Per questo solo la <em>via amoris<\/em>, quale terza possibilit\u00e0 tra la via puramente estrinseca e quella totalmente immanente alle esigenze dell\u2019uomo, \u00e8 degna di fede, \u00e8 credibile.<\/p>\n<p style=\"text-align: justify;\">Il pensiero teologico contemporaneo, sulla scia della fenomenologia, \u00e8 inoltre da anni impegnato nella riscoperta di un sapere teologico dell\u2019amore radicato nel terreno del sentimento e dell\u2019affetto. Parte della ricerca teologica e filosofica dell\u2019ultimo periodo, tra cui quella della scuola di Milano, ma non solo, vorrebbe infatti entrare nel mistero di <em>ag\u00e1pe<\/em>, attraverso una rinnovata grammatica delle emozioni e degli affetti. La cosiddetta metafisica dell\u2019amore inoltre potrebbe collocare in modo adeguato, nella riscoperta del suo fondamento epistemico, il rapporto tra <em>\u00e9ros<\/em> e <em>ag\u00e1pe<\/em>, al centro di rinnovato interesse, suscitato anche dall\u2019enciclica <em>Deus caritas<\/em>.<\/p>\n<p style=\"text-align: justify;\">La convinzione che muove i ricercatori \u00e8 che la ricchissima esperienza dei mistici carmelitani necessiti della \u201cdecodificazione\u201d e del linguaggio acquisito dalla fenomenologia e dalla teologia contemporanee, a cui, in un mutuo e fecondo scambio, pu\u00f2 apportare nuove aperture e prospettive, quali solo la via orante e la teologia vissuta possono produrre. In particolare l\u2019amore accolto e trasmesso dai santi del Carmelo, si dimostra capace di comporre le antinomie, di ricondurre i dualismi, di mantenere una giusta esperienziale tensione tra gli sbilanciamenti che la storia del pensiero ha conosciuto e tuttora vive, anche nel mettere al centro l\u2019amore, culmine e fondamento dell\u2019esistenza umana e credente.<\/p>\n<p style=\"text-align: justify;\">Ognuno dei diversi contributi, in dialogo con gli altri, tratter\u00e0 di un particolare modo di considerare l\u2019affermazione \u00abDio <em>\u00e8<\/em> amore\u00bb (1Gv 4, 8.16), come fondante l\u2019esperienza di fede, al punto da porre le basi per una rilettura di tutto il sistema teologico che non opponga il dato ontologico e quello relazionale, e si sviluppi coerentemente a partire dal mistero del loro incontro nel Cristo uomo-Dio. Il tentativo di una nuova comprensione dell\u2019amore alla luce dell\u2019esperienza mistica, vorrebbe contribuire all\u2019inizio del rinnovamento delle categorie, dei concetti, del linguaggio teologico, in grado di comunicare oggi la bellezza e la forza di attrazione del messaggio autenticamente evangelico. Il dialogo con i santi carmelitani inoltre si propone di suggerire alcuni elementi per un metodo teologico rivitalizzato dall\u2019esperienza qualificata dall\u2019incontro nell\u2019amore. Una teologia esperienziale, come quella dei mistici, che mantenga in tensione il lato psicologico-affettivo e quello logico-conoscitivo, ma non si privi di una fondamentale e decisiva dimensione della verit\u00e0: quella dell\u2019esperienza vissuta, della mediazione della vita. La verit\u00e0 di Ges\u00f9 infatti \u00e8 tale da dover essere condivisa vitalmente per poter essere compresa intellettualmente.<\/p>\n<p>&nbsp;<\/p>\n<p><strong>Prospettiva di lavoro<\/strong><\/p>\n<ol>\n<li style=\"text-align: justify;\">Situare la teologia dell\u2019amore nella fenomenologia, nella metafisica e nella teologia del 20\u00b0 secolo fino ai dibattiti contemporanei.<\/li>\n<li style=\"text-align: justify;\">Far dialogare questi autori con i contributi delle figure carmelitane (Teresa di Ges\u00f9, Giovanni della Croce, Teresa di Ges\u00f9 Bambino, Elisabetta della Trinit\u00e0, Edith Stein).<\/li>\n<li>Individuare il nostro apporto specifico alla riflessione intorno alla teologia dell\u2019amore.<\/li>\n<\/ol>\n<p>&nbsp;<\/p>\n<p><strong>Nascita del progetto e membri<\/strong><\/p>\n<p style=\"text-align: justify;\">Il progetto di ricerca, strettamente connesso al rinnovamento della Licenza in Antropologia Teologica del Teresianum, ha preso avvio con incontri telematici tra ricercatori e ricercatrici del Teresianum, ma anche dell\u2019Universit\u00e0 Cattolica di Lione in Francia, dell\u2019Istituto Sophia di Loppiano e della Facolt\u00e0 Teologica di Sicilia, insieme al gi\u00e0 Preposito Generale dell\u2019Ordine dei Carmelitani scalzi e a una monaca carmelitana. Successivamente il gruppo ha dato vita a un seminario di ricerca sul tema della teologia dell\u2019amore nella prospettiva del dialogo tra teologia contemporanea e figure carmelitane. Frutto del cammino intrapreso sar\u00e0 la prossima pubblicazione di un volume collettivo con contributi dei membri da parte della casa editrice Citt\u00e0 Nuova, all\u2019interno della collana \u00abTeologia\u00bb, diretta dal prof. Piero Coda.<\/p>\n<p>&nbsp;<\/p>\n<p><strong>Membri attivi del gruppo<\/strong><\/p>\n<p><a href=\"\/persone\/corpo-docente\/adrian-attard\/\" target=\"_blank\" rel=\"noopener\">Adrian Attard, ocd<\/a>, <em>Teresianum<\/em><\/p>\n<p>Luca Bassetti, Lucca<\/p>\n<p><a href=\"\/persone\/corpo-docente\/christof-betschart\/\" target=\"_blank\" rel=\"noopener\">Christof Betschart, ocd<\/a>, <em>Teresianum<\/em><\/p>\n<p>Saverio Cannistr\u00e0, ocd, Pisa<\/p>\n<p><a href=\"https:\/\/www.ucly.fr\/en\/research\/researchers\/discover-the-researchers\/cheaib-robert-11444-2\/\" target=\"_blank\" rel=\"noopener\">Robert Cheaib<\/a>, Universit\u00e9 Catholique de Lyon, Francia<\/p>\n<p><a href=\"https:\/\/www.sophiauniversity.org\/it\/portfolio\/valentina-gaudiano\/\" target=\"_blank\" rel=\"noopener\">Valentina Gaudiano<\/a>, Istituto Sophia<\/p>\n<p><a href=\"\/persone\/corpo-docente\/iacopo-iadarola\/\" target=\"_blank\" rel=\"noopener\">Iacopo Iadarola, ocd<\/a>, <em>Teresianum<\/em><\/p>\n<p><a href=\"\/persone\/corpo-docente\/iain-scott-matthew\/\" target=\"_blank\" rel=\"noopener\">Iain Matthew, ocd<\/a>, <em>Teresianum\u00a0<\/em><\/p>\n<p>Maria Manuela Romano, ocd, Carmelo Lucca<\/p>\n<p><a href=\"\/persone\/corpo-docente\/iain-scott-matthew\/\" target=\"_blank\" rel=\"noopener\">Lukasz Strzyz-Steinert, ocd<\/a>, <em>Teresianum<\/em><\/p>\n<p>&nbsp;<\/p>\n<p><strong>Incontri gi\u00e0 realizzati<\/strong><\/p>\n<p>Sabato, 16 gennaio 2021 mattina (tramite Zoom)<\/p>\n<p>Sabato, 24 aprile 2021 mattina (tramite Zoom)<\/p>\n<p>Venerd\u00ec 5 e sabato 6 novembre (Seminario di ricerca al Teresianum)<\/p>\n<p>&nbsp;<\/p>\n<p><strong>Bibliografia essenziale<\/strong><\/p>\n<p style=\"text-align: justify;\">Benedetto XVI, Enciclica <em>Deus caritas<\/em>, 2005.<\/p>\n<p style=\"text-align: justify;\">Cornati, D., <em>\u00abMa pi\u00f9 grande \u00e8 l\u2019amore\u00bb. Verit\u00e0 e giustizia di ag\u00e1pe<\/em>, BTC 195, Brescia 2019.<\/p>\n<p style=\"text-align: justify;\">Lonergan, B., <em>Il metodo in teologia<\/em>, ed. N. Spaccapelo e S. Muratore, Opere di Bernard Lonergan, Roma 2001; originale inglese: <em>Method in theology<\/em>, Lonergan, Bernard J. F. Works 14, Toronto \u2013 Buffalo \u2013 London 2017 (1972).<\/p>\n<p style=\"text-align: justify;\">Pieper, J., <em>Sull\u2019amore<\/em>, tr. G. Poletti, Il pellicano rosso, Brescia 2017<sup>2<\/sup>; originale tedesco: <em>\u00dcber die Liebe<\/em>, M\u00fcnchen 2014 (1972).<\/p>\n<p style=\"text-align: justify;\">Scheler, M., <em>Ordo amoris<\/em>, ed. E. Simonotti, Il pellicano rosso, Brescia 2008; originale tedesco: <em>Ordo amoris<\/em>; in Max Scheler Gesammelte Werke 10, Bern 1957, 345-376.<\/p>\n<p style=\"text-align: justify;\">\u2013\u2013\u2013\u2013\u2013, <em>Essenza e forme della simpatia<\/em>, ed. L. Boella, Milano 2016; originale tedesco: <em>Wesen und Formen der Sympathie \u2013 Die deutsche Philosophie der Gegenwart<\/em>, Max Scheler Gesammelte Werke 7, Bern 1973.<\/p>\n<p style=\"text-align: justify;\">Sequeri, P., <em>Il sensibile e l\u2019inatteso. Lezioni di estetica teologica<\/em>, BTC 179, Brescia 2016.<\/p>\n<p style=\"text-align: justify;\">Stein, E. <em>Essere finito e essere eterno. Per una elevazione al senso dell\u2019essere<\/em>, Roma 1999; originale tedesco: <em>Endliches und ewiges Sein. <\/em><em>Versuch eines Aufstiegs zum Sinn des Seins, Anhang: Martin Heideggers Existenzphilosophie und Die Seelenburg<\/em>, ed. Andreas Uwe M\u00fcller, ESGA 11\/12, Freiburg 2006.<\/p>\n<p style=\"text-align: justify;\">von Balthasar, H.U., <em>Solo l\u2019amore \u00e8 credibile<\/em>, Roma 2006; originale tedesco: <em>Glaubhaft ist nur Liebe<\/em>, Einsiedeln 2011 (1963).<\/p>\n<p style=\"text-align: justify;\">von Balthasar, H.U., <em>Teologica, vol. 2: Verit\u00e0 di Dio<\/em>, Gi\u00e0 e non ancora. Opere di Balthasar, Milano 1990; originale tedesco: <em>Theologik, vol. 2: Wahrheit Gottes<\/em>, Einsiedeln 2010 (1985).<\/p>\n<p style=\"text-align: justify;\">von Hildebrand, D., <em>Essenza dell\u2019amore<\/em>, testo tedesco a fronte, Milano 2003; originale tedesco: <em>Das Wesen der Liebe<\/em>, Gesammelte Werke 3, Regensburg 1971.<\/p>\n[\/vc_column_text][\/vc_column][\/vc_row]","protected":false},"excerpt":{"rendered":"<p>[vc_row][vc_column][ucaddon_uc_starter_icon_box icon=&#8221;fa fa-recycle&#8221; header=&#8221;Gruppo di ricerca della Pontificia Facolt\u00e0 Teologica Teresianum&#8221; uc_fonts_data=&#8221;JTdCJTdE&#8221;][\/ucaddon_uc_starter_icon_box][\/vc_column][\/vc_row][vc_row][vc_column][vc_column_text][\/vc_column_text][vc_column_text css=&#8221;.vc_custom_1652289263012{margin-left: 7px !important;padding-top: 20px !important;padding-right: 20px !important;padding-bottom: 20px [&hellip;]<\/p>\n","protected":false},"author":2,"featured_media":0,"parent":20977,"menu_order":0,"comment_status":"closed","ping_status":"closed","template":"","meta":{"footnotes":""},"_links":{"self":[{"href":"https:\/\/www.teresianum.net\/en\/wp-json\/wp\/v2\/pages\/22961"}],"collection":[{"href":"https:\/\/www.teresianum.net\/en\/wp-json\/wp\/v2\/pages"}],"about":[{"href":"https:\/\/www.teresianum.net\/en\/wp-json\/wp\/v2\/types\/page"}],"author":[{"embeddable":true,"href":"https:\/\/www.teresianum.net\/en\/wp-json\/wp\/v2\/users\/2"}],"replies":[{"embeddable":true,"href":"https:\/\/www.teresianum.net\/en\/wp-json\/wp\/v2\/comments?post=22961"}],"version-history":[{"count":6,"href":"https:\/\/www.teresianum.net\/en\/wp-json\/wp\/v2\/pages\/22961\/revisions"}],"predecessor-version":[{"id":23636,"href":"https:\/\/www.teresianum.net\/en\/wp-json\/wp\/v2\/pages\/22961\/revisions\/23636"}],"up":[{"embeddable":true,"href":"https:\/\/www.teresianum.net\/en\/wp-json\/wp\/v2\/pages\/20977"}],"wp:attachment":[{"href":"https:\/\/www.teresianum.net\/en\/wp-json\/wp\/v2\/media?parent=22961"}],"curies":[{"name":"wp","href":"https:\/\/api.w.org\/{rel}","templated":true}]}}