{"id":2292,"date":"2015-09-28T12:09:28","date_gmt":"2015-09-28T10:09:28","guid":{"rendered":"http:\/\/www.teresianum.net\/?page_id=2292"},"modified":"2021-10-20T22:47:51","modified_gmt":"2021-10-20T20:47:51","slug":"cvc08-persona-e-intersoggettivita","status":"publish","type":"page","link":"https:\/\/www.teresianum.net\/en\/formazione-per-i-formatori-alla-vita-consacrata\/piano-di-studi-2021-2022\/cvc08-persona-e-intersoggettivita\/","title":{"rendered":"CVC08 Persona e intersoggettivit\u00e0"},"content":{"rendered":"<p class=\"qtranxs-available-languages-message qtranxs-available-languages-message-en\"> <p style=\"text-align: justify;\"><span style=\"color: #386290;\"><em>Docente:<\/em> Prof.\u00a0\u00a0<\/span><\/p>\n<p style=\"text-align: justify;\">\u00a0<\/p>\n<p style=\"text-align: justify;\"><strong>Giustificazione<\/strong><\/p>\n<p style=\"text-align: justify;\">Innanzitutto verr\u00e0 mostrato il proprio di una metafisica dell\u2019essere umano in relazione alle diverse scienze dell\u2019uomo, quindi verr\u00e0 presentato un profilo storico-teoretico delle diverse antropologie filosofiche che si sono sviluppate nel pensiero occidentale ed alcuni sistemi filosofici non-occidentali.<\/p>\n<p style=\"text-align: justify;\">\n<strong>Obiettivi<\/strong><\/p>\n<p style=\"text-align: justify;\">La parte sistematica del corso sar\u00e0 dedicata ad un approfondimento dell\u2019essenza metafisica dell\u2019essere umano a partire dalle sue operazioni proprie, vitali, razionali, deliberative. Risultato di quest\u2019analisi sar\u00e0 la dimostrazione della duplice componente materiale e spirituale nell\u2019unit\u00e0 metafisica della persona umana.<\/p>\n<p style=\"text-align: justify;\"><strong>Contenuti<\/strong><\/p>\n<p style=\"text-align: justify;\">Tre argomenti di indole pi\u00f9 direttamente metafisico teoretica concluderanno il corso: la sostanzialit\u00e0 dell\u2019anima umana forma del corpo, la relazione fra l\u2019anima ed il corpo, la nozione di persona nella sua irriducibile individualit\u00e0 e dignit\u00e0. Particolare attenzione sar\u00e0 dedicata al metodo fenomenologico nell\u2019indagine filosofica dell\u2019essere umano e la sua formazione.<\/p>\n<p style=\"text-align: justify;\"><strong>Metodologia<\/strong><\/p>\n<p style=\"text-align: justify;\">Lezioni frontali, ricerca scientifica individuale e nei gruppi.<\/p>\n<p style=\"text-align: justify;\"><strong>Criteri di valutazione<\/strong><\/p>\n<p style=\"text-align: justify;\">Lo studente \u00e8 tenuto a sviluppare un punto teoretico-storico attraverso uno studio personale e con un lavoro scritto di 5 cartelle. L\u2019esame orale.<\/p>\n<p style=\"text-align: justify;\"><strong>Distribuzione del tempo di lavoro<\/strong><\/p>\n<p style=\"text-align: justify;\">Dalle 24 ore di lezioni previste alcune ore sono dedicate alla discussione del lavoro di gruppo.<\/p>\n<p style=\"text-align: justify;\"><strong>Bibliografia<\/strong><\/p>\n<p style=\"text-align: justify;\">Shahid Mobeen,<em> Il contributo di Edith Stein per una antropologia filosofica<\/em>, Urbaniana University Press, Citt\u00e0 del Vaticano 2016;<\/p>\n<p style=\"text-align: justify;\"><em>&#8211; Lineamenti di antropologia filosofica: fenomenologia della religione ed esperienza mistica islamica <\/em>(con A. Ales Bello), Apes, Roma 2012;<\/p>\n<p style=\"text-align: justify;\">&#8211; Antropologia filosofica ed esperienza religiosa; <em>E. Stein, C. Fabro, E. Husserl, A. Ales Bello<\/em>, Edizioni OCD, Roma 2017.<\/p>\n<p style=\"text-align: justify;\">&#8211; <em>Elementi filosofici per una formazione missionaria nella filosofia dell\u2019educazione di Edith Stein,<\/em> in Rivista di Vita Spirituale, Anno 73, 2\\2019, Edizioni OCD, p. 165-180.<\/p>\n<p style=\"text-align: justify;\"><strong>A.Ales Bello<\/strong>, <em>Fenomenologia dell\u2019essere umano, lineamenti di una filosofia al femminile,<\/em> Citt\u00e0 Nuova, Roma 1992.<\/p>\n<p style=\"text-align: justify;\"><strong>Stein<\/strong>, <em>Der Aufbau der menschlichen Person, <\/em>in Gesamtausgabe, Band 14<em>,<\/em> Verlag Herder, Freiburg i. Br.; traduzione italiana di M. D\u2019Ambra, Revisione della traduzione di Anna Maria Pezzella e Marco Paolinelli, <em>La struttura della persona umana,<\/em> Citt\u00e0 Nuova Editrice-Edizioni OCD, Roma, 2013.<\/p>\n<p style=\"text-align: justify;\"><strong>Stein<\/strong>. <em>Bildung und Enfaltung der Individualit\u00e4t<\/em>, in Gesamtausgabe, Band 16, Verlag Herder, Freiburg i Br., traduzione italiana di Anna Maria Pezzella e Alice Togni, Revisione della traduzione di Anna Maria Pezzella e Marco Paolinelli, <em>Formazione e sviluppo dell\u2019individualit\u00e0<\/em>, Citt\u00e0 Nuova Editrice-Edizioni OCD, Roma, 2017.<\/p>\n<p style=\"text-align: justify;\"><strong>Guardini<\/strong>, <em>Briefe \u00fcber <\/em>Selbstbildung, Matthias Gr\u00fcnewald Verlag, Mainz, 1985, traduzione italiana di Elisa Oberti, <em>Lettere sull\u2019autoformazione<\/em>, Morcelliana, Brescia, 1994.<\/p>\n<p style=\"text-align: justify;\"><strong>\u00a0<\/strong><\/p>","protected":false},"excerpt":{"rendered":"<p>Docente: Prof.\u00a0\u00a0 \u00a0 Giustificazione Innanzitutto verr\u00e0 mostrato il proprio di una metafisica dell\u2019essere umano in relazione alle diverse scienze dell\u2019uomo, [&hellip;]<\/p>\n","protected":false},"author":2,"featured_media":0,"parent":20734,"menu_order":0,"comment_status":"closed","ping_status":"closed","template":"","meta":{"footnotes":""},"_links":{"self":[{"href":"https:\/\/www.teresianum.net\/en\/wp-json\/wp\/v2\/pages\/2292"}],"collection":[{"href":"https:\/\/www.teresianum.net\/en\/wp-json\/wp\/v2\/pages"}],"about":[{"href":"https:\/\/www.teresianum.net\/en\/wp-json\/wp\/v2\/types\/page"}],"author":[{"embeddable":true,"href":"https:\/\/www.teresianum.net\/en\/wp-json\/wp\/v2\/users\/2"}],"replies":[{"embeddable":true,"href":"https:\/\/www.teresianum.net\/en\/wp-json\/wp\/v2\/comments?post=2292"}],"version-history":[{"count":12,"href":"https:\/\/www.teresianum.net\/en\/wp-json\/wp\/v2\/pages\/2292\/revisions"}],"predecessor-version":[{"id":22051,"href":"https:\/\/www.teresianum.net\/en\/wp-json\/wp\/v2\/pages\/2292\/revisions\/22051"}],"up":[{"embeddable":true,"href":"https:\/\/www.teresianum.net\/en\/wp-json\/wp\/v2\/pages\/20734"}],"wp:attachment":[{"href":"https:\/\/www.teresianum.net\/en\/wp-json\/wp\/v2\/media?parent=2292"}],"curies":[{"name":"wp","href":"https:\/\/api.w.org\/{rel}","templated":true}]}}