{"id":2279,"date":"2015-09-28T09:46:45","date_gmt":"2015-09-28T07:46:45","guid":{"rendered":"http:\/\/www.teresianum.net\/?page_id=2279"},"modified":"2025-12-17T14:32:16","modified_gmt":"2025-12-17T13:32:16","slug":"cvcl01-lettura-teologica-delle-costituzioni","status":"publish","type":"page","link":"https:\/\/www.teresianum.net\/en\/formazione-per-i-formatori-alla-vita-consacrata\/piano-di-studi-2021-2022\/cvcl01-lettura-teologica-delle-costituzioni\/","title":{"rendered":"CVCL01 Lettura teologica delle Costituzioni"},"content":{"rendered":"<p class=\"qtranxs-available-languages-message qtranxs-available-languages-message-en\"> <h5 style=\"text-align: justify;\"><span style=\"color: #333399;\"><em>Docente<\/em>: Prof.ssa <a target=\"_blank\" href=\"\/persone\/corpo-docente\/STEFANIA-TASSOTTI\/\">STEFANIA TASSOTTI<\/a><\/span><\/h5>\n<p><strong>Giustificazione<\/strong><br \/>\nL\u2019esortazione apostolica postsinodale \u201cVita consecrata\u201d ribadisce l\u2019urgenza di un \u201crinnovato riferimento alla Regola\u201d quale via evangelica e profetica nel mondo di oggi: \u00abTorna oggi impellente per ogni Istituto la necessit\u00e0 di un rinnovato riferimento alla Regola, perch\u00e9 in essa e nelle Costituzioni \u00e8 racchiuso un itinerario di sequela, qualificato da uno specifico carisma autenticato dalla Chiesa. Un&#8217;accresciuta considerazione per la Regola non mancher\u00e0 di offrire alle persone consacrate un criterio sicuro per ricercare le forme adeguate di una testimonianza che sappia rispondere alle esigenze del momento senza allontanarsi dall&#8217;ispirazione iniziale\u00bb (VC 37).<br \/>\nIl codice fondamentale di un Istituto religioso dovrebbe, pertanto, essere considerato come un testo- guida, che d\u00e0 orientamenti e criteri per le scelte di vita personali e comunitarie per vivere in pienezza la propria identit\u00e0 carismatica in un itinerario graduale di conformazione a Cristo.<\/p>\n<p><strong>Obiettivi<br \/>\n<\/strong>Il laboratorio si propone a partire da una lettura teologica delle Costituzioni di avvicinare gli studenti alle stesse non come un insieme di norme ma, alla luce dei diversi carismi, offrire una lettura che metta in luce i valori teologici, umani e spirituali che caratterizzano il cammino formativo personale e comunitario all\u2019interno di uno specifico Istituto.<\/p>\n<p><strong>Contenuti<\/strong><br \/>\nDopo un\u2019introduzione da parte della docente (storia delle Costituzioni e il loro ruolo negli Istituti di Vita Consacrata, lettura teologica delle stesse inquadrata nella triade stabilita dall\u2019esortazione apostolica postsinodale \u201cVita consecrata\u201d: consacrazione &#8211; comunione \u2013 missione alla luce di singoli carismi) si coinvolgeranno gli studenti in un lavoro personale e di gruppo sulle Costituzioni dei propri Istituti, al contempo s\u2019indirizzeranno gli stessi all\u2019elaborazione di materiali che possano essere utili in una prospettiva formativa.<\/p>\n<p><strong>Metodologia<\/strong><br \/>\nLezioni frontali. Lavoro personale sui testi delle Costituzioni. Lavoro di gruppo.<\/p>\n<p><strong>Distribuzione del tempo di lavoro<br \/>\n<\/strong>Lezioni frontali introduttive seguite da una parte pi\u00f9 ampia per i lavori di gruppo e l\u2019esposizione e la discussione da parte degli studenti sul lavoro effettuato.<\/p>\n<p><strong>Criteri di valutazione<br \/>\n<\/strong>Gli studenti verranno valutati in base alla loro partecipazione attiva durante il laboratorio, alla propria esposizione orale e all\u2019elaborato finale scritto.<\/p>\n<p><strong>Modalit\u00e0 di verifica<\/strong><br \/>\nGli studenti dovranno presentare la rielaborazione e il commento personale del lavoro svolto singolarmente e nei gruppi.<\/p>\n<p><strong>Bibliografia<\/strong><\/p>\n<ul>\n<li>Costituzioni dei singoli Istituti.<\/li>\n<li>ALONSO S. M., <em>\u00bfC\u00f3mo asimilar \u2013 conceptual y vivencialmente \u2013 las Constituciones renovadas?,<\/em> in ALVAREZ G\u00d3MEZ J., <em>Costituzioni<\/em>, in GOFFI T., in <em>Dizionario Teologico della Vita Consacrata<\/em>, Ancora, Milano 1994.<\/li>\n<li>BEYER, J., <em>Valori essenziali da esprimersi nelle costituzioni di un Istituto<\/em>, Ancora, Milano 1986<\/li>\n<li>D\u00cdEZ PRESA M., <em>Constituciones. Lectura teol\u00f3gica y oracional<\/em>, Pubblicaciones Claretianas, Madrid 1982.<\/li>\n<li>GAMBARI, E., <em>Orientamenti per la revisione e l\u2019elaborazione delle Costituzioni<\/em>, Ancora, Milano 1974.<\/li>\n<li>LOZANO J. M., <em>Las Reglas y Constituciones en la historia<\/em>, in Vida Religiosa, 44 Madrid 1978.<\/li>\n<li><em>Vida Religiosa<\/em>, 61, Pubblicaciones Claretianas, Madrid 1986<\/li>\n<\/ul>\n<p>&nbsp;<\/p>","protected":false},"excerpt":{"rendered":"<p>Docente: Prof.ssa Giustificazione L\u2019esortazione apostolica postsinodale \u201cVita consecrata\u201d ribadisce l\u2019urgenza di un \u201crinnovato riferimento alla Regola\u201d quale via evangelica e [&hellip;]<\/p>\n","protected":false},"author":2,"featured_media":0,"parent":20734,"menu_order":0,"comment_status":"closed","ping_status":"closed","template":"","meta":{"footnotes":""},"_links":{"self":[{"href":"https:\/\/www.teresianum.net\/en\/wp-json\/wp\/v2\/pages\/2279"}],"collection":[{"href":"https:\/\/www.teresianum.net\/en\/wp-json\/wp\/v2\/pages"}],"about":[{"href":"https:\/\/www.teresianum.net\/en\/wp-json\/wp\/v2\/types\/page"}],"author":[{"embeddable":true,"href":"https:\/\/www.teresianum.net\/en\/wp-json\/wp\/v2\/users\/2"}],"replies":[{"embeddable":true,"href":"https:\/\/www.teresianum.net\/en\/wp-json\/wp\/v2\/comments?post=2279"}],"version-history":[{"count":21,"href":"https:\/\/www.teresianum.net\/en\/wp-json\/wp\/v2\/pages\/2279\/revisions"}],"predecessor-version":[{"id":157703,"href":"https:\/\/www.teresianum.net\/en\/wp-json\/wp\/v2\/pages\/2279\/revisions\/157703"}],"up":[{"embeddable":true,"href":"https:\/\/www.teresianum.net\/en\/wp-json\/wp\/v2\/pages\/20734"}],"wp:attachment":[{"href":"https:\/\/www.teresianum.net\/en\/wp-json\/wp\/v2\/media?parent=2279"}],"curies":[{"name":"wp","href":"https:\/\/api.w.org\/{rel}","templated":true}]}}