{"id":2237,"date":"2015-09-23T08:59:14","date_gmt":"2015-09-23T06:59:14","guid":{"rendered":"http:\/\/www.teresianum.net\/?page_id=2237"},"modified":"2021-07-24T12:45:41","modified_gmt":"2021-07-24T10:45:41","slug":"cvc02-vocazione-e-discepolato-alla-luce-della-bibbia","status":"publish","type":"page","link":"https:\/\/www.teresianum.net\/en\/formazione-per-i-formatori-alla-vita-consacrata\/piano-di-studi-2021-2022\/cvc02-vocazione-e-discepolato-alla-luce-della-bibbia\/","title":{"rendered":"CVC02 Vocazione e discepolato alla luce della Bibbia"},"content":{"rendered":"<p class=\"qtranxs-available-languages-message qtranxs-available-languages-message-en\"> <p style=\"text-align: justify;\"><span style=\"color: #386290;\"><em>Docente<\/em>: Prof.\u00a0<a target=\"_blank\" href=\"\/persone\/corpo-docente\/IGNATIOUS-KUNNUMPURATHU-PAUL-\/\">IGNATIOUS KUNNUMPURATHU PAUL <\/a><\/span><\/p>\n<p>&nbsp;<\/p>\n<p style=\"text-align: justify;\"><strong>Giustificazione<\/strong><\/p>\n<p style=\"text-align: justify;\">La formazione dei formatori aprendosi alle interpretazioni bibliche che affrontano la realt\u00e0 della societ\u00e0 moderna \u00e8 imprescindibile. Secondo la tradizione e il magistero della Chiesa, la vita consacrata fonda le sue radici proprio in quella che \u00e8 la storia delle diverse vocazioni (o chiamate divine) e del discepolato\u00a0(o sequela) di Cristo presentataci dalla Bibbia.<\/p>\n<p style=\"text-align: justify;\"><strong>Obiettivi<\/strong><\/p>\n<p style=\"text-align: justify;\">Nel motivo della formazione dei formatori e degli animatori, un ardente passione per la Parola di Dio \u00e8 orientata. I tralci dei racconti biblici delle vocazioni si servano a creare una profonda consapevolezza della propria vocazione e quelle degli altri (vocazioni presbiterali, consacrate e laicali).<\/p>\n<p style=\"text-align: justify;\"><strong>Contenuti<\/strong><\/p>\n<p style=\"text-align: justify;\">Comprende tre momenti: significato dei termini biblici \u201cvocazione\u201d e \u201cdiscepolato\u201d. I grandi chiamati dell\u2019Antico Testamento. I grandi chiamati del Nuovo Testamento.<\/p>\n<p style=\"text-align: justify;\"><strong>Metodologia<\/strong><\/p>\n<p style=\"text-align: justify;\">Lezioni magistrali e frontali. Appunti abbreviati concessi agli studenti. \u00c8 Richiesta, ovviamente, anche una partecipazione attiva da parte degli studenti.<\/p>\n<p style=\"text-align: justify;\"><strong>Criteri di valutazione<\/strong><\/p>\n<p style=\"text-align: justify;\">Esame orale che valuter\u00e0 la conoscenza sufficientemente orientativa e motivata dei diversi temi esposti nel corso. Presentazione di un argomento, basato sulla bibliografia indicata, che non viene trattato in classe.\u00a0\u00a0<\/p>\n<p style=\"text-align: justify;\"><strong>Bibliografia<\/strong><\/p>\n<p style=\"text-align: justify;\">Bibliografia ampia e aggiornata \u00e8 indicata agli studenti in classe.<\/p>","protected":false},"excerpt":{"rendered":"<p>Docente: Prof.\u00a0 &nbsp; Giustificazione La formazione dei formatori aprendosi alle interpretazioni bibliche che affrontano la realt\u00e0 della societ\u00e0 moderna \u00e8 [&hellip;]<\/p>\n","protected":false},"author":2,"featured_media":0,"parent":20734,"menu_order":0,"comment_status":"closed","ping_status":"closed","template":"","meta":{"footnotes":""},"_links":{"self":[{"href":"https:\/\/www.teresianum.net\/en\/wp-json\/wp\/v2\/pages\/2237"}],"collection":[{"href":"https:\/\/www.teresianum.net\/en\/wp-json\/wp\/v2\/pages"}],"about":[{"href":"https:\/\/www.teresianum.net\/en\/wp-json\/wp\/v2\/types\/page"}],"author":[{"embeddable":true,"href":"https:\/\/www.teresianum.net\/en\/wp-json\/wp\/v2\/users\/2"}],"replies":[{"embeddable":true,"href":"https:\/\/www.teresianum.net\/en\/wp-json\/wp\/v2\/comments?post=2237"}],"version-history":[{"count":18,"href":"https:\/\/www.teresianum.net\/en\/wp-json\/wp\/v2\/pages\/2237\/revisions"}],"predecessor-version":[{"id":17879,"href":"https:\/\/www.teresianum.net\/en\/wp-json\/wp\/v2\/pages\/2237\/revisions\/17879"}],"up":[{"embeddable":true,"href":"https:\/\/www.teresianum.net\/en\/wp-json\/wp\/v2\/pages\/20734"}],"wp:attachment":[{"href":"https:\/\/www.teresianum.net\/en\/wp-json\/wp\/v2\/media?parent=2237"}],"curies":[{"name":"wp","href":"https:\/\/api.w.org\/{rel}","templated":true}]}}