{"id":22156,"date":"2021-10-21T20:41:09","date_gmt":"2021-10-21T18:41:09","guid":{"rendered":"https:\/\/www.teresianum.net\/?page_id=22156"},"modified":"2021-11-14T19:38:28","modified_gmt":"2021-11-14T18:38:28","slug":"so2570-spiritualita-delloriente-cristiano","status":"publish","type":"page","link":"https:\/\/www.teresianum.net\/en\/specializzazione-in-teologia-spirituale\/ciclo-per-la-licenza-ts\/curriculum-di-studio\/so2570-spiritualita-delloriente-cristiano\/","title":{"rendered":"SO2570 Spiritualit\u00e0 dell\u2019Oriente cristiano"},"content":{"rendered":"<p class=\"qtranxs-available-languages-message qtranxs-available-languages-message-en\"> <p style=\"text-align: justify;\"><em>Docente:<\/em> Prof. ssa  &#8211; Prof. <a href=\"\/PERSONE\/CORPO-DOCENTE\/MATIAS-YUNES\/\" target=\"_BLANK\" rel=\"NOOPENER noopener\">MATTIAS YUNES<\/a><\/p>\n<p>&nbsp;<\/p>\n<p style=\"text-align: justify;\"><strong>Giustificazione<br \/>\n<\/strong>Il corso vuole presentare la tradizione del primo millennio custodita nelle Chiese orientali in quanto radice e tronco unico della spiritualit\u00e0 cristiana. Il corso si struttura intorno alla teologia trinitaria a partire dall\u2019esperienza dello Spirito Santo trasmessa nelle diverse tradizioni spirituali orientali.<\/p>\n<p style=\"text-align: justify;\"><strong>Obiettivi<br \/>\n<\/strong>Gli studenti sono invitati a conoscere la tradizione spirituale dell\u2019Oriente cristiano tramite la testimonianza dei santi, degli scritti, delle tradizioni liturgiche e dell\u2019eredit\u00e0 <em>spirituale<\/em> trasmessa nel patrimonio della Chiesa.<\/p>\n<p style=\"text-align: justify;\"><strong>Contenuti<br \/>\n<\/strong>Le prime lezioni saranno dedicate alla presentazione del quadro storico e geografico dell\u2019Oriente per individuare alcune caratteristiche delle varie chiese orientali. Dopo le lezioni sulla liturgia e l\u2019antropologia della divinizzazione, l\u2019attenzione si sposter\u00e0 sui vari centri dello sviluppo del monachesimo (Egitto, Monte Athos, Russia) che permetter\u00e0 di scoprire la ricchezza della tradizione teologica spirituale e culturale legata alla vita monastica in Oriente. Una seconda parte affronter\u00e0 tematiche specifiche del patrimonio spirituale dell\u2019oriente bizantino: l\u2019esicasmo, la preghiera di Ges\u00f9, la lotta spirituale, la paternit\u00e0 spirituale. Due temi specifici concluderanno il percorso: la <em>Theotokos<\/em> il cui dogma \u00e8 espresso nelle icone della Madre di Dio venerate in Oriente; il tema della <em>Sophia<\/em>-Sapienza come narrazione architettonica e artistica che esprime una sintesi antropologica e teologica.<\/p>\n<p style=\"text-align: justify;\"><strong>Metodologia<br \/>\n<\/strong>Le lezioni saranno frontali. Vari documenti saranno messi a disposizione degli studenti: bibliografia sui temi, citazioni, presentazioni PowerPoint, ecc.<br \/>\nIl corso sar\u00e0 accompagnato dalla lettura di alcuni testi di autori di particolare importanza per conoscere l\u2019Oriente cristiano.<\/p>\n<p style=\"text-align: justify;\"><strong>Criteri di valutazione<\/strong><\/p>\n<p style=\"text-align: justify;\">L\u2019esame orale sar\u00e0 un colloquio (10 minuti) al quale lo studente deve venire con:<\/p>\n<ol style=\"text-align: justify;\">\n<li>La scheda di lettura di un libro\/articoli su uno dei <u><em>temi<\/em> <\/u>trattati durante le lezioni;<\/li>\n<li>La lettura di uno scritto di uno degli <em><u>autori<\/u> <\/em>che saranno presentati durante le lezioni.<\/li>\n<\/ol>\n<p style=\"text-align: justify;\"><strong>Bibliografia<\/strong><\/p>\n<ul>\n<li style=\"text-align: justify;\">T. \u0160PIDL\u00cdK, <em>La spiritualit\u00e0 dell\u2019Oriente cristiano. Manuale sistematico<\/em>, coll. \u201cOrientalia Christiana Analecta\u201d, PIO, Roma 1985 (nuova edizione: Milano 1995).<\/li>\n<li style=\"text-align: justify;\">M. TENACE, <em>Cristianesimo bizantino. Storia, teologia, tradizione monastica<\/em>, Ed. Carocci, Roma 2000. In prossima riedizione ed. Lipa, Roma 2021.<\/li>\n<\/ul>","protected":false},"excerpt":{"rendered":"<p>Docente: Prof. ssa &#8211; Prof. MATTIAS YUNES &nbsp; Giustificazione Il corso vuole presentare la tradizione del primo millennio custodita nelle [&hellip;]<\/p>\n","protected":false},"author":2,"featured_media":0,"parent":20526,"menu_order":0,"comment_status":"closed","ping_status":"closed","template":"page-specializzazioneteologiaspiritualelicenza.php","meta":{"footnotes":""},"_links":{"self":[{"href":"https:\/\/www.teresianum.net\/en\/wp-json\/wp\/v2\/pages\/22156"}],"collection":[{"href":"https:\/\/www.teresianum.net\/en\/wp-json\/wp\/v2\/pages"}],"about":[{"href":"https:\/\/www.teresianum.net\/en\/wp-json\/wp\/v2\/types\/page"}],"author":[{"embeddable":true,"href":"https:\/\/www.teresianum.net\/en\/wp-json\/wp\/v2\/users\/2"}],"replies":[{"embeddable":true,"href":"https:\/\/www.teresianum.net\/en\/wp-json\/wp\/v2\/comments?post=22156"}],"version-history":[{"count":5,"href":"https:\/\/www.teresianum.net\/en\/wp-json\/wp\/v2\/pages\/22156\/revisions"}],"predecessor-version":[{"id":22552,"href":"https:\/\/www.teresianum.net\/en\/wp-json\/wp\/v2\/pages\/22156\/revisions\/22552"}],"up":[{"embeddable":true,"href":"https:\/\/www.teresianum.net\/en\/wp-json\/wp\/v2\/pages\/20526"}],"wp:attachment":[{"href":"https:\/\/www.teresianum.net\/en\/wp-json\/wp\/v2\/media?parent=22156"}],"curies":[{"name":"wp","href":"https:\/\/api.w.org\/{rel}","templated":true}]}}