{"id":22124,"date":"2021-10-21T17:44:02","date_gmt":"2021-10-21T15:44:02","guid":{"rendered":"https:\/\/www.teresianum.net\/?page_id=22124"},"modified":"2021-10-21T17:44:02","modified_gmt":"2021-10-21T15:44:02","slug":"ocs11a-vita-spirituale-e-affettiva","status":"publish","type":"page","link":"https:\/\/www.teresianum.net\/en\/corso-di-teologia-spirituale-online\/curriculum-di-studio-ts-online\/ocs11a-vita-spirituale-e-affettiva\/","title":{"rendered":"OCS11A Vita spirituale e affettiva"},"content":{"rendered":"<p class=\"qtranxs-available-languages-message qtranxs-available-languages-message-en\"> <p style=\"text-align: justify;\"><span style=\"color: #386290;\"><em>Docenti<\/em>: <\/span>Prof. <a target=\"_blank\" href=\"\/persone\/corpo-docente\/GIUSEPPE-CREA\/\">GIUSEPPE CREA<\/a>\n<p style=\"text-align: justify;\"><strong>Psicologia, vita affettiva e consacrazione <\/strong>\u2013 Prof. <a href=\"https:\/\/www.teresianum.net\/?page_id=3368\" target=\"_blank\" rel=\"noopener noreferrer\">Giuseppe Crea<\/a><\/p>\n<p style=\"text-align: justify;\"><strong>Giustificazione<\/strong><\/p>\n<p style=\"text-align: justify;\">La necessit\u00e0 di un\u2019attenzione particolare alla vita affettiva e al rapporto con la vita spirituale \u00e8 un compito che appartiene al processo di crescita della persona. Come ricorda il documento <em>Vita consecrata<\/em> al n. 71: \u00abparticolarmente importanti, nel contesto odierno, sono la libert\u00e0 interiore della persona consacrata, la sua integrazione affettiva, la capacit\u00e0 di comunicare con tutti, specialmente nella propria comunit\u00e0, la serenit\u00e0 dello spirito e la sensibilit\u00e0 verso chi soffre, l&#8217;amore per la verit\u00e0, la coerenza lineare tra il dire e il fare\u00bb.<\/p>\n<p style=\"text-align: justify;\"><strong>Obiettivi<\/strong><\/p>\n<p style=\"text-align: justify;\">Lo scopo del corso \u00e8 di presentare con una prospettiva integrativa il rapporto tra crescita psico-affettiva e crescita vocazionale, nel processo di formazione permanente della Vita Consacrata. In particolare, si affronteranno i seguenti argomenti.<\/p>\n<p style=\"text-align: justify;\"><strong>Contenuti<\/strong><\/p>\n<p style=\"text-align: justify;\">Alcuni problemi inserenti la vita affettiva, tra dimensione psichica e risposta vocazionale. In particolare, le componenti individuali e comunitarie della crescita psico-affettiva della persona. Processi di crescita psicologica e sviluppo vocazionale nella vita consacrata. Le fasi della maturazione e della crescita psico-spirituale. Integrazione della dimensione psico-affettiva nella prospettiva dell\u2019autotrascendenza, come dimensione fondamentale della persona. Dinamiche interpersonali, affettivit\u00e0 e crescita vocazionale. In particolare: Aspetti applicativi del processo di integrazione della maturazione psico-affettiva e della crescita spirituale, in particolare nel contesto delle dinamiche psico-emozionali. Risposta vocazionale come storia di conversione affettiva permanente.<\/p>\n<p style=\"text-align: justify;\"><strong>Metodologia<\/strong><\/p>\n<p style=\"text-align: justify;\">Le lezioni saranno tenute dai docenti con delle registrazioni audio, con la possibilit\u00e0 per gli studenti di approfondire aspetti specifici che sono di loro particolare interesse.<\/p>\n<p style=\"text-align: justify;\"><strong>Criteri di valutazione<\/strong><\/p>\n<p style=\"text-align: justify;\">Da ciascuna delle 4 sezioni presentate nelle lezioni audio, lo studente dovr\u00e0 scegliere una domanda e rispondere brevemente, cogliendo gli aspetti centrali dell\u2019argomento per svilupparlo in modo sintetico.<\/p>\n<p style=\"text-align: justify;\"><strong>Distribuzione del tempo di lavoro<\/strong><\/p>\n<p style=\"text-align: justify;\">Il tempo sar\u00e0 distribuito equamente tra l\u2019ascolto audio delle lezioni, l\u2019approfondimento del materiale bibliografico a disposizione e lo studio personale.<\/p>\n<p style=\"text-align: justify;\"><strong>Bibliografia<\/strong><\/p>\n<p style=\"text-align: justify;\">AV.VV., <em>Il cammino spirituale del cristiano<\/em>, Teresianum &#8211; OCD, Roma-Morena 2004.<br \/>\n&#8212;, <em>L\u2019esistenza cristiana. Introduzione alla vita spirituale<\/em>, Borla, Roma 1990.<br \/>\nANGELINI, G., <em>I frutti dello Spirito<\/em>, Glossa, Milano 2003.<br \/>\nBERNARD, Ch. A., <em>Teologia spirituale<\/em>, Paoline, Roma 1983.<br \/>\nBIANCHI, E., <em>Lettere a un amico sulla vita spirituale<\/em>, Edizioni Qiqajon-Comunita\u0300 di Bose, 2010.<br \/>\nBORRIELLO, L. \u2013 DELLA CROCE, G., <em>Temi maggiori di spiritualita\u0300 teresiana<\/em>, OCD, Roma-Morena 2005.<br \/>\nBOUYER, L., <em>Introduzione alla vita spirituale<\/em>, Borla, Roma 1978.<br \/>\nCITTERIO, E., <em>La vita spirituale e i suoi segreti<\/em>, EDB, Bologna 2005.<br \/>\nCREA, G., <em>Psicologia spiritualit\u00e0 e benessere vocazionale<\/em>, Ed. Messaggero Padova 2014.<br \/>\n&#8212;, <em>G<\/em><em>li altri e la formazione di s\u00e9<\/em>, EDB, Bologna 2005.<br \/>\n&#8212;, <em>Consacrazione e formazione permanente<\/em>, Rogate, Roma, 2012.<br \/>\n&#8212;, <em>Tonache ferite. Forme di disagio nella vita religiosa e sacerdotale<\/em>, EDB, Bologna 2015.<br \/>\nFALAVEGNA, E., <em>Fede, Speranza e Carita\u0300. Percorso di vita orientata dalla Parola<\/em>, Paoline, Milano 2011.<br \/>\nFANIN, L., <em>La crescita nello Spirito. Lineamenti di teologia spirituale<\/em>, EMP, Padova 1995.<br \/>\nFERLAY, Ph., <em>Compendio della vita spirituale<\/em>, Paoline, Cinisello Balsamo (MI) 1990.<br \/>\nGENTILI, A., <em>Sentire da cristiani. La dimensione affettiva della fede<\/em>, Ancora, Milano 2008.<br \/>\nGOYA, B., <em>Psicologia e vita spirituale. Sinfonia a due mani<\/em>, EDB, Bologna 1999.<br \/>\n&#8212;, <em>Vita spirituale tra psicologia e grazia<\/em>, EDB, Bologna 2001.<br \/>\nGRU\u0308N, A., <em>Spiritualita\u0300. Per una vita riuscita, San Paolo<\/em>, Cinisello Balsamo (MI) 2009.<br \/>\nLAUDAZI, C., <em>L\u2019uomo chiamato all\u2019unione con Dio in Cristo<\/em>, OCD, Roma Morena 2006.<br \/>\nLOUF, A., <em>L\u2019uomo interiore<\/em>, Qiqajon, Magnano (BI) 2007.<br \/>\n&#8212;, <em>La vita spirituale<\/em>, Qiqajon, Magnano (BI) 2001.<br \/>\n&#8212;, <em>Consigli per la vita spirituale<\/em>, Qiqajon, Magnano (BI) 2009.<br \/>\nMAGGIONI, B., <em>Le virt\u00f9 del cristiano. Cio\u0300 che fa la differenza<\/em>, San Paolo, Cinisello Balsamo (MI), 2011.<br \/>\nMOLARI, C., <em>Per una spiritualita\u0300 adulta<\/em>, Cittadella, Assisi 2007.<br \/>\nPOLI, G. F. &#8211;\u00a0 CREA, G., <em>Il tarlo che non consuma<\/em>, Rogate, Roma 2014.<br \/>\nPOLI, G. F. &#8211; CONTI, G. \u2013 CREA, G., <em>Tutta la gioia che mi hai messo in cuore.<\/em> <em>\u00c8 ancora di \u201ccasa\u201d la felicit\u00e0 nella vita consacrata?<\/em>, Rogate, Roma 2017.<br \/>\nPIGNA, A., <em>La vita spirituale. Contenuti, itinerario, pienezza<\/em>, OCD, Morena Roma 2004.<br \/>\nRUPNIK, M.I., <em>Nel fuoco del Roveto ardente. Iniziazione alla vita spirituale, <\/em>Lipa, Roma 19972.<br \/>\nSECONDIN, B., <em>Inquieti desideri di spiritualita\u0300. Esperienze, linguaggio, stile<\/em>, EDB, Bologna 2012. SICARI, A., <em>La vita spirituale del cristiano<\/em>, Jaca Book, Milano 1997.<br \/>\nSPIDLIK, T., <em>Il cammino dello Spirito<\/em>, Lipa, Roma 1995.OCS11B Vita spirituale e affettiva<\/p>","protected":false},"excerpt":{"rendered":"<p>Docenti: Prof. Psicologia, vita affettiva e consacrazione \u2013 Prof. Giuseppe Crea Giustificazione La necessit\u00e0 di un\u2019attenzione particolare alla vita affettiva [&hellip;]<\/p>\n","protected":false},"author":2,"featured_media":0,"parent":8460,"menu_order":0,"comment_status":"closed","ping_status":"closed","template":"","meta":{"footnotes":""},"_links":{"self":[{"href":"https:\/\/www.teresianum.net\/en\/wp-json\/wp\/v2\/pages\/22124"}],"collection":[{"href":"https:\/\/www.teresianum.net\/en\/wp-json\/wp\/v2\/pages"}],"about":[{"href":"https:\/\/www.teresianum.net\/en\/wp-json\/wp\/v2\/types\/page"}],"author":[{"embeddable":true,"href":"https:\/\/www.teresianum.net\/en\/wp-json\/wp\/v2\/users\/2"}],"replies":[{"embeddable":true,"href":"https:\/\/www.teresianum.net\/en\/wp-json\/wp\/v2\/comments?post=22124"}],"version-history":[{"count":1,"href":"https:\/\/www.teresianum.net\/en\/wp-json\/wp\/v2\/pages\/22124\/revisions"}],"predecessor-version":[{"id":22125,"href":"https:\/\/www.teresianum.net\/en\/wp-json\/wp\/v2\/pages\/22124\/revisions\/22125"}],"up":[{"embeddable":true,"href":"https:\/\/www.teresianum.net\/en\/wp-json\/wp\/v2\/pages\/8460"}],"wp:attachment":[{"href":"https:\/\/www.teresianum.net\/en\/wp-json\/wp\/v2\/media?parent=22124"}],"curies":[{"name":"wp","href":"https:\/\/api.w.org\/{rel}","templated":true}]}}