{"id":22100,"date":"2021-10-21T15:20:02","date_gmt":"2021-10-21T13:20:02","guid":{"rendered":"https:\/\/www.teresianum.net\/?page_id=22100"},"modified":"2026-01-19T21:00:49","modified_gmt":"2026-01-19T20:00:49","slug":"iacopo-iadarola","status":"publish","type":"page","link":"https:\/\/www.teresianum.net\/en\/persone\/corpo-docente\/iacopo-iadarola\/","title":{"rendered":"Iacopo Iadarola"},"content":{"rendered":"<p class=\"qtranxs-available-languages-message qtranxs-available-languages-message-en\"> <table style=\"border-collapse: collapse; width: 100%;\">\n<tbody>\n<tr>\n<td style=\"width: 100%;\">\u00a0<\/td>\n<\/tr>\n<\/tbody>\n<\/table>\n<p style=\"text-align: justify;\"><a href=\"http:\/\/www.teresianum.net\/wp-content\/uploads\/2021\/11\/fotoritratto-1.jpg\"><img loading=\"lazy\" decoding=\"async\" class=\" wp-image-22564 alignleft\" src=\"http:\/\/www.teresianum.net\/wp-content\/uploads\/2021\/11\/fotoritratto-1-300x300.jpg\" alt=\"\" width=\"185\" height=\"186\" \/><\/a>Pontificia Facolt\u00e0 Teologica <em>Teresianum<br \/>\n<\/em>Piazza San Pancrazio 5\/A<br \/>\n00152 Roma<br \/>\nItalia<\/p>\n<p style=\"text-align: justify;\">iadarola@teresianum.net<\/p>\n<p><span style=\"font-size: 10pt;\"><a class=\"&lt;span class=&quot;academia-papers-text&quot;&gt;Follow me on Academia.edu&lt;\/span&gt;\" href=\"https:\/\/teresianum.academia.edu\/IacopoIadarola\" target=\"_blank\" rel=\"noopener\">Follow me on Academia.edu<\/a><\/span><a href=\"https:\/\/teresianum.academia.edu\/IacopoIadarola\" target=\"_blank\" rel=\"noopener\"><img loading=\"lazy\" decoding=\"async\" class=\"&lt;span class=&quot;academia-papers-text&quot;&gt;Follow me on Academia.edu&lt;\/span&gt; alignleft\" src=\"https:\/\/a.academia-assets.com\/images\/social-buttons\/logo.gif\" alt=\"\" width=\"26\" height=\"20\" \/><\/a><\/p>\n<p>&nbsp;<\/p>\n<p>&nbsp;<\/p>\n<p style=\"text-align: justify;\"><div id=\"symple-tab-3697\" class=\"symple-tabs\"><ul class=\"ui-tabs-nav symple-clearfix\"><li><a href=\"#symple-tab-persona\">Persona<\/a><\/li><li><a href=\"#symple-tab-pubblicazioni\">Pubblicazioni<\/a><\/li><li><a href=\"#symple-tab-insegnamento\">Insegnamento<\/a><\/li><\/ul>\n<p style=\"text-align: justify;\"><div id=\"symple-tab-persona\" class=\"tab-content symple-clearfix \">\n<p style=\"text-align: justify;\"><strong>Curriculum Vitae<\/strong><\/p>\n<ul>\n<li style=\"text-align: justify;\">18\/12\/1982: nascita a Roma.<\/li>\n<li style=\"text-align: justify;\">01\/09\/2015: Ingresso nel Carmelo teresiano come fra Iacopo di Maria bambina (23\/11\/2019 professione solenne; 19\/09\/2020 ordinazione sacerdotale; 24\/11\/2020 vicario parrocchiale presso la parrocchia di S. Teresa d\u2019Avila, Roma).<\/li>\n<li style=\"text-align: justify;\">2001-2007: Laurea in lettere classiche e linguistica presso la Facolt\u00e0 di Lettere e Filosofia, Universit\u00e0 La Sapienza, Roma.<\/li>\n<li style=\"text-align: justify;\">2006-2008: Scuola di scrittura creativa e giornalismo \u201cOmero\u201d (Roma), con inserimento nell\u2019Ordine dei giornalisti (elenco pubblicisti).<\/li>\n<li style=\"text-align: justify;\">2007-2009: Scuola di specializzazione per l\u2019abilitazione all\u2019insegnamento del greco e del latino presso l\u2019Universit\u00e0 di Roma Tre, Roma.<\/li>\n<li style=\"text-align: justify;\">2011-2014: Baccalaureato presso la Facolt\u00e0 Teologica dell\u2019Italia meridionale, Molfetta (<em>s.c.l.<\/em><em>).<\/em><\/li>\n<li style=\"text-align: justify;\">2017-2018: Licenza in Teologia spirituale presso la Facolt\u00e0 Teologica del Triveneto, Padova (<em>s.c.l.<\/em><em>).<\/em><\/li>\n<li style=\"text-align: justify;\">2020-2023: Dottorato in Teologia spirituale presso la Facolt\u00e0 Teologica del Teresianum, Roma (\u00abLe delizie della Sapienza. Teresa di Ges\u00f9 e le sue relazioni affettive\u00bb, <em>s.c.l., <\/em>tesi vincitrice del premio Henri de Lubac 2025).<\/li>\n<\/ul>\n<p style=\"text-align: justify;\"><strong>Campi di ricerca<\/strong><\/p>\n<ul style=\"text-align: justify;\">\n<li>Teologia spirituale<\/li>\n<li>Teresa di Ges\u00f9<\/li>\n<\/ul>\n<p style=\"text-align: justify;\"><\/div>\n<div id=\"symple-tab-pubblicazioni\" class=\"tab-content symple-clearfix \">\n<p style=\"text-align: justify;\"><strong>Bibliografia selettiva<\/strong><\/p>\n<p style=\"text-align: justify;\"><strong>Libri<\/strong><\/p>\n<ul style=\"text-align: justify;\">\n<li><em>I giochi della Sapienza. Liberare gli affetti alla scuola di Teresa d\u2019Avila,<\/em>\u00a0Con prefazione di V\u00edctor Manuel Fern\u00e1ndez, Edizioni San Paolo, Roma 2025.<\/li>\n<li><em>Le delizie della Sapienza. Teresa di Ges\u00f9 e le sue relazioni affettive<\/em>, Tesi di dissertazione di dottorato in teologia spirituale, Pontificia Facolt\u00e0 Teologica del <em>Teresianum<\/em>, Roma 2023.<\/li>\n<li style=\"text-align: justify;\"><em>\u00abNessuno ha un amore pi\u00f9 grande di questo\u00bb. Contributi carmelitani per una spiritualit\u00e0 dell\u2019offerta della vita, <\/em>Edizioni OCD, Roma 2021<em>.<\/em><\/li>\n<li style=\"text-align: justify;\"><em>Mindfulness. Un\u2019opportunit\u00e0 per i cristiani? Con un contributo di Antonio Gentili<\/em>, Ares, Milano 2020 (trad. romena: <em>Mindfulness. O oportunitate pentru cre\u0219tini? <\/em>Cu o prefa\u021b\u0103 de P. S. Mihai Fr\u0103\u021bil\u0103 Episcop greco-catolic de Bucure\u0219ti, Editura Carmelitana, Snagov 2021).<\/li>\n<li style=\"text-align: justify;\"><em>Cantare il creato con san Francesco e con san Giovanni della Croce, <\/em>EMP, Padova 2019.<\/li>\n<\/ul>\n<p style=\"text-align: justify;\"><strong>Libri curati<\/strong><\/p>\n<ul style=\"text-align: justify;\">\n<li><em>Stelle del mare. Con Maria pellegrini di Speranza.<\/em>\u00a0<em>Atti della 66\u00b0 Settimana di Spiritualit\u00e0 presso la Pontificia Facolt\u00e0 Teologica del Teresianum (Roma, 9-13 marzo 2025)<\/em>, Fiamma Viva 66, Edizioni OCD, Roma 2025.<\/li>\n<li style=\"text-align: justify;\"><em>\u00abCristo Signore Risorto\u00bb. Atti del convegno (Monte S. Angelo, 9-11 settembre 2010), <\/em>Fondazione Tommaso Federici, Roma 2011.<\/li>\n<\/ul>\n<p style=\"text-align: justify;\"><strong>Articoli in riviste e opere collettive<\/strong><\/p>\n<ul style=\"text-align: justify;\">\n<li style=\"text-align: justify;\">\u00abLa \u201ccifra de la muerte\u201d de Teresa. Un misterio entre l\u00edneas\u00bb, <em>Revista de Espiritualidad<\/em> 84 (2025) 399-428.<\/li>\n<li style=\"text-align: justify;\">\u00abPrefa\u0163\u0103\u00bb, in Teresa de \u00c1vila, <em>Castelul Interior<\/em> (edi\u0163ie nou\u0103), Editura Carmelitana, Snagov 2025, v-viii.<\/li>\n<li style=\"text-align: justify;\">\u00ab&#8221;Ve, que la Virgen te espera&#8221;. Maria motivo di speranza agli albori del Carmelo teresiano\u00bb, in <em>Stelle del mare. Con Maria pellegrini di Speranza<\/em>. <em>Atti della 66\u00b0 Settimana di Spiritualit\u00e0 presso la Pontificia Facolt\u00e0 Teologica del Teresianum (Roma, 9-13 marzo 2025)<\/em>, Fiamma Viva 66, Edizioni OCD, Roma 2025, 97-121.<\/li>\n<li>\u00abChiquitunga ou &#8220;um suplemento de Eucaristia&#8221;\u00bb, <em>Revista de Espiritualidade <\/em>33 (1\/2025) 65-91.<\/li>\n<li>\u00abTeresa como la Sabidur\u00eda se deleita entre los hijos del hombre. Una apoteosis teresiana de 1624\u00bb, <em>Monte Carmelo<\/em> 133 (1\/2025) 201-220.<\/li>\n<li>\u00abTeresa pellegrina di speranza\u00bb, <em>Rivista di Vita Spirituale<\/em> 79 (2025) 161-178; 299-313.<\/li>\n<li>\u00abChiquitunga, o \u201cun supplemento d\u2019Eucaristia\u201d\u00bb, in J.F. Barco, <em>\u00abTutto ti offro, Signore\u00bb. Vita di Maria Felicia di Ges\u00f9 Sacramentato, Chiquitunga<\/em>, Con prefazione di P. Miguel M\u00e1rquez Calle, Edizioni OCD, Roma 2025, 153-183.<\/li>\n<li>\u00abTeresa come la Sapienza prende le sue delizie tra i figli dell\u2019uomo. Un\u2019apoteosi teresiana del 1624\u00bb, <em>Teresianum<\/em> 75 (2025) 329-347.<\/li>\n<li>\u00abChiquitunga, o &#8220;un suplemento de eucarist\u00eda&#8221;\u00bb, <em>Monte Carmelo<\/em> 132 (2024) 147-173.<\/li>\n<li>\u00abTeresa e Teresina: \u201cC\u2019est la confiance\u201d che le unisce\u00bb, <em>Rivista di Vita Spirituale<\/em> 78 (2024) 59-73.<\/li>\n<li>\u00abI quattro amori e i tre amori. C.S. Lewis e Teresa d\u2019Avila al cimento\u00bb, in Ch. Betschart \u2013 M. Romano, ed., <em>Teologia dell\u2019amore. Prospettive teologico-filosofiche in dialogo con il Carmelo<\/em>, Citt\u00e0 Nuova, Roma 2023, 177-198.<\/li>\n<li>\u00abMindfulness e spiritualit\u00e0 postsecolare al vaglio dell\u2019orazione carmelitana\u00bb, in AA. VV., <em>Dilatasti cor meum. La preghiera atto d\u2019amore. Atti della 63\u00b0 Settimana di Spiritualit\u00e0<\/em> (Teresianum, Roma, 13-17 marzo 2022), Edizioni OCD, Roma 2023, 83-104.<\/li>\n<li>\u00ab\u201cQuien de verdad comienza a servir al Se\u00f1or, lo menos que le puede ofrecer es la vida\u201d (C 12,2). Teresa de \u00c1vila y la espiritualidad de la entrega total\u00bb, <em>Monte Carmelo<\/em> 131 (2023) 189-205.<\/li>\n<li>\u00abMindfulness e espiritualidade p\u00f3s-secular na avalia\u00e7\u00e3o da ora\u00e7\u00e3o carmelita\u00bb, <em>Revista de Espiritualidade<\/em> 31 (2023) 121-146.<\/li>\n<li>\u00abLa \u201ccifra della morte\u201d di Teresa. Un mistero tra le righe\u00bb,\u00a0<em>Teresianum\u00a0<\/em>73 (2022) 215-244.<\/li>\n<li>\u00abSora Kinga a Schimb\u0103rii la Fa\u021b\u0103 sau ofranda unei \u201cc\u0103p\u0219une bine coapte\u201d\u00bb in <em>Nu m-am dat \u00eenapoi \u2013 Din Jurnalul Sorei Kinga a Schimb\u0103rii la Fa\u0163\u0103<\/em>, Editura carmelitana, Snagov 2022.<\/li>\n<li>Iadarola, I. \u2013 Chial\u00e0, S. \u2013 Greppi, C. \u2013 Scarsato, F<em>., Faccia a faccia con Dio. Isacco di Ninive, Rabi\u2018a, Francesco d\u2019Assisi, Kinga, <\/em>EMP, Padova 2021.<\/li>\n<li>\u00abL\u2019autopresentazione di Ges\u00f9 come Sapienza. Confronto tra Sir 24,21 e Gv 6,35 e implicazioni cristologiche\u00bb, <em>Rivista Biblica<\/em> 68 (2020) 379-406.<\/li>\n<li>\u00abCristologia sapienziale nella fonte Q: \u201cun fatto sorprendente\u201d?\u00bb, <em>Rivista Biblica<\/em> 68 (2020) 61-73.<\/li>\n<li>\u00abComunione sulla lingua e nella mano: precisazioni per i tempi del coronavirus\u00bb, <em>La Stampa &#8211; Vatican Insider<\/em> 21\/09\/2020.<\/li>\n<li>\u00ab\u201cQuando offrir\u00e0 se stesso in sacrificio di riparazione&#8230;\u201d. Per un aggiornamento della spiritualit\u00e0 riparatrice come spiritualit\u00e0 dell\u2019offerta della vita\u00bb, <em>Rivista di Vita Spirituale<\/em> 74 (2020) 351-373.<\/li>\n<li>\u00ab<em>Gaudete et exsultate<\/em>: un\u2019eco carmelitana della chiamata alla santit\u00e0 di Papa Francesco\u00bb, <em>Nel cuore della Chiesa<\/em> 19 (2019) 2-3; 16-19.<\/li>\n<li>\u00abElia. Dal fuoco al sussurro\u00bb; \u00abGiovanni della Croce. Innamorati della notte\u00bb; \u00abTeresa d\u2019Avila. Lasciar fare all\u2019amore\u00bb; \u00abTeresina. Il fiorellino e la mazza di ferro\u00bb, in <em>Santi ribelli<\/em>. <em>Underground<\/em>, Berica Editrice, Vicenza 2018, 27-49.<\/li>\n<li>\u00abSuor Kinga della Trasfigurazione o l\u2019offerta di \u201cuna bella fragola matura\u201d\u00bb, in Kinga della Trasfigurazione, <em>Non mi sono tirata indietro<\/em>. <em>Diario<\/em>, Edizioni OCD, Roma 2018, 211-244.<\/li>\n<li>\u00abCantare il creato tra San Francesco e San Giovanni della Croce\u00bb, <em>Il Santo. Rivista francescana di storia dottrina arte<\/em> 58 (2018) 227-251.<\/li>\n<li>\u00ab\u201cNessuno ha un amore pi\u00f9 grande di questo\u201d. Risonanze carmelitane del recente motuproprio di Papa Francesco\u00bb, <em>Rivista di Vita Spirituale<\/em> 71 (2017) 217-242.<\/li>\n<li>\u00abLa canonizzazione di Teresina, \u201cmissionaria fino alla fine del mondo\u201d\u00bb, <em>Rivista di Vita Spirituale<\/em> 71 (2017) 91-101.<\/li>\n<li>\u00abL\u2019<em>Amoris laetitia<\/em> nel centenario della Comunione data ai risposati\u00bb, <em>La Stampa &#8211; Vatican Insider<\/em> 08\/04\/2017.<\/li>\n<li>\u00abEMOVO Corpus: an Italian Emotional Speech Database\u00bb, <em>Proceedings of International Conference on Language Resources and Evaluation<\/em> (LREC\u201914), Paris 2014, 3501-3504.<\/li>\n<\/ul>\n<p style=\"text-align: justify;\"><strong>Recensioni<\/strong><\/p>\n<ul style=\"text-align: justify;\">\n<li style=\"text-align: justify;\">\u00abJoseph F. Chorpenning, Saint Joseph and the Carmelite Reform of Saint Teresa of \u00c1vila. Father, Teacher of Prayer, Intercessor in Every Need\u00bb, <em>Teresianum<\/em> 76 (2025) 459-461.<\/li>\n<li style=\"text-align: justify;\"><strong>\u00ab<\/strong>Stefano Zamboni, Al cuore della creazione. Mistero di Cristo ed ecologia\u00bb, <em>Teresianum<\/em> 72 (2021) 258-260.<\/li>\n<li style=\"text-align: justify;\">\u00abScolastica Blackborow, La Trinit\u00e0 in noi. Testi dei maestri spirituali\u00bb, <em>Rivista di Vita Spirituale<\/em> 74 (2020) 529-531.<\/li>\n<li style=\"text-align: justify;\">\u00abUna ragazza affascinata da Cristo. Teresa di Los Andes\u00bb, <em>Rivista di Vita Spirituale<\/em> 74 (2020) 119-121.<\/li>\n<\/ul>\n<p style=\"text-align: justify;\"><\/div>\n<p style=\"text-align: justify;\">\n<div id=\"symple-tab-insegnamento\" class=\"tab-content symple-clearfix \">\n<p style=\"text-align: justify;\"><strong>Anno Accademico 2025\/2026<\/strong><\/p>\n<p style=\"text-align: justify;\"><table class=\"cw2m_corsiperdocente\" style=\"font-size: 13pt; width:100%; border:1px solid black; cell-padding:10px; cell-spacing: 5px;\"><tr style=\"background-color: #134b72; color: white;\"><td style=\"border: 1px solid black; padding: 5px;\">SIGLA<\/td><td style=\"border: 1px solid black; padding: 5px;\">DESCRIZIONE<\/td><td style=\"border: 1px solid black; padding: 5px;\">SEMESTRE<\/td><\/tr><tr><td style=\"border: 1px solid black; padding: 5px;\"><a target=\"_blank\" href=\"\/67\u00aa SETTSPT\u00c0        \">67\u00aa SETTSPT\u00c0        <\/a><\/td><td style=\"border: 1px solid black; padding: 5px;\"><a target=\"_blank\" href=\"\/67\u00aa SETTSPT\u00c0        \">67\u00aa SETTSPTA': PER VEDERE L'INVISIBILE. SPUNTI SP.T\u00c0 IMMAGINE<\/a><\/td><td style=\"border: 1px solid black; padding: 5px;\">Secondo<\/td><\/tr><tr><td style=\"border: 1px solid black; padding: 5px;\"><a target=\"_blank\" href=\"\/OCTE07              \">OCTE07              <\/a><\/td><td style=\"border: 1px solid black; padding: 5px;\"><a target=\"_blank\" href=\"\/OCTE07              \">ESPIRITUALIDAD DE LA OFRENDA DE LA VIDA. L\u00cdNEAS GENERALES Y CONTRIBUCIONES DEL CARMELO<\/a><\/td><td style=\"border: 1px solid black; padding: 5px;\">Primo<\/td><\/tr><tr><td style=\"border: 1px solid black; padding: 5px;\"><a target=\"_blank\" href=\"\/SP1002              \">SP1002              <\/a><\/td><td style=\"border: 1px solid black; padding: 5px;\"><a target=\"_blank\" href=\"\/SP1002              \">METODOLOGIA DEL LAVORO SCIENTIFICO<\/a><\/td><td style=\"border: 1px solid black; padding: 5px;\">Primo<\/td><\/tr><tr><td style=\"border: 1px solid black; padding: 5px;\"><a target=\"_blank\" href=\"\/CAS09               \">CAS09               <\/a><\/td><td style=\"border: 1px solid black; padding: 5px;\"><a target=\"_blank\" href=\"\/CAS09               \">ACCOMPAGNARE E DISCERNERE IL VISSUTO CRISTIANO CON SANTA TERESA DI GES\u00d9<\/a><\/td><td style=\"border: 1px solid black; padding: 5px;\">Secondo<\/td><\/tr><tr><td style=\"border: 1px solid black; padding: 5px;\"><a target=\"_blank\" href=\"\/TP1181              \">TP1181              <\/a><\/td><td style=\"border: 1px solid black; padding: 5px;\"><a target=\"_blank\" href=\"\/TP1181              \">ANTROPOLOGIA SOPRANNATURALE: VIRTU' TEOLOGALI<\/a><\/td><td style=\"border: 1px solid black; padding: 5px;\">Secondo<\/td><\/tr><\/table>\n<p style=\"text-align: justify;\"><\/div>\n<\/div>","protected":false},"excerpt":{"rendered":"<p>\u00a0 Pontificia Facolt\u00e0 Teologica Teresianum Piazza San Pancrazio 5\/A 00152 Roma Italia iadarola@teresianum.net Follow me on Academia.edu &nbsp; &nbsp;<\/p>\n","protected":false},"author":2,"featured_media":0,"parent":339,"menu_order":0,"comment_status":"closed","ping_status":"closed","template":"","meta":{"footnotes":""},"_links":{"self":[{"href":"https:\/\/www.teresianum.net\/en\/wp-json\/wp\/v2\/pages\/22100"}],"collection":[{"href":"https:\/\/www.teresianum.net\/en\/wp-json\/wp\/v2\/pages"}],"about":[{"href":"https:\/\/www.teresianum.net\/en\/wp-json\/wp\/v2\/types\/page"}],"author":[{"embeddable":true,"href":"https:\/\/www.teresianum.net\/en\/wp-json\/wp\/v2\/users\/2"}],"replies":[{"embeddable":true,"href":"https:\/\/www.teresianum.net\/en\/wp-json\/wp\/v2\/comments?post=22100"}],"version-history":[{"count":35,"href":"https:\/\/www.teresianum.net\/en\/wp-json\/wp\/v2\/pages\/22100\/revisions"}],"predecessor-version":[{"id":172156,"href":"https:\/\/www.teresianum.net\/en\/wp-json\/wp\/v2\/pages\/22100\/revisions\/172156"}],"up":[{"embeddable":true,"href":"https:\/\/www.teresianum.net\/en\/wp-json\/wp\/v2\/pages\/339"}],"wp:attachment":[{"href":"https:\/\/www.teresianum.net\/en\/wp-json\/wp\/v2\/media?parent=22100"}],"curies":[{"name":"wp","href":"https:\/\/api.w.org\/{rel}","templated":true}]}}