{"id":2197,"date":"2015-09-19T10:08:09","date_gmt":"2015-09-19T08:08:09","guid":{"rendered":"http:\/\/www.teresianum.net\/?page_id=2197"},"modified":"2025-06-28T18:50:27","modified_gmt":"2025-06-28T16:50:27","slug":"sp-gesu-cristo-il-risorto-chiave-della-teologia-spirituale","status":"publish","type":"page","link":"https:\/\/www.teresianum.net\/en\/specializzazione-in-teologia-spirituale\/ciclo-per-la-licenza-ts\/curriculum-di-studio\/sp-gesu-cristo-il-risorto-chiave-della-teologia-spirituale\/","title":{"rendered":"SP1022 Ges\u00f9 Cristo il Risorto: chiave della Teologia Spirituale"},"content":{"rendered":"<p class=\"qtranxs-available-languages-message qtranxs-available-languages-message-en\"> <p style=\"text-align: justify;\"><span style=\"color: #000000;\"><em>Docente<\/em>: Prof. <a target=\"_blank\" href=\"\/persone\/corpo-docente\/IAIN-SCOTT-MATTHEW\/\">IAIN SCOTT MATTHEW<\/a> Iain Matthew\u00a0<\/span><\/p>\n<p>&nbsp;<\/p>\n<p style=\"text-align: justify;\"><strong>Giustificazione<\/strong><\/p>\n<p style=\"text-align: justify;\">L\u2019Istituto di Spiritualit\u00e0 del <em>Teresianum<\/em> crede e propone che la chiave e la possibilit\u00e0 ultima della teologia spirituale \u00e8 il Cristo Risorto.<\/p>\n<p style=\"text-align: justify;\"><strong>Obiettivi<\/strong><\/p>\n<p style=\"text-align: justify;\">Vogliamo esplorare insieme il mistero di Cristo, vivo e presente nella Chiesa, come fonte di vita spirituale e forma della trasformazione dell\u2019uomo.<\/p>\n<p style=\"text-align: justify;\"><strong>Contenuti<\/strong><\/p>\n<p style=\"text-align: justify;\">Esaminiamo il significato della risurrezione di Cristo per la nostra visione di Dio e dell\u2019uomo;\u00a0la vitalit\u00e0 permanente dei misteri della vita terrena di Ges\u00f9;\u00a0lo slancio escatologico che la risurrezione di Cristo d\u00e0 alla teologia spirituale;\u00a0e la fede nel Risorto in un mondo pluralistico.<\/p>\n<p style=\"text-align: justify;\"><strong>Metodologia<\/strong><\/p>\n<p style=\"text-align: justify;\">Una serie di lezioni frontali, con esperienze interattive (in italiano o in inglese).<\/p>\n<p style=\"text-align: justify;\"><strong>Criteri di valutazione<\/strong><\/p>\n<p style=\"text-align: justify;\">Esame finale orale.<\/p>\n<p style=\"text-align: justify;\"><strong>Distribuzione del tempo di lavoro<\/strong><\/p>\n<p style=\"text-align: justify;\">La maggior parte delle ore a disposizione verranno utilizzate per lezioni frontali, riservando un congruo tempo ai lavori interattivi.<\/p>\n<p style=\"text-align: justify;\"><strong>Bibliografia<\/strong><\/p>\n<ul>\n<li style=\"text-align: justify;\">Dispensa di testi scelti (da Leone Magno, Teresa di Ges\u00f9, Giovanni della Croce, John Henry Newman);<\/li>\n<li style=\"text-align: justify;\">BENEDETTO XVI, <em>Spe Salvi<\/em>, LEV, Roma 2007;<\/li>\n<li style=\"text-align: justify;\">BENEDETTO XVI, <em>Ges\u00f9 di Nazaret<\/em>, I &amp; II, LEV, Roma 2007, 2011;<\/li>\n<li style=\"text-align: justify;\">H. U. VON BALTHASAR, <em>Nella preghiera di Dio<\/em>, Jaca Book, Milano 1997;<\/li>\n<li style=\"text-align: justify;\">M. BORDONI, <em>Christus Omnium Redemptor<\/em>, LEV, Roma 2010;<\/li>\n<li style=\"text-align: justify;\">S. CASTRO, <em>Cristo Vida del hombre<\/em>, EDE Madrid, 1991;<\/li>\n<li style=\"text-align: justify;\">A. COZZI, <em>Ges\u00f9 Cristo tra le religioni<\/em>, Cittadella, Assisi 2005;<\/li>\n<li style=\"text-align: justify;\">E. GALLI, <em>Il mistero del Figlio nei Suoi misteri<\/em>, Casa Editrice Miscellanea Franciscana, 2015;<\/li>\n<li style=\"text-align: justify;\">A. KELLY, <em>The Resurrection Effect<\/em>, Orbis, New York 2008;<\/li>\n<li style=\"text-align: justify;\">L. F. LADARIA, <em>Ges\u00f9 Cristo, salvezza di tutti<\/em>, EDB 2009;<\/li>\n<li style=\"text-align: justify;\">M. MCINTOSH, <em>Mystical theology<\/em>, Blackwell, Oxford 1998;<\/li>\n<li style=\"text-align: justify;\">C. SCH\u00d6NBORN, <em>L\u2019icona di Cristo<\/em>, San Paolo, Milano 1988;<\/li>\n<li style=\"text-align: justify;\">B. SESBO\u00dc\u00c9, <em>J\u00e9sus-Christ dans la tradition de l\u2019\u00c9glise<\/em>, Descl\u00e9e 2000;<\/li>\n<li style=\"text-align: justify;\">M. VANZINI, \u00abIl Corpo Risorto di Ges\u00f9 Cristo nel dibattito teologico recente\u00bb, <em>Annales Theologici<\/em> 26 I 2012, p.153-220.<\/li>\n<\/ul>","protected":false},"excerpt":{"rendered":"<p>Docente: Prof. Iain Matthew\u00a0 &nbsp; Giustificazione L\u2019Istituto di Spiritualit\u00e0 del Teresianum crede e propone che la chiave e la possibilit\u00e0 [&hellip;]<\/p>\n","protected":false},"author":2,"featured_media":0,"parent":20526,"menu_order":23,"comment_status":"closed","ping_status":"closed","template":"page-specializzazioneteologiaspiritualelicenza.php","meta":{"footnotes":""},"_links":{"self":[{"href":"https:\/\/www.teresianum.net\/en\/wp-json\/wp\/v2\/pages\/2197"}],"collection":[{"href":"https:\/\/www.teresianum.net\/en\/wp-json\/wp\/v2\/pages"}],"about":[{"href":"https:\/\/www.teresianum.net\/en\/wp-json\/wp\/v2\/types\/page"}],"author":[{"embeddable":true,"href":"https:\/\/www.teresianum.net\/en\/wp-json\/wp\/v2\/users\/2"}],"replies":[{"embeddable":true,"href":"https:\/\/www.teresianum.net\/en\/wp-json\/wp\/v2\/comments?post=2197"}],"version-history":[{"count":17,"href":"https:\/\/www.teresianum.net\/en\/wp-json\/wp\/v2\/pages\/2197\/revisions"}],"predecessor-version":[{"id":92728,"href":"https:\/\/www.teresianum.net\/en\/wp-json\/wp\/v2\/pages\/2197\/revisions\/92728"}],"up":[{"embeddable":true,"href":"https:\/\/www.teresianum.net\/en\/wp-json\/wp\/v2\/pages\/20526"}],"wp:attachment":[{"href":"https:\/\/www.teresianum.net\/en\/wp-json\/wp\/v2\/media?parent=2197"}],"curies":[{"name":"wp","href":"https:\/\/api.w.org\/{rel}","templated":true}]}}