{"id":20287,"date":"2021-07-17T17:15:17","date_gmt":"2021-07-17T15:15:17","guid":{"rendered":"http:\/\/www.teresianum.net\/?page_id=20287"},"modified":"2026-04-03T09:29:40","modified_gmt":"2026-04-03T07:29:40","slug":"curriculum-di-studio","status":"publish","type":"page","link":"https:\/\/www.teresianum.net\/en\/specializzazione-in-antropologia-teologica\/ciclo-per-la-licenza\/curriculum-di-studio\/","title":{"rendered":"Study Curriculum"},"content":{"rendered":"[vc_row][vc_column offset=&#8221;vc_col-md-offset-0&#8243;][vc_column_text]\n<p>&nbsp;<\/p>\n<p>The Second-Cycle Student must take the following coursework for a minimum of 120 credits ECTS in the two years of the License Degree:<\/p>\n<table style=\"width: 100.804%; height: 168px;\">\n<tbody>\n<tr style=\"border-top: 1px solid #cccccc; border-bottom: 1px solid #cccccc;\">\n<td style=\"width: 600px; height: 24px;\">Required courses<\/td>\n<td style=\"width: 100px; text-align: right; height: 24px;\">39 ECTS<\/td>\n<\/tr>\n<tr style=\"border-bottom: 1px solid #cccccc;\">\n<td style=\"height: 24px;\">Optional courses<\/td>\n<td style=\"text-align: right; height: 24px;\">36 ECTS<\/td>\n<\/tr>\n<tr style=\"border-bottom: 1px solid #cccccc;\">\n<td style=\"height: 24px;\">Required seminars<\/td>\n<td style=\"text-align: right; height: 24px;\">8 ECTS<\/td>\n<\/tr>\n<tr style=\"border-bottom: 1px solid #cccccc;\">\n<td style=\"height: 24px;\">Optional seminar<\/td>\n<td style=\"text-align: right; height: 24px;\">4 ECTS<\/td>\n<\/tr>\n<tr style=\"height: 24px;\">\n<td style=\"height: 24px;\">Conferences and study days<\/td>\n<td style=\"text-align: right; height: 24px;\">3 ECTS<\/td>\n<\/tr>\n<tr style=\"border-top: 1px solid #cccccc; border-bottom: 1px solid #cccccc;\">\n<td style=\"height: 24px;\">Licentiate Dissertation and defense<\/td>\n<td style=\"text-align: right; height: 24px;\">20 ECTS<\/td>\n<\/tr>\n<tr style=\"border-bottom: 1px solid #cccccc;\">\n<td style=\"height: 24px;\"><em>Lectio coram<\/em><\/td>\n<td style=\"text-align: right; height: 24px;\">10 ECTS<\/td>\n<\/tr>\n<\/tbody>\n<\/table>\n<p>&nbsp;<\/p>\n<p>&nbsp;<\/p>\n[\/vc_column_text][\/vc_column][\/vc_row][vc_row][vc_column][vc_column_text]\n<h4><span style=\"color: #000080;\"><strong>Corsi prescritti<\/strong><\/span><\/h4>\n<p>&nbsp;<\/p>\n<h4><span style=\"color: #333399; font-size: 12pt;\"><strong>1. Metodi<\/strong><\/span><\/h4>\n<table style=\"width: 99.8819%; height: 32px;\">\n<tbody>\n<tr style=\"border-bottom: 1px solid #cccccc; border-top: 1px solid #cccccc;\">\n<td style=\"width: 7.383%; height: 24px;\"><strong><a href=\"https:\/\/www.teresianum.net\/?p=15011\" target=\"_blank\" rel=\"noopener noreferrer\">SP1002<\/a><\/strong><\/td>\n<td style=\"width: 81.0545%; height: 24px;\"><strong><a href=\"https:\/\/www.teresianum.net\/?p=15011\" target=\"_blank\" rel=\"noopener noreferrer\">Metodologia del lavoro scientifico<\/a><\/strong><\/td>\n<td style=\"width: 10.9637%; text-align: right; height: 24px;\">5 ECTS<\/td>\n<\/tr>\n<\/tbody>\n<\/table>\n<p>&nbsp;<\/p>\n<h4><span style=\"font-size: 12pt;\"><strong><span style=\"color: #333399;\">2. L\u2019uomo come questione<\/span><\/strong><\/span><\/h4>\n<table style=\"border-collapse: collapse; width: 100%;\">\n<tbody>\n<tr style=\"border-bottom: 1px solid #cccccc; border-top: 1px solid #cccccc;\">\n<td style=\"width: 7.83585%; height: 24px;\"><a href=\"https:\/\/www.teresianum.net\/?page_id=17439\" target=\"_blank\" rel=\"noopener noreferrer\"><strong>AP1021<\/strong><\/a><\/td>\n<td style=\"width: 80.6847%; height: 24px;\"><a href=\"https:\/\/www.teresianum.net\/?page_id=17439\" target=\"_blank\" rel=\"noopener noreferrer\"><strong>Questioni antropologiche del mondo odierno<\/strong><\/a><\/td>\n<td style=\"width: 30.9434%; text-align: right;\">5ECTS<\/td>\n<\/tr>\n<tr style=\"border-bottom: 1px solid #cccccc;\">\n<td style=\"width: 7.83585%; height: 24px;\"><strong><a href=\"https:\/\/www.teresianum.net\/?p=4936\">AP1330\u00a0<\/a><\/strong><\/td>\n<td style=\"height: 24px; width: 80.6847%;\"><strong><a href=\"https:\/\/www.teresianum.net\/?p=4936\" target=\"_blank\" rel=\"noopener noreferrer\">Antropologia psicologica<\/a><\/strong><\/td>\n<td style=\"width: 30.9434%; text-align: right;\">3 ECTS<\/td>\n<\/tr>\n<\/tbody>\n<\/table>\n<p>&nbsp;<\/p>\n<h4><strong style=\"color: #000080;\">3. Il contributo cristiano<\/strong><\/h4>\n<table style=\"height: 163px; width: 100.216%;\">\n<tbody>\n<tr style=\"height: 24px; border-bottom: 1px solid #cccccc; border-top: 1px solid #cccccc;\">\n<td style=\"width: 8.05114%; height: 24px;\"><strong><a href=\"https:\/\/www.teresianum.net\/?p=4922\" target=\"_blank\" rel=\"noopener noreferrer\">AP1010<\/a><\/strong><\/td>\n<td style=\"width: 80.2363%; height: 24px;\"><strong>\u00a0<a href=\"https:\/\/www.teresianum.net\/?p=4922\" target=\"_blank\" rel=\"noopener noreferrer\">Antropologia teologica fondamentale<\/a><\/strong><\/td>\n<td style=\"width: 11.5301%; height: 24px; text-align: right;\">3 ECTS<\/td>\n<\/tr>\n<tr style=\"border-top: 1px solid #cccccc; border-bottom: 1px solid #cccccc;\">\n<td style=\"width: 8.05114%; height: 23px;\"><strong><a href=\"\/specializzazione-in-antropologia-teologica\/ciclo-per-la-licenza\/curriculum-di-studio\/ap1030-che-cosa-e-luomo-sal-85-una-prospettiva-integrativa-dei-due-testamenti\/\" target=\"_blank\" rel=\"noopener noreferrer\">AP1030<\/a><\/strong><\/td>\n<td style=\"width: 80.2363%; height: 23px;\"><a href=\"\/specializzazione-in-antropologia-teologica\/ciclo-per-la-licenza\/curriculum-di-studio\/ap1030-che-cosa-e-luomo-sal-85-una-prospettiva-integrativa-dei-due-testamenti\/\" target=\"_blank\" rel=\"noopener\"><strong>\u201cChe cosa \u00e8 l\u2019uomo? (Sal 8, 5). Una prospettiva integrativa dei due Testamenti<\/strong><\/a><\/td>\n<td style=\"width: 11.5301%; height: 23px; text-align: right;\">5 ECTS<\/td>\n<\/tr>\n<tr style=\"height: 48px;\">\n<td style=\"width: 8.05114%; height: 10px;\"><a href=\"https:\/\/www.teresianum.net\/?page_id=17433\" target=\"_blank\" rel=\"noopener noreferrer\"><strong>AP1040<\/strong><\/a><\/td>\n<td style=\"width: 80.2363%; height: 10px;\"><a href=\"https:\/\/www.teresianum.net\/?page_id=17433\" target=\"_blank\" rel=\"noopener noreferrer\"><strong><em>Mysterium iniquitatis<\/em>: il male come problema esistenziale, sfida antropologica e questione teologica<\/strong><\/a><\/td>\n<td style=\"width: 11.5301%; height: 10px; text-align: right;\">3 ECTS<\/td>\n<\/tr>\n<tr style=\"border-top: 1px solid #cccccc; border-bottom: 1px solid #cccccc;\">\n<td style=\"width: 8.05114%; height: 24px;\"><a href=\"https:\/\/www.teresianum.net\/?page_id=17435\" target=\"_blank\" rel=\"noopener noreferrer\"><strong>AP1050<\/strong><\/a><\/td>\n<td style=\"width: 80.2363%; height: 24px;\"><a href=\"https:\/\/www.teresianum.net\/?page_id=17435\" target=\"_blank\" rel=\"noopener noreferrer\"><strong>Cristologia e antropologia<\/strong><\/a><\/td>\n<td style=\"width: 11.5301%; height: 24px; text-align: right;\">3 ECTS<\/td>\n<\/tr>\n<tr style=\"border-top: 1px solid #cccccc; border-bottom: 1px solid #cccccc;\">\n<td style=\"width: 8.05114%; height: 24px;\"><strong><a href=\"https:\/\/www.teresianum.net\/?page_id=15054\" target=\"_blank\" rel=\"noopener noreferrer\">AP1060<\/a><\/strong><\/td>\n<td style=\"width: 80.2363%; height: 24px;\"><strong><a href=\"https:\/\/www.teresianum.net\/?page_id=15054\" target=\"_blank\" rel=\"noopener noreferrer\">Filiazione e Sapienza: un\u2019antropologia cristiana<\/a><\/strong><\/td>\n<td style=\"width: 11.5301%; height: 24px; text-align: right;\">3 ECTS<\/td>\n<\/tr>\n<tr style=\"border-bottom: 1px solid #cccccc;\">\n<td style=\"width: 8.05114%; height: 24px;\"><a href=\"https:\/\/www.teresianum.net\/?page_id=15381\" target=\"_blank\" rel=\"noopener noreferrer\"><strong>AP1210<\/strong><\/a><\/td>\n<td style=\"width: 80.2363%; height: 24px;\"><a href=\"https:\/\/www.teresianum.net\/?page_id=15381\" target=\"_blank\" rel=\"noopener noreferrer\"><strong>L\u2019uomo nell\u2019antropologia dei Padri<\/strong><\/a><\/td>\n<td style=\"width: 11.5301%; height: 24px; text-align: right;\">3 ECTS<\/td>\n<\/tr>\n<tr style=\"border-bottom: 1px solid #cccccc;\">\n<td style=\"width: 8.05114%; height: 24px;\"><strong><a href=\"https:\/\/www.teresianum.net\/?page_id=1986\" target=\"_blank\" rel=\"noopener noreferrer\">AP1230<\/a><\/strong><\/td>\n<td style=\"width: 80.2363%; height: 24px;\"><strong><a href=\"https:\/\/www.teresianum.net\/?page_id=1986\" target=\"_blank\" rel=\"noopener noreferrer\">Antropologia teologica speciale<\/a><\/strong><\/td>\n<td style=\"width: 11.5301%; height: 24px; text-align: right;\">3 ECTS<\/td>\n<\/tr>\n<tr style=\"border-top: 1px solid #cccccc; border-bottom: 1px solid #cccccc;\">\n<td style=\"width: 8.05114%; height: 10px;\"><strong><a href=\"https:\/\/www.teresianum.net\/?page_id=9488\" target=\"_blank\" rel=\"noopener noreferrer\">AP1270<\/a><\/strong><\/td>\n<td style=\"width: 80.2363%; height: 10px;\"><strong><a href=\"https:\/\/www.teresianum.net\/?page_id=9488\" target=\"_blank\" rel=\"noopener noreferrer\">Visione antropologica di Chiesa e sacramenti<\/a><\/strong><\/td>\n<td style=\"width: 11.5301%; height: 10px; text-align: right;\">3 ECTS<\/td>\n<\/tr>\n<\/tbody>\n<\/table>\n<p>&nbsp;<\/p>\n<p><span style=\"color: #000080;\"><strong>Corsi opzionali\u00a0<\/strong><\/span><\/p>\n<table style=\"height: 32px; width: 100.135%;\">\n<tbody>\n<tr style=\"border-top: 1px solid #cccccc; border-bottom: 1px solid #cccccc;\">\n<td style=\"height: 20px; width: 87.8581%;\">Nel biennio vengono proposti diversi corsi opzionali.\u00a0Un corso opzionale pu\u00f2 essere\u00a0sostituito dalla partecipazione a due Settimane\u00a0di Spiritualit\u00e0.<\/td>\n<td style=\"text-align: right; height: 20px; width: 11.5431%;\">36 ECTS<\/td>\n<\/tr>\n<\/tbody>\n<\/table>\n<h3>\u00a0<\/h3>\n<p><span style=\"color: #000080;\"><strong>Seminari prescritti<\/strong><\/span><\/p>\n<table style=\"height: 34px; width: 100.071%;\" width=\"1000\">\n<tbody>\n<tr style=\"border-bottom: 1px solid #cccccc; border-top: 1px solid #cccccc;\">\n<td style=\"width: 7.61468%; height: 24px;\"><strong><a href=\"https:\/\/www.teresianum.net\/?page_id=1945\" target=\"_blank\" rel=\"noopener noreferrer\">AS1000<\/a><\/strong><\/td>\n<td style=\"width: 80.5822%; height: 24px;\"><strong><a href=\"https:\/\/www.teresianum.net\/?page_id=1945\" target=\"_blank\" rel=\"noopener noreferrer\">Seminario di antropologia teologica \u2013 lettura di testi classici<\/a><\/strong><\/td>\n<td style=\"width: 11.2526%; text-align: right; height: 24px;\">4 ECTS<\/td>\n<\/tr>\n<tr style=\"border-bottom: 1px solid #cccccc;\">\n<td style=\"width: 7.61468%; height: 10px;\"><strong><a href=\"https:\/\/www.teresianum.net\/?page_id=4954\" target=\"_blank\" rel=\"noopener noreferrer\">AS1010<\/a><\/strong><\/td>\n<td style=\"height: 10px; width: 80.5822%;\"><strong><a href=\"https:\/\/www.teresianum.net\/?page_id=4954\" target=\"_blank\" rel=\"noopener noreferrer\">Seminario di antropologia teologica \u2013 lettura di testi contemporanei<\/a><\/strong><\/td>\n<td style=\"text-align: right; height: 10px; width: 11.2526%;\">4 ECTS<\/td>\n<\/tr>\n<\/tbody>\n<\/table>\n<h3>\u00a0<\/h3>\n<p><strong><span style=\"color: #000080;\">Seminario a scelta<\/span><\/strong><\/p>\n<table style=\"border-collapse: collapse; width: 100.58%; height: 20px;\">\n<tbody>\n<tr style=\"border-top: solid #cccccc 1px; border-bottom: 1px solid #cccccc;\">\n<td style=\"width: 88.1682%;\">Ogni Studente sceglie un seminario per il biennio.<\/td>\n<td style=\"text-align: right; width: 11.6931%;\">4 ECTS<\/td>\n<\/tr>\n<\/tbody>\n<\/table>\n<p>&nbsp;<\/p>\n<p><span style=\"color: #000080;\"><strong>Conferenze e giornate di studio<\/strong><\/span><\/p>\n<table style=\"width: 100.204%; height: 71px;\">\n<tbody>\n<tr style=\"border-bottom: 1px solid #cccccc; border-top: 1px solid #cccccc;\">\n<td style=\"width: 88.9146%; height: 71px; text-align: justify;\">Lo Studente \u00e8 tenuto a partecipare nel biennio ad altre attivit\u00e0 didattiche offerte dalla Facolt\u00e0 o da altre Istituzioni accademiche, scelte liberamente tra la Settimana di Spiritualit\u00e0 al <em>Teresianum<\/em>, conferenze, seminari, giornate di studio, simposi, convegni e previamente approvate. Per ottenere l\u2019approvazione, lo Studente deve presentare in Segreteria Generale la richiesta scritta con la giustificazione accompagnata dal Programma dell\u2019evento, almeno una settimana prima. L\u2019approvazione comporter\u00e0 le indicazioni riguardanti la sintesi personale o eventualmente altro tipo di lavoro che lo Studente sar\u00e0 tenuto a fare in seguito alla partecipazione all\u2019evento (da consegnare in Segreteria Generale entro un mese dopo l\u2019evento), nonch\u00e9 il valore degli ECTS attribuito all\u2019iniziativa. In ogni caso sar\u00e0 necessario presentare alla Segreteria Generale il Certificato di partecipazione.<\/td>\n<td style=\"text-align: right; width: 11.2817%; height: 71px;\">3 ECTS<\/td>\n<\/tr>\n<\/tbody>\n<\/table>\n<p>&nbsp;<\/p>\n[\/vc_column_text][\/vc_column][\/vc_row]","protected":false},"excerpt":{"rendered":"<p>[vc_row][vc_column offset=&#8221;vc_col-md-offset-0&#8243;][vc_column_text] &nbsp; The Second-Cycle Student must take the following coursework for a minimum of 120 credits ECTS in the [&hellip;]<\/p>\n","protected":false},"author":2,"featured_media":0,"parent":120,"menu_order":27,"comment_status":"closed","ping_status":"closed","template":"page-specializzazioneantropologialicenza.php","meta":{"footnotes":""},"_links":{"self":[{"href":"https:\/\/www.teresianum.net\/en\/wp-json\/wp\/v2\/pages\/20287"}],"collection":[{"href":"https:\/\/www.teresianum.net\/en\/wp-json\/wp\/v2\/pages"}],"about":[{"href":"https:\/\/www.teresianum.net\/en\/wp-json\/wp\/v2\/types\/page"}],"author":[{"embeddable":true,"href":"https:\/\/www.teresianum.net\/en\/wp-json\/wp\/v2\/users\/2"}],"replies":[{"embeddable":true,"href":"https:\/\/www.teresianum.net\/en\/wp-json\/wp\/v2\/comments?post=20287"}],"version-history":[{"count":148,"href":"https:\/\/www.teresianum.net\/en\/wp-json\/wp\/v2\/pages\/20287\/revisions"}],"predecessor-version":[{"id":203644,"href":"https:\/\/www.teresianum.net\/en\/wp-json\/wp\/v2\/pages\/20287\/revisions\/203644"}],"up":[{"embeddable":true,"href":"https:\/\/www.teresianum.net\/en\/wp-json\/wp\/v2\/pages\/120"}],"wp:attachment":[{"href":"https:\/\/www.teresianum.net\/en\/wp-json\/wp\/v2\/media?parent=20287"}],"curies":[{"name":"wp","href":"https:\/\/api.w.org\/{rel}","templated":true}]}}