{"id":1991,"date":"2015-09-11T11:24:38","date_gmt":"2015-09-11T09:24:38","guid":{"rendered":"http:\/\/www.teresianum.net\/?page_id=1991"},"modified":"2025-06-28T18:50:52","modified_gmt":"2025-06-28T16:50:52","slug":"sp1025-forma-mariana-della-spiritualita-cristiana","status":"publish","type":"page","link":"https:\/\/www.teresianum.net\/en\/specializzazione-in-teologia-spirituale\/ciclo-per-la-licenza-ts\/curriculum-di-studio\/sp1025-forma-mariana-della-spiritualita-cristiana\/","title":{"rendered":"SP1025 Forma mariana della spiritualit\u00e0 cristiana"},"content":{"rendered":"<p class=\"qtranxs-available-languages-message qtranxs-available-languages-message-en\"> <p style=\"text-align: justify;\"><span style=\"color: #000000;\"><em>Docente:<\/em> \u00a0Prof. <a target=\"_blank\" href=\"\/persone\/corpo-docente\/ADRIAN-ATTARD\/\">ADRIAN ATTARD<\/a> Adrian Attard<\/span><\/p>\n<p style=\"text-align: justify;\">\u00a0<\/p>\n<p style=\"text-align: justify;\"><strong>Giustificazione<\/strong><\/p>\n<p style=\"text-align: justify;\">La figura di Maria di Nazareth non \u00e8 una realt\u00e0 opzionale al cristianesimo, ma \u00e8 radicata nell\u2019essenza stessa della fede e della spiritualit\u00e0 ecclesiale. Il rapporto tra il cristiano e Maria, pi\u00f9 che episodico e superficiale, viene visto quale \u201cspiritualit\u00e0 delle spiritualit\u00e0, [in quanto] d\u00e0 il vero ed universale spirito, che serve di fondamento ai singoli carismi\u201d (H.U. von Balthasar). Icona dell\u2019evento dialogico della salvezza e sintesi del mistero cristiano, Maria non solo accompagna maternamente dal battesimo alla gloria tutti i discepoli del Figlio suo, ma aiuta gli esseri umani ad entrare, sotto la guida dello Spirito Santo, nel mondo evangelico dell\u2019interiorit\u00e0, relazionalit\u00e0, solidariet\u00e0 e pro-esistenza.<\/p>\n<p><strong>Contenuti<\/strong><\/p>\n<p>Breve introduzione circa l\u2019attuale emergere della spiritualit\u00e0 nel discorso teologico e mariologico.<br \/>\nMaria nella vita spirituale: diagramma della situazione attuale, confronto con la Parola di Dio e con la Tradizione ecclesiale.<br \/>\nRecente discussione sulla \u201cspiritualit\u00e0 mariana\u201d e soluzioni concrete per integrare la dimensione mariana nell\u2019unica spiritualit\u00e0 cristiana.<br \/>\nAlcune interpretazioni teologiche circa la vicenda interiore della Madre di Ges\u00f9.<br \/>\nPresenza dinamica di Maria.<br \/>\nProblematica della consacrazione\/affidamento a Maria.<br \/>\nLa figura di Maria quale sintesi del mistero cristiano, elemento di santit\u00e0 e stimolo di impegno nell\u2019itinerario spirituale del credente.<\/p>\n<p style=\"text-align: justify;\"><strong>Obiettivo e abilit\u00e0<\/strong><\/p>\n<p style=\"text-align: justify;\">Il corso si prefigge di leggere modalit\u00e0 e linguaggi su Maria nella storia della spiritualit\u00e0, per discernere valori e sfide per la vita cristiana, e nuovi impegni per il futuro, alla luce del nodo indispensabile che lega cristologia ed antropologia. Alla fine del corso, lo studente sar\u00e0 in grado di:<\/p>\n<ul style=\"text-align: justify;\">\n<li>analizzare criticamente con approccio sincronico e diacronico la figura di Maria nel contesto delle odierne correnti teologiche, considerate nel loro sviluppo;<\/li>\n<li>manifestare l\u2019insegnamento mariologico nel suo significato tradizionale e contemporaneo;<\/li>\n<li>rispondere alle critiche odierne di certi modelli mariani;<\/li>\n<li>interpellare all\u2019acculturazione in tutti i suoi riflessi metodologici e linguistici, rigenerando il discorso mariano partendo dalla cultura odierna, dai metodi ermeneutici attuali, compresi l\u2019uso del linguaggio simbolico, il rapporto con la filosofia ed altre scienze umane.<\/li>\n<\/ul>\n<p style=\"text-align: justify;\"><strong>Metodo e valutazione <\/strong><\/p>\n<p style=\"text-align: justify;\">Lezioni frontali aperte al dialogo, integrate da letture personali su indicazione del professore. La valutazione finale si baser\u00e0 sulla partecipazione al corso (10%) e l\u2019esame orale (90%).<\/p>\n<p style=\"text-align: justify;\"><strong>Bibliografia<\/strong><\/p>\n<ul>\n<li><span style=\"font-weight: 400;\"> M. Manelli<\/span><span style=\"font-weight: 400;\">, <\/span><i><span style=\"font-weight: 400;\">Maria Santissima nella vita spirituale. Trattato di spiritualit\u00e0 mariana<\/span><\/i><span style=\"font-weight: 400;\">, Casa Mariana Editrice, Frigento (AV) 2017; <\/span><\/li>\n<li><span style=\"font-weight: 400;\">F. Asti<\/span><span style=\"font-weight: 400;\">, <\/span><i><span style=\"font-weight: 400;\">Maria Vergine nella vita mistica del credente<\/span><\/i><span style=\"font-weight: 400;\">, Libreria Editrice Vaticana, Citt\u00e0 del Vaticano 2017; <\/span><\/li>\n<li><span style=\"font-weight: 400;\">A. Attard,<\/span> <i><span style=\"font-weight: 400;\">Maria di Nazaret nella storia della spiritualit\u00e0 contemporanea<\/span><\/i><span style=\"font-weight: 400;\">, \u00abTeresianum\u00bb 62\/2 (2011), 341-364; <\/span><\/li>\n<li><span style=\"font-weight: 400;\">S. De Fiores<\/span><span style=\"font-weight: 400;\">, <\/span><i><span style=\"font-weight: 400;\">Maria sintesi di valori. Storia culturale della mariologia<\/span><\/i><span style=\"font-weight: 400;\">, Edizioni San Paolo, Cinisello Balsamo (MI) 2005; <\/span><\/li>\n<li><span style=\"font-weight: 400;\">Id.<\/span><span style=\"font-weight: 400;\">, <\/span><i><span style=\"font-weight: 400;\">Maria nella vita secondo lo Spirito<\/span><\/i><span style=\"font-weight: 400;\">, AMI, Roma 2003. <\/span><\/li>\n<li><span style=\"font-weight: 400;\">Inoltre, verranno distribuite in classe, per ogni plesso tematico, le sintesi e la bibliografia mirata.<\/span><\/li>\n<\/ul>","protected":false},"excerpt":{"rendered":"<p>Docente: \u00a0Prof. Adrian Attard \u00a0 Giustificazione La figura di Maria di Nazareth non \u00e8 una realt\u00e0 opzionale al cristianesimo, ma [&hellip;]<\/p>\n","protected":false},"author":2,"featured_media":0,"parent":20526,"menu_order":23,"comment_status":"closed","ping_status":"closed","template":"page-specializzazioneteologiaspiritualelicenza.php","meta":{"footnotes":""},"_links":{"self":[{"href":"https:\/\/www.teresianum.net\/en\/wp-json\/wp\/v2\/pages\/1991"}],"collection":[{"href":"https:\/\/www.teresianum.net\/en\/wp-json\/wp\/v2\/pages"}],"about":[{"href":"https:\/\/www.teresianum.net\/en\/wp-json\/wp\/v2\/types\/page"}],"author":[{"embeddable":true,"href":"https:\/\/www.teresianum.net\/en\/wp-json\/wp\/v2\/users\/2"}],"replies":[{"embeddable":true,"href":"https:\/\/www.teresianum.net\/en\/wp-json\/wp\/v2\/comments?post=1991"}],"version-history":[{"count":14,"href":"https:\/\/www.teresianum.net\/en\/wp-json\/wp\/v2\/pages\/1991\/revisions"}],"predecessor-version":[{"id":9406,"href":"https:\/\/www.teresianum.net\/en\/wp-json\/wp\/v2\/pages\/1991\/revisions\/9406"}],"up":[{"embeddable":true,"href":"https:\/\/www.teresianum.net\/en\/wp-json\/wp\/v2\/pages\/20526"}],"wp:attachment":[{"href":"https:\/\/www.teresianum.net\/en\/wp-json\/wp\/v2\/media?parent=1991"}],"curies":[{"name":"wp","href":"https:\/\/api.w.org\/{rel}","templated":true}]}}