{"id":1986,"date":"2015-09-11T11:08:55","date_gmt":"2015-09-11T09:08:55","guid":{"rendered":"http:\/\/www.teresianum.net\/?page_id=1986"},"modified":"2024-11-21T17:24:00","modified_gmt":"2024-11-21T16:24:00","slug":"ap1230-antropologia-teologica-i","status":"publish","type":"page","link":"https:\/\/www.teresianum.net\/en\/specializzazione-in-antropologia-teologica\/ciclo-per-la-licenza\/curriculum-di-studio\/ap1230-antropologia-teologica-i\/","title":{"rendered":"AP1230 Antropologia teologica speciale"},"content":{"rendered":"<p class=\"qtranxs-available-languages-message qtranxs-available-languages-message-en\"> <p style=\"text-align: justify;\"><span style=\"color: #000000;\"><em>Docente:<\/em> Prof. Adrian Attard<\/span><\/p>\n<p>&nbsp;<\/p>\n<p style=\"text-align: justify;\"><strong>Giustificazione<\/strong><\/p>\n<p style=\"text-align: justify;\">L\u2019antropologia \u2013 comprensione della natura umana \u2013 \u00e8 un aspetto vitale della vita cristiana, in quanto afferma che gli esseri umani sono creati ad immagine di Dio. Il corso tratta la rilevanza di questa verit\u00e0 nel contesto del tempo attuale, inserendola in un\u2019analisi critica con alcune questioni innovative, quali ad esempio l\u2019identit\u00e0 di genere, l\u2019intelligenza artificiale, l\u2019ingegneria genetica. Un simile metodo di correlazione teologica dimostra di essere una ricca risorsa per lo studente che cerca di comprendere e difendere la persona umana nel mondo, sempre pi\u00f9 complesso e mutevole.\u00a0<\/p>\n<p style=\"text-align: justify;\"><strong>Contenuti<\/strong><\/p>\n<p style=\"text-align: justify;\">Il corso analizza e discute gli approcci teologici moderni e post-moderni alle dottrine cristiane sulla creazione, la libert\u00e0, il peccato, la grazia e la giustificazione. Lo studio di ciascuna dottrina inizia con una breve ricerca delle tradizioni e controversie bibliche e classiche, seguita dalla considerazione delle critiche e modifiche offerte dalla teologia post-liberale, politica, contestuale, femminista e di liberazione. Verr\u00e0 esplorato e trattato l\u2019impatto con i recenti sviluppi in cosmologia, con il &#8220;costruzionismo sociale&#8221; relativo al genere, alla sessualit\u00e0 e alla percezione di s\u00e9, e con le visioni della teoria critica della razza, classe, sofferenza e disabilit\u00e0.<\/p>\n<p style=\"text-align: justify;\"><strong>Obiettivi e abilit\u00e0<\/strong><\/p>\n<p style=\"text-align: justify;\">Facilitare una riflessione appropriata sugli aspetti principali dell\u2019identit\u00e0 umana e dell\u2019esperienza, analizzando le varie dimensioni personali, sociali, teologiche e culturali degli argomenti. Alla fine del corso, lo studente sar\u00e0 capace di:<\/p>\n<ol>\n<li style=\"text-align: justify;\">Identificare gli aspetti essenziali di una visione cristiana e teologica sulla persona, particolarmente sulla personificazione e l\u2019auto-trascendenza;<\/li>\n<li style=\"text-align: justify;\">Riconoscere il metodo antropologico di alcuni teologi contemporanei di diverse tradizioni ecclesiali;<\/li>\n<li style=\"text-align: justify;\">Costruire un\u2019adeguata riflessione sull\u2019&#8221;io&#8221;, sul rapporto tra Dio e la natura, e dal punto di vista creativo formulare le proprie valutazioni teologiche oralmente e per iscritto;<\/li>\n<li style=\"text-align: justify;\">Esaminare criticamente la differenza che il gender provoca nell\u2019esperienza umana, e come questa subisce le conseguenze che derivano dalla razza, il ceto e la cultura.<\/li>\n<\/ol>\n<p style=\"text-align: justify;\"><strong>Metodo e valutazione<\/strong><\/p>\n<p style=\"text-align: justify;\">Lezioni frontali aperte al dialogo, integrate da letture personali su indicazione del professore. Alla fine del corso, lo studente dovr\u00e0 sostenere, nelle sessioni previste dagli <em>Statuti<\/em> della Facolt\u00e0, un esame orale che consister\u00e0 in domande aperte su tutti gli argomenti trattati in classe e sull\u2019approfondimento personale dei testi obbligatori consegnati durante il corso.\u00a0<\/p>\n<p style=\"text-align: justify;\"><strong>Bibliografia<\/strong><\/p>\n<p style=\"text-align: justify;\">M.A. Hinsdale \u2013 S. Okey, (ed.), <em>T&amp;T Clark Handbook of Theological Anthropology<\/em>, T&amp;T Clark, New York 2021; G. Ancona, <em>Antropologia teologica: temi fondamentali<\/em>, BTC 171, Queriniana, Brescia 2014; F.G. Brambilla, <em>Antropologia teologica. Chi \u00e8 l\u2019uomo perch\u00e9 te ne curi?<\/em>, Queriniana, Brescia 2005. Inoltre, verranno distribuite in classe, per ogni plesso tematico, le sintesi e la bibliografia mirata.<\/p>","protected":false},"excerpt":{"rendered":"<p>Docente: Prof. Adrian Attard &nbsp; Giustificazione L\u2019antropologia \u2013 comprensione della natura umana \u2013 \u00e8 un aspetto vitale della vita cristiana, [&hellip;]<\/p>\n","protected":false},"author":2,"featured_media":0,"parent":20287,"menu_order":73,"comment_status":"closed","ping_status":"closed","template":"page-specializzazioneantropologialicenza.php","meta":{"footnotes":""},"_links":{"self":[{"href":"https:\/\/www.teresianum.net\/en\/wp-json\/wp\/v2\/pages\/1986"}],"collection":[{"href":"https:\/\/www.teresianum.net\/en\/wp-json\/wp\/v2\/pages"}],"about":[{"href":"https:\/\/www.teresianum.net\/en\/wp-json\/wp\/v2\/types\/page"}],"author":[{"embeddable":true,"href":"https:\/\/www.teresianum.net\/en\/wp-json\/wp\/v2\/users\/2"}],"replies":[{"embeddable":true,"href":"https:\/\/www.teresianum.net\/en\/wp-json\/wp\/v2\/comments?post=1986"}],"version-history":[{"count":15,"href":"https:\/\/www.teresianum.net\/en\/wp-json\/wp\/v2\/pages\/1986\/revisions"}],"predecessor-version":[{"id":26374,"href":"https:\/\/www.teresianum.net\/en\/wp-json\/wp\/v2\/pages\/1986\/revisions\/26374"}],"up":[{"embeddable":true,"href":"https:\/\/www.teresianum.net\/en\/wp-json\/wp\/v2\/pages\/20287"}],"wp:attachment":[{"href":"https:\/\/www.teresianum.net\/en\/wp-json\/wp\/v2\/media?parent=1986"}],"curies":[{"name":"wp","href":"https:\/\/api.w.org\/{rel}","templated":true}]}}