{"id":1953,"date":"2015-09-11T08:53:59","date_gmt":"2015-09-11T06:53:59","guid":{"rendered":"http:\/\/www.teresianum.net\/?page_id=1953"},"modified":"2021-07-24T17:38:21","modified_gmt":"2021-07-24T15:38:21","slug":"cvc07-psicologia-della-vita-consacrata-comunicazione-e-comunione","status":"publish","type":"page","link":"https:\/\/www.teresianum.net\/en\/formazione-per-i-formatori-alla-vita-consacrata\/piano-di-studi-2021-2022\/cvc07-psicologia-della-vita-consacrata-comunicazione-e-comunione\/","title":{"rendered":"CVC07 Psicologia della vita consacrata: comunicazione e comunione"},"content":{"rendered":"<p class=\"qtranxs-available-languages-message qtranxs-available-languages-message-en\"> <p style=\"text-align: justify;\"><span style=\"color: #000000;\"><em>Docente<\/em>: Prof.ssa \u00a0<\/span><\/p>\n<p>&nbsp;<\/p>\n<p style=\"text-align: justify;\"><strong>Giustificazione<\/strong><\/p>\n<p style=\"text-align: justify;\">L\u2019urgenza di co-costruire e condividere modelli e processi comunicazionali in grado di promuovere e alimentare esperienze di vera comunione, risulta tanto pi\u00f9 evidente quanto pi\u00f9 autentica \u00e8 l\u2019apertura personale e comunitaria alla novit\u00e0 vitale dello Spirito, operante nei discorsi e nei percorsi creativi della Chiesa, oggi.<\/p>\n<p style=\"text-align: justify;\"><strong>Obiettivi<\/strong><\/p>\n<p style=\"text-align: justify;\">L\u2019urgenza di cui sopra fa scaturire il desiderio di comprendere e valutare i fondamenti psicologici della comunicazione in vista di una migliore integrazione personale e interpersonale.<\/p>\n<p style=\"text-align: justify;\"><strong>Contenuti<\/strong><\/p>\n<p style=\"text-align: justify;\">Le basi teoriche in questione saranno proposte considerando funzioni, vissuti intrapsichici, modelli della comunicazione. Ci\u00f2 interessa il livello del dialogo comunitario, della presa di decisioni, della leadership, dell\u2019accompagnamento vocazionale. Partendo da una breve riflessione sugli assunti di base e sulle pi\u00f9 recenti acquisizioni della Psicologia dei gruppi e di comunit\u00e0, si approfondiranno i temi sotto elencati.<\/p>\n<p style=\"text-align: justify;\"><em>Elementi della comunicazione interpersonale. <br \/>\nComunicazione: significato e intenzionalit\u00e0. <br \/>\nCompetenza ed efficacia comunicativa. <br \/>\nComunicazione non verbale. <br \/>\nComunicazione: discorso e conversazione. <br \/>\nDiscomunicazione, comunicazione patologica e responsabilit\u00e0 comunicativa. <br \/>\nLa comunicazione nelle comunit\u00e0 e tra le comunit\u00e0. <br \/>\nEfficacia comunicativa e comunione: pratiche e riflessione in Teresa d\u2019Avila e in Teresa di Lisieux.<\/em><\/p>\n<p style=\"text-align: justify;\"><strong>Metodologia <\/strong><\/p>\n<p style=\"text-align: justify;\">Si prevede una parte di approfondimento teorico e una parte applicativa. La parte pratica coincider\u00e0 con <em>role playing<\/em>, analisi di casi specifici, simulazioni, esercizi di gruppo.<\/p>\n<p style=\"text-align: justify;\"><strong>Criteri di valutazione<\/strong><\/p>\n<p style=\"text-align: justify;\">Per la valutazione finale si terr\u00e0 conto della partecipazione attiva durante tutto il corso e di una prova orale in cui si far\u00e0 riferimento alle conoscenze acquisite e alla capacit\u00e0 di rielaborazione autonoma dei contenuti.<\/p>\n<p style=\"text-align: justify;\"><strong>Distribuzione del tempo di lavoro<\/strong><\/p>\n<p style=\"text-align: justify;\">All\u2019esposizione degli argomenti seguir\u00e0 l\u2019approfondimento gruppale dei temi in questione, anche attraverso le specifiche tecniche interattive di cui sopra.<\/p>\n<p style=\"text-align: justify;\"><strong>Bibliografia<\/strong><\/p>\n<ul>\n<li style=\"text-align: justify;\">ANOLLI L. (2012). <em>Fondamenti di Psicologia della Comunicazione.<\/em> Bologna: Il Mulino<\/li>\n<li style=\"text-align: justify;\">BORRIELLO L., G. DELLA CROCE (a cura di) (1998). <em>Teresa d\u2019Avila. Opere complete.<\/em> Milano: Ed. Paoline<\/li>\n<li style=\"text-align: justify;\">PETTI G., \u00abNarrazioni intorno all\u2019abbandono e al desiderio: scritti di mistica e di mistiche\u00bb in G. Mannino (2013).\u00a0<em>Anima, cultura, psiche. Relazioni generative.<\/em> Milano: Franco Angeli<\/li>\n<li style=\"text-align: justify;\">PETTI G., \u00abEsodi da s\u00e9 e del s\u00e9: passi e passaggi tra paura e desiderio\u00bb, in AA.VV., <em>L\u2019esodo oggi. Riflessioni e proposte per una Chiesa in uscita<\/em>, Edizioni OCD, Roma 2018, 99-116<\/li>\n<li style=\"text-align: justify;\">PETTI G., \u00abLa santit\u00e0 nel mondo attuale\u00bb, in <em>La Stella del Carmelo <\/em>(2019\/1), 38-50<\/li>\n<li style=\"text-align: justify;\">SANTA TERESA DI GES\u00d9 BAMBINO (2010). <em>Opere complete.<\/em> Citt\u00e0 del Vaticano: Lev-OCD, 2 ed.<\/li>\n<\/ul>\n<p>Altri testi verranno indicati durante il corso.<\/p>","protected":false},"excerpt":{"rendered":"<p>Docente: Prof.ssa \u00a0 &nbsp; Giustificazione L\u2019urgenza di co-costruire e condividere modelli e processi comunicazionali in grado di promuovere e alimentare [&hellip;]<\/p>\n","protected":false},"author":2,"featured_media":0,"parent":20734,"menu_order":0,"comment_status":"closed","ping_status":"closed","template":"","meta":{"footnotes":""},"_links":{"self":[{"href":"https:\/\/www.teresianum.net\/en\/wp-json\/wp\/v2\/pages\/1953"}],"collection":[{"href":"https:\/\/www.teresianum.net\/en\/wp-json\/wp\/v2\/pages"}],"about":[{"href":"https:\/\/www.teresianum.net\/en\/wp-json\/wp\/v2\/types\/page"}],"author":[{"embeddable":true,"href":"https:\/\/www.teresianum.net\/en\/wp-json\/wp\/v2\/users\/2"}],"replies":[{"embeddable":true,"href":"https:\/\/www.teresianum.net\/en\/wp-json\/wp\/v2\/comments?post=1953"}],"version-history":[{"count":13,"href":"https:\/\/www.teresianum.net\/en\/wp-json\/wp\/v2\/pages\/1953\/revisions"}],"predecessor-version":[{"id":17743,"href":"https:\/\/www.teresianum.net\/en\/wp-json\/wp\/v2\/pages\/1953\/revisions\/17743"}],"up":[{"embeddable":true,"href":"https:\/\/www.teresianum.net\/en\/wp-json\/wp\/v2\/pages\/20734"}],"wp:attachment":[{"href":"https:\/\/www.teresianum.net\/en\/wp-json\/wp\/v2\/media?parent=1953"}],"curies":[{"name":"wp","href":"https:\/\/api.w.org\/{rel}","templated":true}]}}