{"id":1895,"date":"2015-09-10T00:32:49","date_gmt":"2015-09-09T22:32:49","guid":{"rendered":"http:\/\/www.teresianum.net\/?page_id=1895"},"modified":"2025-12-21T12:54:41","modified_gmt":"2025-12-21T11:54:41","slug":"cvc13-il-diritto-della-vita-consacrata","status":"publish","type":"page","link":"https:\/\/www.teresianum.net\/en\/formazione-per-i-formatori-alla-vita-consacrata\/piano-di-studi-2021-2022\/cvc13-il-diritto-della-vita-consacrata\/","title":{"rendered":"CVC13 Il Diritto della vita consacrata"},"content":{"rendered":"<p class=\"qtranxs-available-languages-message qtranxs-available-languages-message-en\"> <p><span style=\"color: #386290;\"><em>Docente:\u00a0<\/em>Prof. <a target=\"_blank\" href=\"\/persone\/corpo-docente\/MARIA-ROMANO\/\">MARIA ROMANO<\/a>\u00a0<\/span><\/p>\n<p>&nbsp;<\/p>\n<p><strong>Giustificazione<\/strong><\/p>\n<p>La vita consacrata appartiene alla vita e alla santit\u00e0 della Chiesa (can. 207). Da qui ne discende, anche in analogia con il can. 232 riguardo alla formazione di coloro che sono destinati ai ministeri sacri, che la Chiesa ha lo stesso dovere e diritto proprio ed esclusivo, di provvedere attraverso l\u2019istituto di appartenenza ad assicurare e sorvegliare che il momento formativo sia offerto e accolto quale esigenza inseparabile dalle finalit\u00e0 della vocazione.<\/p>\n<p><strong>Obiettivi<\/strong><\/p>\n<p>L\u2019appartenenza \u201calla vita e alla santit\u00e0 della Chiesa\u201d non riduce la vita consacrata a esclusiva interiorit\u00e0, ma include necessariamente gli aspetti istituzionali mediati dal diritto. In questo corso si intende studiare la vita consacrata assumendo il diritto come oggetto formale e metodo di indagine e di approfondimento, in specie per il \u201cformatore\u201d chiamato ad assumersi la responsabilit\u00e0 del compito che gli viene assegnato. Egli, come per qualsiasi ufficio o incarico, dovr\u00e0 avere per regola di adempiere tutto secondo \u201cscienza e coscienza\u201d. La coscienza informata dalla conoscenza rende \u201cguida\u201d credibile il formatore, ma ancor pi\u00f9 quel superiore che gli affida questo incarico.<\/p>\n<p><strong>Contenuti<\/strong><\/p>\n<p>Il nucleo centrale del corso ha per oggetto il trattato sulla vita consacrata incluso nei cann. 573-730, Lib. II, Parte III del Codice di Diritto Canonico, allargando l\u2019attenzione anche ai cann. 731-746 sulle societ\u00e0 di vita apostolica. Saranno evidenziati anche i documenti del Magistero negli aspetti con rilevanza giuridica per la vita consacrata.<\/p>\n<p><strong>Metodo<\/strong><\/p>\n<p>Esposizione esegetica dei canoni da parte del Docente. Il corso prevede anche alcune esercitazioni con riferimenti a casi concreti, soprattutto in tema di separazione dall\u2019istituto e all\u2019imputabilit\u00e0 di comportamenti non conformi alla vita consacrata.<\/p>\n<p><strong>Criteri di valutazione<\/strong><\/p>\n<p>Verifica del raggiungimento degli obiettivi attraverso l\u2019esposizione di questioni pi\u00f9 generali per arrivare ad altre pi\u00f9 specifiche svolte durante il corso.<\/p>\n<p><strong>Distribuzione del tempo di lavoro<\/strong><\/p>\n<p>Il corso si svolge in 24 ore di cui 8 destinate alle esercitazioni pratiche e alla sintesi finale in vista della prova di esame.<\/p>\n<p><strong>Bibliografia<\/strong><\/p>\n<ul>\n<li style=\"text-align: justify;\">A. MONTAN, <em>Il diritto nella vita e nella missione della Chiesa. Introduzione, Norme generali, Il popolo di Dio<\/em>, EDB, Bologna 2006.<\/li>\n<li style=\"text-align: justify;\">D. J. ANDR\u00c9S, <em>Le forme di vita consacrata. Commentario teologico-giuridico al Codice di Diritto Canonico<\/em>, Ed. Ediurcla, Roma 2008.<\/li>\n<li style=\"text-align: justify;\">J. BEYER, <em>Il diritto della vita consacrata<\/em>, Ed. Ancora, Milano 1989.<\/li>\n<li style=\"text-align: justify;\">V. DE PAOLIS, <em>La vita consacrata nella Chiesa<\/em>, EDB, 2010.<\/li>\n<\/ul>\n<p>Sussidi<\/p>\n<ul>\n<li>L. CHIAPPETTA, <em>Il Codice di Diritto Canonico. Commento giuridico-pastorale<\/em>, voll. 3, EDB, 2011.<\/li>\n<li><em>Codice di Diritto Canonico Commentato<\/em>, a cura della Redazione di QUADERNI DI DIRITTO ECCLESIALE, Ancora, Milano, 2009.<\/li>\n<li>EDIZIONI UNIVERSIT\u00c0 DELLA SANTA CROCE, <em>Codice di Diritto Canonico e leggi complementari Commentato<\/em>, Roma, 2010.<\/li>\n<li><em>C\u00f3digo de Derecho Can\u00f3nico. Edici\u00f3n biling\u00fce comentada<\/em>, &#8220;Biblioteca de Autores Cristianos&#8221;.<\/li>\n<li><em>Enchiridion della Vita Consacrata. Dalle decretali al rinnovamento post-conciliare<\/em>, EDB, 2001.<\/li>\n<li>Documenti del Concilio Vaticano II.<\/li>\n<\/ul>","protected":false},"excerpt":{"rendered":"<p>Docente:\u00a0Prof. \u00a0 &nbsp; Giustificazione La vita consacrata appartiene alla vita e alla santit\u00e0 della Chiesa (can. 207). Da qui ne [&hellip;]<\/p>\n","protected":false},"author":2,"featured_media":0,"parent":20734,"menu_order":0,"comment_status":"closed","ping_status":"closed","template":"","meta":{"footnotes":""},"_links":{"self":[{"href":"https:\/\/www.teresianum.net\/en\/wp-json\/wp\/v2\/pages\/1895"}],"collection":[{"href":"https:\/\/www.teresianum.net\/en\/wp-json\/wp\/v2\/pages"}],"about":[{"href":"https:\/\/www.teresianum.net\/en\/wp-json\/wp\/v2\/types\/page"}],"author":[{"embeddable":true,"href":"https:\/\/www.teresianum.net\/en\/wp-json\/wp\/v2\/users\/2"}],"replies":[{"embeddable":true,"href":"https:\/\/www.teresianum.net\/en\/wp-json\/wp\/v2\/comments?post=1895"}],"version-history":[{"count":9,"href":"https:\/\/www.teresianum.net\/en\/wp-json\/wp\/v2\/pages\/1895\/revisions"}],"predecessor-version":[{"id":17881,"href":"https:\/\/www.teresianum.net\/en\/wp-json\/wp\/v2\/pages\/1895\/revisions\/17881"}],"up":[{"embeddable":true,"href":"https:\/\/www.teresianum.net\/en\/wp-json\/wp\/v2\/pages\/20734"}],"wp:attachment":[{"href":"https:\/\/www.teresianum.net\/en\/wp-json\/wp\/v2\/media?parent=1895"}],"curies":[{"name":"wp","href":"https:\/\/api.w.org\/{rel}","templated":true}]}}