{"id":18180,"date":"2020-10-04T18:07:17","date_gmt":"2020-10-04T16:07:17","guid":{"rendered":"http:\/\/www.teresianum.net\/?page_id=18180"},"modified":"2021-10-10T18:15:12","modified_gmt":"2021-10-10T16:15:12","slug":"misure-di-contrasto-e-contenimento-della-diffusione-del-covid-19","status":"publish","type":"page","link":"https:\/\/www.teresianum.net\/en\/misure-di-contrasto-e-contenimento-della-diffusione-del-covid-19\/","title":{"rendered":"Misure di contrasto e contenimento della diffusione del Covid-19"},"content":{"rendered":"<p class=\"qtranxs-available-languages-message qtranxs-available-languages-message-en\"> <p style=\"text-align: justify;\">La solidariet\u00e0 con la comunit\u00e0 accademica e il governo italiano richiedono di mantenere in vigore le misure di prevenzione gi\u00e0 in atto e di esibire la Certificazione verde in ambito universitario:<\/p>\n<ul style=\"text-align: justify;\">\n<li>l\u2019utilizzo delle mascherine nei luoghi della Facolt\u00e0;<\/li>\n<li>il distanziamento sociale di almeno un metro;<\/li>\n<li>il divieto di accedere ai locali della Facolt\u00e0 a chi abbia una temperatura corporea superiore ai 37,5\u00ba (controllo della temperatura all\u2019entrata).<\/li>\n<\/ul>\n<p style=\"text-align: justify;\">Nell\u2019adempimento di quanto disposto dal governo italiano (<a href=\"https:\/\/www.gazzettaufficiale.it\/eli\/id\/2021\/08\/06\/21G00125\/sg\">decreto-legge del 6 agosto 2021, n. 111<\/a>),\u00a0<strong>dal 1\u00ba settembre 2021 l\u2019accesso alla Pontificia Facolt\u00e0 Teologica Teresianum \u00e8 permesso unicamente ai possessori della Certificazione verde Covid-19 (<\/strong><em><strong>Green pass<\/strong><\/em><strong>) o documento equivalente<\/strong>\u00a0che attesti almeno una delle seguenti condizioni:<\/p>\n<ul style=\"text-align: justify;\">\n<li>l\u2019avvenuta vaccinazione contro il Covid-19;<\/li>\n<li>l\u2019avvenuta guarigione dall\u2019infezione da Covid-19;<\/li>\n<li>il risultato negativo di un test molecolare o antigenico rapido fatto nelle precedenti 48 ore.<\/li>\n<\/ul>\n<p style=\"text-align: justify;\">La certificazione viene verificata in Segreteria durante il processo di iscrizione e in Biblioteca per i visitatori non iscritti in Facolt\u00e0. Situazioni particolari (esenzioni legittime) verranno gestite dal Preside tramite email (<a href=\"mailto:preside@teresianum.net\">preside@teresianum.net<\/a>) e \u2013 se necessario \u2013 tramite incontro durante gli orari di ricevimento.<\/p>\n<p style=\"text-align: justify;\">\u00a0<\/p>","protected":false},"excerpt":{"rendered":"<p>La solidariet\u00e0 con la comunit\u00e0 accademica e il governo italiano richiedono di mantenere in vigore le misure di prevenzione gi\u00e0 [&hellip;]<\/p>\n","protected":false},"author":2,"featured_media":0,"parent":0,"menu_order":19,"comment_status":"closed","ping_status":"closed","template":"page-studiare.php","meta":{"footnotes":""},"_links":{"self":[{"href":"https:\/\/www.teresianum.net\/en\/wp-json\/wp\/v2\/pages\/18180"}],"collection":[{"href":"https:\/\/www.teresianum.net\/en\/wp-json\/wp\/v2\/pages"}],"about":[{"href":"https:\/\/www.teresianum.net\/en\/wp-json\/wp\/v2\/types\/page"}],"author":[{"embeddable":true,"href":"https:\/\/www.teresianum.net\/en\/wp-json\/wp\/v2\/users\/2"}],"replies":[{"embeddable":true,"href":"https:\/\/www.teresianum.net\/en\/wp-json\/wp\/v2\/comments?post=18180"}],"version-history":[{"count":4,"href":"https:\/\/www.teresianum.net\/en\/wp-json\/wp\/v2\/pages\/18180\/revisions"}],"predecessor-version":[{"id":21759,"href":"https:\/\/www.teresianum.net\/en\/wp-json\/wp\/v2\/pages\/18180\/revisions\/21759"}],"wp:attachment":[{"href":"https:\/\/www.teresianum.net\/en\/wp-json\/wp\/v2\/media?parent=18180"}],"curies":[{"name":"wp","href":"https:\/\/api.w.org\/{rel}","templated":true}]}}