{"id":17688,"date":"2020-07-22T22:24:07","date_gmt":"2020-07-22T20:24:07","guid":{"rendered":"http:\/\/www.teresianum.net\/?page_id=17688"},"modified":"2021-07-19T21:50:48","modified_gmt":"2021-07-19T19:50:48","slug":"as1027-santa-caterina-da-siena-come-teologa-del-corpo","status":"publish","type":"page","link":"https:\/\/www.teresianum.net\/en\/specializzazione-in-antropologia-teologica\/ciclo-per-la-licenza\/curriculum-di-studio\/as1027-santa-caterina-da-siena-come-teologa-del-corpo\/","title":{"rendered":"AS1027 Santa Caterina da Siena come teologa del corpo"},"content":{"rendered":"<p class=\"qtranxs-available-languages-message qtranxs-available-languages-message-en\"> <p style=\"text-align: justify;\"><em>Docente<\/em>: <a href=\"https:\/\/www.teresianum.net\/?page_id=3325\" target=\"_blank\" rel=\"noopener noreferrer\">Fran\u00e7ois-Marie L\u00e9thel<\/a> \n<p>&nbsp;<\/p>\n<p style=\"text-align: justify;\"><strong>Giustificazione<\/strong><\/p>\n<p style=\"text-align: justify;\">Nell\u2019anno 2020 ricorre il 50\u00b0 anniversario del Dottorato di Teresa d\u2019Avila e di Caterina da Siena, le due donne dichiarate per prime \u201cDottori della Chiesa\u201d da san Paolo VI. Si tratta di anniversari che vengono celebrati a Roma dalle famiglie carmelitane e domenicane. Due Sante che non hanno studiato la teologia accademica, ma che sono tra le pi\u00f9 grandi maestre della teologia mistica. La carmelitana spagnola e la terziaria domenicana italiana, vissute, rispettivamente, nel XVI e nel secolo XIV, sono perfettamente complementari, rappresentando, in contesti storici differenti, lo stesso \u201cgenio femminile\u201d straordinariamente fecondo nella vita interiore e nell\u2019impegno per la Riforma della Chiesa. Nella stessa comunione con Cristo, Teresa approfondisce la teologia dell\u2019anima come Castello Interiore, mentre Caterina sviluppa una stupenda teologia del corpo e della corporeit\u00e0.<\/p>\n<p style=\"text-align: justify;\"><strong>Obiettivi<\/strong><\/p>\n<p style=\"text-align: justify;\">L\u2019intenzione di questo seminario, offerto agli studenti di Teologia Spirituale e di Antropologia Teologica, \u00e8 di studiare direttamente le Opere di Caterina nel testo originale, per mettere in luce la sua straordinaria teologica simbolica corporea, in riferimento ai Misteri della Creazione dell\u2019Umanit\u00e0 come uomo e donna, corpo e anima, dell\u2019Incarnazione, della Passione e della Risurrezione di Ges\u00f9, manifestando la centralit\u00e0 dell\u2019Eucaristia nella vita della Chiesa Pellegrinante come Sacramento del Corpo e del Sangue di Cristo. In Ges\u00f9 e in Maria, si contempla tutta la bellezza e la dignit\u00e0 infinita del corpo dell\u2019uomo e della donna.<\/p>\n<p style=\"text-align: justify;\"><strong>Contenuti<\/strong><\/p>\n<p style=\"text-align: justify;\">Le prime ore saranno dedicate alla presentazione delle opere di Caterina nel contesto della sua vita e della vita della Chiesa nel mondo del suo tempo. Il testo completo di tutte le Opere: Orazioni, Dialogo, Lettere, sar\u00e0 comunicato gratuitamente a tutti in pdf. Sar\u00e0 offerta anche una scelta di testi essenziali con alcune chiavi di lettura, indispensabili per l\u2019interpretazione teologica di questi testi nei quali la Santa parla continuamente del Corpo e del Sangue di Cristo. Nella prospettiva della teologia dei santi che riunisce la scientia amoris (mistica) e la scientia fidei (accademica), sar\u00e0 privilegiato il confronto con la Somma Teologica di san Tommaso d\u2019Aquino. Le stesse verit\u00e0 della fede che Tommaso esprimeva con i concetti chiari ma pi\u00f9 astratti, vengono espresse da Caterina con i simboli pi\u00f9 concreti e incarnati. Cos\u00ec, il simbolo del Sangue, continuamente usato da Caterina, corrisponde ai concetti di merito, soddisfazione, redenzione, efficienza, ecc. spiegati da Tommaso. Verranno proposti argomenti e temi per i lavori degli studenti, sempre in riferimento al testo di santa Caterina.<\/p>\n<p style=\"text-align: justify;\"><strong>Metodologia e criteri di valutazione<\/strong><\/p>\n<p style=\"text-align: justify;\">Nelle ore seguenti, i partecipanti al seminario saranno invitati a condividere i loro lavori in brevi esposizioni orali, preparando un elaborato scritto pi\u00f9 ampio che sar\u00e0 consegnato alla fine del semestre (e sul quale sar\u00e0 dato il voto).<\/p>\n<p style=\"text-align: justify;\"><strong>Bibliografia<\/strong><\/p>\n<ul>\n<li style=\"text-align: justify;\">SANTA CATERINA DA SIENA, Le Orazioni, (ed. critica a cura di G.CAVALLINI, Roma, 1978, ed. Cateriniane).<\/li>\n<li style=\"text-align: justify;\">ID, Il Dialogo, (ed. critica a cura di G. CAVALLINI, con traduzione in italiano corrente a cura di E. MALASPINA, Bologna, 2017, ed Studio Domenicano).<\/li>\n<li style=\"text-align: justify;\">ID, Le Lettere, (a cura di U. MEATINI, Milano, 1987, ed. Paoline).<\/li>\n<li style=\"text-align: justify;\">G. CAVALLINI, Caterina da Siena. La vita, gli scritti, la spiritualit\u00e0 (Roma, 2008, ed. Citt\u00e0 Nuova).<\/li>\n<li style=\"text-align: justify;\">F. M. LETHEL, La Luce di Cristo nel Cuore della Chiesa (Libreria Editrice Vaticana, 2011).<\/li>\n<\/ul>","protected":false},"excerpt":{"rendered":"<p>Docente: Fran\u00e7ois-Marie L\u00e9thel &nbsp; Giustificazione Nell\u2019anno 2020 ricorre il 50\u00b0 anniversario del Dottorato di Teresa d\u2019Avila e di Caterina da [&hellip;]<\/p>\n","protected":false},"author":2,"featured_media":0,"parent":20287,"menu_order":93,"comment_status":"closed","ping_status":"closed","template":"","meta":{"footnotes":""},"_links":{"self":[{"href":"https:\/\/www.teresianum.net\/en\/wp-json\/wp\/v2\/pages\/17688"}],"collection":[{"href":"https:\/\/www.teresianum.net\/en\/wp-json\/wp\/v2\/pages"}],"about":[{"href":"https:\/\/www.teresianum.net\/en\/wp-json\/wp\/v2\/types\/page"}],"author":[{"embeddable":true,"href":"https:\/\/www.teresianum.net\/en\/wp-json\/wp\/v2\/users\/2"}],"replies":[{"embeddable":true,"href":"https:\/\/www.teresianum.net\/en\/wp-json\/wp\/v2\/comments?post=17688"}],"version-history":[{"count":4,"href":"https:\/\/www.teresianum.net\/en\/wp-json\/wp\/v2\/pages\/17688\/revisions"}],"predecessor-version":[{"id":17858,"href":"https:\/\/www.teresianum.net\/en\/wp-json\/wp\/v2\/pages\/17688\/revisions\/17858"}],"up":[{"embeddable":true,"href":"https:\/\/www.teresianum.net\/en\/wp-json\/wp\/v2\/pages\/20287"}],"wp:attachment":[{"href":"https:\/\/www.teresianum.net\/en\/wp-json\/wp\/v2\/media?parent=17688"}],"curies":[{"name":"wp","href":"https:\/\/api.w.org\/{rel}","templated":true}]}}