{"id":17549,"date":"2020-07-14T23:37:22","date_gmt":"2020-07-14T21:37:22","guid":{"rendered":"http:\/\/www.teresianum.net\/?page_id=17549"},"modified":"2021-07-21T10:06:12","modified_gmt":"2021-07-21T08:06:12","slug":"ss1042-linabitazione-di-dio-trinita-per-grazia-testi-di-san-tommaso-daquino-e-di-meister-eckhart","status":"publish","type":"page","link":"https:\/\/www.teresianum.net\/en\/specializzazione-in-teologia-spirituale\/ciclo-per-la-licenza-ts\/curriculum-di-studio\/ss1042-linabitazione-di-dio-trinita-per-grazia-testi-di-san-tommaso-daquino-e-di-meister-eckhart\/","title":{"rendered":"SS1042 L\u2019inabitazione di Dio Trinit\u00e0 per grazia. Testi di san Tommaso d\u2019Aquino e di Meister Eckhart"},"content":{"rendered":"<p class=\"qtranxs-available-languages-message qtranxs-available-languages-message-en\"> <p style=\"text-align: justify;\"><em>Docente:<\/em> Prof. <a href=\"https:\/\/www.teresianum.net\/?p=3318\" target=\"_blank\" rel=\"noopener noreferrer\">Denis CHARDONNENS<\/a> \u00a0\n<p style=\"text-align: justify;\">\u00a0<\/p>\n<p style=\"text-align: justify;\"><strong>Giustificazione<\/strong><\/p>\n<p style=\"text-align: justify;\">L\u2019inabitazione di Dio Trinit\u00e0 per grazia costituisce il cuore dell\u2019esperienza spirituale. Essa \u00e8, in altri termini, per l\u2019uomo, la realt\u00e0 dell\u2019unione con Dio in un itinerario di santificazione e di divinizzazione, sotto il regime della grazia dello Spirito Santo. La teologia, sempre nutrita da questa esperienza che si riferisce al proposito della mistica cristiana, \u00e8 chiamata a rendere conto, in un cammino contemplativo, della presenza della Trinit\u00e0 nell\u2019uomo e della sua unione con Dio. Ancorata al dato della rivelazione evangelica, essa cerca, all\u2019interno della Tradizione ecclesiale, di approfondire il significato della nostra partecipazione alla comunione del Padre e del Figlio nello Spirito Santo (cf. Gv. 14,23).<\/p>\n<p style=\"text-align: justify;\"><strong>Obiettivi<\/strong><\/p>\n<p style=\"text-align: justify;\">Questo seminario vorrebbe permettere un approfondimento teologico e spirituale di ci\u00f2 che significa la presenza d\u2019inabitazione trinitaria per grazia, attraverso la lettura di testi offerti da due figure emblematiche, dal punto di vista del rapporto tra teologia e mistica: san Tommaso d\u2019Aquino e Meister Eckhart.<\/p>\n<p style=\"text-align: justify;\"><strong>Contenuti<\/strong><\/p>\n<p style=\"text-align: justify;\">Alcuni testi, appartenenti a diverse opere di san Tommaso d\u2019Aquino e di Meister Eckhart, sono studiati, con un\u2019attenzione ai loro commenti della Sacra Scrittura. Questo percorso di lettura consente di affrontare la teologia delle missioni delle Persone divine, della presenza e dell\u2019agire della Trinit\u00e0 nell\u2019anima, e dell\u2019unione con Dio afferrata, in particolare in Meister Eckhart, in termini di nascita del Verbo nell\u2019anima, quale compimento della nostra filiazione adottiva: \u201cEssere per adozione, ci\u00f2 che il Figlio \u00e8 per natura\u201d.<\/p>\n<p style=\"text-align: justify;\"><strong>Metodologia<\/strong><\/p>\n<p style=\"text-align: justify;\">La lettura accurata dei testi, attenta alle fonti, comporta un\u2019esigenza di comprensione e di analisi critica, che sfocia in un\u2019intelligenza teologica messa in opera sia nelle sedute seminariali sia nell\u2019elaborato scritto finale. Ogni seduta comporta l\u2019esposizione orale di uno studente su un testo proposto dal docente e una discussione. \u00a0<\/p>\n<p style=\"text-align: justify;\"><strong>Criteri di valutazione<\/strong><\/p>\n<p style=\"text-align: justify;\">Lo studente viene valutato in base alla partecipazione alle discussioni (20%), alla propria esposizione orale (30%) e all\u2019elaborato scritto finale (50%).<\/p>\n<p style=\"text-align: justify;\"><strong>Distribuzione del tempo di lavoro<\/strong><\/p>\n<p style=\"text-align: justify;\">24 ore per la presenza in classe e 72 ore distribuite tra lo studio dei testi, la presentazione orale e l\u2019elaborato scritto finale.<\/p>\n<p style=\"text-align: justify;\"><strong>Bibliografia<\/strong><\/p>\n<ul>\n<li style=\"text-align: justify;\">BELLOY, C. de, <em>La visite de Dieu. Essai sur les missions des personnes divines selon saint Thomas d\u2019Aquin<\/em>, Gen\u00e8ve 2006.<\/li>\n<li style=\"text-align: justify;\">EMERY, G., <em>Pr\u00e9sence de Dieu et union \u00e0 Dieu. Cr\u00e9ation, inhabitation par gr\u00e2ce, incarnation et vision bienheureuse selon saint Thomas d\u2019Aquin<\/em>, Paris 2017.<\/li>\n<li style=\"text-align: justify;\">LIBERA, A. de, <em>Meister Eckhart e la mistica renana<\/em>, Milano 1998.<\/li>\n<li style=\"text-align: justify;\">McGINN, B., <em>The Mytical Thought of Meister Eckhart. The Man from Whom God Hid Nothing<\/em>, New York 2001. \u00a0<\/li>\n<\/ul>","protected":false},"excerpt":{"rendered":"<p>Docente: Prof. Denis CHARDONNENS \u00a0 \u00a0 Giustificazione L\u2019inabitazione di Dio Trinit\u00e0 per grazia costituisce il cuore dell\u2019esperienza spirituale. Essa \u00e8, [&hellip;]<\/p>\n","protected":false},"author":2,"featured_media":0,"parent":20526,"menu_order":17,"comment_status":"closed","ping_status":"closed","template":"","meta":{"footnotes":""},"_links":{"self":[{"href":"https:\/\/www.teresianum.net\/en\/wp-json\/wp\/v2\/pages\/17549"}],"collection":[{"href":"https:\/\/www.teresianum.net\/en\/wp-json\/wp\/v2\/pages"}],"about":[{"href":"https:\/\/www.teresianum.net\/en\/wp-json\/wp\/v2\/types\/page"}],"author":[{"embeddable":true,"href":"https:\/\/www.teresianum.net\/en\/wp-json\/wp\/v2\/users\/2"}],"replies":[{"embeddable":true,"href":"https:\/\/www.teresianum.net\/en\/wp-json\/wp\/v2\/comments?post=17549"}],"version-history":[{"count":1,"href":"https:\/\/www.teresianum.net\/en\/wp-json\/wp\/v2\/pages\/17549\/revisions"}],"predecessor-version":[{"id":17550,"href":"https:\/\/www.teresianum.net\/en\/wp-json\/wp\/v2\/pages\/17549\/revisions\/17550"}],"up":[{"embeddable":true,"href":"https:\/\/www.teresianum.net\/en\/wp-json\/wp\/v2\/pages\/20526"}],"wp:attachment":[{"href":"https:\/\/www.teresianum.net\/en\/wp-json\/wp\/v2\/media?parent=17549"}],"curies":[{"name":"wp","href":"https:\/\/api.w.org\/{rel}","templated":true}]}}