{"id":17379,"date":"2020-07-08T22:02:17","date_gmt":"2020-07-08T20:02:17","guid":{"rendered":"http:\/\/www.teresianum.net\/?page_id=17379"},"modified":"2026-01-21T10:47:31","modified_gmt":"2026-01-21T09:47:31","slug":"tp1179-antropologia-teologica","status":"publish","type":"page","link":"https:\/\/www.teresianum.net\/en\/ciclo-istituzionale-di-teologia\/curriculum-di-studio-ciclo-istituzionale\/tp1179-antropologia-teologica\/","title":{"rendered":"TP1179 Antropologia teologica"},"content":{"rendered":"<p class=\"qtranxs-available-languages-message qtranxs-available-languages-message-en\"> <p><em>Docente<\/em>:  prof. Adrian Attard<\/p>\n<p><span style=\"color: #000000;\"><strong>Giustificazione <\/strong><\/span><\/p>\n<p style=\"text-align: justify;\"><span style=\"color: #000000;\">L\u2019antropologia teologica \u00e8 una disciplina relativamente recente all\u2019interno della teologia sistematica, che mira a presentare e reinterpretare, attraverso i vari approcci dei teologi contemporanei, le dottrine classiche sull\u2019essere umano. Tali argomenti, prima disseminati in trattazioni distinte per ispirazione e metodo, trovano qui un punto di vista sintetico che tenta di configurare il sapere <em>cristiano<\/em> dell\u2019essere umano, attraverso il binomio cristologia-antropologia. La sintesi \u00e8 possibile se si tematizzano alcune delle sfide pi\u00f9 critiche che l\u2019antropologia teologica si trova ad affrontare attualmente, e si comprende cosa significhi <em>essere umani<\/em> in Cristo, in un mondo sempre pi\u00f9 digitale, frammentato e minacciato. Il metodo correlazionale render\u00e0 l\u2019analisi degli argomenti e degli autori tradizionali pi\u00f9 ricca, in quanto includer\u00e0 voci ed angolature riflessive spesso trascurate (donne, bambini, disabilit\u00e0, classe sociale, comunit\u00e0 LGBTQIA+), offrendo prospettive teologiche critiche e liberazioniste.<\/span><\/p>\n<p style=\"text-align: justify;\"><span style=\"color: #000000;\"><strong>Obiettivi ed abilit\u00e0<\/strong><\/span><\/p>\n<p style=\"text-align: justify;\"><span style=\"color: #000000;\">Incrementare una riflessione sintetico-critica sugli aspetti principali dell\u2019identit\u00e0 umana e cristiana. Alla fine del corso, lo studente sar\u00e0 capace di: 1. Identificare gli aspetti essenziali di una visione cristiana e teologica sulla persona; 2. Riconoscere il metodo antropologico di alcuni teologi contemporanei di diverse tradizioni culturali ed ecclesiali; 3. Costruire un\u2019adeguata riflessione sull\u2019\u00abio\u00bb, sul rapporto tra Dio e la natura, e dal punto di vista creativo formulare, in maniera chiara e concisa, oralmente e per iscritto, le proprie valutazioni teologiche.<\/span><\/p>\n<p style=\"text-align: justify;\"><span style=\"color: #000000;\"><strong>Contenuti <\/strong><\/span><\/p>\n<p style=\"text-align: justify;\"><span style=\"color: #000000;\">Il corso inizialmente affronta alcune questioni metodologiche concernenti gli approcci classici all\u2019antropologia teologica e le svolte storiche nella comprensione del soggetto, dell\u2019anima e della persona, con una valutazione critica dei dualismi antropologici. Il risultato della ricostruzione storica rappresenta un punto metodologico di non ritorno: l\u2019antropologia teologica si costruisce sul principio architettonico della Rivelazione e, in particolare, deve strutturarsi sull\u2019evento di Ges\u00f9 Cristo. I temi classici \u2013 punti focali di riflessione per l\u2019antropologia teologica \u2013 quali, la predestinazione, la creazione, l\u2019<em>imago Dei<\/em>, la relazionalit\u00e0, la finitezza, il peccato, la grazia, la libert\u00e0 e la giustificazione, vengono ora trattati come sapere <em>cristiano<\/em> sull\u2019essere umano in forza dell\u2019evento cristologico. Il metodo correlazionale del corso integra il contributo di figure chiave dell\u2019antropologia teologica e riflette sulle preoccupazioni contemporanee che continuano a plasmare la ricerca su come la persona comprenda se stessa e su cosa significa <em>essere umani<\/em>.<\/span><\/p>\n<p style=\"text-align: justify;\"><span style=\"color: #000000;\"><strong>Metodologia <\/strong><\/span><\/p>\n<p><span style=\"color: #000000;\">Lezioni frontali aperte al dialogo.<\/span><\/p>\n<p style=\"text-align: justify;\"><span style=\"color: #000000;\"><strong>Criteri di valutazione <\/strong><\/span><\/p>\n<p style=\"text-align: justify;\"><span style=\"color: #000000;\">La valutazione terr\u00e0 conto della partecipazione presenziale ed attiva al corso, delle letture fatte ed attestate con brevi note scritte e, infine, dell\u2019esame orale.<\/span><\/p>\n<p style=\"text-align: justify;\"><span style=\"color: #000000;\"><strong>Bibliografia <\/strong><\/span><\/p>\n<ul>\n<li style=\"text-align: justify;\">\n<p><span style=\"color: #000000;\">O\u2019Callaghan P., <em>Grazia di Dio e vocazione dell\u2019uomo. Una breve antropologia teologica<\/em>, Inschibboleth, Roma 2025.<\/span><\/p>\n<\/li>\n<li style=\"text-align: justify;\">\n<p><span style=\"color: #000000;\">M.A. Hinsdale \u2013 S. Okey, edd., <em>T&amp;T Clark Handbook of Theological Anthropology<\/em>, T&amp;T Clark Bloomsbury Publishing Plc, London-New York-Dublin 2021.<\/span><\/p>\n<\/li>\n<\/ul>\n<p><span style=\"color: #000000;\">Inoltre, saranno distribuite sulla piattaforma Moodle, per ogni plesso tematico, le sintesi e la bibliografia mirata.<\/span><\/p>","protected":false},"excerpt":{"rendered":"<p>Docente: prof. Adrian Attard Giustificazione L\u2019antropologia teologica \u00e8 una disciplina relativamente recente all\u2019interno della teologia sistematica, che mira a presentare [&hellip;]<\/p>\n","protected":false},"author":2,"featured_media":0,"parent":85,"menu_order":0,"comment_status":"closed","ping_status":"closed","template":"page-baccalaureatoteologia.php","meta":{"footnotes":""},"_links":{"self":[{"href":"https:\/\/www.teresianum.net\/en\/wp-json\/wp\/v2\/pages\/17379"}],"collection":[{"href":"https:\/\/www.teresianum.net\/en\/wp-json\/wp\/v2\/pages"}],"about":[{"href":"https:\/\/www.teresianum.net\/en\/wp-json\/wp\/v2\/types\/page"}],"author":[{"embeddable":true,"href":"https:\/\/www.teresianum.net\/en\/wp-json\/wp\/v2\/users\/2"}],"replies":[{"embeddable":true,"href":"https:\/\/www.teresianum.net\/en\/wp-json\/wp\/v2\/comments?post=17379"}],"version-history":[{"count":7,"href":"https:\/\/www.teresianum.net\/en\/wp-json\/wp\/v2\/pages\/17379\/revisions"}],"predecessor-version":[{"id":173051,"href":"https:\/\/www.teresianum.net\/en\/wp-json\/wp\/v2\/pages\/17379\/revisions\/173051"}],"up":[{"embeddable":true,"href":"https:\/\/www.teresianum.net\/en\/wp-json\/wp\/v2\/pages\/85"}],"wp:attachment":[{"href":"https:\/\/www.teresianum.net\/en\/wp-json\/wp\/v2\/media?parent=17379"}],"curies":[{"name":"wp","href":"https:\/\/api.w.org\/{rel}","templated":true}]}}