{"id":17302,"date":"2020-07-05T21:42:02","date_gmt":"2020-07-05T19:42:02","guid":{"rendered":"http:\/\/www.teresianum.net\/?page_id=17302"},"modified":"2020-07-13T17:56:49","modified_gmt":"2020-07-13T15:56:49","slug":"tp1451a-diritto-canonico-i-introduzione-norme-generali-lib-i","status":"publish","type":"page","link":"https:\/\/www.teresianum.net\/en\/ciclo-istituzionale-di-teologia\/curriculum-di-studio-ciclo-istituzionale\/tp1451a-diritto-canonico-i-introduzione-norme-generali-lib-i\/","title":{"rendered":"TP1451A Diritto Canonico I &#8211; Introduzione; Norme generali (Lib. I)"},"content":{"rendered":"<p class=\"qtranxs-available-languages-message qtranxs-available-languages-message-en\"> <p>Docente <a href=\"https:\/\/www.teresianum.net\/?page_id=3327\" target=\"_blank\" rel=\"noopener noreferrer\">Prof. Francesco Romano<\/a> <span style=\"color: #000000;\"><\/span><\/p>\n<p>&nbsp;<\/p>\n<p style=\"text-align: justify;\"><strong>Giustificazione<\/strong><\/p>\n<p style=\"text-align: justify;\">Introdurre allo studio del diritto canonico offrendo una conoscenza generale sull\u2019ordinamento giuridico della Chiesa non disgiunta da una riflessione teologica, antropologica e storica del diritto ecclesiale e dei rapporti giuridici all\u2019interno della societ\u00e0 ecclesiastica.<\/p>\n<p style=\"text-align: justify;\"><strong>Obiettivi<\/strong><\/p>\n<p style=\"text-align: justify;\">Portare gli studenti a comprendere la portata giuridica di ciascuna norma e il valore teologico ed ecclesiologico che i canoni stessi promuovono. Applicare le norme generali alle situazioni concrete della vita della Chiesa presenti nei Libri del Codice.<\/p>\n<p style=\"text-align: justify;\"><strong>Contenuti<\/strong><\/p>\n<p style=\"text-align: justify;\">L\u2019uomo al centro dell\u2019esperienza giuridica; fondamenti del Diritto Canonico e processo storico di formazione; le fonti di produzione e di cognizione del Diritto Canonico; il <em>Codex<\/em> del 1983 e le sue peculiarit\u00e0; canoni preliminari; legge ecclesiastica; consuetudine, decreti generali e istruzioni; atti amministrativi singolari; statuti e regolamenti; persone fisiche e giuridiche; atti giuridici; potest\u00e0 di governo; ufficio ecclesiastico; prescrizione; computo del tempo. Lettura e commento dei cann. 1-203.<\/p>\n<p style=\"text-align: justify;\"><strong>Metodo<\/strong><\/p>\n<p style=\"text-align: justify;\">Esposizione delle fonti del Diritto Canonico; esposizione esegetica dei canoni da parte del docente; approfondimento dei principi ricorrendo anche a esempi concreti; spazio a disposizione degli studenti durante le lezioni per domande da rivolgere direttamente al docente.<\/p>\n<p style=\"text-align: justify;\"><strong>Criteri di valutazione<\/strong><\/p>\n<p style=\"text-align: justify;\">Esame orale. Verifica del raggiungimento degli obiettivi attraverso l\u2019esposizione di questioni pi\u00f9 generali per arrivare ad altre pi\u00f9 specifiche svolte durante il corso.<\/p>\n<p style=\"text-align: justify;\"><strong>Bibliografia<\/strong><\/p>\n<ul style=\"text-align: justify;\">\n<li>B. E. FERME, Introduzione alla storia del Diritto Canonico, Ed. PUL;<\/li>\n<li>P. ERD\u00d6, Storia della scienza del Diritto Canonico. Una introduzione, ed. PUG, Roma 1999;<\/li>\n<li>A. MONTAN, Il diritto nella vita e nella missione della Chiesa. Introduzione, Norme generali, Il popolo di Dio, EDB;<\/li>\n<li>V. DE PAOLIS-A. D\u2019AURIA, Le norme generali. Commento al Codice di Diritto Canonico. Libro Primo, UUP;<\/li>\n<li>J. GARC\u00cdA MART\u00cdN CMF, Le norme generali del Codex Iuris Canonici, Ed. Ediurcla, Roma, 2006.<\/li>\n<\/ul>\n<p style=\"text-align: justify;\">Sussidi:<\/p>\n<ul>\n<li style=\"text-align: justify;\">J. I. ARRIETA, Codice di Diritto Canonico e Leggi Complementari, Ed. Coletti a San Pietro;<\/li>\n<li style=\"text-align: justify;\">L. CHIAPPETTA, Il Codice di Diritto Canonico. Commento giuridico-pastorale, voll. 3, EDB; C\u00f3digo de Derecho Can\u00f3nico. Edici\u00f3n biling\u00fce comentada. Biblioteca de Autores Cristianos (BAC).<\/li>\n<\/ul>","protected":false},"excerpt":{"rendered":"<p>Docente Prof. Francesco Romano &nbsp; Giustificazione Introdurre allo studio del diritto canonico offrendo una conoscenza generale sull\u2019ordinamento giuridico della Chiesa [&hellip;]<\/p>\n","protected":false},"author":2,"featured_media":0,"parent":85,"menu_order":0,"comment_status":"closed","ping_status":"closed","template":"","meta":{"footnotes":""},"_links":{"self":[{"href":"https:\/\/www.teresianum.net\/en\/wp-json\/wp\/v2\/pages\/17302"}],"collection":[{"href":"https:\/\/www.teresianum.net\/en\/wp-json\/wp\/v2\/pages"}],"about":[{"href":"https:\/\/www.teresianum.net\/en\/wp-json\/wp\/v2\/types\/page"}],"author":[{"embeddable":true,"href":"https:\/\/www.teresianum.net\/en\/wp-json\/wp\/v2\/users\/2"}],"replies":[{"embeddable":true,"href":"https:\/\/www.teresianum.net\/en\/wp-json\/wp\/v2\/comments?post=17302"}],"version-history":[{"count":7,"href":"https:\/\/www.teresianum.net\/en\/wp-json\/wp\/v2\/pages\/17302\/revisions"}],"predecessor-version":[{"id":17488,"href":"https:\/\/www.teresianum.net\/en\/wp-json\/wp\/v2\/pages\/17302\/revisions\/17488"}],"up":[{"embeddable":true,"href":"https:\/\/www.teresianum.net\/en\/wp-json\/wp\/v2\/pages\/85"}],"wp:attachment":[{"href":"https:\/\/www.teresianum.net\/en\/wp-json\/wp\/v2\/media?parent=17302"}],"curies":[{"name":"wp","href":"https:\/\/api.w.org\/{rel}","templated":true}]}}