{"id":16127,"date":"2019-12-20T18:18:14","date_gmt":"2019-12-20T17:18:14","guid":{"rendered":"http:\/\/www.teresianum.net\/?page_id=16127"},"modified":"2021-07-25T18:25:27","modified_gmt":"2021-07-25T16:25:27","slug":"al01-accompagnamento-alla-vita-secondo-lo-spirito-di-gesu","status":"publish","type":"page","link":"https:\/\/www.teresianum.net\/en\/corso-di-accompagnamento-spirituale\/piano-di-studio-2021-2022\/al01-accompagnamento-alla-vita-secondo-lo-spirito-di-gesu\/","title":{"rendered":"AL01 Accompagnamento alla vita secondo lo Spirito di Ges\u00f9"},"content":{"rendered":"<p class=\"qtranxs-available-languages-message qtranxs-available-languages-message-en\"> <p><em>Docente<\/em>: Prof. <em>Docente:<\/em> Prof. <a href=\"https:\/\/www.teresianum.net\/?page_id=12818\" target=\"_blank\" rel=\"noopener noreferrer\">Richard Francis DSOUZA<\/a><\/p>\n<p>&nbsp;<\/p>\n<p style=\"text-align: justify;\"><strong>Giustificazione<\/strong><\/p>\n<p style=\"text-align: justify;\">\u00ab\u00c8 un peccato vedere molte persone\u2026 fermarsi ai gradini pi\u00f9 bassi del rapporto con Dio, perch\u00e9 non vogliono o non sanno o non vengono guidate e educate a distaccarsi da questo stadio iniziale\u00bb. (S. Giovanni della Croce, <em>Salita<\/em>, Prologo, 3). Invogliare, far conoscere, guidare ed educare l\u2019uomo alla comunione piena con Dio sono i compiti dell\u2019accompagnamento spirituale secondo lo Spirito di Ges\u00f9. Egli \u00e8 venuto, infatti, perch\u00e9 l\u2019uomo avesse la vita in abbondanza (cf. Gv 10,10), e per questo ha promesso il suo Spirito al fine di introdurre l\u2019uomo in tutta la verit\u00e0 (cf. Gv 14,26; 16,12), non solo per il proprio beneficio, ma anche per quello altrui (At 2,4ss). \u00c8 lo stesso Spirito che realizza l\u2019uomo perfetto (Ef 2,22; 4,13), rendendoci uniti e simili a Ges\u00f9 (Rm 8,14-17) anche a livello esistenziale.<\/p>\n<p style=\"text-align: justify;\">\u00a0<strong>Obiettivi<\/strong><\/p>\n<ul style=\"text-align: justify;\">\n<li>Strutturare l\u2019esperienza dell\u2019accompagnamento spirituale secondo la Parola di Dio, sia a livello generale, che a livello pratico.<\/li>\n<li>Conoscere e valutare diversi approcci della direzione e dell\u2019accompagnamento spirituale delle tradizioni cristiane con un\u2019attenzione particolare ai Santi dottori carmelitani<\/li>\n<li>Elaborare dei materiali utilizzabili per un\u2019attivit\u00e0 pratica dell\u2019accompagnamento.\n<\/li>\n<\/ul>\n<p style=\"text-align: justify;\"><strong>Contenuti<\/strong><\/p>\n<p style=\"text-align: justify;\">A mo\u2019 di introduzione saranno trattate illusioni e delusioni dell\u2019accompagnamento spirituale. Poi, sar\u00e0 proposta una struttura dell\u2019accompagnamento basata su Mc 3,13-15. Elaborazione dei testi scelti dei Santi dottori carmelitani, in particolare, di Santa Teresa di Ges\u00f9 Bambino, e di diversi altri autori cristiani, nella ricerca di indicazioni utili per l\u2019accompagnamento alla vita secondo lo Spirito di Ges\u00f9.<\/p>\n<p style=\"text-align: justify;\"><strong>Metodologia<\/strong><\/p>\n<p style=\"text-align: justify;\">Dopo l\u2019introduzione, delle due ore del laboratorio, la prima sar\u00e0 dedicata al lavoro dei gruppi, e la seconda alle relazioni e alla discussione. Nel contempo, sar\u00e0 svolto il lavoro personale in forma di elaborato sui diversi modelli dell\u2019accompagnamento, i quali saranno presentati e discussi in aula verso la fine del laboratorio.<\/p>\n<p style=\"text-align: justify;\"><strong>Criteri di valutazione<\/strong><\/p>\n<p style=\"text-align: justify;\">Partecipazione al laboratorio; elaborato personale: presentazione generale del modello dell\u2019accompagnamento; valutazione strutturata dei dieci suggerimenti scelti e la proposta di rispettive dieci schede didattiche.<\/p>\n<p style=\"text-align: justify;\"><strong>Distribuzione del tempo di lavoro<\/strong><\/p>\n<p style=\"text-align: justify;\">Delle 100 ore minime di impegno previste per 4 ECTS: attivit\u00e0 accademiche in aula 25%; lavoro personale di studio e preparazione dell\u2019elaborato 75%.<\/p>\n<p style=\"text-align: justify;\"><strong>Bibliografia<\/strong><\/p>\n<ul>\n<li>Nuovo Testamento<\/li>\n<li style=\"text-align: justify;\">Opere complete di S. Teresa di Ges\u00f9 Bambino<\/li>\n<\/ul>","protected":false},"excerpt":{"rendered":"<p>Docente: Prof. Docente: Prof. Richard Francis DSOUZA &nbsp; Giustificazione \u00ab\u00c8 un peccato vedere molte persone\u2026 fermarsi ai gradini pi\u00f9 bassi [&hellip;]<\/p>\n","protected":false},"author":2,"featured_media":0,"parent":20791,"menu_order":0,"comment_status":"closed","ping_status":"closed","template":"","meta":{"footnotes":""},"_links":{"self":[{"href":"https:\/\/www.teresianum.net\/en\/wp-json\/wp\/v2\/pages\/16127"}],"collection":[{"href":"https:\/\/www.teresianum.net\/en\/wp-json\/wp\/v2\/pages"}],"about":[{"href":"https:\/\/www.teresianum.net\/en\/wp-json\/wp\/v2\/types\/page"}],"author":[{"embeddable":true,"href":"https:\/\/www.teresianum.net\/en\/wp-json\/wp\/v2\/users\/2"}],"replies":[{"embeddable":true,"href":"https:\/\/www.teresianum.net\/en\/wp-json\/wp\/v2\/comments?post=16127"}],"version-history":[{"count":3,"href":"https:\/\/www.teresianum.net\/en\/wp-json\/wp\/v2\/pages\/16127\/revisions"}],"predecessor-version":[{"id":17873,"href":"https:\/\/www.teresianum.net\/en\/wp-json\/wp\/v2\/pages\/16127\/revisions\/17873"}],"up":[{"embeddable":true,"href":"https:\/\/www.teresianum.net\/en\/wp-json\/wp\/v2\/pages\/20791"}],"wp:attachment":[{"href":"https:\/\/www.teresianum.net\/en\/wp-json\/wp\/v2\/media?parent=16127"}],"curies":[{"name":"wp","href":"https:\/\/api.w.org\/{rel}","templated":true}]}}