{"id":16071,"date":"2019-12-16T14:14:21","date_gmt":"2019-12-16T13:14:21","guid":{"rendered":"http:\/\/www.teresianum.net\/?page_id=16071"},"modified":"2025-06-29T17:33:05","modified_gmt":"2025-06-29T15:33:05","slug":"cas01-parola-di-dio-e-accompagnamento-spirituale","status":"publish","type":"page","link":"https:\/\/www.teresianum.net\/en\/corso-di-accompagnamento-spirituale\/piano-di-studio-2021-2022\/cas01-parola-di-dio-e-accompagnamento-spirituale\/","title":{"rendered":"CAS01 Parola di Dio e accompagnamento spirituale"},"content":{"rendered":"<p style=\"text-align: justify;\"><em>Docente<\/em>: Prof. <a target=\"_blank\" href=\"\/persone\/corpo-docente\/IGNATIOUS-KUNNUMPURATHU-PAUL-\/\">IGNATIOUS KUNNUMPURATHU PAUL <\/a>\u00a0<\/p>\n<p style=\"text-align: justify;\">\u00a0<\/p>\n<p style=\"text-align: justify;\"><strong>Giustificazione<\/strong><\/p>\n<p style=\"text-align: justify;\">La Parola di Dio \u00e8 uno dei pilastri costitutivi della vita spirituale. L\u2019accompagnamento spirituale, qualunque sia il livello del passaggio, \u00e8 indissolubilmente intrecciato con la Parola di Dio. La preoccupazione mistagogica effettuata spesso sulla scia dell\u2019assenza di maestri autentici e animatori illuminati della Spiritualit\u00e0 brilla nel mondo del Cristianesimo. La capacit\u00e0 di fondare la propria Spiritualit\u00e0 e aiutare gli altri a pianificare la loro Spiritualit\u00e0 sulla Parola di Dio \u00e8 imprescindibile.\u00a0<\/p>\n<p style=\"text-align: justify;\"><strong>Obiettivi<\/strong><\/p>\n<p style=\"text-align: justify;\">L\u2019obiettivo principale \u00e8 riconoscere il ruolo, l\u2019efficacia e il versante sanante della Parola di Dio nell\u2019accompagnamento spirituale. In secondo luogo, occorre un cambio di paradigma per passare dalle fonti secondarie alla fonte primaria come punto della partenza di Spiritualit\u00e0.<\/p>\n<p style=\"text-align: justify;\"><strong>Contenuti<\/strong><\/p>\n<p style=\"text-align: justify;\">Il discorso viene sviluppato attraverso tre fasi diverse: 1. Accompagnamento <em>alla<\/em> Parola di Dio (Rivelazione, Ispirazione e La composizione della Bibbia), 2. Accompagnamento <em>della<\/em> Parola di Dio (La parola di Dio come istrumento fondamentale della vita spirituale), 3. Accompagnamento <em>nella<\/em> Parola di Dio (Episodi nei quali le persone e la comunit\u00e0 israelitica vengono guidate da Dio, le persone ispirate che guidano le persone e la comunit\u00e0 israelitica).<\/p>\n<p style=\"text-align: justify;\"><strong>Metodologia<\/strong><\/p>\n<p style=\"text-align: justify;\">Lezioni magistrali e frontali. Appunti brevi consegnati agli studenti. \u00c8 richiesta, ovviamente, anche una partecipazione attiva da parte degli studenti.<\/p>\n<p style=\"text-align: justify;\"><strong>Criteri di valutazione<\/strong><\/p>\n<p style=\"text-align: justify;\">Esame orale che valuta la conoscenza sufficientemente orientativa e motivata dei diversi temi esposti nel corso. Presentazione di un argomento, basato sulla bibliografia concessa, che non viene trattato in classe.\u00a0\u00a0<\/p>\n<p style=\"text-align: justify;\"><strong>Bibliografia<\/strong><\/p>\n<p style=\"text-align: justify;\">Bibliografia ampia e aggiornata sar\u00e0 consegnata agli studenti durante le lezioni in classe.<\/p>","protected":false},"excerpt":{"rendered":"<p>Docente: Prof. \u00a0 \u00a0 Giustificazione La Parola di Dio \u00e8 uno dei pilastri costitutivi della vita spirituale. L\u2019accompagnamento spirituale, qualunque [&hellip;]<\/p>\n","protected":false},"author":2,"featured_media":0,"parent":20791,"menu_order":9,"comment_status":"closed","ping_status":"closed","template":"page-corsoaccompagnamentospirituale.php","meta":{"footnotes":""},"_links":{"self":[{"href":"https:\/\/www.teresianum.net\/en\/wp-json\/wp\/v2\/pages\/16071"}],"collection":[{"href":"https:\/\/www.teresianum.net\/en\/wp-json\/wp\/v2\/pages"}],"about":[{"href":"https:\/\/www.teresianum.net\/en\/wp-json\/wp\/v2\/types\/page"}],"author":[{"embeddable":true,"href":"https:\/\/www.teresianum.net\/en\/wp-json\/wp\/v2\/users\/2"}],"replies":[{"embeddable":true,"href":"https:\/\/www.teresianum.net\/en\/wp-json\/wp\/v2\/comments?post=16071"}],"version-history":[{"count":6,"href":"https:\/\/www.teresianum.net\/en\/wp-json\/wp\/v2\/pages\/16071\/revisions"}],"predecessor-version":[{"id":93172,"href":"https:\/\/www.teresianum.net\/en\/wp-json\/wp\/v2\/pages\/16071\/revisions\/93172"}],"up":[{"embeddable":true,"href":"https:\/\/www.teresianum.net\/en\/wp-json\/wp\/v2\/pages\/20791"}],"wp:attachment":[{"href":"https:\/\/www.teresianum.net\/en\/wp-json\/wp\/v2\/media?parent=16071"}],"curies":[{"name":"wp","href":"https:\/\/api.w.org\/{rel}","templated":true}]}}