{"id":15974,"date":"2019-12-05T21:29:05","date_gmt":"2019-12-05T20:29:05","guid":{"rendered":"http:\/\/www.teresianum.net\/?page_id=15974"},"modified":"2025-06-28T17:19:14","modified_gmt":"2025-06-28T15:19:14","slug":"sp1071-spiritualita-liturgica","status":"publish","type":"page","link":"https:\/\/www.teresianum.net\/en\/specializzazione-in-teologia-spirituale\/ciclo-per-la-licenza-ts\/curriculum-di-studio\/sp1071-spiritualita-liturgica\/","title":{"rendered":"SP1071 Spiritualit\u00e0 liturgica"},"content":{"rendered":"<p class=\"qtranxs-available-languages-message qtranxs-available-languages-message-en\"> <p><em>Docente: <\/em>Prof. Valery Bitar<\/p>\n<p style=\"text-align: justify;\">\u00a0<\/p>\n<p style=\"text-align: justify;\"><strong>Giustificazione<\/strong><\/p>\n<p style=\"text-align: justify;\">\u00abLa liturgia \u00e8 il culmine verso cui tende l\u2019azione della Chiesa e, insieme, la fonte da cui promana tutto il suo vigore\u00bb (<em>SC<\/em> 10). Secondo quest\u2019affermazione della costituzione conciliare, scorgiamo che la liturgia \u00e8 fonte e culmine di tutta l\u2019attivit\u00e0 della Chiesa perch\u00e9 essa \u00e8 l\u2019attuazione del culto e della santificazione. Ogni vita spirituale matura a contatto con Cristo ed egli viene a contatto con gli uomini per mezzo della vita liturgica. Il vissuto cristiano si nutre, matura, si esprime e si realizza pienamente attraverso la liturgia della Chiesa. Parlare di spiritualit\u00e0 liturgica non \u00e8 proporre una nuova spiritualit\u00e0 ma riferirsi a quella della Chiesa. Tutti gli altri mezzi per accrescere la vita spirituale hanno nella liturgia la loro sorgente e tutte le dinamiche della vita spirituale trovano l\u2019espressione pi\u00f9 adeguata nella liturgia della Chiesa.<\/p>\n<p style=\"text-align: justify;\"><strong>Obiettivi<\/strong><\/p>\n<p style=\"text-align: justify;\">Il corso cerca di offrire una sintesi dei concetti fondamentali della vita spirituale e della liturgia; aiutare ad affrontare la spiritualit\u00e0 con la sensibilit\u00e0 liturgica in modo da armonizzare il dato teologico-spirituale con quello liturgico-ecclesiale. Quest\u2019argomentazione si apre all\u2019antropologia teologica, cio\u00e8 alla vita di fede, speranza e carit\u00e0, vissuta, celebrata e attuata in una determinata comunit\u00e0, dove il culto e la santificazione trovano la loro espressione concreta.<\/p>\n<p style=\"text-align: justify;\"><strong>Contenuti<\/strong><\/p>\n<ul style=\"text-align: justify;\">\n<li>Rapporto tra liturgia e vita spirituale.<\/li>\n<li>La controversia sulla \u201cspiritualit\u00e0 liturgica\u201d e la svolta conciliare.<\/li>\n<li>Le fonti della spiritualit\u00e0 liturgica.<\/li>\n<li>Le coordinate teologiche della spiritualit\u00e0\/liturgia.<\/li>\n<li>La mistagogia liturgica.<\/li>\n<li>Liturgia e vita mistica.<\/li>\n<li>Una spiritualit\u00e0 liturgica al servizio della missione.<\/li>\n<\/ul>\n<p style=\"text-align: justify;\"><strong>Metodologia<\/strong><\/p>\n<p style=\"text-align: justify;\">Lezioni frontali con momenti di confronto e di dibattito.<\/p>\n<p style=\"text-align: justify;\"><strong>Criteri di valutazione<\/strong><\/p>\n<p style=\"text-align: justify;\">Partecipazione durante il corso; lettura e presentazione di un libro indicato dal professore; esame orale alla fine del semestre.<\/p>\n<p style=\"text-align: justify;\"><strong>Bibliografia<\/strong><\/p>\n<ul>\n<li>Artuso, L., <em>Liturgia e spiritualit\u00e0. Profilo storico<\/em>, Caro Salutis Cardo 4, Padova 2002.<\/li>\n<li>Aug\u00e9, M., <em>Spiritualit\u00e0 liturgica. \u00abOffrite i vostri corpi come sacrificio vivente, santo e gradito a Dio\u00bb<\/em>, Cinisello Balsamo 1998.<\/li>\n<li>Boselli, G., <em>Il senso spirituale della liturgia<\/em>, Magnano 2011.<\/li>\n<li>Boselli, G., &#8211; <em>al.<\/em>, ed., <em>Celebrare in spirito e verit\u00e0. L\u2019esperienza spirituale della liturgia<\/em>, Sapientia 78, Milano 2017.<\/li>\n<li>Castellano, J., <em>Liturgia y vida espiritual. Teolog\u00eda, celebraci\u00f3n, experiencia<\/em>, Biblioteca Lit\u00fargica 27, Barcelona 2006.<\/li>\n<li>Corbon, J., <em>Liturgia alla sorgente<\/em>, Magnano 2003 [orig. francese: 1980].<\/li>\n<li>Paternoster, M., <em>Liturgia e spiritualit\u00e0 cristiana<\/em>, Bologna 2005.<\/li>\n<\/ul>","protected":false},"excerpt":{"rendered":"<p>Docente: Prof. Valery Bitar \u00a0 Giustificazione \u00abLa liturgia \u00e8 il culmine verso cui tende l\u2019azione della Chiesa e, insieme, la [&hellip;]<\/p>\n","protected":false},"author":2,"featured_media":0,"parent":20526,"menu_order":23,"comment_status":"closed","ping_status":"closed","template":"page-specializzazioneteologiaspiritualelicenza.php","meta":{"footnotes":""},"_links":{"self":[{"href":"https:\/\/www.teresianum.net\/en\/wp-json\/wp\/v2\/pages\/15974"}],"collection":[{"href":"https:\/\/www.teresianum.net\/en\/wp-json\/wp\/v2\/pages"}],"about":[{"href":"https:\/\/www.teresianum.net\/en\/wp-json\/wp\/v2\/types\/page"}],"author":[{"embeddable":true,"href":"https:\/\/www.teresianum.net\/en\/wp-json\/wp\/v2\/users\/2"}],"replies":[{"embeddable":true,"href":"https:\/\/www.teresianum.net\/en\/wp-json\/wp\/v2\/comments?post=15974"}],"version-history":[{"count":6,"href":"https:\/\/www.teresianum.net\/en\/wp-json\/wp\/v2\/pages\/15974\/revisions"}],"predecessor-version":[{"id":92709,"href":"https:\/\/www.teresianum.net\/en\/wp-json\/wp\/v2\/pages\/15974\/revisions\/92709"}],"up":[{"embeddable":true,"href":"https:\/\/www.teresianum.net\/en\/wp-json\/wp\/v2\/pages\/20526"}],"wp:attachment":[{"href":"https:\/\/www.teresianum.net\/en\/wp-json\/wp\/v2\/media?parent=15974"}],"curies":[{"name":"wp","href":"https:\/\/api.w.org\/{rel}","templated":true}]}}