{"id":159488,"date":"2025-12-21T13:14:00","date_gmt":"2025-12-21T12:14:00","guid":{"rendered":"https:\/\/www.teresianum.net\/?page_id=159488"},"modified":"2025-12-21T13:14:00","modified_gmt":"2025-12-21T12:14:00","slug":"lm01-laboratorio-metodologico","status":"publish","type":"page","link":"https:\/\/www.teresianum.net\/en\/formazione-per-i-formatori-alla-vita-consacrata\/piano-di-studi-2021-2022\/lm01-laboratorio-metodologico\/","title":{"rendered":"LM01 Laboratorio metodologico"},"content":{"rendered":"<p class=\"qtranxs-available-languages-message qtranxs-available-languages-message-en\"> <p><em>Docente:<\/em> Prof.ssa\u00a0 <a target=\"_blank\" href=\"\/persone\/corpo-docente\/MARIA-DE-LAS-MERCEDES-MONTALVO-GARCIA\/\">MARIA DE LAS MERCEDES MONTALVO GARCIA<\/a>\u00a0<\/p>\n<p><strong>Giustificazione<\/strong><em><br \/>\n<\/em>Il corso \u00e8 giustificato dalla necessit\u00e0 che ha lo studente di imparare a leggere e a capire i testi teologici, cos\u00ec come di apprendere un metodo per elaborare scritti di carattere teologico-spirituale in modo chiaro e sintetico.<\/p>\n<p style=\"text-align: justify;\"><strong>Obiettivi<\/strong><em><br \/>\n<\/em>Al termine del corso, lo studente sar\u00e0 in grado di: porsi domande significative e cercare risposte pertinenti in ambito teologico e spirituale; leggere testi spirituali e teologici con attenzione e senso critico; esprimere per iscritto, in modo ordinato e personale, riflessioni e contenuti legati al percorso formativo.<\/p>\n<p style=\"text-align: justify;\"><strong>Contenuti<\/strong><em><br \/>\n<\/em>Il corso intende offrire una base teorica e metodologica per lo studio della teologia e della spiritualit\u00e0. Offrir\u00e0, inoltre, indicazioni per la stesura dei testi di carattere teologico-scientifico applicando le tecniche e la metodologia della Facolt\u00e0; sar\u00e0 trattata in particolare la questione del metodo da seguire per la stesura di un elaborato, per la lettura efficace, nonch\u00e9 presentate le tecniche per una scrittura chiara e facile. Il corso sar\u00e0 anche l\u2019occasione per fare pratica nell\u2019utilizzo delle funzioni di base di <em>word<\/em> per la stesura di un testo.<\/p>\n<p style=\"text-align: justify;\"><strong>Metodologia<\/strong><em><br \/>\n<\/em>Il metodo che sar\u00e0 applicato nella conduzione del laboratorio prevede brevi spiegazioni teoriche finalizzate a presentare il significato e l&#8217;importanza del metodo nello studio teologico e spirituale nonch\u00e9 esercizi pratici, individuali e di gruppo, che serviranno allo studente per imparare a leggere in modo attivo e mirato, a scrivere testi semplici e ben organizzati, ad applicare le tecniche di base della metodologia accademica della Facolt\u00e0 e ad utilizzare <em>word<\/em>.<\/p>\n<p style=\"text-align: justify;\"><strong>Criteri di valutazione<br \/>\n<\/strong>Lo studente sar\u00e0 valutato in base al modo con cui parteciper\u00e0 alle lezioni e agli esercizi pratici proposti.<\/p>\n<p><strong>Bibliografia<\/strong><\/p>\n<ul>\n<li style=\"text-align: justify;\"><em>Compendio delle norme tipografiche della Facolt\u00e0<\/em>, &lt;https:\/\/acortar.link\/eltFl1&gt;.<\/li>\n<li style=\"text-align: justify;\">Fanton, A.,\u00a0<em>Metodologia per lo studio della teologia. \u201cDesidero intelligere veritatem tuam\u201d,<\/em>\u00a0Padova 2010.<\/li>\n<li style=\"text-align: justify;\">Lorizio, G. \u2013 Galantino, N.,\u00a0<em>Metodologia teologica. Avviamento allo studio e alla ricerca pluridisciplinari<\/em>, Cinisello Balsamo 1994.<\/li>\n<li style=\"text-align: justify;\">Pontificia Academia Theologica,\u00a0<em>Il metodo teologico. Tradizione, innovazione, comunione in Cristo<\/em>, ed. M. Sodi, Citt\u00e0 del Vaticano 2008.<\/li>\n<\/ul>","protected":false},"excerpt":{"rendered":"<p>Docente: Prof.ssa\u00a0 \u00a0 Giustificazione Il corso \u00e8 giustificato dalla necessit\u00e0 che ha lo studente di imparare a leggere e a [&hellip;]<\/p>\n","protected":false},"author":2,"featured_media":0,"parent":20734,"menu_order":0,"comment_status":"closed","ping_status":"closed","template":"","meta":{"footnotes":""},"_links":{"self":[{"href":"https:\/\/www.teresianum.net\/en\/wp-json\/wp\/v2\/pages\/159488"}],"collection":[{"href":"https:\/\/www.teresianum.net\/en\/wp-json\/wp\/v2\/pages"}],"about":[{"href":"https:\/\/www.teresianum.net\/en\/wp-json\/wp\/v2\/types\/page"}],"author":[{"embeddable":true,"href":"https:\/\/www.teresianum.net\/en\/wp-json\/wp\/v2\/users\/2"}],"replies":[{"embeddable":true,"href":"https:\/\/www.teresianum.net\/en\/wp-json\/wp\/v2\/comments?post=159488"}],"version-history":[{"count":2,"href":"https:\/\/www.teresianum.net\/en\/wp-json\/wp\/v2\/pages\/159488\/revisions"}],"predecessor-version":[{"id":159490,"href":"https:\/\/www.teresianum.net\/en\/wp-json\/wp\/v2\/pages\/159488\/revisions\/159490"}],"up":[{"embeddable":true,"href":"https:\/\/www.teresianum.net\/en\/wp-json\/wp\/v2\/pages\/20734"}],"wp:attachment":[{"href":"https:\/\/www.teresianum.net\/en\/wp-json\/wp\/v2\/media?parent=159488"}],"curies":[{"name":"wp","href":"https:\/\/api.w.org\/{rel}","templated":true}]}}