{"id":15878,"date":"2019-11-19T14:52:29","date_gmt":"2019-11-19T13:52:29","guid":{"rendered":"http:\/\/www.teresianum.net\/?page_id=15878"},"modified":"2022-10-29T16:51:33","modified_gmt":"2022-10-29T14:51:33","slug":"bis-bibliographia-internationalis-spiritualitatis","status":"publish","type":"page","link":"https:\/\/www.teresianum.net\/en\/altre-pubblicazioni\/bis-bibliographia-internationalis-spiritualitatis\/","title":{"rendered":"BIS (Bibliographia Internationalis Spiritualitatis)"},"content":{"rendered":"[vc_row full_width=&#8221;stretch_row_content_no_spaces&#8221; parallax=&#8221;content-moving&#8221; css_animation=&#8221;fadeIn&#8221; css=&#8221;.vc_custom_1625649682649{padding-top: 150px !important;padding-bottom: 150px !important;background-image: url(https:\/\/www.teresianum.net\/wp-content\/uploads\/2021\/07\/bis_banner-scaled.jpg?id=19832) !important;}&#8221;][vc_column][vc_column_text css_animation=&#8221;fadeInUp&#8221; css=&#8221;.vc_custom_1635095014788{background-color: rgba(0,0,0,0.19) !important;*background-color: rgb(0,0,0) !important;}&#8221;][\/vc_column_text][\/vc_column][\/vc_row][vc_row][vc_column][vc_single_image image=&#8221;15881&#8243; img_size=&#8221;full&#8221;][\/vc_column][\/vc_row][vc_column width=&#8221;2\/3&#8243;][\/vc_column][vc_column_text][\/vc_column_text][vc_row][vc_column width=&#8221;2\/3&#8243;][vc_column_text]\n<p>The BIS (<em>Bibliographia Internationalis Spiritualitatis<\/em>) offers an academic bibliography in spiritual theology, Carmelite studies and theological anthropology and is proposed by the <a href=\"http:\/\/www.teresianum.net\/\">Pontifical Theological Faculty <em>Teresianum<\/em><\/a> in cooperation with the <em>Institutum Carmelitanum<\/em>, both located in Rome. The first publication in 2019 begins with about 9,000 bibliographic entries and includes the bibliography since 2007.<\/p>\n<p>The BIS was published at the <em>Teresianum<\/em> in 41 volumes from 1969-2009 (ISSN 0084-7834) covering the bibliography of the years 1966-2006 under the direction of Fr. Juan Luis Astigarraga, ocd, along with various collaborators. The publication is now proposed on the Brepolis platform.<\/p>\n[\/vc_column_text]<hr class=\"symple-spacing \" style=\"height: 20px\" \/>[\/vc_column][vc_column width=&#8221;1\/3&#8243;][vc_single_image image=&#8221;18525&#8243; img_size=&#8221;medium&#8221;][\/vc_column][\/vc_row][vc_row][vc_column width=&#8221;1\/4&#8243;][ucaddon_uc_white_icon_button text=&#8221;ACCESS&#8221; icon=&#8221;fa fa-book&#8221; link=&#8221;http:\/\/cpps.brepolis.net\/bis\/search.cfm?action=search_advanced&amp;applanguage=en&#8221; button_color=&#8221;#9A2E48&#8243; uc_fonts_data=&#8221;JTdCJTdE&#8221;]<hr class=\"symple-spacing \" style=\"height: 20px\" \/>[\/vc_column][vc_column width=&#8221;3\/4&#8243;][\/vc_column][\/vc_row][vc_row][vc_column][vc_column_text]\n<p><strong>Aims<\/strong><\/p>\n<ul>\n<li>Facilitate and improve research in spiritual theology and spirituality studies.<\/li>\n<li>Provide the main platform for Carmelite studies and encourage research in this area.<\/li>\n<\/ul>\n<p><strong>Content<\/strong><\/p>\n<p>The bibliography is limited to three categories or disciplines:<\/p>\n<ul>\n<li>Spiritual theology<\/li>\n<li>Carmelite studies<\/li>\n<li>Theological anthropology<\/li>\n<\/ul>\n<p>The index contains approx. 500 keywords and approx. 1,000 persons and writings. To facilitate the search, the keywords are structured hierarchically. This allows one easily to change levels so as to increase or decrease the number of entries.<\/p>\n<p>&nbsp;<\/p>\n<p><strong>Key features<\/strong><\/p>\n<ul>\n<li>First publication with approx. 16,000 bibliographic entries often with abstracts, DOIs and hyperlinks to full texts (2019); 200 reviews.<\/li>\n<li>Many Christian and Carmelite spirituality journals have been fully indexed since 2007.<\/li>\n<li>Multilingual interface (English, Italian, Spanish, French and German)<\/li>\n<li>Subjects in English, Italian and Spanish<\/li>\n<li>Advanced search options (author, title, year of publication, ISBN and ISSN, geographical area, discipline, period, key subject, persons, writings, etc.)<\/li>\n<li>Exporting the bibliographic entries in various formats (Endnote, Microsoft Office Word, Refworks, Zotero, etc.).<\/li>\n<li>Creating e-mail notifications in one\u2019s field of interest<\/li>\n<\/ul>\n<p>&nbsp;<\/p>\n<p><strong>Team<\/strong><\/p>\n<h3>Project coordination<\/h3>\n<p>Christof Betschart, ocd <a href=\"mailto:betschart@teresianum.net\">betschart@teresianum.net<\/a><\/p>\n<p>Lukasz Strzyz-Steinert, ocd <a href=\"mailto:strzyz@teresianum.net\">strzyz@teresianum.net<\/a><\/p>\n<p>&nbsp;<\/p>\n<p><em>Cooperation with the <\/em>Institutum Carmelitanum<\/p>\n<p>Giovanni Grosso, ocarm <a href=\"mailto:p.giovannigrosso@libero.it\">p.giovannigrosso@libero.it<\/a><\/p>\n<p>&nbsp;<\/p>\n<p><em>Main bibliographers<\/em><\/p>\n<p>Axel Alt, 2018- <a href=\"mailto:bis@teresianum.net\">bis@teresianum.net<\/a><\/p>\n<p>Ignacio Husillos Tamarit, ocd, 2017-2018<\/p>\n<p>&nbsp;<\/p>\n<p><em>Editorial Committee<\/em><\/p>\n<p>Laura Dalfollo, Ciro Garc\u00eda, ocd, Silvano Giordano, ocd, Giovanni Grosso, ocarm, Emilio Mart\u00ednez, ocd<\/p>\n<p>&nbsp;<\/p>\n<p><em>Scientific Committee<\/em><\/p>\n<p>Andr\u00e9 Brouillette, sj, Raffaele Di Muro, ofmconv, Jes\u00fas Manuel Garc\u00eda D\u00edaz, Jean-Baptiste Lecuit, ocd, Juan Antonio Marcos, ocd, Michael Plattig, ocarm, Rosanno Zas Friz de Col, sj<\/p>\n<p>&nbsp;<\/p>\n<p><em>Collaborators<\/em><\/p>\n<p>Eliseusz Baginski, ocd (2018-), Ton van der Gulik, ocarm (2017), Laura Dalfollo (2017)<\/p>\n<p>&nbsp;<\/p>\n<p><strong>Copyright<\/strong><\/p>\n<p>\u00a9 <a href=\"http:\/\/www.teresianum.net\/\">Pontificia Facolt\u00e0 Teologica <em>Teresianum<\/em><\/a> (Rome, Italy)<\/p>\n<p>\u00a9 <em>Institutum Carmelitanum<\/em> (Rome, Italy)<\/p>\n<p>&nbsp;<\/p>\n<p><strong>Contact and suggestions<\/strong><\/p>\n<p>For the project (<em>Teresianum<\/em>): Lukasz Strzyz-Steinert, ocd (<a href=\"mailto:strzyz@teresianum.net\">strzyz@teresianum.net<\/a>), Christof Betschart, ocd (<a href=\"mailto:betschart@teresianum.net\">betschart@teresianum.net<\/a>)<\/p>\n<p>For the bibliographic content: Axel Alt (<a href=\"mailto:bis@teresianum.net\">bis@teresianum.net<\/a>)<\/p>\n<p>For the cooperation with the <em>Institutum Carmelitanum<\/em>: Giovanni Grosso (<a href=\"mailto:p.giovannigrosso@libero.it\">p.giovannigrosso@libero.it<\/a>)<\/p>\n[\/vc_column_text][\/vc_column][\/vc_row]","protected":false},"excerpt":{"rendered":"<p>[vc_row full_width=&#8221;stretch_row_content_no_spaces&#8221; parallax=&#8221;content-moving&#8221; css_animation=&#8221;fadeIn&#8221; css=&#8221;.vc_custom_1625649682649{padding-top: 150px !important;padding-bottom: 150px !important;background-image: url(https:\/\/www.teresianum.net\/wp-content\/uploads\/2021\/07\/bis_banner-scaled.jpg?id=19832) !important;}&#8221;][vc_column][vc_column_text css_animation=&#8221;fadeInUp&#8221; css=&#8221;.vc_custom_1635095014788{background-color: rgba(0,0,0,0.19) !important;*background-color: rgb(0,0,0) !important;}&#8221;][\/vc_column_text][\/vc_column][\/vc_row][vc_row][vc_column][vc_single_image image=&#8221;15881&#8243; img_size=&#8221;full&#8221;][\/vc_column][\/vc_row][vc_column width=&#8221;2\/3&#8243;][\/vc_column][vc_column_text][\/vc_column_text][vc_row][vc_column [&hellip;]<\/p>\n","protected":false},"author":8,"featured_media":0,"parent":3029,"menu_order":0,"comment_status":"closed","ping_status":"closed","template":"","meta":{"footnotes":""},"_links":{"self":[{"href":"https:\/\/www.teresianum.net\/en\/wp-json\/wp\/v2\/pages\/15878"}],"collection":[{"href":"https:\/\/www.teresianum.net\/en\/wp-json\/wp\/v2\/pages"}],"about":[{"href":"https:\/\/www.teresianum.net\/en\/wp-json\/wp\/v2\/types\/page"}],"author":[{"embeddable":true,"href":"https:\/\/www.teresianum.net\/en\/wp-json\/wp\/v2\/users\/8"}],"replies":[{"embeddable":true,"href":"https:\/\/www.teresianum.net\/en\/wp-json\/wp\/v2\/comments?post=15878"}],"version-history":[{"count":68,"href":"https:\/\/www.teresianum.net\/en\/wp-json\/wp\/v2\/pages\/15878\/revisions"}],"predecessor-version":[{"id":23609,"href":"https:\/\/www.teresianum.net\/en\/wp-json\/wp\/v2\/pages\/15878\/revisions\/23609"}],"up":[{"embeddable":true,"href":"https:\/\/www.teresianum.net\/en\/wp-json\/wp\/v2\/pages\/3029"}],"wp:attachment":[{"href":"https:\/\/www.teresianum.net\/en\/wp-json\/wp\/v2\/media?parent=15878"}],"curies":[{"name":"wp","href":"https:\/\/api.w.org\/{rel}","templated":true}]}}