{"id":157709,"date":"2025-12-17T15:09:21","date_gmt":"2025-12-17T14:09:21","guid":{"rendered":"https:\/\/www.teresianum.net\/?page_id=157709"},"modified":"2025-12-30T11:00:30","modified_gmt":"2025-12-30T10:00:30","slug":"cts68-lettura-accompagnata-spinti-ad-amare-il-libro-della-vita-di-santa-teresa-davila","status":"publish","type":"page","link":"https:\/\/www.teresianum.net\/en\/corso-di-teologia-spirituale\/curriculum-di-studio\/cts68-lettura-accompagnata-spinti-ad-amare-il-libro-della-vita-di-santa-teresa-davila\/","title":{"rendered":"CTS68 Lettura accompagnata: Spinti ad amare. Il Libro della Vita di Santa Teresa d\u2019Avila"},"content":{"rendered":"<p class=\"qtranxs-available-languages-message qtranxs-available-languages-message-en\"> <p><em>Docente<\/em>: Prof. <a target=\"_blank\" href=\"\/persone\/corpo-docente\/EMILIO-MARTINEZ\/\">EMILIO MART\u00cdNEZ<\/a>\n<p style=\"text-align: justify;\"><strong>Giustificazione<br \/>\n<\/strong>Nell\u2019affrontare la redazione della sua autobiografia, santa Teresa di Ges\u00f9 \u00e8 decisa anzitutto a condividere col lettore la sua esperienza spirituale; tuttavia, non si limiter\u00e0 a raccontare cronologicamente fatti ed eventi della sua vita, ma cercher\u00e0 di parlarci del modo in cui Dio si \u00e8 comportata con lei, e cio\u00e8, ci parler\u00e0 di Dio parlando di se stessa, offrendoci cos\u00ec un vero trattato teologico spirituale narrativo e discorsivo.<\/p>\n<p style=\"text-align: justify;\"><strong>Obiettivi<br \/>\n<\/strong>Comprendere il discorso teologico-spirituale e antropologico contenuto nel <em>Libro della Vita <\/em>di santa Teresa di Ges\u00f9 attraverso la lettura di brani scelti del testo, cogliendone la struttura, lo stile letterario e i temi fondamentali in esso svolti.<\/p>\n<p style=\"text-align: justify;\"><strong>Contenuti<br \/>\n<\/strong><\/p>\n<ul style=\"text-align: justify;\">\n<li><em>Libro della Vita<\/em>: fonti; redazione; struttura; stile; temi fondamentali.<\/li>\n<li>Giustificazione della scelta di testi.<\/li>\n<li>Lettura accompagnata.<\/li>\n<li>Contenuti e valori del testo.<\/li>\n<\/ul>\n<p style=\"text-align: justify;\"><strong>Metodologia<\/strong><\/p>\n<p style=\"text-align: justify;\">Dopo una prima lezione introduttiva svolta dal professore, si leggeranno durante le sessioni i brani scelti dell\u2019opera evidenziandone i contenuti fondamentali col fine di caratterizzare l\u2019opera e favorire la comprensione dei suoi contenuti.<\/p>\n<p style=\"text-align: justify;\"><strong>Criteri di valutazione<br \/>\n<\/strong>Esame orale.<\/p>\n<p style=\"text-align: justify;\"><strong>Distribuzione del tempo di lavoro<br \/>\n<\/strong>Spiegazioni, lettura e condivisione nell\u2019aula e lettura individuale degli studenti.<\/p>\n<p style=\"text-align: justify;\"><strong>Bibliografia<\/strong><\/p>\n<ul>\n<li style=\"text-align: justify;\">S. Teresa di Ges\u00f9, <em>Opere<\/em>, Edizioni OCD, Roma 2005.<\/li>\n<li style=\"text-align: justify;\">Id, <em>Opere complete<\/em>, Paoline, Milano 2008.<\/li>\n<li style=\"text-align: justify;\">Id, <em>La mia vita: Il libro delle misericordie di Dio<\/em>, Edizioni OCD, Roma 2021.<\/li>\n<li style=\"text-align: justify;\">T. \u00c1lvarez, <em>Gli orizzonti di Teresa di Ges\u00f9. Dal contesto al testo<\/em>, Edizioni OCD, Roma 2012.<\/li>\n<li style=\"text-align: justify;\">Id. (a cura di), <em>Dizionario di Santa Teresa, <\/em>Edizioni OCD, Roma 2016.<\/li>\n<\/ul>","protected":false},"excerpt":{"rendered":"<p>Docente: Prof. Giustificazione Nell\u2019affrontare la redazione della sua autobiografia, santa Teresa di Ges\u00f9 \u00e8 decisa anzitutto a condividere col lettore [&hellip;]<\/p>\n","protected":false},"author":2,"featured_media":0,"parent":9108,"menu_order":0,"comment_status":"closed","ping_status":"closed","template":"page-corsoteologiaspirituale.php","meta":{"footnotes":""},"_links":{"self":[{"href":"https:\/\/www.teresianum.net\/en\/wp-json\/wp\/v2\/pages\/157709"}],"collection":[{"href":"https:\/\/www.teresianum.net\/en\/wp-json\/wp\/v2\/pages"}],"about":[{"href":"https:\/\/www.teresianum.net\/en\/wp-json\/wp\/v2\/types\/page"}],"author":[{"embeddable":true,"href":"https:\/\/www.teresianum.net\/en\/wp-json\/wp\/v2\/users\/2"}],"replies":[{"embeddable":true,"href":"https:\/\/www.teresianum.net\/en\/wp-json\/wp\/v2\/comments?post=157709"}],"version-history":[{"count":2,"href":"https:\/\/www.teresianum.net\/en\/wp-json\/wp\/v2\/pages\/157709\/revisions"}],"predecessor-version":[{"id":157711,"href":"https:\/\/www.teresianum.net\/en\/wp-json\/wp\/v2\/pages\/157709\/revisions\/157711"}],"up":[{"embeddable":true,"href":"https:\/\/www.teresianum.net\/en\/wp-json\/wp\/v2\/pages\/9108"}],"wp:attachment":[{"href":"https:\/\/www.teresianum.net\/en\/wp-json\/wp\/v2\/media?parent=157709"}],"curies":[{"name":"wp","href":"https:\/\/api.w.org\/{rel}","templated":true}]}}