{"id":157705,"date":"2025-12-17T14:41:07","date_gmt":"2025-12-17T13:41:07","guid":{"rendered":"https:\/\/www.teresianum.net\/?page_id=157705"},"modified":"2025-12-17T14:41:07","modified_gmt":"2025-12-17T13:41:07","slug":"ss1065-il-discernimento-come-esigenza-del-vivere-cristiano-istanza-emergente-della-teologia-pastorale","status":"publish","type":"page","link":"https:\/\/www.teresianum.net\/en\/specializzazione-in-teologia-spirituale\/ciclo-per-la-licenza-ts\/curriculum-di-studio\/ss1065-il-discernimento-come-esigenza-del-vivere-cristiano-istanza-emergente-della-teologia-pastorale\/","title":{"rendered":"SS1065 Il discernimento come esigenza del vivere cristiano. Istanza emergente della teologia pastorale"},"content":{"rendered":"<p class=\"qtranxs-available-languages-message qtranxs-available-languages-message-en\"> <p><em>Docente:<\/em> Prof.ssa <a target=\"_blank\" href=\"\/persone\/corpo-docente\/STEFANIA-TASSOTTI\/\">STEFANIA TASSOTTI<\/a>\u00a0<\/p>\n<p style=\"text-align: justify;\"><strong>Giustificazione<br \/>\n<\/strong>Tutti siamo chiamati alla pienezza della vita cristiana e a vivere quindi, la santit\u00e0, ciascuno all\u2019interno della propria specifica vocazione, e proprio a questo guida, il discernimento.\u00a0 Da questo si evince che Ne consegue che discernimento non \u00e8 \u00a0necessario solo a pochi o unicamente a coloro che attraversano momenti di crisi o di importanti scelte da operare, ma costituisce il mezzo ordinario, riconosciuto dalla Tradizione e dal Magistero come essenziale per una crescita progressiva e costante nella vita spirituale. Il discernimento \u00e8 dunque un\u2019istanza emergente della Teologia Pastorale attraverso l\u2019apprendistato di un agire che \u00e8 continuamente in accordo con l\u2019azione dello Spirito Santo in noi.<\/p>\n<p style=\"text-align: justify;\"><strong>Obiettivi<br \/>\n<\/strong>Il seminario si propone di avviare gli studenti allo studio dei momenti chiave della comprensione biblica, antropologica e teologica del discernimento \u00a0e di riflettere sulla sua centralit\u00e0 all\u2019interno del cammino e della crescita spirituale.<\/p>\n<p style=\"text-align: justify;\"><strong>Contenuti\u00a0<br \/>\n<\/strong>Dopo un\u2019introduzione da parte della docente saranno presi in esame testi antropologici e spirituali, per illustrare i passaggi fondamentali della comprensione del discernimento come esigenza dell\u2019esperienza cristiana e della prassi pastorale.<\/p>\n<p style=\"text-align: justify;\">La scelta degli autori e dei testi terr\u00e0 conto anche delle preferenze degli studenti e delle competenze gi\u00e0 in loro possesso. Si cercher\u00e0, comunque, di offrire una selezione di testi sufficientemente ampia e varia, cos\u00ec da illustrare le tappe fondamentali del percorso storico e le principali interpretazioni contemporanee.\u00a0<\/p>\n<p style=\"text-align: justify;\"><strong>Metodologia<br \/>\n<\/strong>Alcune lezioni frontali introduttive con indicazioni bibliografiche per la ricerca e lo studio personali; discussione in gruppo.<\/p>\n<p style=\"text-align: justify;\"><strong>Criteri di valutazione<br \/>\n<\/strong>Gli studenti verranno valutati in base alla loro partecipazione attiva durante il seminario, alla propria esposizione orale e all\u2019elaborato scritto.<\/p>\n<p style=\"text-align: justify;\"><strong>Bibliografia<br \/>\n<\/strong>Alcuni testi generali di riferimento:<\/p>\n<ul>\n<li style=\"text-align: justify;\">Baldini, M., <em>La storia dell\u2019amicizia<\/em>, Armando, Roma 2001;<\/li>\n<li style=\"text-align: justify;\">Bayo J., <em>Amistad y Vida Religiosa<\/em>, ed. Mundo, Santiago de Chile 1994;<\/li>\n<li style=\"text-align: justify;\">Iandolo, <em>Sororit\u00e0<\/em>, Lieto Colle. 2014;<\/li>\n<li style=\"text-align: justify;\">Id., <em>Amistades heterosexuales<\/em>, in AA.VV., <em>Suplemento al Diccionario Teol\u00f3gico de la Vida Consagrada<\/em>, Publicaciones Claretianas, Madrid 2005.;<\/li>\n<li style=\"text-align: justify;\">Maritain J., <em>Amore e amicizia<\/em>, Morcelliana, Brescia 1973;<\/li>\n<li style=\"text-align: justify;\">Merelli N., <em>L\u2019uomo spazio di comunione. Amicizia e amore<\/em>, EMP, Padova 1986;<\/li>\n<li style=\"text-align: justify;\">Olivera,B., <em>Amistades transfiguradas. Amigos y amigas por el Reino<\/em>, Madrid 2000;<\/li>\n<li style=\"text-align: justify;\">Pangrazi, G.C., <em>C\u2019\u00e8 posto per tutti. Legami fraterni, paura, fede<\/em>, Vita e Pensiero, Milano 2008;<\/li>\n<li style=\"text-align: justify;\">Ratzinger, J., <em>La fraternit\u00e0 cristiana<\/em>, Paoline, 1960;<\/li>\n<li style=\"text-align: justify;\">Rof Carballo J., <em>El hombre como encuentro<\/em>, Alfaguara, Madrid 1973;<\/li>\n<li style=\"text-align: justify;\">Targonski F., <em>L\u2019amicizia nel celibato consacrato<\/em>, in: Id., \u201cEtica cristiana della sessualit\u00e0\u201d, Misc. Francescana, Roma 2003;<\/li>\n<li style=\"text-align: justify;\">Terrinoni U., \u201cVoi siete miei amici\u201d, ConServ 37 (1988) n. 2<\/li>\n<\/ul>","protected":false},"excerpt":{"rendered":"<p>Docente: Prof.ssa \u00a0 Giustificazione Tutti siamo chiamati alla pienezza della vita cristiana e a vivere quindi, la santit\u00e0, ciascuno all\u2019interno [&hellip;]<\/p>\n","protected":false},"author":2,"featured_media":0,"parent":20526,"menu_order":0,"comment_status":"closed","ping_status":"closed","template":"","meta":{"footnotes":""},"_links":{"self":[{"href":"https:\/\/www.teresianum.net\/en\/wp-json\/wp\/v2\/pages\/157705"}],"collection":[{"href":"https:\/\/www.teresianum.net\/en\/wp-json\/wp\/v2\/pages"}],"about":[{"href":"https:\/\/www.teresianum.net\/en\/wp-json\/wp\/v2\/types\/page"}],"author":[{"embeddable":true,"href":"https:\/\/www.teresianum.net\/en\/wp-json\/wp\/v2\/users\/2"}],"replies":[{"embeddable":true,"href":"https:\/\/www.teresianum.net\/en\/wp-json\/wp\/v2\/comments?post=157705"}],"version-history":[{"count":1,"href":"https:\/\/www.teresianum.net\/en\/wp-json\/wp\/v2\/pages\/157705\/revisions"}],"predecessor-version":[{"id":157706,"href":"https:\/\/www.teresianum.net\/en\/wp-json\/wp\/v2\/pages\/157705\/revisions\/157706"}],"up":[{"embeddable":true,"href":"https:\/\/www.teresianum.net\/en\/wp-json\/wp\/v2\/pages\/20526"}],"wp:attachment":[{"href":"https:\/\/www.teresianum.net\/en\/wp-json\/wp\/v2\/media?parent=157705"}],"curies":[{"name":"wp","href":"https:\/\/api.w.org\/{rel}","templated":true}]}}