{"id":157697,"date":"2025-12-17T14:18:19","date_gmt":"2025-12-17T13:18:19","guid":{"rendered":"https:\/\/www.teresianum.net\/?page_id=157697"},"modified":"2025-12-17T14:24:17","modified_gmt":"2025-12-17T13:24:17","slug":"cvcl08-abusi-e-la-loro-prevenzione-nella-vita-consacrata","status":"publish","type":"page","link":"https:\/\/www.teresianum.net\/en\/formazione-per-i-formatori-alla-vita-consacrata\/piano-di-studi-2021-2022\/cvcl08-abusi-e-la-loro-prevenzione-nella-vita-consacrata\/","title":{"rendered":"CVCL08 Abusi e la loro prevenzione nella vita consacrata"},"content":{"rendered":"<p class=\"qtranxs-available-languages-message qtranxs-available-languages-message-en\"> <p><em>Docente<\/em>: Prof. <a target=\"_blank\" href=\"\/persone\/corpo-docente\/LUKASZ-STRZYZ-STEINERT\/\">LUKASZ STRZYZ-STEINERT<\/a>\n<p style=\"text-align: justify;\"><strong>Giustificazione<br \/>\n<\/strong>Negli ultimi anni si \u00e8 sviluppata una crescente consapevolezza riguardo al problema degli abusi nella Chiesa. Numerosi casi coinvolgono religiosi, sia in qualit\u00e0 di perpetratori che di vittime. Le dinamiche dell\u2019abuso si intrecciano frequentemente con quelle della vita consacrata, alterandone profondamente il significato. \u00c8 dunque fondamentale che i futuri formatori e superiori religiosi vengano introdotti alla comprensione del fenomeno e dotati degli strumenti necessari per prevenirlo.<\/p>\n<p style=\"text-align: justify;\"><strong>Obiettivi<\/strong><em><br \/>\n<\/em>Il laboratorio si propone di: sviluppare la consapevolezza e la sensibilit\u00e0 rispetto al problema degli abusi; aiutare a comprendere le dinamiche dei diversi tipi di abuso; fornire conoscenze e strumenti utili all\u2019accompagnamento delle vittime, dei colpevoli, e alla prevenzione degli abusi.<\/p>\n<p style=\"text-align: justify;\"><strong>Contenuti<br \/>\n<\/strong>Tipologie di abuso (sessuale, spirituale, di autorit\u00e0 e altri); profili delle vittime e forme di vulnerabilit\u00e0; specificit\u00e0 degli abusi nella vita consacrata: dinamiche sessuali, di dipendenza e di potere legate ai voti; accompagnamento e sostegno alle vittime; punizione e accompagnamento dei colpevoli; normativa canonica e civile sugli abusi; costruzione di ambienti sicuri nella formazione e nelle diverse fasi della vita consacrata; dimensione spirituale degli abusi.<\/p>\n<p style=\"text-align: justify;\"><strong>Metodologia<\/strong><em><br \/>\n<\/em>Il laboratorio si svolge in forma seminariale e prevede: introduzione e brevi lezioni frontali del docente; letture guidate e discussioni; incontri con esperti e visite a istituzioni; elaborazione di progetti da parte degli studenti.<\/p>\n<p style=\"text-align: justify;\"><strong>Criteri di valutazione<\/strong><em><br \/>\n<\/em>Preparazione e partecipazione attiva alle lezioni; presentazione in aula e consegna del proprio progetto di prevenzione degli abusi.<\/p>\n<p style=\"text-align: justify;\"><strong>Distribuzione del tempo di lavoro<\/strong>\u00a0<br \/>\n40% lezioni del docente con letture e partecipazione attiva degli studenti; 20% incontri e visite; 20% preparazione in classe e individuale del progetto; 20% presentazioni in aula dei progetti degli studenti.<\/p>\n<p style=\"text-align: justify;\"><strong>Bibliografia<\/strong><\/p>\n<ul>\n<li style=\"text-align: justify;\">Congregazione per gli Istituti di Vita Consacrata e le Societ\u00e0 di Vita Apostolica, Istruzione <em>Faciem tuam, Domine, requiram. Il servizio dell\u2019autorit\u00e0 e l\u2019obbedienza (2008), <\/em><a href=\"https:\/\/www.vatican.va\/roman_curia\/congregations\/ccscrlife\/documents\/rc_con_ccscrlife_doc_20080511_autorita-obbedienza_it.html\"><em>https:\/\/www.vatican.va\/roman_curia\/congregations\/ccscrlife\/documents\/rc_con_ccscrlife_doc_20080511_autorita-obbedienza_it.html<\/em><\/a><em>. <\/em><\/li>\n<li style=\"text-align: justify;\">Dysmas De Lassus, <em>Schiacciare l\u2019anima. Gli abusi spirituali nella vita religiosa<\/em>, Bologna 2021.<\/li>\n<li style=\"text-align: justify;\">Anna Deodato, Amedeo Cencini, Gottfried Ugolini (a cura di)<em>, Le ferite degli abusi<\/em>. Sussidio per i formatori, gli educatori e gli operatori pastorali, 2019, <a href=\"https:\/\/tutelaminori.chiesacattolica.it\/le-ferite-degli-abusi\/\">https:\/\/tutelaminori.chiesacattolica.it\/le-ferite-degli-abusi\/<\/a>.<\/li>\n<li style=\"text-align: justify;\">Giorgio Ronzoni, <em>L\u2019abuso spirituale: riconoscerlo per prevenirlo<\/em>, Padova 2023.<\/li>\n<\/ul>","protected":false},"excerpt":{"rendered":"<p>Docente: Prof. Giustificazione Negli ultimi anni si \u00e8 sviluppata una crescente consapevolezza riguardo al problema degli abusi nella Chiesa. Numerosi [&hellip;]<\/p>\n","protected":false},"author":2,"featured_media":0,"parent":20734,"menu_order":0,"comment_status":"closed","ping_status":"closed","template":"","meta":{"footnotes":""},"_links":{"self":[{"href":"https:\/\/www.teresianum.net\/en\/wp-json\/wp\/v2\/pages\/157697"}],"collection":[{"href":"https:\/\/www.teresianum.net\/en\/wp-json\/wp\/v2\/pages"}],"about":[{"href":"https:\/\/www.teresianum.net\/en\/wp-json\/wp\/v2\/types\/page"}],"author":[{"embeddable":true,"href":"https:\/\/www.teresianum.net\/en\/wp-json\/wp\/v2\/users\/2"}],"replies":[{"embeddable":true,"href":"https:\/\/www.teresianum.net\/en\/wp-json\/wp\/v2\/comments?post=157697"}],"version-history":[{"count":2,"href":"https:\/\/www.teresianum.net\/en\/wp-json\/wp\/v2\/pages\/157697\/revisions"}],"predecessor-version":[{"id":157702,"href":"https:\/\/www.teresianum.net\/en\/wp-json\/wp\/v2\/pages\/157697\/revisions\/157702"}],"up":[{"embeddable":true,"href":"https:\/\/www.teresianum.net\/en\/wp-json\/wp\/v2\/pages\/20734"}],"wp:attachment":[{"href":"https:\/\/www.teresianum.net\/en\/wp-json\/wp\/v2\/media?parent=157697"}],"curies":[{"name":"wp","href":"https:\/\/api.w.org\/{rel}","templated":true}]}}