{"id":15388,"date":"2019-09-15T11:41:32","date_gmt":"2019-09-15T09:41:32","guid":{"rendered":"http:\/\/www.teresianum.net\/?page_id=15388"},"modified":"2020-04-03T09:41:27","modified_gmt":"2020-04-03T07:41:27","slug":"tp1271-teologia-del-matrimonio-dellordine-sacro-e-dei-sacramenti-di-guarigione","status":"publish","type":"page","link":"https:\/\/www.teresianum.net\/en\/ciclo-istituzionale-di-teologia\/curriculum-di-studio-ciclo-istituzionale\/tp1271-teologia-del-matrimonio-dellordine-sacro-e-dei-sacramenti-di-guarigione\/","title":{"rendered":"TP1271  Teologia del Matrimonio, dell\u2019Ordine sacro e dei Sacramenti di guarigione"},"content":{"rendered":"<p class=\"qtranxs-available-languages-message qtranxs-available-languages-message-en\"> <p><em>Docente<\/em>: Prof. <a target=\"_blank\" href=\"\/persone\/corpo-docente\/INNOCENT-NDIMUBANZI-HAKIZIMANA\/\">INNOCENT NDIMUBANZI HAKIZIMANA<\/a>\n<p style=\"text-align: justify;\">\u00a0<\/p>\n<p style=\"text-align: justify;\"><strong>Giustificazione<\/strong><\/p>\n<p style=\"text-align: justify;\">Il matrimonio come realt\u00e0 umana e culturale \u00e8 segno dell\u2019amore di Dio per l\u2019umanit\u00e0. Questo significato presente nell\u2019Antico Testamento acquisisce un senso pi\u00f9 profondo nel Nuovo Testamento. Esso \u00e8 espressione dell\u2019amore di Cristo che \u201cha amato la Chiesa e ha dato se stesso per lei\u201d (Ef 5,25). Il matrimonio come sacramento \u00e8 quindi fondato sulla fede nell\u2019amore di Ges\u00f9 Cristo che si realizza nell\u2019amore che unisce un uomo e una donna per la loro santificazione. In contesti culturali dove il matrimonio viene interpretato in modi diversi, \u00e8 necessario conoscere il significato teologico del sacramento del matrimonio per cogliere il suo significato profondo e potere distinguerlo da altre forme di unioni tra le coppie.<br \/>\nIl sacramento dell\u2019Ordine conferisce la consacrazione del candidato ad esercitare la missione di Cristo all\u2019interno della Chiesa. Come ministro di Cristo e membro della Chiesa, il sacerdote \u00e8 servitore dei beni di Dio per la Chiesa. Il corso sul sacramento dell\u2019Ordine presenta la concezione teologica di questo servizio in nome di Cristo, per e all\u2019interno della Chiesa.<br \/>\nI Sacramenti di guarigione, cio\u00e8 il Sacramento della riconciliazione e il Sacramento dell\u2019unzione degli infermi, esprimono la misericordia di Dio per l\u2019uomo confrontato con la realt\u00e0 del male. Esso \u00e8 spirituale, cio\u00e8 il peccato, e fisico, cio\u00e8 la debolezza del corpo. Nel Sacramento della riconciliazione, Dio accoglie ogni credente pentito, bisognoso della misericordia e del perdono, della grazia della conversione e della gioia di vivere in comunione con Lui. Nel Sacramento dell\u2019unzione degli infermi, si celebra la presenza di Dio e il suo conforto verso l\u2019uomo sofferente nel corpo. Il conforto spirituale accolto nella fede \u00e8 un sollievo nel momento della sofferenza.<\/p>\n<p style=\"text-align: justify;\"><strong>Obiettivo<\/strong><\/p>\n<p style=\"text-align: justify;\">L\u2019obiettivo \u00e8 quello di trasmettere agli studenti il contenuto teologico dei quattro sacramenti secondo l\u2019insegnamento della Sacra Scrittura, della storia della teologia e del magistero della Chiesa. Inoltre si presenteranno alcuni temi attuali e il loro confronto con la visione della cultura dei nostri tempi.<\/p>\n<p style=\"text-align: justify;\"><strong>Contenuti<\/strong><\/p>\n<p style=\"text-align: justify;\">1. Il Matrimonio, l\u2019Ordine, la Riconciliazione e l\u2019Unzione nella Sacra Scrittura. 2. Il Matrimonio, l\u2019Ordine, la Riconciliazione e l\u2019Unzione nella storia della teologia. 3. Temi fondamentali della teologia del Matrimonio, dell\u2019Ordine, della Riconciliazione e dell\u2019Unzione. 4. La pastorale del sacramento del matrimonio in relazione ai problemi sociali del nostro tempo. 5. La missione del ministro ordinato nel tempo attuale. 6. La Riconciliazione e l\u2019Unzione come dono della speranza all\u2019uomo sofferente nello spirito e nel corpo.<\/p>\n<p style=\"text-align: justify;\"><strong>Metodologia<\/strong><\/p>\n<p style=\"text-align: justify;\">Lezioni cattedratiche e presentazione degli elaborati preparati dagli studenti.<\/p>\n<p style=\"text-align: justify;\"><strong>Criteri di valutazione<\/strong><\/p>\n<p style=\"text-align: justify;\">La comprensione generale del contenuto del corso e la capacit\u00e0 di spiegare i temi fondamentali di ogni sacramento.<\/p>\n<p style=\"text-align: justify;\"><strong>Distribuzione del tempo di lavoro<\/strong><\/p>\n<p style=\"text-align: justify;\">Su 36 ore, 24 sono impiegate in lezioni cattedratiche e le altre 12 sono dedicate alla presentazione degli elaborati degli studenti.<\/p>\n<p style=\"text-align: justify;\"><strong>Bibliografia<\/strong><\/p>\n<ul>\n<li style=\"text-align: justify;\">MIRALLES A., <em>Il Matrimonio. Teologia e vita<\/em>, Roma 1996;<\/li>\n<li style=\"text-align: justify;\">ROCCHETTA C., <em>Il sacramento della coppia. Saggio di teologia del matrimonio cristiano<\/em>, EDB, Bologna 2003;<\/li>\n<li style=\"text-align: justify;\">PUGLISI J. F., \u201cIl ministero ordinato: episcopato, presbiterato, diaconato\u201d, in <em>Corso di Teologia Sacramentaria<\/em>, Vol. II, Queriniana, Brescia 2000, 379-446.<\/li>\n<li style=\"text-align: justify;\">FALSINI R., <em>Penitenza e Riconciliazione nella tradizione e nella riforma conciliare. Riflessioni teologiche e proposte celebrative<\/em>, Ancora, Milano 2003;<\/li>\n<li style=\"text-align: justify;\">COURTH F., <em>I Sacramenti. Un trattato per lo studio e per la prassi<\/em>, Queriniana, Brescia 1999.<\/li>\n<\/ul>","protected":false},"excerpt":{"rendered":"<p>Docente: Prof. \u00a0 Giustificazione Il matrimonio come realt\u00e0 umana e culturale \u00e8 segno dell\u2019amore di Dio per l\u2019umanit\u00e0. Questo significato [&hellip;]<\/p>\n","protected":false},"author":2,"featured_media":0,"parent":85,"menu_order":0,"comment_status":"closed","ping_status":"closed","template":"","meta":{"footnotes":""},"_links":{"self":[{"href":"https:\/\/www.teresianum.net\/en\/wp-json\/wp\/v2\/pages\/15388"}],"collection":[{"href":"https:\/\/www.teresianum.net\/en\/wp-json\/wp\/v2\/pages"}],"about":[{"href":"https:\/\/www.teresianum.net\/en\/wp-json\/wp\/v2\/types\/page"}],"author":[{"embeddable":true,"href":"https:\/\/www.teresianum.net\/en\/wp-json\/wp\/v2\/users\/2"}],"replies":[{"embeddable":true,"href":"https:\/\/www.teresianum.net\/en\/wp-json\/wp\/v2\/comments?post=15388"}],"version-history":[{"count":4,"href":"https:\/\/www.teresianum.net\/en\/wp-json\/wp\/v2\/pages\/15388\/revisions"}],"predecessor-version":[{"id":16480,"href":"https:\/\/www.teresianum.net\/en\/wp-json\/wp\/v2\/pages\/15388\/revisions\/16480"}],"up":[{"embeddable":true,"href":"https:\/\/www.teresianum.net\/en\/wp-json\/wp\/v2\/pages\/85"}],"wp:attachment":[{"href":"https:\/\/www.teresianum.net\/en\/wp-json\/wp\/v2\/media?parent=15388"}],"curies":[{"name":"wp","href":"https:\/\/api.w.org\/{rel}","templated":true}]}}