{"id":15342,"date":"2019-07-30T11:48:02","date_gmt":"2019-07-30T09:48:02","guid":{"rendered":"http:\/\/www.teresianum.net\/?page_id=15342"},"modified":"2025-06-29T16:28:55","modified_gmt":"2025-06-29T14:28:55","slug":"cvc20-discernimento-e-vita-comunitaria","status":"publish","type":"page","link":"https:\/\/www.teresianum.net\/en\/formazione-per-i-formatori-alla-vita-consacrata\/piano-di-studi-2021-2022\/cvc20-discernimento-e-vita-comunitaria\/","title":{"rendered":"CVC20 Discernimento e vita comunitaria"},"content":{"rendered":"<p class=\"qtranxs-available-languages-message qtranxs-available-languages-message-en\"> <p><em>Docente<\/em>: Prof. <span style=\"color: #000000;\"><\/span><\/p>\n<p style=\"text-align: justify;\"><strong>\u00a0<\/strong><\/p>\n<p style=\"text-align: justify;\"><strong>Giustificazione<br \/>\n<\/strong>Il corso intente presentare la base umana sulla quale si sviluppa il cammino di discernimento della persona che deve fare scelte di vita di speciale consacrazione e\/o di ministero sacerdotale. Oggi c\u2019\u00e8 un grande bisogno di attenzione al discernimento inteso come processo di crescita e orientamento ai valori, lungo il percorso formativo. Si tratta di un discernimento che \u00abnon esclude nessuno, ma che integra anche quelli che sono un po\u2019 strani, le persone difficili e complicate, quelli che chiedono attenzione, quelli che sono diversi, chi \u00e8 molto colpito dalla vita, chi ha altri interessi\u00bb (<em>Gaudete et exsultate<\/em>, n. 89).<\/p>\n<p style=\"text-align: justify;\"><strong>Obiettivi<br \/>\n<\/strong>Si prester\u00e0 attenzione alle nuove sensibilit\u00e0 che caratterizzano i giovani e meno giovani che bussano alle case di formazione, tra nuove risorse e rischi di fragilit\u00e0 psichiche. Osservando in particolare come il cammino di crescita comporti degli aspetti decisionali che segnano le diverse tappe evolutive, il discernimento \u00e8 un metodo di vita inteso a dare risposte di senso al percorso di accompagnamento formativo.<\/p>\n<p style=\"text-align: justify;\"><strong>Contenuti<br \/>\n<\/strong>La comunit\u00e0 religiosa come spazio di discernimento. Dinamiche specifiche della comunit\u00e0. Qualificare le relazioni interpersonali come opportunit\u00e0 di crescita vocazionale. Formazione interpersonale e discernimento comune. Il processo di discernimento nelle relazioni con gli altri: come riconoscere gli stati dell\u2019Io nell\u2019interscambio. La comunicazione come comportamento interpersonale. Dalle attese alla partecipazione. Apprendere a discernere in comunione<\/p>\n<p><strong>Metodologia<br \/>\n<\/strong>Il corso seguir\u00e0 la metodologia magistrale con lo svolgersi delle lezioni tenute dal Docente, con la possibilit\u00e0 per gli studenti di interagire con domande e contributi durante le lezioni stesse. Si prevedono momenti di riflessione in gruppo.<\/p>\n<p><strong>Criteri di valutazione<br \/>\n<\/strong>Un esame orale su temi scelti dal professore. Nella valutazione si terr\u00e0 conto della partecipazione attiva durante le lezioni.<\/p>\n<p><strong>Distribuzione del tempo di lavoro<br \/>\n<\/strong>Delle ore a disposizione: 3\/4 saranno utilizzate per lezioni frontali e 1\/4 di confronto in gruppo.<\/p>\n<p><strong>Bibliografia<\/strong><\/p>\n<ul>\n<li>G. Crea, <em>Psicologia del discernimento<\/em>, Messaggero, Padova,<\/li>\n<li>G.\u00a0Crea, <em>G<\/em><em>li altri e la formazione di s\u00e9<\/em>, Dehoniane, Bologna, 2005.<\/li>\n<li>G. Crea \u2013 G.F. Poli, <em>Consacrazione e formazione permanente<\/em>, Rogate, Roma, 2012.<\/li>\n<li>C. Serrao, <em>Il discernimento della vocazione religiosa. Formare per trasformare<\/em>, Edizioni OCD, 2006.<\/li>\n<li>N. Meguerditchain, <em>Psicologia e discernimento spirituale<\/em>, San Paolo Edizioni, 2000.<\/li>\n<li style=\"text-align: justify;\">B. Goya, <em>Psicologia e vita consacrata. <\/em>San Paolo, 2008.<\/li>\n<\/ul>","protected":false},"excerpt":{"rendered":"<p>Docente: Prof. \u00a0 Giustificazione Il corso intente presentare la base umana sulla quale si sviluppa il cammino di discernimento della [&hellip;]<\/p>\n","protected":false},"author":2,"featured_media":0,"parent":20734,"menu_order":0,"comment_status":"closed","ping_status":"closed","template":"page-corsoperformatori.php","meta":{"footnotes":""},"_links":{"self":[{"href":"https:\/\/www.teresianum.net\/en\/wp-json\/wp\/v2\/pages\/15342"}],"collection":[{"href":"https:\/\/www.teresianum.net\/en\/wp-json\/wp\/v2\/pages"}],"about":[{"href":"https:\/\/www.teresianum.net\/en\/wp-json\/wp\/v2\/types\/page"}],"author":[{"embeddable":true,"href":"https:\/\/www.teresianum.net\/en\/wp-json\/wp\/v2\/users\/2"}],"replies":[{"embeddable":true,"href":"https:\/\/www.teresianum.net\/en\/wp-json\/wp\/v2\/comments?post=15342"}],"version-history":[{"count":5,"href":"https:\/\/www.teresianum.net\/en\/wp-json\/wp\/v2\/pages\/15342\/revisions"}],"predecessor-version":[{"id":93165,"href":"https:\/\/www.teresianum.net\/en\/wp-json\/wp\/v2\/pages\/15342\/revisions\/93165"}],"up":[{"embeddable":true,"href":"https:\/\/www.teresianum.net\/en\/wp-json\/wp\/v2\/pages\/20734"}],"wp:attachment":[{"href":"https:\/\/www.teresianum.net\/en\/wp-json\/wp\/v2\/media?parent=15342"}],"curies":[{"name":"wp","href":"https:\/\/api.w.org\/{rel}","templated":true}]}}