{"id":15272,"date":"2019-07-10T15:19:05","date_gmt":"2019-07-10T13:19:05","guid":{"rendered":"http:\/\/www.teresianum.net\/?page_id=15272"},"modified":"2019-07-12T17:35:16","modified_gmt":"2019-07-12T15:35:16","slug":"informativa-privacy","status":"publish","type":"page","link":"https:\/\/www.teresianum.net\/en\/informativa-privacy\/","title":{"rendered":"Informativa Privacy"},"content":{"rendered":"<p class=\"qtranxs-available-languages-message qtranxs-available-languages-message-en\"> <p style=\"text-align: center;\"><strong>INFORMATIVA RESA AI SENSI DELL\u2019ART. 13 DEL REGOLAMENTO (UE) N. 2016\/679<\/strong><\/p>\n<p style=\"text-align: center;\"><strong>SUL TRATTAMENTO DEI DATI PERSONALI<\/strong><\/p>\n<p style=\"text-align: center;\"><strong>DEGLI UTENTI DEL SITO WEB DEL TERESIANUM<\/strong><\/p>\n<p style=\"text-align: justify;\"><strong>\u00a0<\/strong><\/p>\n<p style=\"text-align: justify;\">Ai sensi dell\u2019art. 13 del Regolamento (UE) 2016\/679 (di seguito, il \u201c<strong>GDPR<\/strong>\u201d), Le forniamo le informazioni relative al trattamento dei dati personali che La riguardano effettuato dalla Casa Generalizia dell\u2019Ordine dei Padri Carmelitani Scalzi (di seguito, il \u201c<strong>Titolare<\/strong>\u201d) nell\u2019ambito dell\u2019attivit\u00e0 svolta dal Teresianum &#8211; Pontificia Facolt\u00e0 Teologica, Pontificio Istituto di Spiritualit\u00e0 (di seguito, il \u201c<strong>Teresianum<\/strong>\u201d) durante la navigazione del sito <a href=\"https:\/\/www.teresianum.net\/\">www.teresianum.net<\/a>\u00a0(il \u201c<strong>Sito<\/strong>\u201d).<strong>\u00a0<\/strong><\/p>\n<ol style=\"text-align: justify;\">\n<li><strong>CATEGORIE DI DATI PERSONALI<\/strong><\/li>\n<\/ol>\n<p style=\"text-align: justify;\">Il Teresianum tratter\u00e0 i seguenti Dati personali da Lei forniti:<\/p>\n<ul style=\"text-align: justify;\">\n<li>Dati anagrafici: nome e cognome;<\/li>\n<li>Dati di contatto: indirizzo di posta elettronica;<\/li>\n<li>Dati relativi al percorso accademico: matricola;<\/li>\n<li>Dati di navigazione: indirizzo IP.<strong> <br \/>\n<\/strong><\/li>\n<\/ul>\n<ol style=\"text-align: justify;\" start=\"2\">\n<li><strong>FINALITA\u2019 E BASE GIURIDICA DEL TRATTAMENTO<\/strong><\/li>\n<\/ol>\n<p style=\"text-align: justify;\">I Suoi Dati saranno trattati per le seguenti finalit\u00e0:<\/p>\n<ol style=\"text-align: justify;\">\n<li>adempimenti connessi all\u2019utilizzo del Sito internet (es. garantirLe l\u2019accesso al Sito, la navigazione, la fruizione dei servizi online resi disponibili dal Teresianum in collegamento al Sito stesso, come ad es. l\u2019accesso automatico alla piattaforma di formazione a distanza, alla Segreteria online, etc.);<\/li>\n<li>adempimenti connessi all\u2019esecuzione di un contratto e\/o alla prestazione di servizi;<\/li>\n<li>adempimenti connessi ad obblighi di legge previsti da normative europee e\/o nazionali.<\/li>\n<\/ol>\n<p style=\"text-align: justify;\">La base giuridica del trattamento \u00e8 costituita:<\/p>\n<ul style=\"text-align: justify;\">\n<li>Per la finalit\u00e0 di cui alle lett. a) e b), dall\u2019esecuzione del contratto di cui Lei \u00e8 parte o dall\u2019esecuzione di misure precontrattuali;<\/li>\n<li>Per la finalit\u00e0 di cui alla lett. c), dall\u2019adempimento ad obblighi di legge.<\/li>\n<\/ul>\n<p style=\"text-align: justify;\">ll conferimento dei dati non \u00e8 obbligatorio, ma l\u2019eventuale rifiuto di fornire i Suoi dati potrebbe comportare l&#8217;oggettiva impossibilit\u00e0 per il Teresianum di perseguire le finalit\u00e0 sopra indicate.\u00a0<\/p>\n<ol style=\"text-align: justify;\" start=\"3\">\n<li><strong>MODALITA\u2019 DEL TRATTAMENTO<\/strong><\/li>\n<\/ol>\n<p style=\"text-align: justify;\">I dati conferiti al Teresianum sono trattati principalmente con strumenti automatizzati per i soli fini indicati e per il tempo strettamente necessario a conseguire gli scopi per cui sono stati raccolti.<\/p>\n<p style=\"text-align: justify;\">Specifiche misure di sicurezza sono osservate per prevenire, contrastare e ridurre al minimo i rischi di distruzione o perdita, anche accidentale, dei dati stessi, di accesso non autorizzato o di trattamento non consentito o non conforme alle finalit\u00e0 della raccolta.<strong>\u00a0<\/strong><\/p>\n<ol style=\"text-align: justify;\" start=\"4\">\n<li><strong>DESTINATARI O CATEGORIE DI DESTINATARI<\/strong><\/li>\n<\/ol>\n<p style=\"text-align: justify;\">I dati conferiti al Teresianum potranno essere resi accessibili, portati a conoscenza di o comunicati, oltre che al Responsabile della Protezione dei Dati anche dei seguenti soggetti:<\/p>\n<ul style=\"text-align: justify;\">\n<li>dipendenti e\/o collaboratori a qualsivoglia titolo del Teresianum;<\/li>\n<li>soggetti pubblici o privati, persone fisiche o giuridiche, di cui il Teresianum si avvalga per lo svolgimento delle attivit\u00e0 strumentali al raggiungimento della finalit\u00e0 di cui sopra o a cui il Teresianum sia tenuto a comunicare i Suoi dati personali, in forza di obblighi legali o contrattuali.<\/li>\n<\/ul>\n<p style=\"text-align: justify;\">I dati personali non saranno comunicati a terzi e\/o diffusi, salvo eventuali richieste investigative provenienti dall\u2019Autorit\u00e0 giudiziaria o dalla Polizia giudiziaria.<strong>\u00a0<\/strong><\/p>\n<ol style=\"text-align: justify;\" start=\"5\">\n<li><strong>DURATA DEL TRATTAMENTO E PERIODO DI CONSERVAZIONE <\/strong><\/li>\n<\/ol>\n<p style=\"text-align: justify;\">I dati raccolti dal Sito durante il suo funzionamento sono conservati per il tempo strettamente necessario a svolgere le attivit\u00e0 precisate. Alla scadenza i dati saranno cancellati o anonimizzati, a meno che non sussistano ulteriori finalit\u00e0 per la conservazione degli stessi.<\/p>\n<p style=\"text-align: justify;\">Per ulteriori informazioni sul periodo di conservazione dei dati, si rinvia alla <strong><u>Cookie Policy<\/u><\/strong>.<strong>\u00a0<\/strong><\/p>\n<ol style=\"text-align: justify;\" start=\"6\">\n<li><strong>DIRITTI DELL\u2019INTERESSATO<\/strong><\/li>\n<\/ol>\n<p style=\"text-align: justify;\">La informiamo che in qualunque momento, relativamente ai Suoi dati, Lei potr\u00e0 esercitare i diritti previsti nei limiti ed alle condizioni previste dagli articoli 7 e 15-22 del GDPR.\u00a0<\/p>\n<p style=\"text-align: justify;\">Per l\u2019esercizio di tali diritti, di seguito descritti, La preghiamo di contattare il Titolare all\u2019indirizzo email <a href=\"mailto:privacy@teresianum.net\">privacy@teresianum.net<\/a>; a tale richiesta sar\u00e0 fornito idoneo riscontro senza ritardo entro 30 (trenta) giorni di tempo.<\/p>\n<p style=\"text-align: justify;\">Nel dettaglio l\u2019interessato ha il diritto di:<\/p>\n<ul style=\"text-align: justify;\">\n<li>revocare il consenso precedentemente prestato, senza pregiudicare la liceit\u00e0 del trattamento basato sul consenso prima della revoca;<\/li>\n<li>chiedere al Titolare del Trattamento l\u2019accesso, la rettifica o la cancellazione (\u201cDiritto all\u2019Oblio\u201d) dei dati personali o la limitazione del trattamento dei dati personali che lo riguardano o di opporsi al loro trattamento;<\/li>\n<li>ottenere la portabilit\u00e0 dei dati;<\/li>\n<li>proporre reclamo al Garante per la Protezione dei Dati.<\/li>\n<\/ul>\n<ol style=\"text-align: justify;\" start=\"7\">\n<li><strong>TITOLARE, RESPONSABILI E RESPONSABILE DELLA PROTEZIONE DEI DATI <\/strong><\/li>\n<\/ol>\n<p style=\"text-align: justify;\">Il Titolare del trattamento dei dati personali \u00e8 la Casa Generalizia dell\u2019Ordine dei Padri Carmelitani Scalzi, nella persona del Legale Rappresentante <em>pro tempore<\/em> Padre Paolo De Carli, con sede legale in Corso d\u2019Italia 38, CAP 00198 Roma (RM).<\/p>\n<p style=\"text-align: justify;\">L\u2019elenco completo dei Responsabili del trattamento \u00e8 disponibile presso la sede del Titolare e pu\u00f2 essere richiesto inviando una comunicazione all\u2019indirizzo di posta elettronica <a href=\"mailto:privacy@teresianum.net\">privacy@teresianum.net<\/a>.<\/p>\n<p style=\"text-align: justify;\">Il Responsabile della Protezione dei Dati pu\u00f2 essere contattato all\u2019indirizzo di posta elettronica <a href=\"mailto:dpo@teresianum.net\">dpo@teresianum.net<\/a>.<\/p>\n<p>&nbsp;<\/p>\n<p style=\"text-align: justify;\">Ultimo aggiornamento: <strong><u>luglio 2019<\/u><\/strong><\/p>","protected":false},"excerpt":{"rendered":"<p>INFORMATIVA RESA AI SENSI DELL\u2019ART. 13 DEL REGOLAMENTO (UE) N. 2016\/679 SUL TRATTAMENTO DEI DATI PERSONALI DEGLI UTENTI DEL SITO [&hellip;]<\/p>\n","protected":false},"author":1,"featured_media":0,"parent":0,"menu_order":19,"comment_status":"closed","ping_status":"closed","template":"","meta":{"footnotes":""},"_links":{"self":[{"href":"https:\/\/www.teresianum.net\/en\/wp-json\/wp\/v2\/pages\/15272"}],"collection":[{"href":"https:\/\/www.teresianum.net\/en\/wp-json\/wp\/v2\/pages"}],"about":[{"href":"https:\/\/www.teresianum.net\/en\/wp-json\/wp\/v2\/types\/page"}],"author":[{"embeddable":true,"href":"https:\/\/www.teresianum.net\/en\/wp-json\/wp\/v2\/users\/1"}],"replies":[{"embeddable":true,"href":"https:\/\/www.teresianum.net\/en\/wp-json\/wp\/v2\/comments?post=15272"}],"version-history":[{"count":4,"href":"https:\/\/www.teresianum.net\/en\/wp-json\/wp\/v2\/pages\/15272\/revisions"}],"predecessor-version":[{"id":15287,"href":"https:\/\/www.teresianum.net\/en\/wp-json\/wp\/v2\/pages\/15272\/revisions\/15287"}],"wp:attachment":[{"href":"https:\/\/www.teresianum.net\/en\/wp-json\/wp\/v2\/media?parent=15272"}],"curies":[{"name":"wp","href":"https:\/\/api.w.org\/{rel}","templated":true}]}}