{"id":15104,"date":"2019-06-27T19:18:24","date_gmt":"2019-06-27T17:18:24","guid":{"rendered":"http:\/\/www.teresianum.net\/?page_id=15104"},"modified":"2024-11-21T17:27:42","modified_gmt":"2024-11-21T16:27:42","slug":"sp1200-lagire-e-la-presenza-della-trinita-nelleconomia-della-grazia","status":"publish","type":"page","link":"https:\/\/www.teresianum.net\/en\/specializzazione-in-teologia-spirituale\/ciclo-per-la-licenza-ts\/curriculum-di-studio\/sp1200-lagire-e-la-presenza-della-trinita-nelleconomia-della-grazia\/","title":{"rendered":"SP1200 L\u2019agire e la presenza della Trinit\u00e0 nell\u2019economia della grazia"},"content":{"rendered":"<p class=\"qtranxs-available-languages-message qtranxs-available-languages-message-en\"> <p style=\"text-align: justify;\"><em>Docente: <\/em>Prof. Denis Chardonnens<\/p>\n<p>&nbsp;<\/p>\n<p style=\"text-align: justify;\"><strong>Giustificazione<\/strong><\/p>\n<p style=\"text-align: justify;\">La Trinit\u00e0 agisce ed \u00e8 presente nell\u2019economia della grazia, al fine di offrire all\u2019uomo una partecipazione del suo amore, allacciando un\u2019alleanza definitiva in Cristo, secondo l\u2019effusione del dono dello Spirito Santo. Le missioni inseparabili del Figlio e dello Spirito Santo mettono in opera il disegno di salvezza di Dio nel mondo e raggiungono, per grazia, la persona umana chiamata alla santit\u00e0 nella comunione ecclesiale. In altri termini, l\u2019uomo, con la Chiesa, sperimenta, nella fecondit\u00e0 di questa doppia missione, l\u2019inabitazione della Trinit\u00e0 e risponde alla sua vocazione escatologica (cf. Gv 14,23).<\/p>\n<p style=\"text-align: justify;\"><strong>Obiettivi<\/strong><\/p>\n<p style=\"text-align: justify;\">Il corso cerca di rendere conto dell\u2019agire e della presenza della Trinit\u00e0 nell\u2019economia della grazia, in Cristo, considerando il rapporto tra Dio Trinit\u00e0 e l\u2019uomo nel suo cammino storico ed esistenziale, contrassegnato dalla ricerca della verit\u00e0. Tale proposito \u00e8 affrontato all\u2019interno di una dottrina della Provvidenza salvifica della Trinit\u00e0, con la sua ripercussione spirituale.<\/p>\n<p style=\"text-align: justify;\"><strong>Contenuti<\/strong><\/p>\n<p style=\"text-align: justify;\">Il corso comporta tre parti principali:<\/p>\n<p style=\"text-align: justify;\">1\u00b0 L\u2019agire e la presenza della Trinit\u00e0 nell\u2019economia della grazia.<\/p>\n<p style=\"text-align: justify;\">2\u00b0 L\u2019inabitazione della Trinit\u00e0, per grazia dello Spirito Santo, in Cristo.<\/p>\n<p style=\"text-align: justify;\">3\u00b0 Camminare sotto la guida di Dio.<\/p>\n<p style=\"text-align: justify;\"><strong>Metodologia<\/strong><\/p>\n<p style=\"text-align: justify;\">Lezioni e letture personali.<\/p>\n<p style=\"text-align: justify;\"><strong>Criteri di valutazione<\/strong><\/p>\n<p style=\"text-align: justify;\">Dagli Studenti ci si attende uno sforzo di sintesi, a partire da un\u2019assimilazione del corso e secondo la messa in opera di una riflessione qualificata. La valutazione ha luogo nell\u2019ambito di un esame orale sulla base di un tesario e di una bibliografia personale.<\/p>\n<p style=\"text-align: justify;\"><strong>Distribuzione del tempo di lavoro<\/strong><\/p>\n<p style=\"text-align: justify;\">Un terzo per le lezioni e due terzi per il lavoro personale.<\/p>\n<p style=\"text-align: justify;\"><strong>Bibliografia<\/strong><\/p>\n<p style=\"text-align: justify;\">Asti, F., <em>Teologia della vita mistica, Fondamenti, dinamiche, mezzi<\/em>, Citt\u00e0 del Vaticano 2009.<\/p>\n<p style=\"text-align: justify;\">Emery, G., <em>Pr\u00e9sence de Dieu et union \u00e0 Dieu, Cr\u00e9ation, inhabitation par gr\u00e2ce, incarnation et vision bienheureuse selon saint Thomas d\u2019Aquin<\/em>, Paris 2017.<\/p>\n<p style=\"text-align: justify;\">Ladaria, L. F., <em>Antropologia teologica<\/em>, \u201cTheologia, 3\u201d, Quinta ristampa della seconda edizione, con nuova prefazione, Roma 2011.<\/p>\n<p style=\"text-align: justify;\">Ladaria, L. F., <em>Il Dio vivo e vero,<\/em> <em>Il mistero della Trinit\u00e0<\/em>, Cinisello Balsamo (Milano) 2012.<\/p>\n<p style=\"text-align: justify;\">Sesbo\u00fc\u00e9, B., <em>Salvati per grazia, Il dibattito sulla giustificazione dalla riforma ai nostri giorni<\/em>, Bologna 2012.<\/p>\n<p style=\"text-align: justify;\">\u00a0<\/p>","protected":false},"excerpt":{"rendered":"<p>Docente: Prof. Denis Chardonnens &nbsp; Giustificazione La Trinit\u00e0 agisce ed \u00e8 presente nell\u2019economia della grazia, al fine di offrire all\u2019uomo [&hellip;]<\/p>\n","protected":false},"author":2,"featured_media":0,"parent":20526,"menu_order":39,"comment_status":"closed","ping_status":"closed","template":"page-specializzazioneteologiaspiritualelicenza.php","meta":{"footnotes":""},"_links":{"self":[{"href":"https:\/\/www.teresianum.net\/en\/wp-json\/wp\/v2\/pages\/15104"}],"collection":[{"href":"https:\/\/www.teresianum.net\/en\/wp-json\/wp\/v2\/pages"}],"about":[{"href":"https:\/\/www.teresianum.net\/en\/wp-json\/wp\/v2\/types\/page"}],"author":[{"embeddable":true,"href":"https:\/\/www.teresianum.net\/en\/wp-json\/wp\/v2\/users\/2"}],"replies":[{"embeddable":true,"href":"https:\/\/www.teresianum.net\/en\/wp-json\/wp\/v2\/comments?post=15104"}],"version-history":[{"count":6,"href":"https:\/\/www.teresianum.net\/en\/wp-json\/wp\/v2\/pages\/15104\/revisions"}],"predecessor-version":[{"id":26379,"href":"https:\/\/www.teresianum.net\/en\/wp-json\/wp\/v2\/pages\/15104\/revisions\/26379"}],"up":[{"embeddable":true,"href":"https:\/\/www.teresianum.net\/en\/wp-json\/wp\/v2\/pages\/20526"}],"wp:attachment":[{"href":"https:\/\/www.teresianum.net\/en\/wp-json\/wp\/v2\/media?parent=15104"}],"curies":[{"name":"wp","href":"https:\/\/api.w.org\/{rel}","templated":true}]}}