{"id":15099,"date":"2019-06-27T19:10:32","date_gmt":"2019-06-27T17:10:32","guid":{"rendered":"http:\/\/www.teresianum.net\/?page_id=15099"},"modified":"2021-10-26T21:20:36","modified_gmt":"2021-10-26T19:20:36","slug":"so4811-larte-del-discernimento-in-teresa-davila-e-ignazio-di-loyola","status":"publish","type":"page","link":"https:\/\/www.teresianum.net\/en\/specializzazione-in-teologia-spirituale\/ciclo-per-la-licenza-ts\/curriculum-di-studio\/so4811-larte-del-discernimento-in-teresa-davila-e-ignazio-di-loyola\/","title":{"rendered":"SO4811 L\u2019arte del discernimento in Teresa d\u2019Avila e Ignazio di Loyola"},"content":{"rendered":"<p class=\"qtranxs-available-languages-message qtranxs-available-languages-message-en\"> <p style=\"text-align: justify;\"><em>Docente<\/em>: Prof.ssa <span style=\"color: #333399;\"><\/span><\/p>\n<p style=\"text-align: justify;\"><strong>\u00a0<\/strong><\/p>\n<p style=\"text-align: justify;\"><strong>Giustificazione<\/strong><\/p>\n<p style=\"text-align: justify;\">Non di rado, nelle situazioni quotidiane, ci troviamo di fronte a situazioni che ci impongono di fare delle scelte. L&#8217;azione di scegliere, quindi, \u00e8 molto appropriata per l&#8217;essere umano. Potremmo anche renderci conto che l&#8217;essere umano pi\u00f9 \u00e8 in crisi pi\u00f9 si sente il bisogno di prendere decisioni per tornare all&#8217;equilibrio primordiale. In questa prospettiva umana-spirituale l\u2019arte del discernimento diviene di fondamentale importanza per la crescita della persona. Ne sono testimoni Ignazio di Loyola e Santa Teresa di Ges\u00f9 che hanno vissuto ed insegnato il discernimento come un mezzo chiave ed essenziale per la crescita umano e spirituale ed al contempo ci mostrano la ricchezza e la complementariet\u00e0 di due spiritualit\u00e0 con le quali Dio ha arricchito la sua Chiesa: l\u2019ignaziana e la teresiana.<\/p>\n<p style=\"text-align: justify;\"><strong>Obiettivi <\/strong><\/p>\n<p style=\"text-align: justify;\">Il corso ha come obiettivo principale attraverso l&#8217;analisi di alcuni testi di Sant\u2019Ignazio di Loyola e Santa Teresa d\u2019Avila avvicinare gli studenti alla conoscenza del discernimento spirituale come cammino personale e comunitario verso la pienezza della vita nello Spirito, al contempo intende offrire i criteri da usare e le regole da osservare nella maturazione e nell\u2019itinerario stesso del discernere.<\/p>\n<p style=\"text-align: justify;\"><strong>Contenuti <\/strong><\/p>\n<ul style=\"text-align: justify;\">\n<li>Il discernimento spirituale<\/li>\n<li>Itinerario spirituale di Ignazio di Loyola e Santa Teresa d\u2019Avila dalla prospettiva del discernimento<\/li>\n<li>Il discernimento degli spiriti (Regole ignaziane)<\/li>\n<li>Il discernimento degli spiriti secondo Santa Teresa d\u2019Avila<\/li>\n<li>Il discernimento ignaziano ed il discernimento teresiano convergenze e divergenze.<\/li>\n<li>L\u2019esperienza dell\u2019accompagnamento nel discernimento spirituale.<\/li>\n<\/ul>\n<p style=\"text-align: justify;\"><strong>Metodologia <\/strong><\/p>\n<p style=\"text-align: justify;\">Il corso seguir\u00e0 la metodologia magistrale con lo svolgersi delle lezioni tenute dal professore, con la possibilit\u00e0 per gli studenti diedi interagire con domande e contributi durante lui lezioni stesse.<\/p>\n<p style=\"text-align: justify;\"><strong>Criteri diedi valutazione <\/strong><\/p>\n<p style=\"text-align: justify;\">Un esame orale sui contenuti del corso.<\/p>\n<p style=\"text-align: justify;\"><strong>Distribuzione del tempo di lavoro <\/strong><\/p>\n<p style=\"text-align: justify;\">La maggiore parte delle ore a disposizione verranno utilizzate per lezioni frontali, riservando un congruo tempo ai lavori interattivi.<\/p>\n<p style=\"text-align: justify;\"><strong>Bibliografia <\/strong><\/p>\n<p style=\"text-align: justify;\"><em>Gli scritti di Ignazio di Loyola, a cura dei Gesuiti della Provincia d\u2019Italia<\/em>, AdP, Roma 2007.<br \/>\n<em>Opere di santa Teresa di Ges\u00f9<\/em>, OCD, Roma 2014.<br \/>\nT. \u00c1LVAREZ (A CURA DI), <em>Dizionario di Santa Teresa<\/em>, Edizioni OCD, Roma 2016.<br \/>\nHERBERT, <em>Essenza, struttura e dinamica degli Esercizi Ignaziani<\/em>, Opera Esercizi Spirituali, Cagliari, 1988.<\/p>","protected":false},"excerpt":{"rendered":"<p>Docente: Prof.ssa \u00a0 Giustificazione Non di rado, nelle situazioni quotidiane, ci troviamo di fronte a situazioni che ci impongono di [&hellip;]<\/p>\n","protected":false},"author":2,"featured_media":0,"parent":20526,"menu_order":23,"comment_status":"closed","ping_status":"closed","template":"page-specializzazioneteologiaspiritualelicenza.php","meta":{"footnotes":""},"_links":{"self":[{"href":"https:\/\/www.teresianum.net\/en\/wp-json\/wp\/v2\/pages\/15099"}],"collection":[{"href":"https:\/\/www.teresianum.net\/en\/wp-json\/wp\/v2\/pages"}],"about":[{"href":"https:\/\/www.teresianum.net\/en\/wp-json\/wp\/v2\/types\/page"}],"author":[{"embeddable":true,"href":"https:\/\/www.teresianum.net\/en\/wp-json\/wp\/v2\/users\/2"}],"replies":[{"embeddable":true,"href":"https:\/\/www.teresianum.net\/en\/wp-json\/wp\/v2\/comments?post=15099"}],"version-history":[{"count":2,"href":"https:\/\/www.teresianum.net\/en\/wp-json\/wp\/v2\/pages\/15099\/revisions"}],"predecessor-version":[{"id":15546,"href":"https:\/\/www.teresianum.net\/en\/wp-json\/wp\/v2\/pages\/15099\/revisions\/15546"}],"up":[{"embeddable":true,"href":"https:\/\/www.teresianum.net\/en\/wp-json\/wp\/v2\/pages\/20526"}],"wp:attachment":[{"href":"https:\/\/www.teresianum.net\/en\/wp-json\/wp\/v2\/media?parent=15099"}],"curies":[{"name":"wp","href":"https:\/\/api.w.org\/{rel}","templated":true}]}}