{"id":14958,"date":"2019-06-20T07:32:09","date_gmt":"2019-06-20T05:32:09","guid":{"rendered":"http:\/\/www.teresianum.net\/?page_id=14958"},"modified":"2025-06-24T22:23:37","modified_gmt":"2025-06-24T20:23:37","slug":"tp1511-metodologia-teologica","status":"publish","type":"page","link":"https:\/\/www.teresianum.net\/en\/ciclo-istituzionale-di-teologia\/curriculum-di-studio-ciclo-istituzionale\/tp1511-metodologia-teologica\/","title":{"rendered":"TP1511 Metodologia teologica"},"content":{"rendered":"<p class=\"qtranxs-available-languages-message qtranxs-available-languages-message-en\"> <p><em>Docente<\/em>: Prof. <a target=\"_blank\" href=\"\/persone\/corpo-docente\/MARIA-DE-LAS-MERCEDES-MONTALVO-GARCIA\/\">MARIA DE LAS MERCEDES MONTALVO GARCIA<\/a>\n<p><strong>\u00a0<\/strong><\/p>\n<p style=\"text-align: justify;\"><strong>Giustificazione<\/strong><\/p>\n<p style=\"text-align: justify;\">Il corso \u00e8 giustificato dalla necessit\u00e0 per gli studenti di apprendere il metodo teologico e la sua specificit\u00e0 per le diverse aree della Teologia, nonch\u00e9 di imparare a leggere e comprendere i testi teologici, dimostrando capacit\u00e0 di sintesi.<\/p>\n<p style=\"text-align: justify;\"><strong>Obiettivi<\/strong><\/p>\n<p style=\"text-align: justify;\">L\u2019obiettivo del corso \u00e8 duplice: da una parte, introdurre gli studenti al metodo della teologia, contribuendo allo sviluppo di una mente critica-credente e, dall\u2019altra parte, fornire agli studenti gli elementi indispensabili al lavoro teologico e abilitarli alla sua stesura secondo la metodologia usata nella Facolt\u00e0, che comprende anche l\u2019uso di specifiche norme tipografiche.<\/p>\n<p style=\"text-align: justify;\"><strong>Contenuti<\/strong><\/p>\n<p>Saranno previste tre parti complementari tra loro:<\/p>\n<ul style=\"list-style-type: disc;\">\n<li>conoscenza della Biblioteca, dei cataloghi e degli strumenti online;<\/li>\n<li>esposizione magistrale per fornire agli studenti i primi strumenti per lo studio della teologia: le fonti, il metodo e i metodi della teologia, la lettura e l\u2019argomentazione teologica, la relazione tra le domande del tempo attuale e la verit\u00e0, le norme di metodologia tecnica della facolt\u00e0 per l\u2019elaborazione ei testi;<\/li>\n<li style=\"text-align: justify;\">esercizi pratici di lettura per sviluppare la capacit\u00e0 di analisi, di sintesi e di comunicazione degli studenti.<\/li>\n<\/ul>\n<p><strong>Metodologia<\/strong><\/p>\n<p style=\"text-align: justify;\">L\u2019esposizione teorica, svolta con l\u2019aiuto delle presentazioni <em>power point<\/em>, cercher\u00e0 l\u2019interazione con gli studenti mediante la risoluzione di esercizi pratichi di lettura, ricerca in biblioteca ed elaborazione dei contenuti appresi.<\/p>\n<p style=\"text-align: justify;\"><strong>Criteri di valutazione<\/strong><\/p>\n<p>Lo studente \u00e8 valutato in base a due criteri:<\/p>\n<ul>\n<li>la sua partecipazione al corso;<\/li>\n<li style=\"text-align: justify;\">in sede di esame finale, la qualit\u00e0 della presentazione critico-analitica di un libro letto e l\u2019elaborazione di una breve bibliografia secondo le norme della Facolt\u00e0.<\/li>\n<\/ul>\n<p style=\"text-align: justify;\"><strong>Distribuzione del tempo di lavoro<\/strong><\/p>\n<p style=\"text-align: justify;\">La prima seduta sar\u00e0 dedicata alla visita in biblioteca. Nelle sedute seguenti l\u2019esposizione del tema (mediante la proiezione di <em>power point<\/em>) si alterner\u00e0 agli esercizi pratici di metodologia compiuti dagli studenti, allo scopo di aiutare l\u2019assimilazione dei contenuti proposti.<\/p>\n<p style=\"text-align: justify;\"><strong>Bibliografia<\/strong><\/p>\n<ul>\n<li>Fanton, A., <em>Metodologia per lo studio della teologia. \u201cDesidero intelligere veritatem tuam\u201d<\/em>, Padova 2010.<\/li>\n<li>Lorizio, G. \u2013 Galantino, N., <em>Metodologia teologica. Avviamento allo studio e alla ricerca pluridisciplinari<\/em>, Cinisello Balsamo 1994.<\/li>\n<li>Mura, G. \u2013 Di Ianni, M., <em>Metodologia, con una guida bibliografica per lo studio della filosofia e della teologia<\/em>, Roma 1995.<\/li>\n<li>Pontificia Academia Theologica, <em>Il metodo teologico. Tradizione, innovazione, comunione in Cristo<\/em>, ed. M. Sodi, Citt\u00e0 del Vaticano 2008.<\/li>\n<li style=\"text-align: justify;\">Wicks, J., <em>Introduzione al metodo teologico<\/em>, Introduzione alle discipline teologiche, Casale Monferrato 1994.<\/li>\n<\/ul>","protected":false},"excerpt":{"rendered":"<p>Docente: Prof. \u00a0 Giustificazione Il corso \u00e8 giustificato dalla necessit\u00e0 per gli studenti di apprendere il metodo teologico e la [&hellip;]<\/p>\n","protected":false},"author":2,"featured_media":0,"parent":85,"menu_order":0,"comment_status":"closed","ping_status":"closed","template":"","meta":{"footnotes":""},"_links":{"self":[{"href":"https:\/\/www.teresianum.net\/en\/wp-json\/wp\/v2\/pages\/14958"}],"collection":[{"href":"https:\/\/www.teresianum.net\/en\/wp-json\/wp\/v2\/pages"}],"about":[{"href":"https:\/\/www.teresianum.net\/en\/wp-json\/wp\/v2\/types\/page"}],"author":[{"embeddable":true,"href":"https:\/\/www.teresianum.net\/en\/wp-json\/wp\/v2\/users\/2"}],"replies":[{"embeddable":true,"href":"https:\/\/www.teresianum.net\/en\/wp-json\/wp\/v2\/comments?post=14958"}],"version-history":[{"count":6,"href":"https:\/\/www.teresianum.net\/en\/wp-json\/wp\/v2\/pages\/14958\/revisions"}],"predecessor-version":[{"id":91056,"href":"https:\/\/www.teresianum.net\/en\/wp-json\/wp\/v2\/pages\/14958\/revisions\/91056"}],"up":[{"embeddable":true,"href":"https:\/\/www.teresianum.net\/en\/wp-json\/wp\/v2\/pages\/85"}],"wp:attachment":[{"href":"https:\/\/www.teresianum.net\/en\/wp-json\/wp\/v2\/media?parent=14958"}],"curies":[{"name":"wp","href":"https:\/\/api.w.org\/{rel}","templated":true}]}}