{"id":14942,"date":"2019-06-20T06:44:50","date_gmt":"2019-06-20T04:44:50","guid":{"rendered":"http:\/\/www.teresianum.net\/?page_id=14942"},"modified":"2024-11-21T17:39:39","modified_gmt":"2024-11-21T16:39:39","slug":"tp1160b-il-mistero-di-dio-trinita-ii","status":"publish","type":"page","link":"https:\/\/www.teresianum.net\/en\/ciclo-istituzionale-di-teologia\/curriculum-di-studio-ciclo-istituzionale\/tp1160b-il-mistero-di-dio-trinita-ii\/","title":{"rendered":"TP1160B Il mistero di Dio Trinit\u00e0 II"},"content":{"rendered":"<p class=\"qtranxs-available-languages-message qtranxs-available-languages-message-en\"> [vc_row][vc_column][vc_column_text]\n<p style=\"text-align: left;\"><span style=\"color: #000000;\"><em>Docente<\/em>: Prof. Denis Chardonnens<\/span><\/p>\n<p>&nbsp;<\/p>\n<p style=\"text-align: justify;\"><strong>Giustificazione<\/strong><\/p>\n<p style=\"text-align: justify;\">Il mistero di Dio Trinit\u00e0, pienamente rivelato in Ges\u00f9 Cristo, \u00e8 al centro della nostra fede. L\u2019economia trinitaria della salvezza ci da accesso, nella fede, al mistero di Dio, Padre, Figlio e Spirito Santo, che \u00e8 un solo Dio, il Dio vivo, verit\u00e0 e amore. Il corso propone l\u2019enucleazione dei dati della dottrina trinitaria, a partire dalla Tradizione ecclesiale e secondo le proposte della riflessione teologica, la quale comporta, nel periodo contemporaneo, un ricco approfondimento dottrinale.<\/p>\n<p style=\"text-align: justify;\"><strong>Obiettivi<\/strong><em>\u00a0<\/em><\/p>\n<p style=\"text-align: justify;\">Il corso cerca di evidenziare le linee strutturanti della dottrina trinitaria all\u2019interno della Tradizione ecclesiale e propone una riflessione teologica sul mistero di Dio Trinit\u00e0, la quale \u00e8 incentrata sulla questione della persona in Dio.<\/p>\n<p style=\"text-align: justify;\"><strong>Contenuti<\/strong><\/p>\n<p style=\"text-align: justify;\">Il corso comporta tre parti principali, la terza essendo affrontata in questo corso (TP1160B):<\/p>\n<ol style=\"text-align: justify;\">\n<li>La rivelazione di Dio Trinit\u00e0\u00a0nell\u2019economia della salvezza.<\/li>\n<li>La verit\u00e0 della fede trinitaria nella Tradizione patristica.<\/li>\n<li>Il mistero di Dio Trinit\u00e0: approfondimento teologico della dottrina trinitaria.<\/li>\n<\/ol>\n<p style=\"text-align: justify;\"><strong>Metodologia<\/strong><\/p>\n<p style=\"text-align: justify;\">Lezioni e letture personali a partire da una bibliografia proposta in classe.<\/p>\n<p style=\"text-align: justify;\"><strong>Criteri di valutazione<\/strong><\/p>\n<p style=\"text-align: justify;\">Dagli studenti ci si attende uno sforzo di sintesi, a partire da un\u2019assimilazione del corso e secondo la messa in opera di una riflessione articolata. La valutazione ha luogo nell\u2019ambito di un esame orale che si svolge sulla base di un tesario e di una bibliografia personale.<\/p>\n<p style=\"text-align: justify;\"><strong>Lavoro<\/strong><\/p>\n<p style=\"text-align: justify;\">Un terzo per le lezioni e due terzi per il lavoro personale.<\/p>\n<p style=\"text-align: justify;\"><strong>Bibliografia<\/strong><\/p>\n<p style=\"text-align: justify;\">CODA, P., <em>Dalla Trinit\u00e0, L\u2019avvento di Dio tra storia e profezia<\/em>, Roma, 2011.<br \/>\nCOZZI, A., <em>Manuale di teologia trinitaria<\/em>, Brescia, 2009.<br \/>\nDURAND, E., <em>La p\u00e9richor\u00e8se des personnes divines, Immanence mutuelle, R\u00e9ciprocit\u00e9 et communion<\/em>, [Cogitatio fidei, 243], Paris, 2005.<br \/>\nEMERY, G., <em>The Trinitarian Theology of saint Thomas Aquinas<\/em>, New York, 2007.<br \/>\nKASPER, W., <em>Il Dio di Ges\u00f9 Cristo<\/em>, [Biblioteca di teologia contemporanea, 45], Brescia, 1997<sup>6<\/sup>.<br \/>\nLADARIA, L. F., <em>Il Dio vivo e vero, Il mistero della Trinit\u00e0<\/em>, Cinisello Balsamo (Milano), 2012.<br \/>\nLIEGI, J. P., <em>Teologia trinitaria<\/em>, Bologna, 2019.<\/p>\n[\/vc_column_text][\/vc_column][\/vc_row]","protected":false},"excerpt":{"rendered":"<p>[vc_row][vc_column][vc_column_text] Docente: Prof. Denis Chardonnens &nbsp; Giustificazione Il mistero di Dio Trinit\u00e0, pienamente rivelato in Ges\u00f9 Cristo, \u00e8 al centro [&hellip;]<\/p>\n","protected":false},"author":2,"featured_media":0,"parent":85,"menu_order":0,"comment_status":"closed","ping_status":"closed","template":"","meta":{"footnotes":""},"_links":{"self":[{"href":"https:\/\/www.teresianum.net\/en\/wp-json\/wp\/v2\/pages\/14942"}],"collection":[{"href":"https:\/\/www.teresianum.net\/en\/wp-json\/wp\/v2\/pages"}],"about":[{"href":"https:\/\/www.teresianum.net\/en\/wp-json\/wp\/v2\/types\/page"}],"author":[{"embeddable":true,"href":"https:\/\/www.teresianum.net\/en\/wp-json\/wp\/v2\/users\/2"}],"replies":[{"embeddable":true,"href":"https:\/\/www.teresianum.net\/en\/wp-json\/wp\/v2\/comments?post=14942"}],"version-history":[{"count":13,"href":"https:\/\/www.teresianum.net\/en\/wp-json\/wp\/v2\/pages\/14942\/revisions"}],"predecessor-version":[{"id":26393,"href":"https:\/\/www.teresianum.net\/en\/wp-json\/wp\/v2\/pages\/14942\/revisions\/26393"}],"up":[{"embeddable":true,"href":"https:\/\/www.teresianum.net\/en\/wp-json\/wp\/v2\/pages\/85"}],"wp:attachment":[{"href":"https:\/\/www.teresianum.net\/en\/wp-json\/wp\/v2\/media?parent=14942"}],"curies":[{"name":"wp","href":"https:\/\/api.w.org\/{rel}","templated":true}]}}