{"id":14930,"date":"2019-06-19T07:11:28","date_gmt":"2019-06-19T05:11:28","guid":{"rendered":"http:\/\/www.teresianum.net\/?page_id=14930"},"modified":"2020-07-18T17:31:42","modified_gmt":"2020-07-18T15:31:42","slug":"tp1241b-teologia-del-battesimo-della-cresima-e-delleucaristia-ii","status":"publish","type":"page","link":"https:\/\/www.teresianum.net\/en\/ciclo-istituzionale-di-teologia\/curriculum-di-studio-ciclo-istituzionale\/tp1241b-teologia-del-battesimo-della-cresima-e-delleucaristia-ii\/","title":{"rendered":"TP1241B Teologia del Battesimo, della Cresima e dell\u2019Eucaristia II"},"content":{"rendered":"<p class=\"qtranxs-available-languages-message qtranxs-available-languages-message-en\"> <p><em>Docente<\/em>: Prof. <a href=\"https:\/\/www.teresianum.net\/?p=3331\" target=\"_blank\" rel=\"noopener noreferrer\">INNOCENT NDIMUBANZI HAKIZIMANA<\/a><\/p>\n<p style=\"text-align: justify;\"><em>\u00a0<\/em><\/p>\n<p style=\"text-align: justify;\"><strong>Giustificazione<\/strong><\/p>\n<p style=\"text-align: justify;\">La seconda parte del corso consiste nell\u2019approfondimento teologico di alcuni temi fondamentali su ciascuno dei tre sacramenti. Lo studio approfondito dei vari temi \u00e8 importante nella comprensione e nella capacit\u00e0 di spiegarli. Inoltre, esso \u00e8 utile per la conoscenza della distinzione e del legame tra i tre sacramenti.<\/p>\n<p style=\"text-align: justify;\"><strong>Obiettivo<\/strong><\/p>\n<p style=\"text-align: justify;\">L\u2019obiettivo \u00e8 quello di insegnare il contenuto della teologia di ognuno dei tre sacramenti. L\u2019approfondimento teologico dei temi fondamentali aiuta lo studente a capire e a conoscere l\u2019insegnamento dottrinale definito dal magistero e la celebrazione liturgica.<\/p>\n<p style=\"text-align: justify;\"><strong>Contenuto<\/strong><\/p>\n<p style=\"text-align: justify;\">Il battesimo: 1. Il battesimo come sacramento della fede. 2. Partecipazione alla morte e risurrezione di Cristo. 3. L\u2019incorporazione alla Chiesa. 4. Sacramentalit\u00e0 del battesimo (Istituzione, materia e forma, ministro e soggetto, effetti).<br \/>\nLa cresima: 1. Il dono dello Spirito Santo. 2. Forza della fede coscienza dell\u2019appartenenza alla Chiesa. 3. Missione (adulti per difendere e diffondere la fede). 4. Sacramentalit\u00e0 della cresima.<br \/>\nL\u2019eucaristia: 1. Rendimento di grazie. 2. Memoriale del sacrificio di Cristo. 3. La transustanziazione (presenza reale, vera e tutta intera (<em>Christus totus<\/em>). 4. La comunione eucaristica (comunione con Cristo e con la Chiesa). 5. La presenza permanente (adorazione).<\/p>\n<p style=\"text-align: justify;\"><strong>Metodologia<\/strong><\/p>\n<p style=\"text-align: justify;\">Lezioni cattedratiche e presentazione degli elaborati preparati dagli studenti.<\/p>\n<p style=\"text-align: justify;\"><strong>Criteri di valutazione<\/strong><\/p>\n<p style=\"text-align: justify;\">La comprensione e la capacit\u00e0 di spiegare il contenuto dei temi trattati.<\/p>\n<p style=\"text-align: justify;\"><strong>Bibliografia<\/strong><\/p>\n<p style=\"text-align: justify;\">HAKIZIMANA, I., <em>Teologia del battesimo e della cresima<\/em>, Ed. OCD, Roma 2017;<br \/>\nPERINI, G., <em>I Sacramenti. Battesimo. Confermazione. Eucaristia<\/em>, Bologna 1999;<br \/>\nBOISMARD, M. E., <em>Le bapt\u00eame chr\u00e9tien selon le Nouveau Testament<\/em>, Cerf, Paris 2001;<br \/>\nGIRALDI, L., \u00abIl sacramento della confermazione\u00bb, in <em>Corso di Teologia Sacramentaria<\/em>, Vol. II, Queriniana, Brescia 2000, 175-184;<br \/>\nCASTELLANO CERVERA, J., <em>El misterio de la eucarist\u00eda<\/em>, EDICEP, Valencia 2004.<\/p>","protected":false},"excerpt":{"rendered":"<p>Docente: Prof. INNOCENT NDIMUBANZI HAKIZIMANA \u00a0 Giustificazione La seconda parte del corso consiste nell\u2019approfondimento teologico di alcuni temi fondamentali su [&hellip;]<\/p>\n","protected":false},"author":2,"featured_media":0,"parent":85,"menu_order":0,"comment_status":"closed","ping_status":"closed","template":"","meta":{"footnotes":""},"_links":{"self":[{"href":"https:\/\/www.teresianum.net\/en\/wp-json\/wp\/v2\/pages\/14930"}],"collection":[{"href":"https:\/\/www.teresianum.net\/en\/wp-json\/wp\/v2\/pages"}],"about":[{"href":"https:\/\/www.teresianum.net\/en\/wp-json\/wp\/v2\/types\/page"}],"author":[{"embeddable":true,"href":"https:\/\/www.teresianum.net\/en\/wp-json\/wp\/v2\/users\/2"}],"replies":[{"embeddable":true,"href":"https:\/\/www.teresianum.net\/en\/wp-json\/wp\/v2\/comments?post=14930"}],"version-history":[{"count":3,"href":"https:\/\/www.teresianum.net\/en\/wp-json\/wp\/v2\/pages\/14930\/revisions"}],"predecessor-version":[{"id":17651,"href":"https:\/\/www.teresianum.net\/en\/wp-json\/wp\/v2\/pages\/14930\/revisions\/17651"}],"up":[{"embeddable":true,"href":"https:\/\/www.teresianum.net\/en\/wp-json\/wp\/v2\/pages\/85"}],"wp:attachment":[{"href":"https:\/\/www.teresianum.net\/en\/wp-json\/wp\/v2\/media?parent=14930"}],"curies":[{"name":"wp","href":"https:\/\/api.w.org\/{rel}","templated":true}]}}