{"id":14320,"date":"2019-04-01T22:38:31","date_gmt":"2019-04-01T20:38:31","guid":{"rendered":"http:\/\/www.teresianum.net\/?page_id=14320"},"modified":"2024-11-25T10:03:09","modified_gmt":"2024-11-25T09:03:09","slug":"cas07-il-discernimento-nellaccompagnamento-spirituale","status":"publish","type":"page","link":"https:\/\/www.teresianum.net\/en\/corso-di-accompagnamento-spirituale\/piano-di-studio-2021-2022\/cas07-il-discernimento-nellaccompagnamento-spirituale\/","title":{"rendered":"CAS07 Il discernimento nell\u2019accompagnamento spirituale"},"content":{"rendered":"<p class=\"qtranxs-available-languages-message qtranxs-available-languages-message-en\"> <p><em>Docente<\/em>: Prof. Diego ARFUCH, PSS\u00a0<\/p>\n<p><strong>Giustificazione<\/strong><\/p>\n<p>Negli ultimi anni il tema del discernimento spirituale diventa sempre pi\u00f9 attuale, basta menzionare due ultime esortazioni apostoliche postsinodali del papa Francesco, dedicate alla famiglia e ai giovani. Il mondo moderno con la diversit\u00e0 allucinante di varie proposte richiede la capacit\u00e0 di discernere per fare le scelte giuste, necessarie per mantenere la propria identit\u00e0 e la pace. Tuttavia, la fragilit\u00e0 dei rapporti umani, soprattutto familiari suggerisce la necessit\u00e0 di praticare oggi il discernimento nel contesto dell\u2019accompagnamento spirituale.<\/p>\n<p><strong>Obiettivi<\/strong><\/p>\n<ol>\n<li>Capacit\u00e0 di definire e fare tipologia del discernimento spirituale.<\/li>\n<li>Orientamento nel contesto biblico e teologico del discernimento.<\/li>\n<li>Consapevolezza di vari stili di discernimento offerti dai Padri del Deserto e da alcuni santi dell\u2019epoca moderna.<\/li>\n<li>Sensibilit\u00e0 al contesto psicologico del discernimento.<\/li>\n<li>Consapevolezza delle difficolt\u00e0 nel processo di discernimento.<\/li>\n<li>Sensibilit\u00e0 alle sfide di discernimento presentato in ultime due esortazioni apostoliche postsinodali del papa Francesco e capacit\u00e0 di cercare le soluzioni (<em>Amoris laetitia\u00a0<\/em>2016,\u00a0<em>Christus vivit\u00a0<\/em>2019).<\/li>\n<li>Consapevolezza di alcuni nuovi aspetti del discernimento oggi.<\/li>\n<\/ol>\n<p><strong>Contenuti<\/strong><\/p>\n<ol>\n<li>La definizione del processo del discernimento (protagonisti, oggetto, modo, area, obiettivi, condizioni).<\/li>\n<li>Il contesto teologico del discernimento spirituale (esempi e raccomandazioni bibliche, la persona di Ges\u00f9, lo Spirito e gli spiriti, desiderio di Dio, sapienza, le virt\u00f9).<\/li>\n<li>I maestri del discernimento (Antonio, Pacomio, Evagrio, Cassiano, Giovanni Climaco, Benedetto, Bernardo, Ignazio di Loyola, Giovanni della Croce, Teresa di Ges\u00f9, Etty Hillesum).<\/li>\n<li>Aspetto mistico nel discernimento e discernimento dei fenomeni mistici.<\/li>\n<li>Il ruolo della psicologia nel discernimento spirituale.<\/li>\n<\/ol>\n<p><strong>Metodologia<\/strong><\/p>\n<p>Lezioni frontali, analisi dei testi, discussione degli esempi pratici. Lettura articoli.<\/p>\n<p><strong>Criteri di valutazione<\/strong><\/p>\n<p>La partecipazione alle lezioni, attivit\u00e0 nelle discussioni, la qualit\u00e0 dell\u2019elaborazione di un tema scelto dallo studente, un questionario finale (testo).<\/p>\n<p><strong>Distribuzione del tempo di lavoro<\/strong><\/p>\n<p>24 ore di lezioni, 30 ore per le letture e per lo studio personale, 25 ore della preparazione dell\u2019elaborato.<\/p>\n<p><strong>Bibliografia<\/strong><\/p>\n<ul>\n<li><strong>D. ARFUCH, <em>La direcci\u00f3n espiritual. <\/em><\/strong><strong><em>Notas para la formaci\u00f3n en el acompa\u00f1amiento espiritual<\/em><\/strong><strong>, Celam, Bogot\u00e0, 2021.<\/strong><\/li>\n<li>R.L. BAUTISTA,\u00a0<em>Discernment of spirits in the Bible<\/em>, Landas 28:1 (2014) 91-114;<\/li>\n<li>V. FABRIZIO,\u00a0<em>Lo spirito soffia nel deserto: carismi, discernimento e autorit\u00e0 nel monachesimo egiziano antico<\/em>, Morcelliana, Brescia, 2006;<\/li>\n<li>S. GRYGIEL,\u00a0<em>Spiritual Discernment in a Secular Age;\u00a0<\/em>Journal of Interdisciplinary Studies. 2017, Vol. 29 Issue 1\/2, p149-158;<\/li>\n<li>M. HEBBELER,\u00a0<em>Art as Discernment<\/em>, ARTS, Spring (28.2), 29-27;<\/li>\n<li>M.R. JURADO,\u00a0<em>Il discernimento spirituale. Teologia, storia, pratica<\/em>, Edizioni San Paolo, Cinisello Balsamo, 1997;<\/li>\n<li>P. MIQUEL,\u00a0<em>Mystique et discernement<\/em>, Beauchesne, Paris 1997;<\/li>\n<li>A.D. RICH,\u00a0<em>Discernment in the desert fathers: diakrisis in the life and though of early Egyptian monasticism;\u00a0<\/em>Paternoster, Milton Keynes 2007;<\/li>\n<li>P. SCHIAVONE,\u00a0<em>Il discernimento: teoria e prassi<\/em>, Paoline, Milano 2009;<\/li>\n<li>G. SOVERNIGO,\u00a0<em>Le dinamiche personali nel discernimento spirituale: elementi di psicologia della pastorale<\/em>; Edizioni Messaggero, Padova, Abbazia di Santa Giustina, 2010;<\/li>\n<li>A. SPADARO,\u00a0<em>Desiderio di Dio e discernimento<\/em>, La Civilt\u00e0 Cattolica 2001, III, 379-389;<\/li>\n<li>A. SPADARO, L.J. CAMELI,\u00a0<em>La sfida del discernimento in \u201cAmoris Laetitia\u201d<\/em>, La Civilt\u00e0 Cattolica 2016, III, 3-16;<\/li>\n<li>E.C. VACEK,\u00a0<em>Discernment within a mutual love relationship with God: a new theological foundation<\/em>, Theological Studies 74 (2013), 683-710.<\/li>\n<\/ul>","protected":false},"excerpt":{"rendered":"<p>Docente: Prof. Diego ARFUCH, PSS\u00a0 Giustificazione Negli ultimi anni il tema del discernimento spirituale diventa sempre pi\u00f9 attuale, basta menzionare [&hellip;]<\/p>\n","protected":false},"author":2,"featured_media":0,"parent":20791,"menu_order":0,"comment_status":"closed","ping_status":"closed","template":"","meta":{"footnotes":""},"_links":{"self":[{"href":"https:\/\/www.teresianum.net\/en\/wp-json\/wp\/v2\/pages\/14320"}],"collection":[{"href":"https:\/\/www.teresianum.net\/en\/wp-json\/wp\/v2\/pages"}],"about":[{"href":"https:\/\/www.teresianum.net\/en\/wp-json\/wp\/v2\/types\/page"}],"author":[{"embeddable":true,"href":"https:\/\/www.teresianum.net\/en\/wp-json\/wp\/v2\/users\/2"}],"replies":[{"embeddable":true,"href":"https:\/\/www.teresianum.net\/en\/wp-json\/wp\/v2\/comments?post=14320"}],"version-history":[{"count":9,"href":"https:\/\/www.teresianum.net\/en\/wp-json\/wp\/v2\/pages\/14320\/revisions"}],"predecessor-version":[{"id":26404,"href":"https:\/\/www.teresianum.net\/en\/wp-json\/wp\/v2\/pages\/14320\/revisions\/26404"}],"up":[{"embeddable":true,"href":"https:\/\/www.teresianum.net\/en\/wp-json\/wp\/v2\/pages\/20791"}],"wp:attachment":[{"href":"https:\/\/www.teresianum.net\/en\/wp-json\/wp\/v2\/media?parent=14320"}],"curies":[{"name":"wp","href":"https:\/\/api.w.org\/{rel}","templated":true}]}}