{"id":13452,"date":"2018-10-17T22:09:48","date_gmt":"2018-10-17T20:09:48","guid":{"rendered":"http:\/\/www.teresianum.net\/?page_id=13452"},"modified":"2020-07-25T18:37:49","modified_gmt":"2020-07-25T16:37:49","slug":"cts34-antropologia-teologica","status":"publish","type":"page","link":"https:\/\/www.teresianum.net\/en\/corso-di-teologia-spirituale\/curriculum-di-studio\/cts34-antropologia-teologica\/","title":{"rendered":"CTS34 Antropologia teologica"},"content":{"rendered":"<p class=\"qtranxs-available-languages-message qtranxs-available-languages-message-en\"> <p><em>Docente<\/em>: Prof. <a href=\"https:\/\/www.teresianum.net\/?page_id=3331\" target=\"_blank\" rel=\"noopener noreferrer\">Innocent Ndimubanzi Hakizimana<\/a> \n<p>&nbsp;<\/p>\n<p style=\"text-align: justify;\"><strong>Giustificazione<\/strong><\/p>\n<p style=\"text-align: justify;\">Nella rivelazione, Dio comunica l\u2019identit\u00e0 dell\u2019uomo, il quale \u00e8 stato creato per vivere in comunione d\u2019amore con Lui. Creato per mezzo della Parola di Dio, l\u2019uomo porta in s\u00e9 l\u2019impronta divina. Dotato di un corpo, egli \u00e8 un essere spirituale inseparabile dal suo Creatore. Pur essendo in relazione con Dio, l\u2019uomo \u00e8 anche libero. \u00c8 quindi nella libert\u00e0 che egli pu\u00f2 ascoltare, obbedire o disobbedire a Dio. La disobbedienza lo porta all\u2019allontanamento da Dio e quindi alla mancanza di responsabilit\u00e0 nella comunione con Dio e con le altre creature. Essa \u00e8 ristabilita dalla mediazione del Figlio incarnato in cui l\u2019uomo ritrova la vera libert\u00e0 di vivere con Dio, di utilizzare i doni dell\u2019intelligenza e della sapienza in comunione e al servizio dell\u2019umanit\u00e0 e delle altre creature secondo il disegno del Creatore.<\/p>\n<p style=\"text-align: justify;\"><strong>Obiettivo<\/strong><\/p>\n<p style=\"text-align: justify;\">L\u2019obiettivo del corso \u00e8 spiegare l\u2019identit\u00e0 e la vocazione dell\u2019uomo secondo la volont\u00e0 di Dio. Tale conoscenza serve a capire la propria vicinanza a Dio seguendo Ges\u00f9 Cristo, Dio e uomo, oppure la propria lontananza da Dio, lasciandosi dominare dal peccato.<\/p>\n<p style=\"text-align: justify;\"><strong>Contenuti<\/strong><\/p>\n<p style=\"text-align: justify;\">1. Il progetto di Dio nella creazione dell\u2019uomo. 2. I doni della libert\u00e0, della sapienza, dell\u2019intelligenza e la loro funzione nella storia. La disobbedienza a Dio e i suoi effetti negativi. 3. La liberazione e la comunione d\u2019amore con Dio in Ges\u00f9 Cristo. 4. L\u2019uomo nella storia: fede e scoperte scientifiche, vita e condizioni di vita, La funzione del dialogo. 5. La vera vita in Dio.<\/p>\n<p style=\"text-align: justify;\"><strong>Didattica<\/strong><\/p>\n<p style=\"text-align: justify;\">Lezioni cattedratiche in dialogo con gli studenti per verificare la comprensione tema trattato.<\/p>\n<p style=\"text-align: justify;\"><strong>Distribuzione del tempo<\/strong><\/p>\n<p style=\"text-align: justify;\">Le 12 ore sono dedicate all\u2019insegnamento seguendo la didattica del dialogo sui vari argomenti.<\/p>\n<p style=\"text-align: justify;\"><strong>Bibliografia<\/strong><\/p>\n<ul>\n<li style=\"text-align: justify;\">BAEZ S. J., \u00abL\u2019uomo nel progetto di Dio: Genesi 1-3\u00bb, in <em>Antropologia cristiana<\/em>, Citt\u00e0 Nuova, Roma 2001, 167-205;<\/li>\n<li style=\"text-align: justify;\">RATZINGER, J., <em>Il cristianesimo e le religioni<\/em> <em>del mondo. Fede, Verit\u00e0, Tolleranza<\/em>, Cantagalli, Siena 2003;<\/li>\n<li style=\"text-align: justify;\">SICARI, A. M., <em>La verit\u00e0 dell\u2019amore. Dalla Trinit\u00e0 alla famiglia<\/em>, Ed. Ares, Milano 2016.<\/li>\n<\/ul>","protected":false},"excerpt":{"rendered":"<p>Docente: Prof. Innocent Ndimubanzi Hakizimana &nbsp; Giustificazione Nella rivelazione, Dio comunica l\u2019identit\u00e0 dell\u2019uomo, il quale \u00e8 stato creato per vivere [&hellip;]<\/p>\n","protected":false},"author":2,"featured_media":0,"parent":9108,"menu_order":0,"comment_status":"closed","ping_status":"closed","template":"","meta":{"footnotes":""},"_links":{"self":[{"href":"https:\/\/www.teresianum.net\/en\/wp-json\/wp\/v2\/pages\/13452"}],"collection":[{"href":"https:\/\/www.teresianum.net\/en\/wp-json\/wp\/v2\/pages"}],"about":[{"href":"https:\/\/www.teresianum.net\/en\/wp-json\/wp\/v2\/types\/page"}],"author":[{"embeddable":true,"href":"https:\/\/www.teresianum.net\/en\/wp-json\/wp\/v2\/users\/2"}],"replies":[{"embeddable":true,"href":"https:\/\/www.teresianum.net\/en\/wp-json\/wp\/v2\/comments?post=13452"}],"version-history":[{"count":6,"href":"https:\/\/www.teresianum.net\/en\/wp-json\/wp\/v2\/pages\/13452\/revisions"}],"predecessor-version":[{"id":17720,"href":"https:\/\/www.teresianum.net\/en\/wp-json\/wp\/v2\/pages\/13452\/revisions\/17720"}],"up":[{"embeddable":true,"href":"https:\/\/www.teresianum.net\/en\/wp-json\/wp\/v2\/pages\/9108"}],"wp:attachment":[{"href":"https:\/\/www.teresianum.net\/en\/wp-json\/wp\/v2\/media?parent=13452"}],"curies":[{"name":"wp","href":"https:\/\/api.w.org\/{rel}","templated":true}]}}