{"id":12697,"date":"2018-08-05T23:32:24","date_gmt":"2018-08-05T21:32:24","guid":{"rendered":"http:\/\/www.teresianum.net\/?page_id=12697"},"modified":"2022-09-16T15:33:41","modified_gmt":"2022-09-16T13:33:41","slug":"tp1193a","status":"publish","type":"page","link":"https:\/\/www.teresianum.net\/en\/ciclo-istituzionale-di-teologia\/curriculum-di-studio-ciclo-istituzionale\/tp1193a\/","title":{"rendered":"TP1193A Il Mistero di Ges\u00f9 Cristo I"},"content":{"rendered":"<p class=\"qtranxs-available-languages-message qtranxs-available-languages-message-en\"> <p style=\"text-align: justify;\"><span style=\"color: #000000;\"><em>Docente<\/em>: Prof. <\/span><\/p>\n<p>&nbsp;<\/p>\n<p><strong>Giustificazione<\/strong><\/p>\n<p>Ges\u00f9 Cristo, Figlio di Dio incarnato, \u00e8 il Rivelatore del Padre nello Spirito Santo. Il carattere cristocentrico della Rivelazione manifesta la teofinalit\u00e0 dell\u2019economia della salvezza in Ges\u00f9. Questo corso rende conto del contenuto essenziale della fede cristiana.<\/p>\n<p><strong>Obiettivi<\/strong><\/p>\n<p>Il corso, quale introduzione alla cristologia, cerca di enucleare le linee strutturanti del dato della Rivelazione che concerne il mistero di Ges\u00f9 Cristo, vero Dio e vero uomo. Questa enucleazione consiste in un\u2019analisi, in chiave teologica, del dato della Rivelazione, in seno alla Tradizione ecclesiale.<\/p>\n<p><strong>Contenuti<\/strong><\/p>\n<p>Il corso si suddivide in\u00a0due parti principali:<\/p>\n<ol>\n<li>La fede in Ges\u00f9 Cristo, morto e risorto: il Signore e il Salvatore del mondo<\/li>\n<li>L\u2019elaborazione della dottrina cristologica nella Tradizione patristica<\/li>\n<\/ol>\n<p><strong>Metodologia<\/strong><\/p>\n<p>Partecipazione alle lezioni e letture personali.<\/p>\n<p><strong>Criteri di valutazione<\/strong><\/p>\n<p>Esame orale. Dagli Studenti ci si attende uno sforzo di sintesi, sulla base dell\u2019assimilazione del corso e secondo lo svolgimento di una riflessione teologica.<\/p>\n<p><strong>Lavoro<\/strong><\/p>\n<p>Un terzo per le lezioni e due terzi per il lavoro personale.<\/p>\n<p><strong>Bibliografia<\/strong><\/p>\n<ul>\n<li>DURAND E., <em>J\u00e9sus contemporain, Christologie br\u00e8ve et actuelle<\/em>, Paris 2018.<\/li>\n<li>GONZ\u00c1LEZ DE CARDEDAL O., <em>Cristologia<\/em>, Cinisello Balsamo (Milano) 2004.<\/li>\n<li>GRONCHI M., <em>Trattato su Ges\u00f9 Cristo, Figlio di Dio Salvatore<\/em>, Brescia 2008.<\/li>\n<li>HURTADO L. W., <em>Signore Ges\u00f9 Cristo, La venerazione di Ges\u00f9 nel cristianesimo pi\u00f9 antico<\/em>, 2 voll., [Introduzione allo studio della Bibbia, Supplementi 32-33], Brescia 2006-2007.<\/li>\n<li>O\u2019COLLINS G., <em>Cristologia, Uno studio biblico, storico e sistematico su Ges\u00f9 Cristo<\/em>, Brescia 2007<sup>3<\/sup>.<\/li>\n<li style=\"text-align: justify;\">SESBO\u00dc\u00c9 B., <em>Ges\u00f9 Cristo nella Tradizione della Chiesa<\/em>, Cinisello Balsamo (Milano) 1987.<\/li>\n<\/ul>","protected":false},"excerpt":{"rendered":"<p>Docente: Prof. &nbsp; Giustificazione Ges\u00f9 Cristo, Figlio di Dio incarnato, \u00e8 il Rivelatore del Padre nello Spirito Santo. Il carattere [&hellip;]<\/p>\n","protected":false},"author":2,"featured_media":0,"parent":85,"menu_order":0,"comment_status":"closed","ping_status":"closed","template":"","meta":{"footnotes":""},"_links":{"self":[{"href":"https:\/\/www.teresianum.net\/en\/wp-json\/wp\/v2\/pages\/12697"}],"collection":[{"href":"https:\/\/www.teresianum.net\/en\/wp-json\/wp\/v2\/pages"}],"about":[{"href":"https:\/\/www.teresianum.net\/en\/wp-json\/wp\/v2\/types\/page"}],"author":[{"embeddable":true,"href":"https:\/\/www.teresianum.net\/en\/wp-json\/wp\/v2\/users\/2"}],"replies":[{"embeddable":true,"href":"https:\/\/www.teresianum.net\/en\/wp-json\/wp\/v2\/comments?post=12697"}],"version-history":[{"count":18,"href":"https:\/\/www.teresianum.net\/en\/wp-json\/wp\/v2\/pages\/12697\/revisions"}],"predecessor-version":[{"id":23449,"href":"https:\/\/www.teresianum.net\/en\/wp-json\/wp\/v2\/pages\/12697\/revisions\/23449"}],"up":[{"embeddable":true,"href":"https:\/\/www.teresianum.net\/en\/wp-json\/wp\/v2\/pages\/85"}],"wp:attachment":[{"href":"https:\/\/www.teresianum.net\/en\/wp-json\/wp\/v2\/media?parent=12697"}],"curies":[{"name":"wp","href":"https:\/\/api.w.org\/{rel}","templated":true}]}}