{"id":12255,"date":"2018-07-15T23:28:25","date_gmt":"2018-07-15T21:28:25","guid":{"rendered":"http:\/\/www.teresianum.net\/?page_id=12255"},"modified":"2021-07-21T09:59:24","modified_gmt":"2021-07-21T07:59:24","slug":"sp1172a-santa-teresa-di-gesu-temi-fondamentali-di-spiritualita","status":"publish","type":"page","link":"https:\/\/www.teresianum.net\/en\/specializzazione-in-teologia-spirituale\/ciclo-per-la-licenza-ts\/curriculum-di-studio\/sp1172a-santa-teresa-di-gesu-temi-fondamentali-di-spiritualita\/","title":{"rendered":"SP1172A Santa Teresa di Ges\u00f9: temi fondamentali di spiritualit\u00e0"},"content":{"rendered":"<p class=\"qtranxs-available-languages-message qtranxs-available-languages-message-en\"> <p><em>Docente: <\/em>Prof. <a href=\"https:\/\/www.teresianum.net\/?page_id=3419\" target=\"_blank\" rel=\"noopener noreferrer\">Emilio Mart\u00ednez<\/a> \n<p>&nbsp;<\/p>\n<p><strong>Giustificazione<\/strong><\/p>\n<p style=\"text-align: justify;\">Santa Teresa di Ges\u00f9 ha un posto tra gli autori pi\u00f9 importanti della storia della Spiritualit\u00e0. Nelle sue opere ha riportato e interpretato le sue esperienze mistiche che sono testimonio del Dio vivente; sistematizzandole, \u00e8 diventata anche maestra di vita spirituale offrendo una dottrina sicura e di riferimento in alcuni temi fondamentali di Spiritualit\u00e0.<\/p>\n<p style=\"text-align: justify;\"><strong>Obiettivi<\/strong><\/p>\n<p style=\"text-align: justify;\">Esporre sistematicamente la spiritualit\u00e0 di S. Teresa \u2013fondata nella sua esperienza di Dio-, con un approccio interdisciplinare e rendendo evidente l\u2019essenza cristologica di essa e il suo carattere profetico.<\/p>\n<p style=\"text-align: justify;\"><strong>Contenuti<\/strong><\/p>\n<p style=\"text-align: justify;\">Introduzione generale alla figura di S. Teresa di Ges\u00f9 e presentazione della sua dottrina e dei suoi insegnamenti spirituali, con particolare accento nei temi di vita cristiana sui quali \u00e8 ritenuta maestra: la preghiera, l\u2019esperienza mistica, la santit\u00e0 cristiana, la comunione fraterna, ecc.<\/p>\n<p style=\"text-align: justify;\"><strong>Metodologia<\/strong><\/p>\n<p style=\"text-align: justify;\">Esposizioni magistrali del professore a partire della lettura di testi teresiani.<\/p>\n<p style=\"text-align: justify;\"><strong>Criteri di valutazione<\/strong><\/p>\n<p style=\"text-align: justify;\">Esame orale.<\/p>\n<p style=\"text-align: justify;\"><strong>Distribuzione del tempo di lavoro<\/strong><\/p>\n<p style=\"text-align: justify;\">Dopo un\u2019introduzione generale breve nella quale sar\u00e0 situata la figura di S. Teresa nel suo ambiente biografico e storico, il professore esporr\u00e0 i temi proposti nel programma stimolando gli studenti a una lettura sistematica delle opere teresiane, col fine di famigliarizzarli con lo stile dell\u2019autrice e con il contenuto delle sue opere, per cui alcune sessioni \u2013alla fine del corso- saranno dedicate al dialogo e condivisione con gli alunni a partire di testi concreti proposti dal professore.<\/p>\n<p style=\"text-align: justify;\"><strong>Bibliografia di base<\/strong><\/p>\n<ul>\n<li style=\"text-align: justify;\">TERESA DI GES\u00d9, <em>Opere<\/em>, Edizioni OCD, Roma 2005.<\/li>\n<li style=\"text-align: justify;\">TERESA DI GES\u00d9, <em>Epistolario<\/em>, Edizioni OCD, Roma 1982.<\/li>\n<li style=\"text-align: justify;\">A \u00c1LVAREZ SU\u00c1REZ, <em>Santa Teresa di Ges\u00f9, testimone di Dio e maestra di orazione nei suoi scritti<\/em>, Teresianum, Roma 2011.<\/li>\n<li style=\"text-align: justify;\">T. \u00c1LVAREZ, <em>Gli orizzonti di Teresa di Ges\u00f9. Dal contesto al testo<\/em>, Edizioni OCD, Roma 2012.<\/li>\n<li style=\"text-align: justify;\">T. \u00c1LVAREZ (A CURA DI), <em>Dizionario di Santa Teresa, <\/em>Edizioni OCD, Roma 2016.<\/li>\n<li style=\"text-align: justify;\">A. BARRIENTOS (a cura di), <em>Introduzione alla lettura di Santa Teresa di Ges\u00f9. Ambiente storico e letteratura teresiana<\/em>, Edizioni OCD, Edizioni OCD, Roma 2004.<\/li>\n<li style=\"text-align: justify;\">R. ROSSI, <em>Teresa d\u2019Avila. Biografia di una scrittrice<\/em>, Editori Riuniti, Roma 2015 (scritto nel 1983 con una riedizione nel 1993).<\/li>\n<\/ul>","protected":false},"excerpt":{"rendered":"<p>Docente: Prof. Emilio Mart\u00ednez &nbsp; Giustificazione Santa Teresa di Ges\u00f9 ha un posto tra gli autori pi\u00f9 importanti della storia [&hellip;]<\/p>\n","protected":false},"author":2,"featured_media":0,"parent":20526,"menu_order":23,"comment_status":"closed","ping_status":"closed","template":"","meta":{"footnotes":""},"_links":{"self":[{"href":"https:\/\/www.teresianum.net\/en\/wp-json\/wp\/v2\/pages\/12255"}],"collection":[{"href":"https:\/\/www.teresianum.net\/en\/wp-json\/wp\/v2\/pages"}],"about":[{"href":"https:\/\/www.teresianum.net\/en\/wp-json\/wp\/v2\/types\/page"}],"author":[{"embeddable":true,"href":"https:\/\/www.teresianum.net\/en\/wp-json\/wp\/v2\/users\/2"}],"replies":[{"embeddable":true,"href":"https:\/\/www.teresianum.net\/en\/wp-json\/wp\/v2\/comments?post=12255"}],"version-history":[{"count":6,"href":"https:\/\/www.teresianum.net\/en\/wp-json\/wp\/v2\/pages\/12255\/revisions"}],"predecessor-version":[{"id":17512,"href":"https:\/\/www.teresianum.net\/en\/wp-json\/wp\/v2\/pages\/12255\/revisions\/17512"}],"up":[{"embeddable":true,"href":"https:\/\/www.teresianum.net\/en\/wp-json\/wp\/v2\/pages\/20526"}],"wp:attachment":[{"href":"https:\/\/www.teresianum.net\/en\/wp-json\/wp\/v2\/media?parent=12255"}],"curies":[{"name":"wp","href":"https:\/\/api.w.org\/{rel}","templated":true}]}}