{"id":122011,"date":"2025-09-11T12:50:54","date_gmt":"2025-09-11T10:50:54","guid":{"rendered":"https:\/\/www.teresianum.net\/?page_id=122011"},"modified":"2026-01-10T17:51:43","modified_gmt":"2026-01-10T16:51:43","slug":"octe07-espiritualidad-de-la-ofrenda-de-la-vida-lineas-generales-y-contribuciones-del-carmelo","status":"publish","type":"page","link":"https:\/\/www.teresianum.net\/en\/curso-de-teologia-espiritual\/plan-de-estudios\/octe07-espiritualidad-de-la-ofrenda-de-la-vida-lineas-generales-y-contribuciones-del-carmelo\/","title":{"rendered":"OCTE07 Espiritualidad de la ofrenda de la vida. L\u00edneas generales y contribuciones del Carmelo"},"content":{"rendered":"<p class=\"qtranxs-available-languages-message qtranxs-available-languages-message-en\"> <p style=\"text-align: justify;\">Prof. <a target=\"_blank\" href=\"\/persone\/corpo-docente\/IACOPO-IADAROLA\/\">IACOPO IADAROLA<\/a>\u00a0<\/p>\n<p style=\"text-align: justify;\"><strong>Justificaci\u00f3n<\/strong><strong><br \/>\n<\/strong>Inspir\u00e1ndose en la promulgaci\u00f3n del reciente motu proprio del Papa Francisco \u201c<em>Maiorem hac dilectionem<\/em> sobre el ofrecimiento de la vida\u201d (11\/7\/2017), el curso tratar\u00e1 de esbozar la forma de espiritualidad implicada en el uso de esta frase (\u201cofrecimiento de la vida\u201d), tanto en su aspecto m\u00e1s espec\u00edfico (los actos de ofrenda de vida) como en su aspecto m\u00e1s general en la asc\u00e9tica y la m\u00edstica cristiana.<\/p>\n<p style=\"text-align: justify;\"><strong>Objectivos <\/strong><\/p>\n<p style=\"text-align: justify;\">Esta nueva via de canonizaci\u00f3n inaugurada por <em>Maiorem hac dilectionem<\/em>, adem\u00e1s de reconocer nuevos casos can\u00f3nicos de santos, abrir\u00e1 nuevos horizontes de crecimiento espiritual para la llamada universal a la santidad en el mundo contempor\u00e1neo (no es casualidad que el Papa Francisco cite el mencionado motu proprio al comienzo de la exhortaci\u00f3n apost\u00f3lica <em>Gaudete et exsultate<\/em>); horizontes que, en su potencialidad, necesitan ser contemplados y escudri\u00f1ados en la investigaci\u00f3n teol\u00f3gica y en la pr\u00e1ctica pastoral, a trav\u00e9s del enfoque de una espiritualidad de la ofrenda de la vida.<\/p>\n<p style=\"text-align: justify;\"><strong>Contenido<\/strong><em><br \/>\n<\/em>A este fin, se trazar\u00e1n brevemente los fundamentos b\u00edblicos de una espiritualidad de la ofrenda de la vida y sus declinaciones en el curso de la Tradici\u00f3n de la Iglesia (espiritualidad del martirio, de la reparaci\u00f3n, victimal), sirvi\u00e9ndose de conocimientos espec\u00edficos sobre diversas figuras carmelitas y paradigm\u00e1ticas de la ofrenda de la vida: Teresa de Jes\u00fas, Teresa del Ni\u00f1o Jes\u00fas y de la Santa Faz,\u00a0 Teresa Benedicta de la Cruz, la hermana Luc\u00eda de F\u00e1tima, Chiquitunga. \u201c\u00bfQu\u00e9 es una existencia carmelita? Ofrecer todo el ser al Dios de Jesucristo, para que pueda usar y consumir este ser seg\u00fan su amorosa benevolencia para la obra de la redenci\u00f3n\u201d (H.U. von Balthasar, <em>C\u00f3rdula<\/em>).<\/p>\n<p style=\"text-align: justify;\"><strong>Metodolog\u00eda<br \/>\n<\/strong>Ense\u00f1anza magistral que fomenta el di\u00e1logo y el esp\u00edritu de investigaci\u00f3n entre los estudiantes.<\/p>\n<p style=\"text-align: justify;\"><strong>Criterios de evaluaci\u00f3n<\/strong><\/p>\n<p style=\"text-align: justify;\">Al final del a\u00f1o acad\u00e9mico, se debe presentar un trabajo escrito de 4 p\u00e1ginas sobre un tema asignado por el profesor en relaci\u00f3n con el curso.<\/p>\n<p style=\"text-align: justify;\"><strong>Distribuci\u00f3n del tiempo de trabajo<\/strong><\/p>\n<p style=\"text-align: justify;\">El tiempo de trabajo estar\u00e1 ocupado por las ponencias del profesor, que fomentar\u00e1n el di\u00e1logo en el plenum y el trabajo personal.<\/p>\n<p style=\"text-align: justify;\"><strong>Bibliograf\u00eda esencial<\/strong><\/p>\n<ul>\n<li style=\"text-align: justify;\">von Balthasar, H.U.,\u00a0 <em>Seriedad con las cosas.<\/em> <em>C\u00f3rdula o el caso aut\u00e9ntico<\/em>, Ediciones S\u00edgueme, Madrid 1968.<\/li>\n<li style=\"text-align: justify;\">Betschart, Ch., \u00abCondizioni e modalit\u00e0 del dono di s\u00e9 assoluto e indeterminato\u00bb,\u00a0<em>Rivista di Vita Spirituale<\/em>\u00a074\/I (2020) 49-61.<\/li>\n<li style=\"text-align: justify;\">De Bovis A. \u2013 Van Dijk W.-C., \u00abOffrande\u00bb, in M. Villet \u2013\u00a0<em>al<\/em>., ed.,\u00a0<em>Dictionnaire de spiritualit\u00e9<\/em>.\u00a0<em>Asc\u00e9tique et mystique, doctrine et histoire,<\/em> XI, Beauchesne, Paris 1982, 720-733.<\/li>\n<li id=\"yui_3_17_2_1_1761214506214_655\" style=\"text-align: justify;\">Francisco, Carta apost\u00f3lica en forma de motu proprio\u00a0<i id=\"yui_3_17_2_1_1761214506214_2079\">Maiorem hac dilectionem<\/i>\u00a0sobre el ofrecimiento de la vida, 11 julio 2017.<\/li>\n<li id=\"yui_3_17_2_1_1761214506214_655\" style=\"text-align: justify;\">Id., Exhortaci\u00f3n apost\u00f3lica\u00a0<i id=\"yui_3_17_2_1_1761214506214_3163\">Gaudete et exsultate<\/i>\u00a0sobre el llamado a la santidad en el mundo actual, 19 marzo 2019.<\/li>\n<li id=\"yui_3_17_2_1_1761214506214_2162\" style=\"text-align: justify;\">Id., Carta enc\u00edclica\u00a0<i id=\"yui_3_17_2_1_1761214506214_4422\">Dilexit nos<\/i>\u00a0sobre el amor humano y divino del Coraz\u00f3n de Jesucristo, 24 octubre 2024.<\/li>\n<li style=\"text-align: justify;\">Hern\u00e1ndez Rodr\u00edguez, M.V., \u00abAlgunas reflexiones a prop\u00f3sito de la nueva v\u00eda en las causas de los santos\u00bb, <em>Universitas Can\u00f3nica<\/em> 35 (2018), https:\/\/doi.org\/10.11144\/Javeriana.ucan35-51.arpn.<\/li>\n<li style=\"text-align: justify;\">Iadarola, I., \u00ab\u201cQuando offrir\u00e0 se stesso in sacrificio di riparazione\u2026\u201d. Per un aggiornamento della spiritualit\u00e0 riparatrice come spiritualit\u00e0 dell\u2019offerta della vita\u00bb,\u00a0<em>Rivista di Vita Spirituale<\/em>\u00a074\/III (2020) 351-373.<\/li>\n<li style=\"text-align: justify;\">Id.,\u00a0<em>\u00abNessuno ha un amore pi\u00f9 grande di questo\u00bb. Contributi carmelitani per una spiritualit\u00e0 dell\u2019offerta della vita<\/em>, Edizioni OCD, Roma 2021.<\/li>\n<li style=\"text-align: justify;\">Id., \u00ab\u201cQuien de verdad comienza a servir al Se\u00f1or, lo menos que le puede ofrecer es la vida\u201d (C 12,2). Teresa de \u00c1vila y la espiritualidad de la entrega total\u00bb,\u00a0<em>Monte Carmelo: Revista de Estudios Carmelitanos<\/em>\u00a0131\/I-II (2023) 189-206.<\/li>\n<li id=\"yui_3_17_2_1_1765271999725_1402\" style=\"text-align: justify;\">Mar\u00eda Eugenio del Ni\u00f1o Jes\u00fas,\u00a0<i>Quiero ver a Dios<\/i>, Editorial de Espiritualidad, Madrid 2002,\u00a0Parte III &#8211; Cap. III,\u00a0\u00abEl don de s\u00ed mismo\u00bb.<\/li>\n<li style=\"text-align: justify;\">Watt Rocher, D., \u00ab\u201cEl don de s\u00ed\u201d. Los santos doctores del carmelo\u00bb, <em>Ecclesia: Revista de Cultura Cat\u00f3lica <\/em>28\/III-IV (2014) 151-178.<\/li>\n<\/ul>","protected":false},"excerpt":{"rendered":"<p>Prof. \u00a0 Justificaci\u00f3n Inspir\u00e1ndose en la promulgaci\u00f3n del reciente motu proprio del Papa Francisco \u201cMaiorem hac dilectionem sobre el ofrecimiento [&hellip;]<\/p>\n","protected":false},"author":2,"featured_media":0,"parent":25720,"menu_order":0,"comment_status":"closed","ping_status":"closed","template":"","meta":{"footnotes":""},"_links":{"self":[{"href":"https:\/\/www.teresianum.net\/en\/wp-json\/wp\/v2\/pages\/122011"}],"collection":[{"href":"https:\/\/www.teresianum.net\/en\/wp-json\/wp\/v2\/pages"}],"about":[{"href":"https:\/\/www.teresianum.net\/en\/wp-json\/wp\/v2\/types\/page"}],"author":[{"embeddable":true,"href":"https:\/\/www.teresianum.net\/en\/wp-json\/wp\/v2\/users\/2"}],"replies":[{"embeddable":true,"href":"https:\/\/www.teresianum.net\/en\/wp-json\/wp\/v2\/comments?post=122011"}],"version-history":[{"count":7,"href":"https:\/\/www.teresianum.net\/en\/wp-json\/wp\/v2\/pages\/122011\/revisions"}],"predecessor-version":[{"id":168221,"href":"https:\/\/www.teresianum.net\/en\/wp-json\/wp\/v2\/pages\/122011\/revisions\/168221"}],"up":[{"embeddable":true,"href":"https:\/\/www.teresianum.net\/en\/wp-json\/wp\/v2\/pages\/25720"}],"wp:attachment":[{"href":"https:\/\/www.teresianum.net\/en\/wp-json\/wp\/v2\/media?parent=122011"}],"curies":[{"name":"wp","href":"https:\/\/api.w.org\/{rel}","templated":true}]}}