{"id":120,"date":"2015-05-05T16:25:53","date_gmt":"2015-05-05T14:25:53","guid":{"rendered":"http:\/\/www.teresianum.net\/?page_id=120"},"modified":"2023-09-15T12:59:06","modified_gmt":"2023-09-15T10:59:06","slug":"ciclo-per-la-licenza","status":"publish","type":"page","link":"https:\/\/www.teresianum.net\/en\/specializzazione-in-antropologia-teologica\/ciclo-per-la-licenza\/","title":{"rendered":"License cycle"},"content":{"rendered":"<p style=\"text-align: justify;\"><div id=\"symple-tab-4646\" class=\"symple-tabs\"><ul class=\"ui-tabs-nav symple-clearfix\"><li><a href=\"#symple-tab-presentation\">Presentation<\/a><\/li><li><a href=\"#symple-tab-study-curriculum\">Study Curriculum<\/a><\/li><li><a href=\"#symple-tab-thesis-de-universa-in-italian\">Thesis <em>De universa <\/em>(in Italian)<\/a><\/li><\/ul>\n<div id=\"symple-tab-presentation\" class=\"tab-content symple-clearfix \">\n<p style=\"text-align: justify;\">1. The Licentiate Degree Course in Theological Anthropology comprises a <strong>biennium<\/strong> dedicated to the study of fundamental subjects, as well as optional monographic or short courses, to be chosen according to preference, direction of specialism and seminaries. An examination <em>De Universa<\/em> and a Dissertation for the Degree will conclude this phase. The plan of studies entails 120 ECTS minimum.<\/p>\n<p style=\"text-align: justify;\">2. Inscription requires \u201cthe title of Bachelor\u2019s Degree in Theology or the equivalent obtained in a theological faculty\u201d (<em>Statute<\/em>, art. 76a) \u201cwith an average mark of not less than 8\/10, 24\/30 or equivalent, according to the relevant marking system. Where the mark was below this level, the President may require that the candidate pass an admissions examination\u201d (<em>Statute<\/em>, art. 46a) in the presence of two professors.<\/p>\n<p style=\"text-align: justify;\">Candidates who have completed first level (undergraduate) studies in Theology in ecclesiastically recognised institutions, but who do not have a Bachelor\u2019s degree, may enter upon the two-year specialisation (Licentiate), on condition that they have engaged in an equivalent course of studies, have obtained an average mark of not less than 8\/10, 24\/30 or equivalent, according to the relevant marking system (cf. <em>Statute<\/em>, art. 46b), and have passed the admissions examination in the presence of two professors. In the case of a negative result, the candidates \u201cmust engage in one or more semesters of the first level (undergraduate), in accordance with the established programme, and then repeat the examination\u201d (<em>Statute<\/em>, art. 46b).<\/p>\n<p style=\"text-align: justify;\">3. Ten years after the initial enrollment as an undergraduate student on the Degree Course, <strong>the right to continue studies will end<\/strong>.<\/p>\n<p style=\"text-align: justify;\">4. In addition to knowledge of the Latin, Greek and Italian languages, one of the following modern <strong>languages<\/strong> is required: French, Spanish or German (cf. <em>Statute<\/em>, artt. 46d; 76b). For more detailed information in regard to this, consult the section \u201c<em>Studiare &#8211; Lingue moderne<\/em>\u201d.<\/p>\n<p style=\"text-align: justify;\">5. The project for the <strong>Degree Dissertation<\/strong>, agreed with the Moderator, must be submitted to the General Secretariat no later than the end of May in the first academic year of the biennium. The project must include: the subject of the Dissertation, a resum\u00e9 and a basic bibliography. It should not have been presented previously in any other Academic Centre.<\/p>\n<p style=\"text-align: justify;\">The Moderator for the Degree Dissertation is chosen by the student from among the professors of the Teaching Body, whilst the examiner is designated and named by the Executive Committee, from among the Faculty professors.<\/p>\n<p style=\"text-align: justify;\">Exceptionally, a professor from another ecclesiastical or civil faculty may be named by the Executive Committee as examiner.<\/p>\n<p style=\"text-align: justify;\">Professors who have ceased to be in post (cf. <em>Statute<\/em>, art. 41) cannot be Moderators. Emeritus professors may complete their commitment as Moderators, if appointed before their new status took effect.<\/p>\n<p style=\"text-align: justify;\">For emeritus professors, the duties as Moderator and Examiner are subject to approval by the Chancellor, following a proposal made by the advisory body of the Faculty (cf. <em>Statute<\/em>, art. 41b).<\/p>\n<p style=\"text-align: justify;\">Once three years have passed since approval of the plan of the Degree Dissertation, the student loses the right to proceed in that particular research area, except in cases where the Dissertation remains free, in other words, the subject matter has not been approved for another student.<\/p>\n<p style=\"text-align: justify;\">The Degree Dissertation -comprising a minimum of 60 and a maximum of 120 pages- signed by the moderator, should be Submitted to the General Secretariat. There should be three paper copies hard bound, as well as an electronic copy to be sent as a PDF, before the due date for that academic year. At the same time, a declaration with regard to the originality of the text and the conformity of the PDF with the written text, as per the model available on the Faculty\u2019s web page.<\/p>\n<p style=\"text-align: justify;\">6. For the presentation of the Degree Dissertation, as well as any other written tasks, bear in mind the <strong>general norms required when editing research work<\/strong> (available on the Faculty\u2019s web page).<\/p>\n<p style=\"text-align: justify;\">7. With regard to the enrollment procedure for the <strong>examination <em>De Universa<\/em><\/strong>, it is only possible to enroll three times in the period of three successive years after the conclusion of the course.<\/p>\n<p style=\"text-align: justify;\">The Examining Committee for the examination <em>De Universa<\/em> comprises two professors who together, proceed to examine the candidate. The Viva voce examination <em>De Universa<\/em> lasts one hour.<\/p>\n<p style=\"text-align: justify;\">In the first ten minutes the candidate will set out the Degree Dissertation, following the lines of a written text which will be submitted to the professors at the beginning of the examination, after which the professors can formulate relevant questions (ten minutes).<\/p>\n<p style=\"text-align: justify;\">The written text for the presentation of the Degree Dissertation should not exceed two pages and should include the following points:<br \/>\na) name and surname of the student, title and subtitle of the dissertation;<br \/>\nb) a brief resum\u00e9 of the same (10-15 lines).<br \/>\nc) a detailed plan of the viva presentation. It is advisable to include quotations and the main results of the research in the plan (formulated synthetically).<\/p>\n<p style=\"text-align: justify;\">The student must take three copies of this text with him (one for his presentation and two for the professors). The final mark will take this written text into account. In the 40 minutes remaining of the examination, the professors will proceed to examine the candidate on the chosen aspects of the Thesis.<\/p>\n<p style=\"text-align: justify;\">The official language for the examination <em>De Universa<\/em> is Italian; other languages may be accepted at the discretion of the Examinations Board.<\/p>\n<p style=\"text-align: justify;\">8. The biennium concludes with the conferring of the <strong>Bachelor Degree or Master\u2019s Degree (Specialist Laurea)<\/strong> in Theology with Theological Anthropology as a specialization, according to the studies engaged in by the student (cf. <em>Statute<\/em>, art. 89a).<\/p>\n<p style=\"text-align: justify;\">Marks awarded for said qualifications are as follows:<br \/>\n1\/3 &#8211; median achieved in the biennium;<br \/>\n1\/3 written Dissertation;<br \/>\n1\/3 a Viva voce examination <em>De Universa<\/em>.<\/p>\n<p>&nbsp;<\/p>\n<p><strong>Class schedule<\/strong><\/p>\n<p>From Monday to Friday 08.30-12.55. Some lessons can be held in the afternoon (15.30-18.50).<\/p>\n<\/div>\n<div id=\"symple-tab-study-curriculum\" class=\"tab-content symple-clearfix \">\n<p>The Second-Cycle Student must take the following coursework for a minimum of 120 credits ECTS in the two years of the License Degree:<\/p>\n<p>&nbsp;<\/p>\n<table style=\"width: 100%; height: 163px;\">\n<tbody>\n<tr style=\"border-top: 1px solid #cccccc; border-bottom: 1px solid #cccccc;\">\n<td style=\"width: 600px; height: 24px;\">Required courses<\/td>\n<td style=\"width: 100px; text-align: right; height: 24px;\">39 ECTS<\/td>\n<\/tr>\n<tr style=\"border-bottom: 1px solid #cccccc;\">\n<td style=\"height: 24px;\">Optional courses<\/td>\n<td style=\"text-align: right; height: 24px;\">36 ECTS<\/td>\n<\/tr>\n<tr style=\"border-bottom: 1px solid #cccccc;\">\n<td style=\"height: 24px;\">Required seminars<\/td>\n<td style=\"text-align: right; height: 24px;\">8 ECTS<\/td>\n<\/tr>\n<tr style=\"border-bottom: 1px solid #cccccc;\">\n<td style=\"height: 24px;\">Optional seminar<\/td>\n<td style=\"text-align: right; height: 24px;\">4 ECTS<\/td>\n<\/tr>\n<tr style=\"height: 24px;\">\n<td style=\"height: 24px;\">Conferences and study days<\/td>\n<td style=\"text-align: right; height: 24px;\">3 ECTS<\/td>\n<\/tr>\n<tr style=\"border-top: 1px solid #cccccc; border-bottom: 1px solid #cccccc;\">\n<td style=\"height: 24px;\">Exam <em>De Universa<\/em><\/td>\n<td style=\"text-align: right; height: 24px;\">10 ECTS<\/td>\n<\/tr>\n<tr style=\"border-bottom: 1px solid #cccccc;\">\n<td style=\"height: 24px;\">Licentiate Dissertation<\/td>\n<td style=\"text-align: right; height: 24px;\">20 ECTS<\/td>\n<\/tr>\n<\/tbody>\n<\/table>\n<p>&nbsp;<\/p>\n<p><span style=\"color: #386290;\"><strong>Corsi prescritti<\/strong><\/span><\/p>\n<h4><span style=\"color: #333399;\"><strong>1. Metodi<\/strong><\/span><\/h4>\n<table style=\"height: 28px; width: 100%;\" width=\"704\">\n<tbody>\n<tr style=\"border-bottom: 1px solid #cccccc; border-top: 1px solid #cccccc;\">\n<td style=\"width: 83px; height: 24px;\"><strong><a href=\"https:\/\/www.teresianum.net\/?p=15011\" target=\"_blank\" rel=\"noopener noreferrer\">SP1002<\/a><\/strong><\/td>\n<td style=\"width: 509px; height: 24px;\"><strong><a href=\"https:\/\/www.teresianum.net\/?p=15011\" target=\"_blank\" rel=\"noopener noreferrer\">Metodologia del lavoro scientifico<\/a><\/strong><\/td>\n<td style=\"width: 90px; text-align: right; height: 24px;\">5 ECTS<\/td>\n<\/tr>\n<\/tbody>\n<\/table>\n<p>&nbsp;<\/p>\n<h4><strong><span style=\"color: #333399;\">2. L\u2019uomo come questione<\/span><\/strong><\/h4>\n<table style=\"width: 100%; height: 27px;\">\n<tbody>\n<tr style=\"border-bottom: 1px solid #cccccc; border-top: 1px solid #cccccc;\">\n<td style=\"width: 87px; height: 24px;\"><a href=\"https:\/\/www.teresianum.net\/?page_id=17439\" target=\"_blank\" rel=\"noopener noreferrer\"><strong>AP1021<\/strong><\/a><\/td>\n<td style=\"width: 494px; height: 24px;\"><a href=\"https:\/\/www.teresianum.net\/?page_id=17439\" target=\"_blank\" rel=\"noopener noreferrer\"><strong>Questioni antropologiche del mondo odierno<\/strong><\/a><\/td>\n<td style=\"width: 101px; text-align: right; height: 24px;\">5 ECTS<\/td>\n<\/tr>\n<tr style=\"border-bottom: 1px solid #cccccc;\">\n<td style=\"width: 87px; height: 24px;\"><strong><a href=\"https:\/\/www.teresianum.net\/?p=4936\">AP1330\u00a0<\/a><\/strong><\/td>\n<td style=\"height: 24px; width: 494px;\"><strong><a href=\"https:\/\/www.teresianum.net\/?p=4936\" target=\"_blank\" rel=\"noopener noreferrer\">Antropologia psicologica<\/a><\/strong><\/td>\n<td style=\"text-align: right; height: 24px; width: 101px;\">3 ECTS<\/td>\n<\/tr>\n<\/tbody>\n<\/table>\n<p>&nbsp;<\/p>\n<h4><span style=\"color: #333399;\"><strong>3. Il contributo cristiano<\/strong><\/span><\/h4>\n<table style=\"height: 249px; width: 101.126%;\" width=\"700\">\n<tbody>\n<tr style=\"border-top: 1px solid #cccccc; border-bottom: 1px solid #cccccc;\">\n<td style=\"width: 88px; height: 48px;\"><strong><a href=\"https:\/\/www.teresianum.net\/?page_id=15049\" target=\"_blank\" rel=\"noopener noreferrer\">AP1030<\/a><\/strong><\/td>\n<td style=\"width: 501px; height: 48px;\"><strong><a href=\"https:\/\/www.teresianum.net\/?page_id=15049\" target=\"_blank\" rel=\"noopener noreferrer\">\u201cCos\u2019\u00e8 mai l\u2019uomo, perch\u00e9 di lui ti ricordi?\u201d (Sal 8, 5). Dall\u2019Uno all\u2019Altro Testamento: prospettive bibliche sulla potenzialit\u00e0 positiva dell\u2019uomo<\/a><\/strong><\/td>\n<td style=\"width: 89px; text-align: right; height: 48px;\">5 ECTS<\/td>\n<\/tr>\n<tr style=\"border-top: 1px solid #cccccc; border-bottom: 1px solid #cccccc;\">\n<td style=\"width: 88px; height: 24px;\"><a href=\"https:\/\/www.teresianum.net\/?page_id=15381\" target=\"_blank\" rel=\"noopener noreferrer\"><strong>AP1210<\/strong><\/a><\/td>\n<td style=\"width: 501px; height: 24px;\"><a href=\"https:\/\/www.teresianum.net\/?page_id=15381\" target=\"_blank\" rel=\"noopener noreferrer\"><strong>L\u2019uomo nell\u2019antropologia dei Padri<\/strong><\/a><\/td>\n<td style=\"width: 89px; text-align: right; height: 24px;\">3 ECTS<\/td>\n<\/tr>\n<tr style=\"border-top: 1px solid #cccccc; border-bottom: 1px solid #cccccc;\">\n<td style=\"width: 88px; height: 24px;\"><a href=\"https:\/\/www.teresianum.net\/?page_id=17435\" target=\"_blank\" rel=\"noopener noreferrer\"><strong>AP1050<\/strong><\/a><\/td>\n<td style=\"width: 501px; height: 24px;\"><a href=\"https:\/\/www.teresianum.net\/?page_id=17435\" target=\"_blank\" rel=\"noopener noreferrer\"><strong>Cristologia e antropologia<\/strong><\/a><\/td>\n<td style=\"width: 89px; text-align: right; height: 24px;\">3 ECTS<\/td>\n<\/tr>\n<tr style=\"border-top: 1px solid #cccccc; border-bottom: 1px solid #cccccc;\">\n<td style=\"width: 88px; height: 24px;\"><strong><a href=\"https:\/\/www.teresianum.net\/?p=4922\" target=\"_blank\" rel=\"noopener noreferrer\">AP1010<\/a><\/strong><\/td>\n<td style=\"width: 501px; height: 24px;\"><strong><a href=\"https:\/\/www.teresianum.net\/?p=4922\" target=\"_blank\" rel=\"noopener noreferrer\">Antropologia teologica fondamentale<\/a><\/strong><\/td>\n<td style=\"width: 89px; text-align: right; height: 24px;\">3 ECTS<\/td>\n<\/tr>\n<tr style=\"border-bottom: 1px solid #cccccc;\">\n<td style=\"width: 88px; height: 24px;\"><strong><a href=\"https:\/\/www.teresianum.net\/?page_id=1986\" target=\"_blank\" rel=\"noopener noreferrer\">AP1230<\/a><\/strong><\/td>\n<td style=\"width: 501px; height: 24px;\"><strong><a href=\"https:\/\/www.teresianum.net\/?page_id=1986\" target=\"_blank\" rel=\"noopener noreferrer\">Antropologia teologica speciale<\/a><\/strong><\/td>\n<td style=\"text-align: right; width: 89px; height: 24px;\">3 ECTS<\/td>\n<\/tr>\n<tr style=\"border-bottom: 1px solid #cccccc;\">\n<td style=\"width: 88px; height: 24px;\"><strong><a href=\"https:\/\/www.teresianum.net\/?page_id=15054\" target=\"_blank\" rel=\"noopener noreferrer\">AP1060<\/a><\/strong><\/td>\n<td style=\"width: 501px; height: 24px;\"><strong><a href=\"https:\/\/www.teresianum.net\/?page_id=15054\" target=\"_blank\" rel=\"noopener noreferrer\">Filiazione e Sapienza: un\u2019antropologia cristiana<\/a><\/strong><\/td>\n<td style=\"text-align: right; width: 89px; height: 24px;\">3 ECTS<\/td>\n<\/tr>\n<tr style=\"border-top: 1px solid #cccccc; border-bottom: 1px solid #cccccc;\">\n<td style=\"width: 88px; height: 24px;\"><strong><a href=\"https:\/\/www.teresianum.net\/?page_id=9488\" target=\"_blank\" rel=\"noopener noreferrer\">AP1270<\/a><\/strong><\/td>\n<td style=\"width: 501px; height: 24px;\"><strong><a href=\"https:\/\/www.teresianum.net\/?page_id=9488\" target=\"_blank\" rel=\"noopener noreferrer\">Visione antropologica di Chiesa e sacramenti<\/a><\/strong><\/td>\n<td style=\"text-align: right; width: 89px; height: 24px;\">3 ECTS<\/td>\n<\/tr>\n<tr style=\"border-top: 1px solid #cccccc; border-bottom: 1px solid #cccccc;\">\n<td style=\"width: 88px; height: 48px;\"><a href=\"https:\/\/www.teresianum.net\/?page_id=17433\" target=\"_blank\" rel=\"noopener noreferrer\"><strong>AP1040<\/strong><\/a><\/td>\n<td style=\"width: 501px; height: 48px;\"><a href=\"https:\/\/www.teresianum.net\/?page_id=17433\" target=\"_blank\" rel=\"noopener noreferrer\"><strong><em>Mysterium iniquitatis<\/em>: il male come problema esistenziale, sfida antropologica e questione teologica<\/strong><\/a><\/td>\n<td style=\"text-align: right; width: 89px; height: 48px;\">3 ECTS<\/td>\n<\/tr>\n<\/tbody>\n<\/table>\n<p>&nbsp;<\/p>\n<h4><strong style=\"color: #386290; font-size: 16px;\">Corsi opzionali\u00a0<\/strong><\/h4>\n<table style=\"height: 5px; width: 100%;\" width=\"700\">\n<tbody>\n<tr style=\"border-top: 1px solid #cccccc; border-bottom: 1px solid #cccccc;\">\n<td style=\"width: 600px; height: 48px;\">Nel biennio vengono proposti diversi corsi opzionali.\u00a0Un corso opzionale pu\u00f2 essere\u00a0sostituito dalla partecipazione a due Settimane\u00a0di Spiritualit\u00e0.<\/td>\n<td style=\"width: 100px; text-align: right; height: 48px;\">36 ECTS<\/td>\n<\/tr>\n<\/tbody>\n<\/table>\n<h3>\u00a0<\/h3>\n<h4><span style=\"color: #386290;\"><strong>Seminari prescritti<\/strong><\/span><\/h4>\n<table style=\"height: 5px; width: 100%;\" width=\"700\">\n<tbody>\n<tr style=\"border-bottom: 1px solid #cccccc; border-top: 1px solid #cccccc;\">\n<td style=\"width: 83px; height: 24px;\"><strong><a href=\"https:\/\/www.teresianum.net\/?page_id=1945\" target=\"_blank\" rel=\"noopener noreferrer\">AS1000<\/a><\/strong><\/td>\n<td style=\"width: 506px; height: 24px;\"><strong><a href=\"https:\/\/www.teresianum.net\/?page_id=1945\" target=\"_blank\" rel=\"noopener noreferrer\">Seminario di antropologia teologica \u2013 lettura di testi classici<\/a><\/strong><\/td>\n<td style=\"width: 89px; text-align: right; height: 24px;\">4 ECTS<\/td>\n<\/tr>\n<tr style=\"border-bottom: 1px solid #cccccc;\">\n<td style=\"width: 83px; height: 24px;\"><strong><a href=\"https:\/\/www.teresianum.net\/?page_id=4954\" target=\"_blank\" rel=\"noopener noreferrer\">AS1010<\/a><\/strong><\/td>\n<td style=\"height: 24px; width: 506px;\"><strong><a href=\"https:\/\/www.teresianum.net\/?page_id=4954\" target=\"_blank\" rel=\"noopener noreferrer\">Seminario di antropologia teologica \u2013 lettura di testi contemporanei<\/a><\/strong><\/td>\n<td style=\"text-align: right; height: 24px; width: 89px;\">4 ECTS<\/td>\n<\/tr>\n<\/tbody>\n<\/table>\n<h3>\u00a0<\/h3>\n<h4><span style=\"color: #386290;\"><strong>Seminario a scelta<\/strong><\/span><\/h4>\n<table style=\"height: 15px; width: 100%;\" width=\"700\">\n<tbody>\n<tr style=\"border-bottom: 1px solid #cccccc; border-top: 1px solid #cccccc;\">\n<td style=\"width: 597px;\">Ogni Studente sceglie un seminario per il biennio.<\/td>\n<td style=\"width: 87px; text-align: right;\">4 ECTS<\/td>\n<\/tr>\n<\/tbody>\n<\/table>\n<p>&nbsp;<\/p>\n<h4><span style=\"color: #386290;\"><strong>Conferenze e giornate di studio<\/strong><\/span><\/h4>\n<table style=\"width: 100%; height: 131px;\">\n<tbody>\n<tr style=\"border-bottom: 1px solid #cccccc; border-top: 1px solid #cccccc;\">\n<td style=\"width: 585px; text-align: justify;\">Lo Studente \u00e8 tenuto a partecipare nel biennio ad altre attivit\u00e0 didattiche offerte dalla Facolt\u00e0 o da altre Istituzioni accademiche, scelte liberamente tra la Settimana di Spiritualit\u00e0 al <em>Teresianum<\/em>, conferenze, seminari, giornate di studio, simposi, convegni e previamente approvate. Per ottenere l\u2019approvazione, lo Studente deve presentare in Segreteria Generale la richiesta scritta con la giustificazione accompagnata dal Programma dell\u2019evento, almeno una settimana prima. L\u2019approvazione comporter\u00e0 le indicazioni riguardanti la sintesi personale o eventualmente altro tipo di lavoro che lo Studente sar\u00e0 tenuto a fare in seguito alla partecipazione all\u2019evento (da consegnare in Segreteria Generale entro un mese dopo l\u2019evento), nonch\u00e9 il valore degli ECTS attribuito all\u2019iniziativa. In ogni caso sar\u00e0 necessario presentare alla Segreteria Generale il Certificato di partecipazione.<\/td>\n<td style=\"width: 99px; text-align: right;\">3 ECTS<\/td>\n<\/tr>\n<\/tbody>\n<\/table>\n<p>\u00a0<\/div>\n<p style=\"text-align: justify;\"><div id=\"symple-tab-thesis-de-universa-in-italian\" class=\"tab-content symple-clearfix \">\n<p style=\"text-align: justify;\"><a href=\"https:\/\/www.teresianum.net\/wp-content\/uploads\/2019\/11\/Tesario-de-universa-Antropologia-teologica-2019.pdf\" class=\"pdfemb-viewer\" style=\"\" data-width=\"max\" data-height=\"max\"  data-toolbar=\"both\" data-toolbar-fixed=\"on\">Tesario-de-universa-Antropologia-teologica-2019<br\/><\/a><div style=\"margin-bottom:35px; border:1px solid black; width:100%; padding:5px; text-align:center; color:white; background-color:#cccccc;\"><a style=\"font-weight:bold; color:black;\" href=\"https:\/\/www.teresianum.net\/wp-content\/uploads\/2019\/11\/Tesario-de-universa-Antropologia-teologica-2019.pdf\" download>DOWNLOAD PDF<\/a><\/div>\n<p class=\"p1\" style=\"text-align: justify;\"><\/div>\n<p style=\"text-align: justify;\"><\/div>","protected":false},"excerpt":{"rendered":"PresentationStudy CurriculumThesis De universa (in Italian) 1. The Licentiate Degree Course in Theological Anthropology comprises a biennium dedicated to the [...]","protected":false},"author":1,"featured_media":0,"parent":114,"menu_order":0,"comment_status":"closed","ping_status":"closed","template":"","meta":{"footnotes":""},"_links":{"self":[{"href":"https:\/\/www.teresianum.net\/en\/wp-json\/wp\/v2\/pages\/120"}],"collection":[{"href":"https:\/\/www.teresianum.net\/en\/wp-json\/wp\/v2\/pages"}],"about":[{"href":"https:\/\/www.teresianum.net\/en\/wp-json\/wp\/v2\/types\/page"}],"author":[{"embeddable":true,"href":"https:\/\/www.teresianum.net\/en\/wp-json\/wp\/v2\/users\/1"}],"replies":[{"embeddable":true,"href":"https:\/\/www.teresianum.net\/en\/wp-json\/wp\/v2\/comments?post=120"}],"version-history":[{"count":377,"href":"https:\/\/www.teresianum.net\/en\/wp-json\/wp\/v2\/pages\/120\/revisions"}],"predecessor-version":[{"id":24844,"href":"https:\/\/www.teresianum.net\/en\/wp-json\/wp\/v2\/pages\/120\/revisions\/24844"}],"up":[{"embeddable":true,"href":"https:\/\/www.teresianum.net\/en\/wp-json\/wp\/v2\/pages\/114"}],"wp:attachment":[{"href":"https:\/\/www.teresianum.net\/en\/wp-json\/wp\/v2\/media?parent=120"}],"curies":[{"name":"wp","href":"https:\/\/api.w.org\/{rel}","templated":true}]}}