{"id":11938,"date":"2018-06-24T21:09:01","date_gmt":"2018-06-24T19:09:01","guid":{"rendered":"http:\/\/www.teresianum.net\/?page_id=11938"},"modified":"2025-12-21T13:05:44","modified_gmt":"2025-12-21T12:05:44","slug":"cvc19-la-preghiera-cristiana-fondamenti-teologici-e-pedagogia","status":"publish","type":"page","link":"https:\/\/www.teresianum.net\/en\/formazione-per-i-formatori-alla-vita-consacrata\/piano-di-studi-2021-2022\/cvc19-la-preghiera-cristiana-fondamenti-teologici-e-pedagogia\/","title":{"rendered":"CVC19 La preghiera cristiana: fondamenti teologici e pedagogia"},"content":{"rendered":"<p class=\"qtranxs-available-languages-message qtranxs-available-languages-message-en\"> <p><em>Docente:<\/em> Prof. \u00a0<a target=\"_blank\" href=\"\/persone\/corpo-docente\/MARIA-DE-LAS-MERCEDES-MONTALVO-GARCIA\/\">MARIA DE LAS MERCEDES MONTALVO GARCIA<\/a>\u00a0<\/p>\n<p>&nbsp;<\/p>\n<p style=\"text-align: justify;\"><strong>Giustificazione<br \/>\n<\/strong>La preghiera, come risposta libera e personale alla grazia di Dio, \u00e8 il luogo relazionale in cui si realizza e si approfondisce la comunione con Dio ed \u00e8 la via fondamentale per la crescita spirituale. La formazione dei responsabili di comunit\u00e0 deve offrire loro una solida base teologica in materia su cui appoggiare le scelte pedagogiche per poter accompagnare i confratelli o consorelle nel cammino della preghiera.<\/p>\n<p style=\"text-align: justify;\"><strong>Obiettivi<br \/>\n<\/strong>Lo studente sar\u00e0 in grado di: descrivere i fondamenti teologici della preghiera cristiana; analizzare criticamente le diverse forme di preghiera alla luce della preghiera di Ges\u00f9; progettare itinerari pedagogici adeguati a introdurre altri alla preghiera, ispirandosi alle scuole spirituali cristiane; comunicare in modo chiaro e mistagogico la propria esperienza legata alla preghiera.<\/p>\n<p><strong>Contenuti<br \/>\n<\/strong>Il corso si articola in quattro nuclei tematici:<\/p>\n<ul>\n<li>la preghiera oggi (le ragioni della sua messa in discussione) e la base antropologica che la sostiene;<\/li>\n<li>la preghiera di Ges\u00f9: le sue radici nella preghiera del popolo ebraico, la sua novit\u00e0 come Figlio, i sui tratti caratteristici;<\/li>\n<li>la preghiera cristiana come partecipazione alla preghiera di Ges\u00f9 Cristo;<\/li>\n<li>la pedagogia della preghiera cristiana in alcune sue scuole.<\/li>\n<\/ul>\n<p><strong>Metodologia<\/strong><\/p>\n<p style=\"text-align: justify;\">Lezioni frontali con presentazioni in <em>power point<\/em> per stimolare gli studenti a condividere le proprie esperienze e le proprie domande; dialoghi su testi legati alla preghiera.<\/p>\n<p><strong>Criteri di valutazione<\/strong><\/p>\n<p style=\"text-align: justify;\">Gli studenti saranno valutati in base alla loro capacit\u00e0 di integrare i contenuti del corso in una presentazione orale sulla pedagogia della preghiera secondo una scuola spirituale di loro scelta.<\/p>\n<p><strong>Distribuzione del tempo di lavoro<\/strong><\/p>\n<p style=\"text-align: justify;\">Ogni lezione intervaller\u00e0 la parte di esposizione frontale dell&#8217;argomento con una parte pi\u00f9 interattiva con gli studenti. Nelle ultime due sessioni saranno gli studenti a presentare il loro lavoro sulla pedagogia della preghiera.<\/p>\n<p><strong>Bibliografia di base<\/strong><\/p>\n<ul>\n<li><em>Catechismo della Chiesa Cattolica<\/em>, parte quarta.<\/li>\n<li>A. Franchi, ed.,<em> Il Padre Nostro. Commenti dei Padre e dei Dottori della Chiesa<\/em>, Chirico, Napoli 2016.<\/li>\n<li>J. Castellano Cervera, <em>Ripartire dalla preghiera<\/em>, Berti, Piacenza 2001.<\/li>\n<li>C. Giuliani, <em>La preghiera come luogo di accesso a Dio e all\u2019io<\/em>, Cittadella Editrice, Assisi 2012.<\/li>\n<li>A. M. Lupo, <em>La missionariet\u00e0 della preghiera. Viaggio esegetico-teologico attraverso la Bibbia<\/em>, Cittadella Editrice, Assisi 2016.<\/li>\n<li>C. Rossini \u2013 P. Sciadini, ed., <em>Enciclopedia della preghiera, <\/em>Libreria Editrice Vaticana, Citt\u00e0 del Vaticano 2007.<\/li>\n<li>C. Vagaggini, ed., <em>La preghiera nella Bibbia e nella tradizione patristica e monastica<\/em>, Paoline, Roma 1988.<\/li>\n<li>M. Schlosser, M., <em>Teolog\u00eda de la oraci\u00f3n. Levantemos el coraz\u00f3n<\/em>, Lux Mundi 99, Salamanca 2018.<\/li>\n<\/ul>","protected":false},"excerpt":{"rendered":"<p>Docente: Prof. \u00a0\u00a0 &nbsp; Giustificazione La preghiera, come risposta libera e personale alla grazia di Dio, \u00e8 il luogo relazionale [&hellip;]<\/p>\n","protected":false},"author":2,"featured_media":0,"parent":20734,"menu_order":0,"comment_status":"closed","ping_status":"closed","template":"","meta":{"footnotes":""},"_links":{"self":[{"href":"https:\/\/www.teresianum.net\/en\/wp-json\/wp\/v2\/pages\/11938"}],"collection":[{"href":"https:\/\/www.teresianum.net\/en\/wp-json\/wp\/v2\/pages"}],"about":[{"href":"https:\/\/www.teresianum.net\/en\/wp-json\/wp\/v2\/types\/page"}],"author":[{"embeddable":true,"href":"https:\/\/www.teresianum.net\/en\/wp-json\/wp\/v2\/users\/2"}],"replies":[{"embeddable":true,"href":"https:\/\/www.teresianum.net\/en\/wp-json\/wp\/v2\/comments?post=11938"}],"version-history":[{"count":7,"href":"https:\/\/www.teresianum.net\/en\/wp-json\/wp\/v2\/pages\/11938\/revisions"}],"predecessor-version":[{"id":159487,"href":"https:\/\/www.teresianum.net\/en\/wp-json\/wp\/v2\/pages\/11938\/revisions\/159487"}],"up":[{"embeddable":true,"href":"https:\/\/www.teresianum.net\/en\/wp-json\/wp\/v2\/pages\/20734"}],"wp:attachment":[{"href":"https:\/\/www.teresianum.net\/en\/wp-json\/wp\/v2\/media?parent=11938"}],"curies":[{"name":"wp","href":"https:\/\/api.w.org\/{rel}","templated":true}]}}