{"id":1178,"date":"2015-07-02T06:11:44","date_gmt":"2015-07-02T04:11:44","guid":{"rendered":"http:\/\/www.teresianum.net\/?page_id=1178"},"modified":"2024-11-21T17:30:45","modified_gmt":"2024-11-21T16:30:45","slug":"sp1113-storia-della-spiritualita-contemporanea","status":"publish","type":"page","link":"https:\/\/www.teresianum.net\/en\/specializzazione-in-teologia-spirituale\/ciclo-per-la-licenza-ts\/curriculum-di-studio\/sp1113-storia-della-spiritualita-contemporanea\/","title":{"rendered":"SP1114 Storia della spiritualit\u00e0 moderna e contemporanea"},"content":{"rendered":"<p class=\"qtranxs-available-languages-message qtranxs-available-languages-message-en\"> <p style=\"text-align: justify;\"><span style=\"color: #000000;\"><em>Docente:<\/em> Prof. Silvano Giordano<\/span><\/p>\n<p style=\"text-align: justify;\">\u00a0<\/p>\n<p><strong>Giustificazione<\/strong><\/p>\n<p>\u00abLa spiritualit\u00e0 \u00e8 l\u2019insieme delle convinzioni e delle ispirazioni che animano interiormente i cristiani nella loro relazione con Dio, nonch\u00e9 l\u2019insieme delle reazioni e delle espressioni personali o collettive delle forme esteriori visibili che concretizzano tale relazione\u00bb (H. Urs von Balthasar). Essa conosce diverse espressioni in rapporto alle coordinate spazio-temporali e culturali all\u2019interno delle quali si sviluppa l\u2019esperienza cristiana dei singoli e delle comunit\u00e0. La storia della spiritualit\u00e0 \u00e8, dunque, una rivisitazione della storia dal punto di vista dell\u2019esperienza spirituale cristiana, che cerca di percepire il vissuto cristiano nella prospettiva dell\u2019economia della grazia.<\/p>\n<p><strong>Obiettivi<\/strong><\/p>\n<p>Il corso si propone di introdurre a una visione dinamica di alcuni fenomeni e correnti di pensiero sviluppatisi nella Chiesa latina nell&#8217;epoca moderna e contemporanea.<\/p>\n<p><strong>Contenuti<\/strong><\/p>\n<p>Il Rinascimento: l\u2019uomo al centro del cosmo. L\u2019egemonia culturale della Spagna e della Francia. Il Barocco come visione del mondo. Grazia e libero arbitrio. L&#8217;Illuminismo e la \u201cregolata devozione\u201d. L\u2019evangelizzazione: missioni interne ed estere. Cultura cattolica e cultura laica dopo la rivoluzione francese. Piet\u00e0, devozione e devozioni. La formazione: sacerdoti, religiosi e laici. Alle frontiere del cattolicesimo: ecumenismo e missioni. Movimenti e gruppi. Spiritualit\u00e0 e devozione popolare.<\/p>\n<p><strong>Metodologia<\/strong><\/p>\n<p>Lezioni frontali e letture personali di testi suggeriti nel corso delle lezioni.<\/p>\n<p><strong>Criteri di valutazione<\/strong><\/p>\n<p>Verifica del lavoro e dell&#8217;assimilazione personale mediante l&#8217;esame orale.<\/p>\n<p><strong>Distribuzione del tempo di lavoro<\/strong><\/p>\n<p>Un terzo del totale per le lezioni frontali (24 ore) e due terzi per il lavoro personale.<\/p>\n<p><strong>Bibliografia<\/strong><\/p>\n<p><em>Le principali opere generali circa la Storia della Spiritualit\u00e0 sono elencate in:<\/em><\/p>\n<ul>\n<li>J. M. GARC\u00cdA, <em>Teologia spirituale. Epistemologia e interdisciplinarit\u00e0<\/em>, LAS, Roma 2013, 24-26 [ed. spagnola: S\u00edgueme, Salamanca 2015, 37-39].<\/li>\n<li>J. AUMANN, <em>Christian Spirituality in the Catholic Tradition<\/em>, Ignatius Press &#8211; Sheed &amp; Ward, San Francisco-London 1994 [ed. italiana: <em>Sommario di storia della spiritualit\u00e0<\/em>, Dehoniane, Napoli 1986].<\/li>\n<li>P. CRESPI &#8211; G. F. POLI, <em>Lineamenti di storia della spiritualit\u00e0 e della vita cristiana<\/em>, 3 voll., Dehoniane, Roma 1998-2000.<\/li>\n<li>E. ANCILLI (ed.), <em>La spiritualit\u00e0 cristiana. Storia e testi<\/em>, 19 vol., Studium, Roma 1981-1995.<\/li>\n<li>C. BROVETTO &#8211; L. MEZZADRI &#8211; F. FERRARIO &#8211; P. RICCA, <em>La spiritualit\u00e0 cristiana nell\u2019et\u00e0 moderna<\/em>, \u00abStoria della Spiritualit\u00e0, 5\u00bb, Borla, Roma 1987.<\/li>\n<li>A. GENTILI &#8211;\u00a0M. REGAZZONI, <em>La Riforma cattolica<\/em>, \u00abStoria della Spiritualit\u00e0, 8\u00bb, EDB, Bologna 2014.<\/li>\n<li>L. COGNET, <em>La scuola francese 1500-1650<\/em>, \u00abStoria della Spiritualit\u00e0, 9\u00bb, EDB, Bologna 2014.<\/li>\n<li>L. COGNET, <em>La scuola spagnola 1500-1650<\/em>, \u00abStoria della Spiritualit\u00e0, 10\u00bb, EDB, Bologna 2014.<\/li>\n<li>T. GOFFI &#8211; P. ZOVATTO, <em>Il Settecento. Crisi di identit\u00e0 e nuovi percorsi (1650-1800)<\/em>, \u00abStoria della Spiritualit\u00e0, 11\u00bb, EDB, Bologna 2015.<\/li>\n<li>T. GOFFI, <em>L\u2019Ottocento<\/em>, \u00abStoria della Spiritualit\u00e0, 12\u00bb, EDB, Bologna 2015.<\/li>\n<li>T. GOFFI, <em>L\u2019et\u00e0 del Vaticano II<\/em>, \u00abStoria della Spiritualit\u00e0, 13\u00bb, EDB, Bologna 2015.<\/li>\n<li>Ulteriori indicazioni saranno offerte nel corso delle lezioni.<\/li>\n<\/ul>","protected":false},"excerpt":{"rendered":"<p>Docente: Prof. Silvano Giordano \u00a0 Giustificazione \u00abLa spiritualit\u00e0 \u00e8 l\u2019insieme delle convinzioni e delle ispirazioni che animano interiormente i cristiani [&hellip;]<\/p>\n","protected":false},"author":2,"featured_media":0,"parent":20526,"menu_order":23,"comment_status":"closed","ping_status":"closed","template":"page-specializzazioneteologiaspiritualelicenza.php","meta":{"footnotes":""},"_links":{"self":[{"href":"https:\/\/www.teresianum.net\/en\/wp-json\/wp\/v2\/pages\/1178"}],"collection":[{"href":"https:\/\/www.teresianum.net\/en\/wp-json\/wp\/v2\/pages"}],"about":[{"href":"https:\/\/www.teresianum.net\/en\/wp-json\/wp\/v2\/types\/page"}],"author":[{"embeddable":true,"href":"https:\/\/www.teresianum.net\/en\/wp-json\/wp\/v2\/users\/2"}],"replies":[{"embeddable":true,"href":"https:\/\/www.teresianum.net\/en\/wp-json\/wp\/v2\/comments?post=1178"}],"version-history":[{"count":11,"href":"https:\/\/www.teresianum.net\/en\/wp-json\/wp\/v2\/pages\/1178\/revisions"}],"predecessor-version":[{"id":26384,"href":"https:\/\/www.teresianum.net\/en\/wp-json\/wp\/v2\/pages\/1178\/revisions\/26384"}],"up":[{"embeddable":true,"href":"https:\/\/www.teresianum.net\/en\/wp-json\/wp\/v2\/pages\/20526"}],"wp:attachment":[{"href":"https:\/\/www.teresianum.net\/en\/wp-json\/wp\/v2\/media?parent=1178"}],"curies":[{"name":"wp","href":"https:\/\/api.w.org\/{rel}","templated":true}]}}