{"id":11666,"date":"2018-06-18T21:45:18","date_gmt":"2018-06-18T19:45:18","guid":{"rendered":"http:\/\/www.teresianum.net\/?page_id=11666"},"modified":"2020-08-04T18:57:04","modified_gmt":"2020-08-04T16:57:04","slug":"ocs18-elisabetta-della-trinita","status":"publish","type":"page","link":"https:\/\/www.teresianum.net\/en\/corso-di-teologia-spirituale-online\/curriculum-di-studio-ts-online\/ocs18-elisabetta-della-trinita\/","title":{"rendered":"OCS18 Elisabetta della Trinit\u00e0"},"content":{"rendered":"<p class=\"qtranxs-available-languages-message qtranxs-available-languages-message-en\"> <p><em>Docente:<\/em> Prof. <a target=\"_blank\" href=\"\/persone\/corpo-docente\/VALERY-BITAR\/\">VAL\u00c9RY BITAR<\/a>\u00a0<\/p>\n<p>&nbsp;<\/p>\n<p style=\"text-align: justify;\"><strong>Giustificazione<\/strong><\/p>\n<p style=\"text-align: justify;\">Il contributo di Elisabetta della Trinit\u00e0 alla spiritualit\u00e0 \u00e8 di una notevole importanza e ha suscitato un grande interesse in diversi ambienti. La giovane carmelitana, definita come un \u201cprofeta di Dio per i nostri tempi\u201d, offre un\u2019autentica esperienza cristiana radicata nella Parola di Dio e nella tradizione viva del Carmelo. Elisabetta viene incontro ad ogni credente in ricerca della prossimit\u00e0 di Dio nel profondo del suo cuore per diventare \u201cepifania\u201d della sua presenza nel quotidiano. \u00a0<\/p>\n<p style=\"text-align: justify;\"><strong>Obiettivi<\/strong><\/p>\n<p style=\"text-align: justify;\">Questo breve corso intende offrire un\u2019introduzione alla conoscenza della persona di Elisabetta, alla lettura dei suoi scritti e alla comprensione delle linee guide della sua spiritualit\u00e0. \u00a0\u00a0<\/p>\n<p style=\"text-align: justify;\"><strong>Contenuti<\/strong><\/p>\n<ul style=\"text-align: justify;\">\n<li>Elisabetta un\u2019esistenza profetica.<\/li>\n<li>Alla fonte della Parola di Dio.<\/li>\n<li>Alla scuola di san Paolo.<\/li>\n<li>La Trinit\u00e0 nostra dimora.<\/li>\n<li>La dimensione sacerdotale.<\/li>\n<li>Guida all\u2019interiorit\u00e0.<\/li>\n<\/ul>\n<p style=\"text-align: justify;\"><strong>Metodologia<\/strong><\/p>\n<p style=\"text-align: justify;\">Sei lezioni registrati corredati da un materiale complementare di approfondimento.<\/p>\n<p style=\"text-align: justify;\"><strong>Criteri di valutazione<\/strong><\/p>\n<p style=\"text-align: justify;\">Un elaborato scritto su un tema a scelta. La modalit\u00e0 sar\u00e0 precisata a suo tempo.<\/p>\n<p style=\"text-align: justify;\"><strong>Bibliografia<\/strong><\/p>\n<ul>\n<li style=\"text-align: justify;\">DE MEESTER, C., <em>Elisabeth de la Trinit\u00e9. Biographie<\/em>, Presses de la Renaissance, Paris 2006. [trad. italiana: DE MEESTER, C., <em>Elisabetta della Trinit\u00e0<\/em>, Paoline, Milano 2010].<\/li>\n<li style=\"text-align: justify;\">ELISABETH DE LA TRINIT\u00c9, <em>\u0152uvres compl\u00e8tes<\/em>, \u00e9d. C. De Meester, Cerf, Paris 1991. [trad. italiana: ELISABETTA DELLA TRINIT\u00c0, <em>Opere<\/em>, a cura di L. Borriello, Paoline, Cinisello Balsamo 1993].<\/li>\n<li style=\"text-align: justify;\">ELISABETH DE LA TRINIT\u00c9, L\u2019aventure mystique, sous la direction de J. Clapier (Recherches Carm\u00e9litaines 5), Editions du Carmel, Toulouse 2006.<\/li>\n<li style=\"text-align: justify;\">FORNARA, R., <em>Abitare il segreto del tuo volto. Elisabetta della Trinit\u00e0 \u201cfaccia a faccia nelle tenebre\u201d<\/em>, Edizioni OCD, Roma 2016.<\/li>\n<\/ul>","protected":false},"excerpt":{"rendered":"<p>Docente: Prof. \u00a0 &nbsp; Giustificazione Il contributo di Elisabetta della Trinit\u00e0 alla spiritualit\u00e0 \u00e8 di una notevole importanza e ha [&hellip;]<\/p>\n","protected":false},"author":2,"featured_media":0,"parent":8460,"menu_order":0,"comment_status":"closed","ping_status":"closed","template":"","meta":{"footnotes":""},"_links":{"self":[{"href":"https:\/\/www.teresianum.net\/en\/wp-json\/wp\/v2\/pages\/11666"}],"collection":[{"href":"https:\/\/www.teresianum.net\/en\/wp-json\/wp\/v2\/pages"}],"about":[{"href":"https:\/\/www.teresianum.net\/en\/wp-json\/wp\/v2\/types\/page"}],"author":[{"embeddable":true,"href":"https:\/\/www.teresianum.net\/en\/wp-json\/wp\/v2\/users\/2"}],"replies":[{"embeddable":true,"href":"https:\/\/www.teresianum.net\/en\/wp-json\/wp\/v2\/comments?post=11666"}],"version-history":[{"count":9,"href":"https:\/\/www.teresianum.net\/en\/wp-json\/wp\/v2\/pages\/11666\/revisions"}],"predecessor-version":[{"id":17851,"href":"https:\/\/www.teresianum.net\/en\/wp-json\/wp\/v2\/pages\/11666\/revisions\/17851"}],"up":[{"embeddable":true,"href":"https:\/\/www.teresianum.net\/en\/wp-json\/wp\/v2\/pages\/8460"}],"wp:attachment":[{"href":"https:\/\/www.teresianum.net\/en\/wp-json\/wp\/v2\/media?parent=11666"}],"curies":[{"name":"wp","href":"https:\/\/api.w.org\/{rel}","templated":true}]}}