{"id":11640,"date":"2018-06-14T22:40:26","date_gmt":"2018-06-14T20:40:26","guid":{"rendered":"http:\/\/www.teresianum.net\/?page_id=11640"},"modified":"2020-08-04T18:55:28","modified_gmt":"2020-08-04T16:55:28","slug":"ocs12-orientamenti-spirituali-contemporanei","status":"publish","type":"page","link":"https:\/\/www.teresianum.net\/en\/corso-di-teologia-spirituale-online\/curriculum-di-studio-ts-online\/ocs12-orientamenti-spirituali-contemporanei\/","title":{"rendered":"OCS12 Orientamenti spirituali contemporanei"},"content":{"rendered":"<p class=\"qtranxs-available-languages-message qtranxs-available-languages-message-en\"> <p><em>Docente: <\/em>Prof. <a target=\"_blank\" href=\"\/persone\/corpo-docente\/RAFFAELE-DI-MURO\/\">RAFFAELE DI MURO<\/a>\u00a0<\/p>\n<p>&nbsp;<\/p>\n<p style=\"text-align: justify;\"><strong>Giustificazione<\/strong><\/p>\n<p style=\"text-align: justify;\">Il corso si propone di far conoscere agli studenti le linee di spiritualit\u00e0 emergenti in et\u00e0 contemporanea nell\u2019universo ecclesiale. Dopo il Vaticano II, con i suoi \u201cnuovi\u201d parametri nel valutare la santit\u00e0 dei cristiani, la Chiesa ha riconosciuto ed esaltato figure di enorme spessore che hanno offerto ai fratelli una testimonianza importante ed un contributo di valore altissimo. Diversi sono i personaggi significativi da ricordare. Essi sono di varia estrazione e propongono itinerari spirituali apprezzabili ed attuabili dai cristiani di oggi. Si tratta di religiosi, laici, martiri, vittime d\u2019amore, asceti e contemplativi, che si sono imposti all\u2019attenzione dei credenti, grazie ad un pregevole stile di vita e ad un pregnante messaggio.<\/p>\n<p style=\"text-align: justify;\"><strong>Contenuti<\/strong><\/p>\n<p style=\"text-align: justify;\">Le lezioni saranno inaugurate dalla esposizione della teologia della santit\u00e0, figlia del Vaticano II. In seguito, tratteremo alcune figure-simbolo dell\u2019et\u00e0 contemporanea, in particolare quelle che hanno inaugurato itinerari innovativi, molto apprezzati e valorizzati dalla famiglia ecclesiale: si tratta di Charles de Foucauld (eremo e carit\u00e0), Teresa di Ges\u00f9 Bambino (piccola via), Gemma Galgani (spiritualit\u00e0 vittimale), Massimiliano Kolbe (martirio della carit\u00e0), Teresa Benedetta della Croce (martirio dei totalitarismi), Pio da Pietrelcina (spiritualit\u00e0 vittimale). Il corso sar\u00e0 completato da considerazioni sulla santit\u00e0, tratte dai recenti insegnamenti magisteriali.<\/p>\n<p style=\"text-align: justify;\"><strong>Metodologia<\/strong><\/p>\n<p style=\"text-align: justify;\">Le lezioni sono disponibili \u201con line\u201d. Ad ogni lezione corrisponde una registrazione audio. Inoltre, il contenuto del corso sar\u00e0 proposto anche in versione \u201cpower point\u201d. Lo studente trover\u00e0 a parte il file relativo alla prima lezione, di carattere introduttivo.<\/p>\n<p style=\"text-align: justify;\"><strong>Criteri di valutazione<\/strong><\/p>\n<p style=\"text-align: justify;\">Agli studenti verr\u00e0 offerta la possibilit\u00e0 di rispondere per iscritto alle domande formulate \u201con line\u201d dal docente.<\/p>\n<p style=\"text-align: justify;\"><strong>Distribuzione del tempo<\/strong><\/p>\n<p style=\"text-align: justify;\">Le lezioni saranno 6, ciascuna di 45 minuti. Il docente detter\u00e0 il contenuto di tutto il programma nell\u2019arco del tempo concordato, offrendo anche spunti di riflessione per ulteriori ricerche.<\/p>\n<p style=\"text-align: justify;\"><strong>Bibliografia<\/strong><\/p>\n<ul>\n<li>J. SARAIVA MARTINS, <em>\u00a0La santit\u00e0 \u00e8 possibile. Sono nati per non morire, <\/em>Citt\u00e0 del Vaticano 2014;<\/li>\n<li>A. AMATO, <em>I santi testimoni della fede<\/em>, Citt\u00e0 del Vaticano 2012;<\/li>\n<li>A. AMATO, <em>I santi evangelizzano, <\/em>Citt\u00e0 del Vaticano 2013;<\/li>\n<li>A. AMATO, <em>I santi apostoli di Cristo risorto<\/em>, Citt\u00e0 del Vaticano 2015;<\/li>\n<li>A. AMATO, <em>I santi messaggeri di misericordia<\/em>, Citt\u00e0 del Vaticano 2016.<\/li>\n<\/ul>","protected":false},"excerpt":{"rendered":"<p>Docente: Prof. \u00a0 &nbsp; Giustificazione Il corso si propone di far conoscere agli studenti le linee di spiritualit\u00e0 emergenti in [&hellip;]<\/p>\n","protected":false},"author":2,"featured_media":0,"parent":8460,"menu_order":0,"comment_status":"closed","ping_status":"closed","template":"","meta":{"footnotes":""},"_links":{"self":[{"href":"https:\/\/www.teresianum.net\/en\/wp-json\/wp\/v2\/pages\/11640"}],"collection":[{"href":"https:\/\/www.teresianum.net\/en\/wp-json\/wp\/v2\/pages"}],"about":[{"href":"https:\/\/www.teresianum.net\/en\/wp-json\/wp\/v2\/types\/page"}],"author":[{"embeddable":true,"href":"https:\/\/www.teresianum.net\/en\/wp-json\/wp\/v2\/users\/2"}],"replies":[{"embeddable":true,"href":"https:\/\/www.teresianum.net\/en\/wp-json\/wp\/v2\/comments?post=11640"}],"version-history":[{"count":9,"href":"https:\/\/www.teresianum.net\/en\/wp-json\/wp\/v2\/pages\/11640\/revisions"}],"predecessor-version":[{"id":17849,"href":"https:\/\/www.teresianum.net\/en\/wp-json\/wp\/v2\/pages\/11640\/revisions\/17849"}],"up":[{"embeddable":true,"href":"https:\/\/www.teresianum.net\/en\/wp-json\/wp\/v2\/pages\/8460"}],"wp:attachment":[{"href":"https:\/\/www.teresianum.net\/en\/wp-json\/wp\/v2\/media?parent=11640"}],"curies":[{"name":"wp","href":"https:\/\/api.w.org\/{rel}","templated":true}]}}